{"id":5024,"date":"2023-01-16T13:55:03","date_gmt":"2023-01-16T19:55:03","guid":{"rendered":"https:\/\/seij.gob.gt\/udisep\/?page_id=5024"},"modified":"2024-01-15T15:18:47","modified_gmt":"2024-01-15T21:18:47","slug":"numeral-11-ano-2023","status":"publish","type":"page","link":"https:\/\/seij.gob.gt\/udisep\/numeral-11-ano-2023\/","title":{"rendered":"Numeral 11 a\u00f1o 2023"},"content":{"rendered":"<h1><span style=\"color: #333399;\">Contrataciones de bienes y servicios<\/span><\/h1>\n<p>&nbsp;<\/p>\n<table style=\"border-collapse: collapse; width: 82.7967%; height: 483px;\">\n<tbody>\n<tr>\n<td style=\"width: 101.46%;\" colspan=\"3\"><span style=\"font-size: 14pt;\">Diciembre<\/span><\/td>\n<\/tr>\n<tr>\n<td style=\"width: 55.2311%;\"><span style=\"font-size: 14pt;\"><span style=\"font-size: 12pt; color: #333399;\">Secretar\u00eda Ejecutiva de la ICMSJ<\/span><\/span><\/td>\n<td style=\"width: 1.21654%; text-align: right;\"><span style=\"font-size: 14pt;\"><span style=\"font-size: 10pt;\"><a class=\"maxbutton-1 maxbutton maxbutton-seicmsj\" href=\"http:\/\/..\/\/_2023_\/informacion_publica\/diciembre\/Numeral 11\/Contrataciones Bienes y Servicios.pdf\"><span class='mb-text'>PDF<\/span><\/a><\/span><\/span><\/td>\n<td style=\"width: 45.0122%;\"><span style=\"font-size: 14pt;\"><span style=\"font-size: 10pt;\"><a class=\"maxbutton-2 maxbutton maxbutton-xls\" href=\"http:\/\/..\/\/_2023_\/informacion_publica\/diciembre\/Numeral 11\/Contrataciones Bienes y Servicios.xlsx\"><span class='mb-text'>Xls<\/span><\/a><\/span><\/span><\/td>\n<\/tr>\n<tr>\n<td style=\"width: 101.46%;\" colspan=\"3\"><span style=\"font-size: 14pt;\">Noviembre<\/span><\/td>\n<\/tr>\n<tr>\n<td style=\"width: 55.2311%;\"><span style=\"font-size: 14pt;\"><span style=\"font-size: 12pt; color: #333399;\">Secretar\u00eda Ejecutiva de la ICMSJ<\/span><\/span><\/td>\n<td style=\"width: 1.21654%; text-align: right;\"><span style=\"font-size: 14pt;\"><span style=\"font-size: 10pt;\"><a class=\"maxbutton-1 maxbutton maxbutton-seicmsj\" href=\"https:\/\/seij.gob.gt\/udisep\/wp-content\/uploads\/2024\/01\/Contrataciones-de-Bienes-y-Servicios.pdf\"><span class='mb-text'>PDF<\/span><\/a><\/span><\/span><\/td>\n<td style=\"width: 45.0122%;\"><span style=\"font-size: 14pt;\"><span style=\"font-size: 10pt;\"><a class=\"maxbutton-2 maxbutton maxbutton-xls\" href=\"https:\/\/seij.gob.gt\/udisep\/wp-content\/uploads\/2024\/01\/Contrataciones-de-Bienes-y-Servicios.xlsx\"><span class='mb-text'>Xls<\/span><\/a><\/span><\/span><\/td>\n<\/tr>\n<tr>\n<td style=\"width: 101.46%;\" colspan=\"3\"><span style=\"font-size: 14pt;\">Octubre<\/span><\/td>\n<\/tr>\n<tr>\n<td style=\"width: 55.2311%;\"><span style=\"font-size: 14pt;\"><span style=\"font-size: 12pt; color: #333399;\">Secretar\u00eda Ejecutiva de la ICMSJ<\/span><\/span><\/td>\n<td style=\"width: 1.21654%; text-align: right;\"><span style=\"font-size: 14pt;\"><span style=\"font-size: 10pt;\"><a class=\"maxbutton-1 maxbutton maxbutton-seicmsj\" href=\"http:\/\/..\/\/_2023_\/informacion_publica\/octubre\/Numeral 11\/CONTRATACI\u00d3N DE BIENES Y SERVICIOS.pdf\"><span class='mb-text'>PDF<\/span><\/a><\/span><\/span><\/td>\n<td style=\"width: 45.0122%;\"><span style=\"font-size: 14pt;\"><span style=\"font-size: 10pt;\"><a class=\"maxbutton-2 maxbutton maxbutton-xls\" href=\"http:\/\/..\/\/_2023_\/informacion_publica\/octubre\/Numeral 11\/CONTRATACI\u00d3N DE BIENES Y SERVICIOS.xlsx\"><span class='mb-text'>Xls<\/span><\/a><\/span><\/span><\/td>\n<\/tr>\n<tr>\n<td style=\"width: 101.46%;\" colspan=\"3\"><span style=\"font-size: 14pt;\">\u00a0<\/span><\/td>\n<\/tr>\n<tr>\n<td style=\"width: 101.46%;\" colspan=\"3\"><span style=\"font-size: 14pt;\">Septiembre<\/span><\/td>\n<\/tr>\n<tr>\n<td style=\"width: 55.2311%;\"><span style=\"font-size: 14pt;\"><span style=\"font-size: 12pt; color: #333399;\">Secretar\u00eda Ejecutiva de la ICMSJ<\/span><\/span><\/td>\n<td style=\"width: 1.21654%; text-align: right;\"><span style=\"font-size: 14pt;\"><span style=\"font-size: 10pt;\"><a class=\"maxbutton-1 maxbutton maxbutton-seicmsj\" href=\"http:\/\/..\/\/_2023_\/informacion_publica\/septiembre\/Numeral 11\/Contrataci\u00f3n de Bienes y Servicios.pdf\"><span class='mb-text'>PDF<\/span><\/a><\/span><\/span><\/td>\n<td style=\"width: 45.0122%;\"><span style=\"font-size: 14pt;\"><span style=\"font-size: 10pt;\"><a class=\"maxbutton-2 maxbutton maxbutton-xls\" href=\"http:\/\/..\/\/_2023_\/informacion_publica\/septiembre\/Numeral 11\/Contrataci\u00f3n de Bienes y Servicios.xlsx\"><span class='mb-text'>Xls<\/span><\/a><\/span><\/span><\/td>\n<\/tr>\n<tr>\n<td style=\"width: 101.46%;\" colspan=\"3\"><span style=\"font-size: 14pt;\">\u00a0<\/span><\/td>\n<\/tr>\n<tr>\n<td style=\"width: 101.46%;\" colspan=\"3\"><span style=\"font-size: 14pt;\">Agosto<\/span><\/td>\n<\/tr>\n<tr>\n<td style=\"width: 55.2311%;\"><span style=\"font-size: 14pt;\"><span style=\"font-size: 12pt; color: #333399;\">Secretar\u00eda Ejecutiva de la ICMSJ<\/span><\/span><\/td>\n<td style=\"width: 1.21654%; text-align: right;\"><span style=\"font-size: 14pt;\"><span style=\"font-size: 10pt;\"><a class=\"maxbutton-1 maxbutton maxbutton-seicmsj\" href=\"http:\/\/..\/\/_2023_\/informacion_publica\/agosto\/NUMERAL 11\/NUMERAL 11 AGOSTO SEIJ.pdf\"><span class='mb-text'>PDF<\/span><\/a><\/span><\/span><\/td>\n<td style=\"width: 45.0122%;\"><span style=\"font-size: 14pt;\"><span style=\"font-size: 10pt;\"><a class=\"maxbutton-2 maxbutton maxbutton-xls\" href=\"http:\/\/..\/\/_2023_\/informacion_publica\/agosto\/NUMERAL 11\/NUMERAL 11 AGOSTO SEIJ.xlsx\"><span class='mb-text'>Xls<\/span><\/a><\/span><\/span><\/td>\n<\/tr>\n<tr>\n<td style=\"width: 55.2311%;\"><span style=\"font-size: 14pt;\"><span style=\"font-size: 12pt; color: #333399;\">Programa -PREVI-<\/span><\/span><\/td>\n<td style=\"width: 1.21654%; text-align: right;\"><span style=\"font-size: 14pt;\"><span style=\"font-size: 10pt;\"><a class=\"maxbutton-1 maxbutton maxbutton-seicmsj\" href=\"http:\/\/..\/\/_2023_\/informacion_publica\/agosto\/NUMERAL 11\/NUMERAL 11 AGOSTO PREVI.pdf\"><span class='mb-text'>PDF<\/span><\/a><\/span><\/span><\/td>\n<td style=\"width: 45.0122%;\"><span style=\"font-size: 14pt;\"><span style=\"font-size: 10pt;\"><a class=\"maxbutton-2 maxbutton maxbutton-xls\" href=\"http:\/\/..\/\/_2023_\/informacion_publica\/agosto\/NUMERAL 11\/NUMERAL 11 AGOSTO PREVI.xlsx\"><span class='mb-text'>Xls<\/span><\/a><\/span><\/span><\/td>\n<\/tr>\n<tr>\n<td style=\"width: 101.46%;\" colspan=\"3\"><span style=\"font-size: 14pt;\">Julio<\/span><\/td>\n<\/tr>\n<tr>\n<td style=\"width: 55.2311%;\"><span style=\"font-size: 14pt;\"><span style=\"font-size: 12pt; color: #333399;\">Secretar\u00eda Ejecutiva de la ICMSJ<\/span><\/span><\/td>\n<td style=\"width: 1.21654%; text-align: right;\"><span style=\"font-size: 14pt;\"><span style=\"font-size: 10pt;\"><a class=\"maxbutton-1 maxbutton maxbutton-seicmsj\" href=\"http:\/\/..\/\/_2023_\/informacion_publica\/julio\/Numeral 11\/Contrataciones Bienes y Servicios.pdf\"><span class='mb-text'>PDF<\/span><\/a><\/span><\/span><\/td>\n<td style=\"width: 45.0122%; text-align: left;\"><span style=\"font-size: 14pt;\"><span style=\"font-size: 10pt;\"><a class=\"maxbutton-2 maxbutton maxbutton-xls\" href=\"http:\/\/..\/\/_2023_\/informacion_publica\/julio\/Numeral 11\/Contrataciones Bienes y Servicios.xlsx\"><span class='mb-text'>Xls<\/span><\/a><\/span><\/span><\/td>\n<\/tr>\n<tr>\n<td style=\"width: 55.2311%;\"><span style=\"font-size: 14pt;\"><span style=\"font-size: 12pt; color: #333399;\">Programa -PREVI-<\/span><\/span><\/td>\n<td style=\"width: 1.21654%; text-align: right;\"><span style=\"font-size: 14pt;\"><span style=\"font-size: 10pt;\"><a class=\"maxbutton-1 maxbutton maxbutton-seicmsj\" href=\"https:\/\/seij.gob.gt\/udisep\/wp-content\/uploads\/2023\/08\/Contrataciones-Bienes-y-Servicios-PREVI.pdf\"><span class='mb-text'>PDF<\/span><\/a><\/span><\/span><\/td>\n<td style=\"width: 45.0122%; text-align: left;\"><span style=\"font-size: 14pt;\"><span style=\"font-size: 10pt;\"><a class=\"maxbutton-2 maxbutton maxbutton-xls\" href=\"http:\/\/..\/\/_2023_\/informacion_publica\/julio\/Numeral 11\/Contrataciones Bienes y Servicios PREVI.xlsx\"><span class='mb-text'>Xls<\/span><\/a><\/span><\/span><\/td>\n<\/tr>\n<tr>\n<td style=\"width: 101.46%;\" colspan=\"3\"><span style=\"font-size: 14pt;\">Junio<\/span><\/td>\n<\/tr>\n<tr>\n<td style=\"width: 55.2311%;\"><span style=\"font-size: 14pt;\"><span style=\"font-size: 12pt; color: #333399;\">Secretar\u00eda Ejecutiva de la ICMSJ<\/span><\/span><\/td>\n<td style=\"width: 1.21654%; text-align: right;\"><span style=\"font-size: 14pt;\"><span style=\"font-size: 10pt;\"><a class=\"maxbutton-1 maxbutton maxbutton-seicmsj\" href=\"http:\/\/..\/\/_2023_\/informacion_publica\/junio\/NUMERAL 11\/Numeral 11 CONTRATACION DE BIENES Y SERVICIOS.pdf\"><span class='mb-text'>PDF<\/span><\/a><\/span><\/span><\/td>\n<td style=\"width: 45.0122%;\"><span style=\"font-size: 14pt;\"><span style=\"font-size: 10pt;\"><a class=\"maxbutton-2 maxbutton maxbutton-xls\" href=\"http:\/\/..\/\/_2023_\/informacion_publica\/junio\/NUMERAL 11\/Numeral 11 CONTRATACION DE BIENES Y SERVICIOS.xlsx\"><span class='mb-text'>Xls<\/span><\/a><\/span><\/span><\/td>\n<\/tr>\n<tr>\n<td style=\"width: 55.2311%;\"><span style=\"font-size: 14pt;\"><span style=\"font-size: 12pt; color: #333399;\">Programa -PREVI-<\/span><\/span><\/td>\n<td style=\"width: 1.21654%; text-align: right;\"><span style=\"font-size: 14pt;\"><span style=\"font-size: 10pt;\"><a class=\"maxbutton-1 maxbutton maxbutton-seicmsj\" href=\"http:\/\/..\/\/_2023_\/informacion_publica\/junio\/NUMERAL 11\/Numeral 11 NUMERAL 11 - CONTRATACI\u00d3N DE BIENES Y SERVICIOS PREVI.pdf\"><span class='mb-text'>PDF<\/span><\/a><\/span><\/span><\/td>\n<td style=\"width: 45.0122%;\"><span style=\"font-size: 14pt;\"><span style=\"font-size: 10pt;\"><a class=\"maxbutton-2 maxbutton maxbutton-xls\" href=\"http:\/\/..\/\/_2023_\/informacion_publica\/junio\/NUMERAL 11\/NUMERAL 11 - CONTRATACI\u00d3N DE BIENES Y SERVICIOS PREVI.xls\"><span class='mb-text'>Xls<\/span><\/a><\/span><\/span><\/td>\n<\/tr>\n<tr>\n<td style=\"width: 101.46%;\" colspan=\"3\"><span style=\"font-size: 14pt;\">Mayo<\/span><\/td>\n<\/tr>\n<tr>\n<td style=\"width: 55.2311%;\"><span style=\"font-size: 14pt;\"><span style=\"font-size: 12pt; color: #333399;\">Secretar\u00eda Ejecutiva de la ICMSJ<\/span><\/span><\/td>\n<td style=\"width: 1.21654%; text-align: right;\"><span style=\"font-size: 14pt;\"><span style=\"font-size: 10pt;\"><a class=\"maxbutton-1 maxbutton maxbutton-seicmsj\" href=\"http:\/\/..\/\/_2023_\/informacion_publica\/mayo\/NUMERAL 11\/CONTRATACI\u00d3N DE BIENES Y SERVICIOS SEICMSJ.pdf\"><span class='mb-text'>PDF<\/span><\/a><\/span><\/span><\/td>\n<td style=\"width: 45.0122%;\"><span style=\"font-size: 14pt;\"><span style=\"font-size: 10pt;\"><a class=\"maxbutton-2 maxbutton maxbutton-xls\" href=\"http:\/\/..\/\/_2023_\/informacion_publica\/mayo\/NUMERAL 11\/CONTRATACI\u00d3N DE BIENES Y SERVICIOS SEICMSJ.xlsx\"><span class='mb-text'>Xls<\/span><\/a><\/span><\/span><\/td>\n<\/tr>\n<tr>\n<td style=\"width: 55.2311%;\"><span style=\"font-size: 14pt;\"><span style=\"font-size: 12pt; color: #333399;\">Programa -PREVI-<\/span><\/span><\/td>\n<td style=\"width: 1.21654%; text-align: right;\"><span style=\"font-size: 14pt;\"><span style=\"font-size: 10pt;\"><a class=\"maxbutton-1 maxbutton maxbutton-seicmsj\" href=\"http:\/\/..\/\/_2023_\/informacion_publica\/mayo\/NUMERAL 11\/CONTRATACI\u00d3N DE BIENES Y SERVICIOS PREVI.pdf\"><span class='mb-text'>PDF<\/span><\/a><\/span><\/span><\/td>\n<td style=\"width: 45.0122%;\"><span style=\"font-size: 14pt;\"><span style=\"font-size: 10pt;\"><a class=\"maxbutton-2 maxbutton maxbutton-xls\" href=\"http:\/\/..\/\/_2023_\/informacion_publica\/mayo\/NUMERAL 11\/CONTRATACI\u00d3N DE BIENES Y SERVICIOS SEICMSJ.xlsx\"><span class='mb-text'>Xls<\/span><\/a><\/span><\/span><\/td>\n<\/tr>\n<tr style=\"height: 25px;\">\n<td style=\"height: 25px; width: 101.46%;\" colspan=\"3\"><span style=\"font-size: 14pt;\">Abril<\/span><\/td>\n<\/tr>\n<tr style=\"height: 51px;\">\n<td style=\"width: 55.2311%; height: 51px;\"><span style=\"font-size: 12pt; color: #333399;\">Secretar\u00eda Ejecutiva de la ICMSJ<\/span><\/td>\n<td style=\"width: 1.21654%; height: 51px; text-align: right;\"><span style=\"font-size: 10pt;\"><a class=\"maxbutton-1 maxbutton maxbutton-seicmsj\" href=\"http:\/\/..\/\/_2023_\/informacion_publica\/abril\/NUMERAL 11\/CONTRATACI\u00d3N DE BIENES Y SERVICIOS SEICMSJ.pdf\"><span class='mb-text'>PDF<\/span><\/a><\/span><\/td>\n<td style=\"width: 45.0122%; height: 51px; text-align: left;\"><span style=\"font-size: 10pt;\"><a class=\"maxbutton-2 maxbutton maxbutton-xls\" href=\"http:\/\/..\/\/_2023_\/informacion_publica\/abril\/NUMERAL 11\/CONTRATACI\u00d3N DE BIENES Y SERVICIOS SEICMSJ.xlsx\"><span class='mb-text'>Xls<\/span><\/a><\/span><\/td>\n<\/tr>\n<tr style=\"height: 23px;\">\n<td style=\"width: 55.2311%; height: 23px;\"><span style=\"font-size: 12pt; color: #333399;\">Programa -PREVI-<\/span><\/td>\n<td style=\"width: 1.21654%; height: 23px; text-align: right;\"><span style=\"font-size: 10pt;\"><a class=\"maxbutton-1 maxbutton maxbutton-seicmsj\" href=\"http:\/\/..\/\/_2023_\/informacion_publica\/abril\/NUMERAL 11\/CONTRATACI\u00d3N DE BIENES Y SERVICIOS PREVI ABRIL 1.pdf\"><span class='mb-text'>PDF<\/span><\/a>\u00a0<\/span><\/td>\n<td style=\"width: 45.0122%; height: 23px;\"><span style=\"font-size: 10pt;\"><a class=\"maxbutton-2 maxbutton maxbutton-xls\" href=\"http:\/\/..\/\/_2023_\/informacion_publica\/abril\/NUMERAL 11\/CONTRATACI\u00d3N DE BIENES Y SERVICIOS PREVI.xlsx\"><span class='mb-text'>Xls<\/span><\/a><\/span><\/td>\n<\/tr>\n<\/tbody>\n<\/table>\n<table style=\"border-collapse: collapse; width: 75.2486%; height: 99px;\">\n<tbody>\n<tr style=\"height: 25px;\">\n<td style=\"width: 99.9999%; height: 25px;\" colspan=\"3\"><span style=\"font-size: 14pt;\">Marzo<\/span><\/td>\n<\/tr>\n<tr style=\"height: 51px;\">\n<td style=\"width: 33.3333%; height: 51px;\"><span style=\"font-size: 12pt; color: #333399;\">Secretar\u00eda Ejecutiva de la ICMSJ<\/span><\/td>\n<td style=\"width: 33.3333%; height: 51px; text-align: right;\"><span style=\"font-size: 10pt;\"><a class=\"maxbutton-1 maxbutton maxbutton-seicmsj\" href=\"http:\/\/..\/\/_2023_\/informacion_publica\/marzo\/NUMERAL 11\/CONTRATACI\u00d3N DE BIENES Y SERVICIOS SEICMSJ.pdf\"><span class='mb-text'>PDF<\/span><\/a><\/span><\/td>\n<td style=\"width: 33.3333%; height: 51px; text-align: left;\"><span style=\"font-size: 10pt;\"><a class=\"maxbutton-2 maxbutton maxbutton-xls\" href=\"http:\/\/..\/\/_2023_\/informacion_publica\/marzo\/NUMERAL 11\/CONTRATACI\u00d3N DE BIENES Y SERVICIOS SEICMSJ.xlsx\"><span class='mb-text'>Xls<\/span><\/a><\/span><\/td>\n<\/tr>\n<tr style=\"height: 23px;\">\n<td style=\"width: 33.3333%; height: 23px;\"><span style=\"font-size: 12pt; color: #333399;\">Programa -PREVI-<\/span><\/td>\n<td style=\"width: 33.3333%; height: 23px; text-align: right;\"><span style=\"font-size: 10pt;\"><a class=\"maxbutton-1 maxbutton maxbutton-seicmsj\" href=\"http:\/\/..\/\/_2023_\/informacion_publica\/febrero\/NUMERAL 11\/CONTRATACI\u00d3N DE BIENES Y SERVICIOS PREVI.pdf\"><span class='mb-text'>PDF<\/span><\/a>\u00a0<\/span><\/td>\n<td style=\"width: 33.3333%; height: 23px;\"><span style=\"font-size: 10pt;\"><a class=\"maxbutton-2 maxbutton maxbutton-xls\" href=\"http:\/\/..\/\/_2023_\/informacion_publica\/febrero\/NUMERAL 11\/CONTRATACI\u00d3N DE BIENES Y SERVICIOS PREVI.xls\"><span class='mb-text'>Xls<\/span><\/a><\/span><\/td>\n<\/tr>\n<\/tbody>\n<\/table>\n<table style=\"border-collapse: collapse; width: 75.2486%; height: 99px;\">\n<tbody>\n<tr style=\"height: 25px;\">\n<td style=\"width: 99.9999%; height: 25px;\" colspan=\"3\"><span style=\"font-size: 14pt;\">Febrero<\/span><\/td>\n<\/tr>\n<tr style=\"height: 51px;\">\n<td style=\"width: 33.3333%; height: 51px;\"><span style=\"font-size: 12pt; color: #333399;\">Secretar\u00eda Ejecutiva de la ICMSJ<\/span><\/td>\n<td style=\"width: 33.3333%; height: 51px; text-align: right;\"><span style=\"font-size: 10pt;\"><a class=\"maxbutton-1 maxbutton maxbutton-seicmsj\" href=\"http:\/\/..\/\/_2023_\/informacion_publica\/marzo\/NUMERAL 11\/CONTRATACI\u00d3N DE BIENES Y SERVICIOS PREVI.pdf\"><span class='mb-text'>PDF<\/span><\/a><\/span><\/td>\n<td style=\"width: 33.3333%; height: 51px; text-align: left;\"><span style=\"font-size: 10pt;\"><a class=\"maxbutton-2 maxbutton maxbutton-xls\" href=\"http:\/\/..\/\/_2023_\/informacion_publica\/marzo\/NUMERAL 11\/CONTRATACI\u00d3N DE BIENES Y SERVICIOS PREVI.xlsx\"><span class='mb-text'>Xls<\/span><\/a><\/span><\/td>\n<\/tr>\n<tr style=\"height: 23px;\">\n<td style=\"width: 33.3333%; height: 23px;\"><span style=\"font-size: 12pt; color: #333399;\">Programa -PREVI-<\/span><\/td>\n<td style=\"width: 33.3333%; height: 23px; text-align: right;\"><span style=\"font-size: 10pt;\"><a class=\"maxbutton-1 maxbutton maxbutton-seicmsj\" href=\"http:\/\/..\/\/_2023_\/informacion_publica\/febrero\/NUMERAL 11\/CONTRATACI\u00d3N DE BIENES Y SERVICIOS PREVI.pdf\"><span class='mb-text'>PDF<\/span><\/a>\u00a0<\/span><\/td>\n<td style=\"width: 33.3333%; height: 23px;\"><span style=\"font-size: 10pt;\"><a class=\"maxbutton-2 maxbutton maxbutton-xls\" href=\"http:\/\/..\/\/_2023_\/informacion_publica\/febrero\/NUMERAL 11\/CONTRATACI\u00d3N DE BIENES Y SERVICIOS PREVI.xls\"><span class='mb-text'>Xls<\/span><\/a><\/span><\/td>\n<\/tr>\n<\/tbody>\n<\/table>\n<table style=\"border-collapse: collapse; width: 75.2486%; height: 99px;\">\n<tbody>\n<tr style=\"height: 25px;\">\n<td style=\"width: 99.9999%; height: 25px;\" colspan=\"3\"><span style=\"font-size: 14pt;\">Enero<\/span><\/td>\n<\/tr>\n<tr style=\"height: 51px;\">\n<td style=\"width: 33.3333%; height: 51px;\"><span style=\"font-size: 12pt; color: #333399;\">Secretar\u00eda Ejecutiva de la ICMSJ<\/span><\/td>\n<td style=\"width: 33.3333%; height: 51px; text-align: right;\"><span style=\"font-size: 10pt;\"><a class=\"maxbutton-1 maxbutton maxbutton-seicmsj\" href=\"http:\/\/..\/\/_2023_\/informacion_publica\/enero\/NUMERAL 11\/CONTRATACI\u00d3N DE BIENES Y SERVICIOS SEICMSJ.pdf\"><span class='mb-text'>PDF<\/span><\/a><\/span><\/td>\n<td style=\"width: 33.3333%; height: 51px; text-align: left;\"><span style=\"font-size: 10pt;\"><a class=\"maxbutton-2 maxbutton maxbutton-xls\" href=\"http:\/\/..\/\/_2023_\/informacion_publica\/enero\/NUMERAL 11\/CONTRATACI\u00d3N DE BIENES Y SERVICIOS SEICMSJ.xlsx\"><span class='mb-text'>Xls<\/span><\/a><\/span><\/td>\n<\/tr>\n<tr style=\"height: 23px;\">\n<td style=\"width: 33.3333%; height: 23px;\"><span style=\"font-size: 12pt; color: #333399;\">Programa -PREVI-<\/span><\/td>\n<td style=\"width: 33.3333%; height: 23px; text-align: right;\"><span style=\"font-size: 10pt;\"><a class=\"maxbutton-1 maxbutton maxbutton-seicmsj\" href=\"http:\/\/..\/\/_2023_\/informacion_publica\/enero\/NUMERAL 11\/CONTRATACI\u00d3N DE BIENES Y SERVICIOS PREVI.pdf\"><span class='mb-text'>PDF<\/span><\/a>\u00a0<\/span><\/td>\n<td style=\"width: 33.3333%; height: 23px;\"><span style=\"font-size: 10pt;\"><a class=\"maxbutton-2 maxbutton maxbutton-xls\" href=\"http:\/\/..\/\/_2023_\/informacion_publica\/enero\/NUMERAL 11\/CONTRATACI\u00d3N DE BIENES Y SERVICIOS PREVI.xls\"><span class='mb-text'>Xls<\/span><\/a><\/span><\/td>\n<\/tr>\n<\/tbody>\n<\/table>\n","protected":false},"excerpt":{"rendered":"<p>Contrataciones de bienes y servicios &nbsp; Diciembre Secretar\u00eda Ejecutiva de la ICMSJ Noviembre Secretar\u00eda Ejecutiva de la ICMSJ Octubre Secretar\u00eda Ejecutiva de la ICMSJ \u00a0 Septiembre Secretar\u00eda Ejecutiva de la ICMSJ \u00a0 Agosto Secretar\u00eda Ejecutiva de la ICMSJ Programa -PREVI- Julio Secretar\u00eda Ejecutiva de la ICMSJ Programa -PREVI- Junio Secretar\u00eda Ejecutiva de la ICMSJ Programa [&hellip;]<\/p>\n","protected":false},"author":1,"featured_media":0,"parent":0,"menu_order":0,"comment_status":"closed","ping_status":"closed","template":"","meta":{"_et_pb_use_builder":"","_et_pb_old_content":"","_et_gb_content_width":"","footnotes":""},"class_list":["post-5024","page","type-page","status-publish","hentry"],"nelio_popups_active_popup":"","_links":{"self":[{"href":"https:\/\/seij.gob.gt\/udisep\/wp-json\/wp\/v2\/pages\/5024","targetHints":{"allow":["GET"]}}],"collection":[{"href":"https:\/\/seij.gob.gt\/udisep\/wp-json\/wp\/v2\/pages"}],"about":[{"href":"https:\/\/seij.gob.gt\/udisep\/wp-json\/wp\/v2\/types\/page"}],"author":[{"embeddable":true,"href":"https:\/\/seij.gob.gt\/udisep\/wp-json\/wp\/v2\/users\/1"}],"replies":[{"embeddable":true,"href":"https:\/\/seij.gob.gt\/udisep\/wp-json\/wp\/v2\/comments?post=5024"}],"version-history":[{"count":17,"href":"https:\/\/seij.gob.gt\/udisep\/wp-json\/wp\/v2\/pages\/5024\/revisions"}],"predecessor-version":[{"id":5625,"href":"https:\/\/seij.gob.gt\/udisep\/wp-json\/wp\/v2\/pages\/5024\/revisions\/5625"}],"wp:attachment":[{"href":"https:\/\/seij.gob.gt\/udisep\/wp-json\/wp\/v2\/media?parent=5024"}],"curies":[{"name":"wp","href":"https:\/\/api.w.org\/{rel}","templated":true}]}}