{"id":5026,"date":"2023-01-16T13:56:48","date_gmt":"2023-01-16T19:56:48","guid":{"rendered":"https:\/\/seij.gob.gt\/udisep\/?page_id=5026"},"modified":"2024-01-15T15:22:11","modified_gmt":"2024-01-15T21:22:11","slug":"numeral-12-ano-2023","status":"publish","type":"page","link":"https:\/\/seij.gob.gt\/udisep\/numeral-12-ano-2023\/","title":{"rendered":"Numeral 12 a\u00f1o 2023"},"content":{"rendered":"<h1><span style=\"color: #333399;\">Listado de viajes nacionales e internacionales<\/span><\/h1>\n<p>&nbsp;<\/p>\n<table style=\"border-collapse: collapse; width: 90.5533%; height: 483px;\">\n<tbody>\n<tr>\n<td style=\"width: 102.125%;\" colspan=\"3\"><span style=\"font-size: 14pt;\">Diciembre<\/span><\/td>\n<\/tr>\n<tr>\n<td style=\"width: 56.1753%;\"><span style=\"font-size: 14pt;\"><span style=\"font-size: 12pt; color: #333399;\">Secretar\u00eda Ejecutiva de la ICMSJ<\/span><\/span><\/td>\n<td style=\"width: 1.32802%; text-align: right;\"><span style=\"font-size: 14pt;\"><span style=\"font-size: 10pt; font-family: arial, helvetica, sans-serif;\"><a class=\"maxbutton-1 maxbutton maxbutton-seicmsj\" href=\"http:\/\/..\/\/_2023_\/informacion_publica\/diciembre\/Numeral 12\/Listado de Viajes Nacionales e Intenacionales.pdf\"><span class='mb-text'>PDF<\/span><\/a><\/span><\/span><\/td>\n<td style=\"width: 44.6215%;\"><span style=\"font-size: 14pt;\"><span style=\"font-size: 10pt; font-family: arial, helvetica, sans-serif;\"><a class=\"maxbutton-2 maxbutton maxbutton-xls\" href=\"http:\/\/..\/\/_2023_\/informacion_publica\/diciembre\/Numeral 12\/Listado de Viajes Nacionales e Intenacionales.xlsx\"><span class='mb-text'>Xls<\/span><\/a><\/span><\/span><\/td>\n<\/tr>\n<tr style=\"height: 25px;\">\n<td style=\"height: 25px; width: 102.125%;\" colspan=\"3\"><span style=\"font-size: 14pt;\">Noviembre<\/span><\/td>\n<\/tr>\n<tr style=\"height: 78px;\">\n<td style=\"width: 56.1753%; height: 78px;\"><span style=\"font-size: 14pt;\"><span style=\"font-size: 12pt; color: #333399;\">Secretar\u00eda Ejecutiva de la ICMSJ<\/span><\/span><\/td>\n<td style=\"width: 1.32802%; text-align: right; height: 78px;\"><span style=\"font-size: 14pt;\"><span style=\"font-size: 10pt; font-family: arial, helvetica, sans-serif;\"><a class=\"maxbutton-1 maxbutton maxbutton-seicmsj\" href=\"http:\/\/..\/\/_2023_\/informacion_publica\/noviembre\/Numeral 12\/Listado de Viajes Nacionles e Internacionales.pdf\"><span class='mb-text'>PDF<\/span><\/a><\/span><\/span><\/td>\n<td style=\"width: 44.6215%; height: 78px;\"><span style=\"font-size: 14pt;\"><span style=\"font-size: 10pt; font-family: arial, helvetica, sans-serif;\"><a class=\"maxbutton-2 maxbutton maxbutton-xls\" href=\"http:\/\/..\/\/_2023_\/informacion_publica\/noviembre\/Numeral 12\/Listado de Viajes Nacionles e Internacionales.xlsx\"><span class='mb-text'>Xls<\/span><\/a><\/span><\/span><\/td>\n<\/tr>\n<tr style=\"height: 25px;\">\n<td style=\"width: 102.125%; height: 25px;\" colspan=\"3\"><span style=\"font-size: 14pt;\">Octubre<\/span><\/td>\n<\/tr>\n<tr style=\"height: 78px;\">\n<td style=\"width: 56.1753%; height: 78px;\"><span style=\"font-size: 14pt;\"><span style=\"font-size: 12pt; color: #333399;\">Secretar\u00eda Ejecutiva de la ICMSJ<\/span><\/span><\/td>\n<td style=\"width: 1.32802%; text-align: right; height: 78px;\"><span style=\"font-size: 14pt;\"><span style=\"font-size: 10pt; font-family: arial, helvetica, sans-serif;\"><a class=\"maxbutton-1 maxbutton maxbutton-seicmsj\" href=\"http:\/\/..\/\/_2023_\/informacion_publica\/octubre\/Numeral 12\/Listado de Viajes Nacionales e Internacionales.pdf\"><span class='mb-text'>PDF<\/span><\/a><\/span><\/span><\/td>\n<td style=\"width: 44.6215%; height: 78px;\"><span style=\"font-size: 14pt;\"><span style=\"font-size: 10pt; font-family: arial, helvetica, sans-serif;\"><a class=\"maxbutton-2 maxbutton maxbutton-xls\" href=\"http:\/\/..\/\/_2023_\/informacion_publica\/octubre\/Numeral 12\/Listado de Viajes Nacionales e Internacionales.xlsx\"><span class='mb-text'>Xls<\/span><\/a><\/span><\/span><\/td>\n<\/tr>\n<tr style=\"height: 25px;\">\n<td style=\"width: 102.125%; height: 25px;\" colspan=\"3\"><span style=\"font-size: 14pt;\">Septiembre<\/span><\/td>\n<\/tr>\n<tr style=\"height: 78px;\">\n<td style=\"width: 56.1753%; height: 78px;\"><span style=\"font-size: 14pt;\"><span style=\"font-size: 12pt; color: #333399;\">Secretar\u00eda Ejecutiva de la ICMSJ<\/span><\/span><\/td>\n<td style=\"width: 1.32802%; text-align: right; height: 78px;\"><span style=\"font-size: 14pt;\"><span style=\"font-size: 10pt; font-family: arial, helvetica, sans-serif;\"><a class=\"maxbutton-1 maxbutton maxbutton-seicmsj\" href=\"http:\/\/..\/\/_2023_\/informacion_publica\/septiembre\/Numeral 12\/Listado de Viajes Nacionales e Internacionales.pdf\"><span class='mb-text'>PDF<\/span><\/a><\/span><\/span><\/td>\n<td style=\"width: 44.6215%; height: 78px;\"><span style=\"font-size: 14pt;\"><span style=\"font-size: 10pt; font-family: arial, helvetica, sans-serif;\"><a class=\"maxbutton-2 maxbutton maxbutton-xls\" href=\"http:\/\/..\/\/_2023_\/informacion_publica\/septiembre\/Numeral 12\/Listado de Viajes Nacionales e Internacionales.xlsx\"><span class='mb-text'>Xls<\/span><\/a><\/span><\/span><\/td>\n<\/tr>\n<tr style=\"height: 25px;\">\n<td style=\"width: 102.125%; height: 25px;\" colspan=\"3\"><span style=\"font-size: 14pt;\">Agosto<\/span><\/td>\n<\/tr>\n<tr style=\"height: 76px;\">\n<td style=\"width: 56.1753%; height: 76px;\"><span style=\"font-size: 14pt;\"><span style=\"font-size: 12pt; color: #333399;\">Secretar\u00eda Ejecutiva de la ICMSJ<\/span><\/span><\/td>\n<td style=\"width: 1.32802%; text-align: right; height: 76px;\"><span style=\"font-size: 10pt; font-family: arial, helvetica, sans-serif;\"><a class=\"maxbutton-1 maxbutton maxbutton-seicmsj\" href=\"http:\/\/..\/\/_2023_\/informacion_publica\/agosto\/NUMERAL 12\/NUMERAL 12 AGOSTO SEIJ.pdf\"><span class='mb-text'>PDF<\/span><\/a><\/span><\/td>\n<td style=\"width: 44.6215%; height: 76px;\"><span style=\"font-size: 10pt; font-family: arial, helvetica, sans-serif;\"><a class=\"maxbutton-2 maxbutton maxbutton-xls\" href=\"http:\/\/..\/\/_2023_\/informacion_publica\/agosto\/NUMERAL 12\/NUMERAL 12 AGOSTO SEIJ.xlsx\"><span class='mb-text'>Xls<\/span><\/a><\/span><\/td>\n<\/tr>\n<tr style=\"height: 73px;\">\n<td style=\"width: 56.1753%; height: 73px;\"><span style=\"font-size: 14pt;\"><span style=\"font-size: 12pt; color: #333399;\">Programa -PREVI-<\/span><\/span><\/td>\n<td style=\"width: 1.32802%; text-align: right; height: 73px;\"><span style=\"font-size: 10pt; font-family: arial, helvetica, sans-serif;\"><a class=\"maxbutton-1 maxbutton maxbutton-seicmsj\" href=\"http:\/\/..\/\/_2023_\/informacion_publica\/agosto\/NUMERAL 12\/NUMERAL 12 AGOSTO PREVI.pdf\"><span class='mb-text'>PDF<\/span><\/a><\/span><\/td>\n<td style=\"width: 44.6215%; height: 73px;\"><span style=\"font-size: 10pt; font-family: arial, helvetica, sans-serif;\"><a class=\"maxbutton-2 maxbutton maxbutton-xls\" href=\"http:\/\/..\/\/_2023_\/informacion_publica\/agosto\/NUMERAL 12\/NUMERAL 12 AGOSTO PREVI.xlsx\"><span class='mb-text'>Xls<\/span><\/a><\/span><\/td>\n<\/tr>\n<\/tbody>\n<\/table>\n<table style=\"border-collapse: collapse; width: 90.5533%; height: 225px;\">\n<tbody>\n<tr>\n<td style=\"width: 99.8724%;\" colspan=\"3\"><span style=\"font-size: 14pt;\">Julio<\/span><\/td>\n<\/tr>\n<tr>\n<td style=\"width: 47.7342%;\"><span style=\"font-size: 14pt;\"><span style=\"font-size: 12pt; color: #333399;\">Secretar\u00eda Ejecutiva de la ICMSJ<\/span><\/span><\/td>\n<td style=\"width: 18.4261%; text-align: right;\"><span style=\"font-size: 10pt;\"><a class=\"maxbutton-1 maxbutton maxbutton-seicmsj\" href=\"http:\/\/..\/\/_2023_\/informacion_publica\/julio\/Numeral 12\/Listado Viajes Nacionales e Internacionales.pdf\"><span class='mb-text'>PDF<\/span><\/a><\/span><\/td>\n<td style=\"width: 33.7121%;\"><span style=\"font-size: 10pt; font-family: arial, helvetica, sans-serif;\"><a class=\"maxbutton-2 maxbutton maxbutton-xls\" href=\"http:\/\/..\/\/_2023_\/informacion_publica\/julio\/Numeral 12\/Listado Viajes Nacionales e Internacionales.xlsx\"><span class='mb-text'>Xls<\/span><\/a><\/span><\/td>\n<\/tr>\n<tr>\n<td style=\"width: 47.7342%;\"><span style=\"font-size: 14pt;\"><span style=\"font-size: 12pt; color: #333399;\">Programa -PREVI-<\/span><\/span><\/td>\n<td style=\"width: 18.4261%; text-align: right;\"><span style=\"font-size: 12pt; font-family: arial, helvetica, sans-serif;\"><a class=\"maxbutton-1 maxbutton maxbutton-seicmsj\" href=\"http:\/\/..\/\/_2023_\/informacion_publica\/julio\/Numeral 12\/Listado de Viajes Nacionales e Internacionales PREVI.pdf\"><span class='mb-text'>PDF<\/span><\/a><\/span><\/td>\n<td style=\"width: 33.7121%;\"><span style=\"font-size: 12pt; font-family: arial, helvetica, sans-serif;\"><a class=\"maxbutton-2 maxbutton maxbutton-xls\" href=\"http:\/\/..\/\/_2023_\/informacion_publica\/julio\/Numeral 12\/Viajes Naciones e Internacionales PREVI.xlsx\"><span class='mb-text'>Xls<\/span><\/a><\/span><\/td>\n<\/tr>\n<\/tbody>\n<\/table>\n<table style=\"border-collapse: collapse; width: 90.5533%; height: 225px;\">\n<tbody>\n<tr>\n<td style=\"width: 99.8724%;\" colspan=\"3\"><span style=\"font-size: 14pt;\">Junio<\/span><\/td>\n<\/tr>\n<tr>\n<td style=\"width: 27.0973%;\"><span style=\"font-size: 14pt;\"><span style=\"font-size: 12pt; color: #333399;\">Secretar\u00eda Ejecutiva de la ICMSJ<\/span><\/span><\/td>\n<td style=\"width: 39.063%; text-align: right;\"><span style=\"font-size: 10pt;\"><a class=\"maxbutton-1 maxbutton maxbutton-seicmsj\" href=\"http:\/\/..\/\/_2023_\/informacion_publica\/junio\/NUMERAL 12\/NUMERAL 12 - VIAJES NACIONALES E INTERNACIONALES.pdf\"><span class='mb-text'>PDF<\/span><\/a><\/span><\/td>\n<td style=\"width: 33.7121%;\"><span style=\"font-size: 10pt; font-family: arial, helvetica, sans-serif;\"><a class=\"maxbutton-2 maxbutton maxbutton-xls\" href=\"http:\/\/..\/\/_2023_\/informacion_publica\/junio\/NUMERAL 12\/NUMERAL 12 - VIAJES NACIONALES E INTERNACIONALES.xlsx\"><span class='mb-text'>Xls<\/span><\/a><\/span><\/td>\n<\/tr>\n<tr>\n<td style=\"width: 27.0973%;\"><span style=\"font-size: 14pt;\"><span style=\"font-size: 12pt; color: #333399;\">Programa -PREVI-<\/span><\/span><\/td>\n<td style=\"width: 39.063%; text-align: right;\"><span style=\"font-size: 12pt; font-family: arial, helvetica, sans-serif;\"><a class=\"maxbutton-1 maxbutton maxbutton-seicmsj\" href=\"http:\/\/..\/\/_2023_\/informacion_publica\/junio\/NUMERAL 12\/Numeral 12 NUMERAL 12 - VIAJES NACIONALES E INTERNACIONALES PREVI.pdf\"><span class='mb-text'>PDF<\/span><\/a><\/span><\/td>\n<td style=\"width: 33.7121%;\"><span style=\"font-size: 12pt; font-family: arial, helvetica, sans-serif;\"><a class=\"maxbutton-2 maxbutton maxbutton-xls\" href=\"http:\/\/..\/\/_2023_\/informacion_publica\/junio\/NUMERAL 12\/NUMERAL 12 - VIAJES NACIONALES E INTERNACIONALES PREVI.xls\"><span class='mb-text'>Xls<\/span><\/a><\/span><\/td>\n<\/tr>\n<\/tbody>\n<\/table>\n<table style=\"border-collapse: collapse; width: 90.5533%; height: 225px;\">\n<tbody>\n<tr>\n<td style=\"width: 99.8724%;\" colspan=\"3\"><span style=\"font-size: 14pt;\">Mayo<\/span><\/td>\n<\/tr>\n<tr>\n<td style=\"width: 27.0973%;\"><span style=\"font-size: 14pt;\"><span style=\"font-size: 12pt; color: #333399;\">Secretar\u00eda Ejecutiva de la ICMSJ<\/span><\/span><\/td>\n<td style=\"width: 39.063%; text-align: right;\"><span style=\"font-size: 10pt;\"><a class=\"maxbutton-1 maxbutton maxbutton-seicmsj\" href=\"http:\/\/..\/\/_2023_\/informacion_publica\/mayo\/NUMERAL 12\/VIAJES NACIONALES E INTERNACIONALES SEICMSJ.pdf\"><span class='mb-text'>PDF<\/span><\/a><\/span><\/td>\n<td style=\"width: 33.7121%;\"><span style=\"font-size: 10pt; font-family: arial, helvetica, sans-serif;\"><a class=\"maxbutton-2 maxbutton maxbutton-xls\" href=\"http:\/\/..\/\/_2023_\/informacion_publica\/mayo\/NUMERAL 12\/VIAJES NACIONALES E INTERNACIONALES SEICMSJ.xlsx\"><span class='mb-text'>Xls<\/span><\/a><\/span><\/td>\n<\/tr>\n<tr>\n<td style=\"width: 27.0973%;\"><span style=\"font-size: 14pt;\"><span style=\"font-size: 12pt; color: #333399;\">Programa -PREVI-<\/span><\/span><\/td>\n<td style=\"width: 39.063%; text-align: right;\"><span style=\"font-size: 12pt; font-family: arial, helvetica, sans-serif;\"><a class=\"maxbutton-1 maxbutton maxbutton-seicmsj\" href=\"http:\/\/..\/\/_2023_\/informacion_publica\/mayo\/NUMERAL 12\/VIAJES NACIONALES E INTERNACIONALES PREVI.pdf\"><span class='mb-text'>PDF<\/span><\/a><\/span><\/td>\n<td style=\"width: 33.7121%;\"><span style=\"font-size: 12pt; font-family: arial, helvetica, sans-serif;\"><a class=\"maxbutton-2 maxbutton maxbutton-xls\" href=\"http:\/\/..\/\/_2023_\/informacion_publica\/mayo\/NUMERAL 12\/VIAJES NACIONALES E INTERNACIONALES PREVI.xlsx\"><span class='mb-text'>Xls<\/span><\/a><\/span><\/td>\n<\/tr>\n<tr>\n<td style=\"width: 99.8724%;\" colspan=\"3\"><span style=\"font-size: 14pt;\">Abril<\/span><\/td>\n<\/tr>\n<tr>\n<td style=\"width: 27.0973%;\"><span style=\"font-size: 12pt; color: #333399;\">Secretar\u00eda Ejecutiva de la ICMSJ<\/span><\/td>\n<td style=\"width: 39.063%; text-align: right;\"><a class=\"maxbutton-1 maxbutton maxbutton-seicmsj\" href=\"http:\/\/..\/\/_2023_\/informacion_publica\/abril\/NUMERAL 12\/VIAJES NCIONALES E INTERNACIONALES SEICMSJ.pdf\"><span class='mb-text'>PDF<\/span><\/a><\/td>\n<td style=\"width: 33.7121%;\"><a class=\"maxbutton-2 maxbutton maxbutton-xls\" href=\"http:\/\/..\/\/_2023_\/informacion_publica\/abril\/NUMERAL 12\/VIAJES NCIONALES E INTERNACIONALES SEICMSJ.xlsx\"><span class='mb-text'>Xls<\/span><\/a><\/td>\n<\/tr>\n<tr>\n<td style=\"width: 27.0973%;\"><span style=\"font-size: 12pt; color: #333399;\">Programa -PREVI-<\/span><\/td>\n<td style=\"width: 39.063%; text-align: right;\"><a class=\"maxbutton-1 maxbutton maxbutton-seicmsj\" href=\"http:\/\/..\/\/_2023_\/informacion_publica\/abril\/NUMERAL 12\/VIAJES NACIONALES E INTERNACIONALES PREVI.pdf\"><span class='mb-text'>PDF<\/span><\/a><\/td>\n<td style=\"width: 33.7121%;\"><a class=\"maxbutton-2 maxbutton maxbutton-xls\" href=\"http:\/\/..\/\/_2023_\/informacion_publica\/abril\/NUMERAL 12\/VIAJES NACIONALES E INTERNACIONALES PREVI.xlsx\"><span class='mb-text'>Xls<\/span><\/a><\/td>\n<\/tr>\n<\/tbody>\n<\/table>\n<table style=\"border-collapse: collapse; width: 93.1309%; height: 228px;\">\n<tbody>\n<tr>\n<td style=\"width: 33.3333%;\" colspan=\"3\"><span style=\"font-size: 14pt;\">Marzo<\/span><\/td>\n<\/tr>\n<tr>\n<td style=\"width: 33.3333%;\"><span style=\"font-size: 12pt; color: #333399;\">Secretar\u00eda Ejecutiva de la ICMSJ<\/span><\/td>\n<td style=\"width: 33.3333%; text-align: right;\"><a class=\"maxbutton-1 maxbutton maxbutton-seicmsj\" href=\"http:\/\/..\/\/_2023_\/informacion_publica\/marzo\/NUMERAL 12\/VIAJES NCIONALES E INTERNACIONALES SEICMSJ.pdf\"><span class='mb-text'>PDF<\/span><\/a><\/td>\n<td style=\"width: 33.3333%;\"><a class=\"maxbutton-2 maxbutton maxbutton-xls\" href=\"http:\/\/..\/\/_2023_\/informacion_publica\/marzo\/NUMERAL 12\/VIAJES NCIONALES E INTERNACIONALES SEICMSJ.xlsx\"><span class='mb-text'>Xls<\/span><\/a><\/td>\n<\/tr>\n<tr>\n<td style=\"width: 33.3333%;\"><span style=\"font-size: 12pt; color: #333399;\">Programa -PREVI-<\/span><\/td>\n<td style=\"width: 33.3333%; text-align: right;\"><a class=\"maxbutton-1 maxbutton maxbutton-seicmsj\" href=\"http:\/\/..\/\/_2023_\/informacion_publica\/marzo\/NUMERAL 12\/VIAJES NACIONALES E INTERNACIONALES PREVI.pdf\"><span class='mb-text'>PDF<\/span><\/a><\/td>\n<td style=\"width: 33.3333%;\"><a class=\"maxbutton-2 maxbutton maxbutton-xls\" href=\"http:\/\/..\/\/_2023_\/informacion_publica\/marzo\/NUMERAL 12\/VIAJES NACIONALES E INTERNACIONALES PREVI.xlsx\"><span class='mb-text'>Xls<\/span><\/a><\/td>\n<\/tr>\n<\/tbody>\n<\/table>\n<table style=\"border-collapse: collapse; width: 90.5533%; height: 225px;\">\n<tbody>\n<tr>\n<td style=\"width: 33.3333%;\" colspan=\"3\"><span style=\"font-size: 14pt;\">Febrero<\/span><\/td>\n<\/tr>\n<tr>\n<td style=\"width: 33.3333%;\"><span style=\"font-size: 12pt; color: #333399;\">Secretar\u00eda Ejecutiva de la ICMSJ<\/span><\/td>\n<td style=\"width: 33.3333%; text-align: right;\"><a class=\"maxbutton-1 maxbutton maxbutton-seicmsj\" href=\"http:\/\/..\/\/_2023_\/informacion_publica\/febrero\/NUMERAL 12\/VIAJES NACIONALES E INTERNACIONALES SEICMSJ_.pdf\"><span class='mb-text'>PDF<\/span><\/a><\/td>\n<td style=\"width: 33.3333%;\"><a class=\"maxbutton-2 maxbutton maxbutton-xls\" href=\"http:\/\/..\/\/_2023_\/informacion_publica\/febrero\/NUMERAL 12\/VIAJES NACIONALES E INTERNACIONALES SEICMSJ_.xlsx\"><span class='mb-text'>Xls<\/span><\/a><\/td>\n<\/tr>\n<tr>\n<td style=\"width: 33.3333%;\"><span style=\"font-size: 12pt; color: #333399;\">Programa -PREVI-<\/span><\/td>\n<td style=\"width: 33.3333%; text-align: right;\"><a class=\"maxbutton-1 maxbutton maxbutton-seicmsj\" href=\"http:\/\/..\/\/_2023_\/informacion_publica\/febrero\/NUMERAL 12\/VIAJES NACIONALES E INTERNACIONALES PREVI.pdf\"><span class='mb-text'>PDF<\/span><\/a><\/td>\n<td style=\"width: 33.3333%;\"><a class=\"maxbutton-2 maxbutton maxbutton-xls\" href=\"http:\/\/..\/\/_2023_\/informacion_publica\/febrero\/NUMERAL 12\/VIAJES NACIONALES E INTERNACIONALES PREVI.xls\"><span class='mb-text'>Xls<\/span><\/a><\/td>\n<\/tr>\n<\/tbody>\n<\/table>\n<table style=\"border-collapse: collapse; width: 90.5533%; height: 225px;\">\n<tbody>\n<tr>\n<td style=\"width: 33.3333%;\" colspan=\"3\"><span style=\"font-size: 14pt;\">Enero<\/span><\/td>\n<\/tr>\n<tr>\n<td style=\"width: 33.3333%;\"><span style=\"font-size: 12pt; color: #333399;\">Secretar\u00eda Ejecutiva de la ICMSJ<\/span><\/td>\n<td style=\"width: 33.3333%; text-align: right;\"><a class=\"maxbutton-1 maxbutton maxbutton-seicmsj\" href=\"http:\/\/..\/\/_2023_\/informacion_publica\/enero\/NUMERAL 12\/VIAJES NACIONALES E INTERNACIONALES SEICMSJ.pdf\"><span class='mb-text'>PDF<\/span><\/a><\/td>\n<td style=\"width: 33.3333%;\"><a class=\"maxbutton-2 maxbutton maxbutton-xls\" href=\"http:\/\/..\/\/_2023_\/informacion_publica\/enero\/NUMERAL 12\/VIAJES NACIONALES E INTERNACIONALES SEICMSJ.xlsx\"><span class='mb-text'>Xls<\/span><\/a><\/td>\n<\/tr>\n<tr>\n<td style=\"width: 33.3333%;\"><span style=\"font-size: 12pt; color: #333399;\">Programa -PREVI-<\/span><\/td>\n<td style=\"width: 33.3333%; text-align: right;\"><a class=\"maxbutton-1 maxbutton maxbutton-seicmsj\" href=\"http:\/\/..\/\/_2023_\/informacion_publica\/enero\/NUMERAL 12\/VIAJES NACIONALES E INTERNACIONALES PREVI.pdf\"><span class='mb-text'>PDF<\/span><\/a><\/td>\n<td style=\"width: 33.3333%;\"><a class=\"maxbutton-2 maxbutton maxbutton-xls\" href=\"http:\/\/..\/\/_2023_\/informacion_publica\/enero\/NUMERAL 12\/VIAJES NACIONALES E INTERNACIONALES PREVI.xls\"><span class='mb-text'>Xls<\/span><\/a><\/td>\n<\/tr>\n<\/tbody>\n<\/table>\n","protected":false},"excerpt":{"rendered":"<p>Listado de viajes nacionales e internacionales &nbsp; Diciembre Secretar\u00eda Ejecutiva de la ICMSJ Noviembre Secretar\u00eda Ejecutiva de la ICMSJ Octubre Secretar\u00eda Ejecutiva de la ICMSJ Septiembre Secretar\u00eda Ejecutiva de la ICMSJ Agosto Secretar\u00eda Ejecutiva de la ICMSJ Programa -PREVI- Julio Secretar\u00eda Ejecutiva de la ICMSJ Programa -PREVI- Junio Secretar\u00eda Ejecutiva de la ICMSJ Programa -PREVI- [&hellip;]<\/p>\n","protected":false},"author":1,"featured_media":0,"parent":0,"menu_order":0,"comment_status":"closed","ping_status":"closed","template":"","meta":{"_et_pb_use_builder":"","_et_pb_old_content":"","_et_gb_content_width":"","footnotes":""},"class_list":["post-5026","page","type-page","status-publish","hentry"],"nelio_popups_active_popup":"","_links":{"self":[{"href":"https:\/\/seij.gob.gt\/udisep\/wp-json\/wp\/v2\/pages\/5026","targetHints":{"allow":["GET"]}}],"collection":[{"href":"https:\/\/seij.gob.gt\/udisep\/wp-json\/wp\/v2\/pages"}],"about":[{"href":"https:\/\/seij.gob.gt\/udisep\/wp-json\/wp\/v2\/types\/page"}],"author":[{"embeddable":true,"href":"https:\/\/seij.gob.gt\/udisep\/wp-json\/wp\/v2\/users\/1"}],"replies":[{"embeddable":true,"href":"https:\/\/seij.gob.gt\/udisep\/wp-json\/wp\/v2\/comments?post=5026"}],"version-history":[{"count":20,"href":"https:\/\/seij.gob.gt\/udisep\/wp-json\/wp\/v2\/pages\/5026\/revisions"}],"predecessor-version":[{"id":5626,"href":"https:\/\/seij.gob.gt\/udisep\/wp-json\/wp\/v2\/pages\/5026\/revisions\/5626"}],"wp:attachment":[{"href":"https:\/\/seij.gob.gt\/udisep\/wp-json\/wp\/v2\/media?parent=5026"}],"curies":[{"name":"wp","href":"https:\/\/api.w.org\/{rel}","templated":true}]}}