{"id":5030,"date":"2023-01-16T13:58:32","date_gmt":"2023-01-16T19:58:32","guid":{"rendered":"https:\/\/seij.gob.gt\/udisep\/?page_id=5030"},"modified":"2024-01-15T15:33:53","modified_gmt":"2024-01-15T21:33:53","slug":"numeral-14-ano-2023","status":"publish","type":"page","link":"https:\/\/seij.gob.gt\/udisep\/numeral-14-ano-2023\/","title":{"rendered":"Numeral 14 a\u00f1o 2023"},"content":{"rendered":"<h1 style=\"text-align: center;\"><span style=\"color: #333399;\">Informaci\u00f3n sobre los contratos de mantenimiento de equipo, veh\u00edculos, inmuebles, plantas e instalaciones de todos los sujetos obligados.<\/span><\/h1>\n<p>&nbsp;<\/p>\n<table style=\"border-collapse: collapse; width: 100%; height: 174px;\">\n<tbody>\n<tr>\n<td style=\"width: 101.338%;\" colspan=\"3\"><span style=\"font-size: 14pt;\">Diciembre<\/span><\/td>\n<\/tr>\n<tr>\n<td style=\"width: 55.1095%;\"><span style=\"font-size: 14pt;\"><span style=\"font-size: 12pt; color: #333399;\">Secretar\u00eda Ejecutiva de la ICMSJ<\/span><\/span><\/td>\n<td style=\"width: 1.21654%; text-align: right;\"><span style=\"font-size: 14pt;\"><span style=\"font-size: 10pt;\"><a class=\"maxbutton-1 maxbutton maxbutton-seicmsj\" href=\"http:\/\/..\/\/_2023_\/informacion_publica\/diciembre\/Numeral 14\/Contratos de Mantenimiento de Equipo .pdf\"><span class='mb-text'>PDF<\/span><\/a><\/span><\/span><\/td>\n<td style=\"width: 45.0122%;\"><span style=\"font-size: 14pt;\"><span style=\"font-size: 10pt;\"><a class=\"maxbutton-2 maxbutton maxbutton-xls\" href=\"http:\/\/..\/\/_2023_\/informacion_publica\/diciembre\/Numeral 14\/Contratos de Mantenimiento de Equipo.xlsx\"><span class='mb-text'>Xls<\/span><\/a> <\/span><\/span><\/td>\n<\/tr>\n<tr>\n<td style=\"width: 101.338%;\" colspan=\"3\"><span style=\"font-size: 14pt;\">Noviembre<\/span><\/td>\n<\/tr>\n<tr>\n<td style=\"width: 55.1095%;\"><span style=\"font-size: 14pt;\"><span style=\"font-size: 12pt; color: #333399;\">Secretar\u00eda Ejecutiva de la ICMSJ<\/span><\/span><span style=\"font-size: 14pt;\"><br \/>\n<\/span><\/td>\n<td style=\"width: 1.21654%; text-align: right;\"><span style=\"font-size: 14pt;\"><span style=\"font-size: 10pt;\"><a class=\"maxbutton-1 maxbutton maxbutton-seicmsj\" href=\"http:\/\/..\/\/_2023_\/informacion_publica\/noviembre\/Numeral 14\/Contratos de Mantenimiento.pdf\"><span class='mb-text'>PDF<\/span><\/a><\/span><\/span><\/td>\n<td style=\"width: 45.0122%;\"><span style=\"font-size: 14pt;\"><span style=\"font-size: 10pt;\"><a class=\"maxbutton-2 maxbutton maxbutton-xls\" href=\"http:\/\/..\/\/_2023_\/informacion_publica\/noviembre\/Numeral 14\/Contratos de Mantenimiento.xlsx\"><span class='mb-text'>Xls<\/span><\/a> <\/span><\/span><\/td>\n<\/tr>\n<tr>\n<td style=\"width: 101.338%;\" colspan=\"3\"><span style=\"font-size: 14pt;\">Octubre<\/span><\/td>\n<\/tr>\n<tr>\n<td style=\"width: 55.1095%;\"><span style=\"font-size: 14pt;\"><span style=\"font-size: 12pt; color: #333399;\">Secretar\u00eda Ejecutiva de la ICMSJ<\/span><\/span><\/td>\n<td style=\"width: 1.21654%; text-align: right;\"><span style=\"font-size: 14pt;\"><span style=\"font-size: 10pt;\"><a class=\"maxbutton-1 maxbutton maxbutton-seicmsj\" href=\"http:\/\/..\/\/_2023_\/informacion_publica\/octubre\/Numeral 14\/CONTRATOS DE MANTENIMIENTO.pdf\"><span class='mb-text'>PDF<\/span><\/a><\/span><\/span><\/td>\n<td style=\"width: 45.0122%;\"><span style=\"font-size: 14pt;\"><span style=\"font-size: 10pt;\"><a class=\"maxbutton-2 maxbutton maxbutton-xls\" href=\"http:\/\/..\/\/_2023_\/informacion_publica\/octubre\/Numeral 14\/CONTRATOS DE MANTENIMIENTO.xlsx\"><span class='mb-text'>Xls<\/span><\/a> <\/span><\/span><\/td>\n<\/tr>\n<tr>\n<td style=\"width: 101.338%;\" colspan=\"3\"><span style=\"font-size: 14pt;\">\u00a0<\/span><\/td>\n<\/tr>\n<tr>\n<td style=\"width: 101.338%;\" colspan=\"3\"><span style=\"font-size: 14pt;\">Septiembre<\/span><\/td>\n<\/tr>\n<tr>\n<td style=\"width: 55.1095%;\"><span style=\"font-size: 14pt;\"><span style=\"font-size: 12pt; color: #333399;\">Secretar\u00eda Ejecutiva de la ICMSJ<\/span><\/span><\/td>\n<td style=\"width: 1.21654%; text-align: right;\"><span style=\"font-size: 14pt;\"><span style=\"font-size: 10pt;\"><a class=\"maxbutton-1 maxbutton maxbutton-seicmsj\" href=\"http:\/\/..\/\/_2023_\/informacion_publica\/septiembre\/Numeral 14\/Contratos de Mantenimieto de Equipo.pdf\"><span class='mb-text'>PDF<\/span><\/a><\/span><\/span><\/td>\n<td style=\"width: 45.0122%;\"><span style=\"font-size: 14pt;\"><span style=\"font-size: 10pt;\"><a class=\"maxbutton-2 maxbutton maxbutton-xls\" href=\"http:\/\/..\/\/_2023_\/informacion_publica\/septiembre\/Numeral 14\/Contratos de Mantenimieto de Equipo.xlsx\"><span class='mb-text'>Xls<\/span><\/a> <\/span><\/span><\/td>\n<\/tr>\n<tr>\n<td style=\"width: 101.338%;\" colspan=\"3\"><span style=\"font-size: 14pt;\">\u00a0<\/span><\/td>\n<\/tr>\n<tr>\n<td style=\"width: 101.338%;\" colspan=\"3\"><span style=\"font-size: 14pt;\">Agosto<\/span><\/td>\n<\/tr>\n<tr>\n<td style=\"width: 55.1095%;\"><span style=\"font-size: 14pt;\"><span style=\"font-size: 12pt; color: #333399;\">Secretar\u00eda Ejecutiva de la ICMSJ<\/span><\/span><\/td>\n<td style=\"width: 1.21654%; text-align: right;\"><span style=\"font-size: 14pt;\"><span style=\"font-size: 10pt;\"><a class=\"maxbutton-1 maxbutton maxbutton-seicmsj\" href=\"http:\/\/..\/\/_2023_\/informacion_publica\/agosto\/NUMERAL 14\/NUMERAL 14 AGOSTO SEIJ.pdf\"><span class='mb-text'>PDF<\/span><\/a>\u00a0<\/span><\/span><\/td>\n<td style=\"width: 45.0122%;\"><span style=\"font-size: 14pt;\"><span style=\"font-size: 10pt;\"><a class=\"maxbutton-2 maxbutton maxbutton-xls\" href=\"http:\/\/..\/\/_2023_\/informacion_publica\/agosto\/NUMERAL 14\/NUMERAL 14 AGOSTO SEIJ.xlsx\"><span class='mb-text'>Xls<\/span><\/a> <\/span><\/span><\/td>\n<\/tr>\n<tr>\n<td style=\"width: 55.1095%;\"><span style=\"font-size: 14pt;\"><span style=\"color: #333399; font-size: 12pt;\">Programa -PREVI-<\/span><\/span><\/td>\n<td style=\"width: 1.21654%; text-align: right;\"><span style=\"font-size: 14pt;\"><span style=\"font-size: 10pt;\"><a class=\"maxbutton-1 maxbutton maxbutton-seicmsj\" href=\"http:\/\/..\/\/_2023_\/informacion_publica\/agosto\/NUMERAL 14\/NUMERAL 14 AGOSTO PREVI.pdf\"><span class='mb-text'>PDF<\/span><\/a>\u00a0<\/span><\/span><\/td>\n<td style=\"width: 45.0122%;\"><span style=\"font-size: 14pt;\"><span style=\"font-size: 10pt;\"><a class=\"maxbutton-2 maxbutton maxbutton-xls\" href=\"http:\/\/..\/\/_2023_\/informacion_publica\/agosto\/NUMERAL 14\/NUMERAL 14 AGOSTO PREVI.xlsx\"><span class='mb-text'>Xls<\/span><\/a> <\/span><\/span><\/td>\n<\/tr>\n<tr style=\"height: 25px;\">\n<td style=\"height: 25px; width: 101.338%;\" colspan=\"3\"><span style=\"font-size: 14pt;\">Junio<\/span><\/td>\n<\/tr>\n<tr style=\"height: 75px;\">\n<td style=\"width: 55.1095%; height: 75px;\"><span style=\"font-size: 12pt; color: #333399;\">Secretar\u00eda Ejecutiva de la ICMSJ<\/span><\/td>\n<td style=\"width: 1.21654%; text-align: right; height: 75px;\"><span style=\"font-size: 10pt;\"> <a class=\"maxbutton-1 maxbutton maxbutton-seicmsj\" href=\"http:\/\/..\/\/_2023_\/informacion_publica\/julio\/Numeral 14\/Contratos de Mantenimiento.pdf\"><span class='mb-text'>PDF<\/span><\/a>\u00a0<\/span><\/td>\n<td style=\"width: 45.0122%; height: 75px;\"><span style=\"font-size: 10pt;\"><a class=\"maxbutton-2 maxbutton maxbutton-xls\" href=\"http:\/\/..\/\/_2023_\/informacion_publica\/julio\/Numeral 14\/Contratos de Mantenimiento.xlsx\"><span class='mb-text'>Xls<\/span><\/a> <\/span><\/td>\n<\/tr>\n<tr style=\"height: 74px;\">\n<td style=\"width: 55.1095%; height: 74px;\"><span style=\"color: #333399; font-size: 12pt;\">Programa -PREVI-<\/span><\/td>\n<td style=\"width: 1.21654%; text-align: right; height: 74px;\"><span style=\"font-size: 10pt;\"><a class=\"maxbutton-1 maxbutton maxbutton-seicmsj\" href=\"http:\/\/..\/\/_2023_\/informacion_publica\/julio\/Numeral 14\/Contratos de Mantenimiento PREVI.pdf\"><span class='mb-text'>PDF<\/span><\/a>\u00a0<\/span><\/td>\n<td style=\"width: 45.0122%; height: 74px;\"><span style=\"font-size: 10pt;\"><a class=\"maxbutton-2 maxbutton maxbutton-xls\" href=\"http:\/\/..\/\/_2023_\/informacion_publica\/julio\/Numeral 14\/Contratos de Mantenimiento PREVI.xlsx\"><span class='mb-text'>Xls<\/span><\/a> <\/span><\/td>\n<\/tr>\n<\/tbody>\n<\/table>\n<table style=\"border-collapse: collapse; width: 100%; height: 174px;\">\n<tbody>\n<tr style=\"height: 25px;\">\n<td style=\"width: 952.4px; height: 25px;\" colspan=\"3\"><span style=\"font-size: 14pt;\">Junio<\/span><\/td>\n<\/tr>\n<tr style=\"height: 75px;\">\n<td style=\"width: 284.35px; height: 75px;\"><span style=\"font-size: 12pt; color: #333399;\">Secretar\u00eda Ejecutiva de la ICMSJ<\/span><\/td>\n<td style=\"width: 331.225px; text-align: right; height: 75px;\"><span style=\"font-size: 10pt;\"> <a class=\"maxbutton-1 maxbutton maxbutton-seicmsj\" href=\"http:\/\/..\/\/_2023_\/informacion_publica\/junio\/NUMERAL 14\/Numeral 14 Informaci\u00f3n Sobre los Contratos de Mantenimiento.pdf\"><span class='mb-text'>PDF<\/span><\/a>\u00a0<\/span><\/td>\n<td style=\"width: 331.225px; height: 75px;\"><span style=\"font-size: 10pt;\"><a class=\"maxbutton-2 maxbutton maxbutton-xls\" href=\"http:\/\/..\/\/_2023_\/informacion_publica\/junio\/NUMERAL 14\/Numeral 14 Informaci\u00f3n Sobre los Contratos de Mantenimiento.xlsx\"><span class='mb-text'>Xls<\/span><\/a> <\/span><\/td>\n<\/tr>\n<tr style=\"height: 74px;\">\n<td style=\"width: 284.35px; height: 74px;\"><span style=\"color: #333399; font-size: 12pt;\">Programa -PREVI-<\/span><\/td>\n<td style=\"width: 331.225px; text-align: right; height: 74px;\"><span style=\"font-size: 10pt;\"><a class=\"maxbutton-1 maxbutton maxbutton-seicmsj\" href=\"http:\/\/..\/\/_2023_\/informacion_publica\/junio\/NUMERAL 14\/Numeral 14 NUMERAL 14 - CONTRATOS DE MANTENIMIENTO PREVI.pdf\"><span class='mb-text'>PDF<\/span><\/a>\u00a0<\/span><\/td>\n<td style=\"width: 331.225px; height: 74px;\"><span style=\"font-size: 10pt;\"><a class=\"maxbutton-2 maxbutton maxbutton-xls\" href=\"http:\/\/..\/\/_2023_\/informacion_publica\/junio\/NUMERAL 14\/NUMERAL 14 - CONTRATOS DE MANTENIMIENTO PREVI.xls\"><span class='mb-text'>Xls<\/span><\/a> <\/span><\/td>\n<\/tr>\n<\/tbody>\n<\/table>\n<table style=\"border-collapse: collapse; width: 100%; height: 174px;\">\n<tbody>\n<tr style=\"height: 25px;\">\n<td style=\"width: 952.4px; height: 25px;\" colspan=\"3\"><span style=\"font-size: 14pt;\">Mayo<\/span><\/td>\n<\/tr>\n<tr style=\"height: 75px;\">\n<td style=\"width: 284.35px; height: 75px;\"><span style=\"font-size: 12pt; color: #333399;\">Secretar\u00eda Ejecutiva de la ICMSJ<\/span><\/td>\n<td style=\"width: 331.225px; text-align: right; height: 75px;\"><span style=\"font-size: 10pt;\"> <a class=\"maxbutton-1 maxbutton maxbutton-seicmsj\" href=\"http:\/\/..\/\/_2023_\/informacion_publica\/abril\/NUMERAL 14\/CONTRATOS DE MANTENIMIENTO SEICMSJ.pdf\"><span class='mb-text'>PDF<\/span><\/a>\u00a0<\/span><\/td>\n<td style=\"width: 331.225px; height: 75px;\"><span style=\"font-size: 10pt;\"><a class=\"maxbutton-2 maxbutton maxbutton-xls\" href=\"http:\/\/..\/\/_2023_\/informacion_publica\/abril\/NUMERAL 14\/CONTRATOS DE MANTENIMIENTO SEICMSJ.xlsx\"><span class='mb-text'>Xls<\/span><\/a> <\/span><\/td>\n<\/tr>\n<tr style=\"height: 74px;\">\n<td style=\"width: 284.35px; height: 74px;\"><span style=\"color: #333399; font-size: 12pt;\">Programa -PREVI-<\/span><\/td>\n<td style=\"width: 331.225px; text-align: right; height: 74px;\"><span style=\"font-size: 10pt;\"><a class=\"maxbutton-1 maxbutton maxbutton-seicmsj\" href=\"http:\/\/..\/\/_2023_\/informacion_publica\/mayo\/NUMERAL 14\/CONTRATOS DE MANTENIMIENTO PREVI.pdf\"><span class='mb-text'>PDF<\/span><\/a>\u00a0<\/span><\/td>\n<td style=\"width: 331.225px; height: 74px;\"><span style=\"font-size: 10pt;\"><a class=\"maxbutton-2 maxbutton maxbutton-xls\" href=\"http:\/\/..\/\/_2023_\/informacion_publica\/mayo\/NUMERAL 14\/CONTRATOS DE MANTENIMIENTO PREVI.xlsx\"><span class='mb-text'>Xls<\/span><\/a> <\/span><\/td>\n<\/tr>\n<\/tbody>\n<\/table>\n<table style=\"border-collapse: collapse; width: 100%; height: 174px;\">\n<tbody>\n<tr style=\"height: 25px;\">\n<td style=\"width: 952.4px; height: 25px;\" colspan=\"3\"><span style=\"font-size: 14pt;\">Abril<\/span><\/td>\n<\/tr>\n<tr style=\"height: 75px;\">\n<td style=\"width: 284.35px; height: 75px;\"><span style=\"font-size: 12pt; color: #333399;\">Secretar\u00eda Ejecutiva de la ICMSJ<\/span><\/td>\n<td style=\"width: 331.225px; text-align: right; height: 75px;\"><span style=\"font-size: 10pt;\"> <a class=\"maxbutton-1 maxbutton maxbutton-seicmsj\" href=\"http:\/\/..\/\/_2023_\/informacion_publica\/abril\/NUMERAL 14\/CONTRATOS DE MANTENIMIENTO SEICMSJ.pdf\"><span class='mb-text'>PDF<\/span><\/a>\u00a0<\/span><\/td>\n<td style=\"width: 331.225px; height: 75px;\"><span style=\"font-size: 10pt;\"><a class=\"maxbutton-2 maxbutton maxbutton-xls\" href=\"http:\/\/..\/\/_2023_\/informacion_publica\/abril\/NUMERAL 14\/CONTRATOS DE MANTENIMIENTO SEICMSJ.xlsx\"><span class='mb-text'>Xls<\/span><\/a> <\/span><\/td>\n<\/tr>\n<tr style=\"height: 74px;\">\n<td style=\"width: 284.35px; height: 74px;\"><span style=\"color: #333399; font-size: 12pt;\">Programa -PREVI-<\/span><\/td>\n<td style=\"width: 331.225px; text-align: right; height: 74px;\"><span style=\"font-size: 10pt;\"><a class=\"maxbutton-1 maxbutton maxbutton-seicmsj\" href=\"http:\/\/..\/\/_2023_\/informacion_publica\/abril\/NUMERAL 14\/CONTRATOS DE MANTENIMIENTO PREVI.pdf\"><span class='mb-text'>PDF<\/span><\/a>\u00a0<\/span><\/td>\n<td style=\"width: 331.225px; height: 74px;\"><span style=\"font-size: 10pt;\"><a class=\"maxbutton-2 maxbutton maxbutton-xls\" href=\"http:\/\/..\/\/_2023_\/informacion_publica\/abril\/NUMERAL 14\/CONTRATOS DE MANTENIMIENTO PREVI.xlsx\"><span class='mb-text'>Xls<\/span><\/a> <\/span><\/td>\n<\/tr>\n<\/tbody>\n<\/table>\n<table style=\"border-collapse: collapse; width: 100%; height: 174px;\">\n<tbody>\n<tr style=\"height: 25px;\">\n<td style=\"width: 99.8526%; height: 25px;\" colspan=\"3\"><span style=\"font-size: 14pt;\">Marzo<\/span><\/td>\n<\/tr>\n<tr style=\"height: 75px;\">\n<td style=\"width: 33.2597%; height: 75px;\"><span style=\"font-size: 12pt; color: #333399;\">Secretar\u00eda Ejecutiva de la ICMSJ<\/span><\/td>\n<td style=\"width: 33.2597%; text-align: right; height: 75px;\"><span style=\"font-size: 10pt;\"> <a class=\"maxbutton-1 maxbutton maxbutton-seicmsj\" href=\"http:\/\/..\/\/_2023_\/informacion_publica\/marzo\/NUMERAL 14\/CONTRATOS DE MANTENIMIENTO SEICMSJ.pdf\"><span class='mb-text'>PDF<\/span><\/a>\u00a0<\/span><\/td>\n<td style=\"width: 33.3333%; height: 75px;\"><span style=\"font-size: 10pt;\"><a class=\"maxbutton-2 maxbutton maxbutton-xls\" href=\"http:\/\/..\/\/_2023_\/informacion_publica\/marzo\/NUMERAL 14\/CONTRATOS DE MANTENIMIENTO SEICMSJ.xlsx\"><span class='mb-text'>Xls<\/span><\/a> <\/span><\/td>\n<\/tr>\n<tr style=\"height: 74px;\">\n<td style=\"width: 33.2597%; height: 74px;\"><span style=\"color: #333399; font-size: 12pt;\">Programa -PREVI-<\/span><\/td>\n<td style=\"width: 33.2597%; text-align: right; height: 74px;\"><span style=\"font-size: 10pt;\"><a class=\"maxbutton-1 maxbutton maxbutton-seicmsj\" href=\"http:\/\/..\/\/_2023_\/informacion_publica\/marzo\/NUMERAL 14\/CONTRATOS DE MANTENIMIENTO PREVI.pdf\"><span class='mb-text'>PDF<\/span><\/a>\u00a0<\/span><\/td>\n<td style=\"width: 33.3333%; height: 74px;\"><span style=\"font-size: 10pt;\"><a class=\"maxbutton-2 maxbutton maxbutton-xls\" href=\"http:\/\/..\/\/_2023_\/informacion_publica\/marzo\/NUMERAL 14\/CONTRATOS DE MANTENIMIENTO PREVI.xlsx\"><span class='mb-text'>Xls<\/span><\/a> <\/span><\/td>\n<\/tr>\n<\/tbody>\n<\/table>\n<table style=\"border-collapse: collapse; width: 100%; height: 174px;\">\n<tbody>\n<tr style=\"height: 25px;\">\n<td style=\"width: 99.8526%; height: 25px;\" colspan=\"3\"><span style=\"font-size: 14pt;\">Febrero<\/span><\/td>\n<\/tr>\n<tr style=\"height: 75px;\">\n<td style=\"width: 33.2597%; height: 75px;\"><span style=\"font-size: 12pt; color: #333399;\">Secretar\u00eda Ejecutiva de la ICMSJ<\/span><\/td>\n<td style=\"width: 33.2597%; text-align: right; height: 75px;\"><span style=\"font-size: 10pt;\"> <a class=\"maxbutton-1 maxbutton maxbutton-seicmsj\" href=\"http:\/\/..\/\/_2023_\/informacion_publica\/febrero\/NUMERAL 14\/CONTRATOS DE MANTENIMIENTO PREVI.pdf\"><span class='mb-text'>PDF<\/span><\/a>\u00a0<\/span><\/td>\n<td style=\"width: 33.3333%; height: 75px;\"><span style=\"font-size: 10pt;\"><a class=\"maxbutton-2 maxbutton maxbutton-xls\" href=\"http:\/\/..\/\/_2023_\/informacion_publica\/febrero\/NUMERAL 14\/CONTRATOS DE MANTENIMIENTO SEICMSJ.xlsx\"><span class='mb-text'>Xls<\/span><\/a> <\/span><\/td>\n<\/tr>\n<tr style=\"height: 74px;\">\n<td style=\"width: 33.2597%; height: 74px;\"><span style=\"color: #333399; font-size: 12pt;\">Programa -PREVI-<\/span><\/td>\n<td style=\"width: 33.2597%; text-align: right; height: 74px;\"><span style=\"font-size: 10pt;\"><a class=\"maxbutton-1 maxbutton maxbutton-seicmsj\" href=\"http:\/\/..\/\/_2023_\/informacion_publica\/febrero\/NUMERAL 14\/CONTRATOS DE MANTENIMIENTO PREVI.pdf\"><span class='mb-text'>PDF<\/span><\/a>\u00a0<\/span><\/td>\n<td style=\"width: 33.3333%; height: 74px;\"><span style=\"font-size: 10pt;\"><a class=\"maxbutton-2 maxbutton maxbutton-xls\" href=\"http:\/\/..\/\/_2023_\/informacion_publica\/febrero\/NUMERAL 14\/CONTRATOS DE MANTENIMIENTO PREVI.xls\"><span class='mb-text'>Xls<\/span><\/a> <\/span><\/td>\n<\/tr>\n<\/tbody>\n<\/table>\n<table style=\"border-collapse: collapse; width: 100%; height: 174px;\">\n<tbody>\n<tr style=\"height: 25px;\">\n<td style=\"width: 99.8526%; height: 25px;\" colspan=\"3\"><span style=\"font-size: 14pt;\">Enero<\/span><\/td>\n<\/tr>\n<tr style=\"height: 75px;\">\n<td style=\"width: 33.2597%; height: 75px;\"><span style=\"font-size: 12pt; color: #333399;\">Secretar\u00eda Ejecutiva de la ICMSJ<\/span><\/td>\n<td style=\"width: 33.2597%; text-align: right; height: 75px;\"><span style=\"font-size: 10pt;\"> <a class=\"maxbutton-1 maxbutton maxbutton-seicmsj\" href=\"http:\/\/..\/\/_2023_\/informacion_publica\/enero\/NUMERAL 14\/CONTRATOS DE MANTENIMIENTO SEICMSJ.pdf\"><span class='mb-text'>PDF<\/span><\/a>\u00a0<\/span><\/td>\n<td style=\"width: 33.3333%; height: 75px;\"><span style=\"font-size: 10pt;\"><a class=\"maxbutton-2 maxbutton maxbutton-xls\" href=\"http:\/\/..\/\/_2023_\/informacion_publica\/enero\/NUMERAL 14\/CONTRATOS DE MANTENIMIENTO SEICMSJ.xlsx\"><span class='mb-text'>Xls<\/span><\/a> <\/span><\/td>\n<\/tr>\n<tr style=\"height: 74px;\">\n<td style=\"width: 33.2597%; height: 74px;\"><span style=\"color: #333399; font-size: 12pt;\">Programa -PREVI-<\/span><\/td>\n<td style=\"width: 33.2597%; text-align: right; height: 74px;\"><span style=\"font-size: 10pt;\"><a class=\"maxbutton-1 maxbutton maxbutton-seicmsj\" href=\"http:\/\/..\/\/_2023_\/informacion_publica\/enero\/NUMERAL 14\/CONTRATOS DE MANTENIMIENTO PREVI.pdf\"><span class='mb-text'>PDF<\/span><\/a>\u00a0<\/span><\/td>\n<td style=\"width: 33.3333%; height: 74px;\"><span style=\"font-size: 10pt;\"><a class=\"maxbutton-2 maxbutton maxbutton-xls\" href=\"http:\/\/..\/\/_2023_\/informacion_publica\/enero\/NUMERAL 14\/CONTRATOS DE MANTENIMIENTO PREVI.xls\"><span class='mb-text'>Xls<\/span><\/a> <\/span><\/td>\n<\/tr>\n<\/tbody>\n<\/table>\n","protected":false},"excerpt":{"rendered":"<p>Informaci\u00f3n sobre los contratos de mantenimiento de equipo, veh\u00edculos, inmuebles, plantas e instalaciones de todos los sujetos obligados. &nbsp; Diciembre Secretar\u00eda Ejecutiva de la ICMSJ Noviembre Secretar\u00eda Ejecutiva de la ICMSJ Octubre Secretar\u00eda Ejecutiva de la ICMSJ \u00a0 Septiembre Secretar\u00eda Ejecutiva de la ICMSJ \u00a0 Agosto Secretar\u00eda Ejecutiva de la ICMSJ \u00a0 Programa -PREVI- \u00a0 [&hellip;]<\/p>\n","protected":false},"author":1,"featured_media":0,"parent":0,"menu_order":0,"comment_status":"closed","ping_status":"closed","template":"","meta":{"_et_pb_use_builder":"","_et_pb_old_content":"","_et_gb_content_width":"","footnotes":""},"class_list":["post-5030","page","type-page","status-publish","hentry"],"nelio_popups_active_popup":"","_links":{"self":[{"href":"https:\/\/seij.gob.gt\/udisep\/wp-json\/wp\/v2\/pages\/5030","targetHints":{"allow":["GET"]}}],"collection":[{"href":"https:\/\/seij.gob.gt\/udisep\/wp-json\/wp\/v2\/pages"}],"about":[{"href":"https:\/\/seij.gob.gt\/udisep\/wp-json\/wp\/v2\/types\/page"}],"author":[{"embeddable":true,"href":"https:\/\/seij.gob.gt\/udisep\/wp-json\/wp\/v2\/users\/1"}],"replies":[{"embeddable":true,"href":"https:\/\/seij.gob.gt\/udisep\/wp-json\/wp\/v2\/comments?post=5030"}],"version-history":[{"count":15,"href":"https:\/\/seij.gob.gt\/udisep\/wp-json\/wp\/v2\/pages\/5030\/revisions"}],"predecessor-version":[{"id":5628,"href":"https:\/\/seij.gob.gt\/udisep\/wp-json\/wp\/v2\/pages\/5030\/revisions\/5628"}],"wp:attachment":[{"href":"https:\/\/seij.gob.gt\/udisep\/wp-json\/wp\/v2\/media?parent=5030"}],"curies":[{"name":"wp","href":"https:\/\/api.w.org\/{rel}","templated":true}]}}