{"id":5034,"date":"2023-01-16T14:02:17","date_gmt":"2023-01-16T20:02:17","guid":{"rendered":"https:\/\/seij.gob.gt\/udisep\/?page_id=5034"},"modified":"2023-12-15T10:13:08","modified_gmt":"2023-12-15T16:13:08","slug":"numeral-20-ano-2023","status":"publish","type":"page","link":"https:\/\/seij.gob.gt\/udisep\/numeral-20-ano-2023\/","title":{"rendered":"Numeral 20 a\u00f1o 2023"},"content":{"rendered":"<h1><span style=\"color: #333399;\">CONTRATACIONES POR COTIZACI\u00d3N Y LICITACI\u00d3N<\/span><\/h1>\n<table style=\"border-collapse: collapse; width: 69.7238%; height: 56px;\">\n<tbody>\n<tr>\n<td style=\"width: 78.2805%;\" colspan=\"3\"><span style=\"font-size: 14pt;\">Noviembre<\/span><\/td>\n<\/tr>\n<tr>\n<td style=\"width: 33.2805%;\"><span style=\"color: #333399; font-size: 12pt;\">Secretar\u00eda Ejecutiva de la ICMSJ<\/span><\/td>\n<td style=\"width: 18.8223%;\" width=\"5%\">\n<p style=\"text-align: right;\"><span style=\"font-size: 10pt; font-family: arial, helvetica, sans-serif;\">\u00a0<a class=\"maxbutton-1 maxbutton maxbutton-seicmsj\" href=\"https:\/\/seij.gob.gt\/udisep\/wp-content\/uploads\/2023\/12\/Contrataciones-por-Cotizacion-y-Licitacion-1.pdf\"><span class='mb-text'>PDF<\/span><\/a><\/span><\/p>\n<\/td>\n<td style=\"width: 26.1777%;\" width=\"40%\"><span style=\"font-size: 10pt; font-family: arial, helvetica, sans-serif;\"><a class=\"maxbutton-2 maxbutton maxbutton-xls\" href=\"https:\/\/seij.gob.gt\/udisep\/wp-content\/uploads\/2023\/12\/Contrataciones-por-Cotizacion-y-Licitacion-1.xlsx\"><span class='mb-text'>Xls<\/span><\/a><\/span><\/td>\n<\/tr>\n<\/tbody>\n<\/table>\n<table style=\"border-collapse: collapse; width: 69.7238%; height: 56px;\">\n<tbody>\n<tr>\n<td style=\"width: 78.2805%;\" colspan=\"3\"><span style=\"font-size: 14pt;\">Octubre<\/span><\/td>\n<\/tr>\n<tr>\n<td style=\"width: 33.2805%;\"><span style=\"color: #333399; font-size: 12pt;\">Secretar\u00eda Ejecutiva de la ICMSJ<\/span><\/td>\n<td style=\"width: 18.8223%;\" width=\"5%\">\n<p style=\"text-align: right;\"><span style=\"font-size: 10pt; font-family: arial, helvetica, sans-serif;\">\u00a0<a class=\"maxbutton-1 maxbutton maxbutton-seicmsj\" href=\"http:\/\/..\/\/_2023_\/informacion_publica\/octubre\/Numeral 20\/CONTRATACIONES POR COTIZACI\u00d3N Y LICITACI\u00d3N.pdf\"><span class='mb-text'>PDF<\/span><\/a><\/span><\/p>\n<\/td>\n<td style=\"width: 26.1777%;\" width=\"40%\"><span style=\"font-size: 10pt; font-family: arial, helvetica, sans-serif;\"><a class=\"maxbutton-2 maxbutton maxbutton-xls\" href=\"http:\/\/..\/\/_2023_\/informacion_publica\/octubre\/Numeral 20\/CONTRATACIONES POR COTIZACI\u00d3N Y LICITACI\u00d3N.xlsx\"><span class='mb-text'>Xls<\/span><\/a><\/span><\/td>\n<\/tr>\n<\/tbody>\n<\/table>\n<table style=\"border-collapse: collapse; width: 69.7238%; height: 56px;\">\n<tbody>\n<tr>\n<td style=\"width: 78.2805%;\" colspan=\"3\"><span style=\"font-size: 14pt;\">Septiembre<\/span><\/td>\n<\/tr>\n<tr>\n<td style=\"width: 33.2805%;\"><span style=\"color: #333399; font-size: 12pt;\">Secretar\u00eda Ejecutiva de la ICMSJ<\/span><\/td>\n<td style=\"width: 19.0575%;\" width=\"5%\">\n<p style=\"text-align: right;\">\u00a0<span style=\"font-size: 10pt;\"><a class=\"maxbutton-1 maxbutton maxbutton-seicmsj\" href=\"https:\/\/seij.gob.gt\/udisep\/wp-content\/uploads\/2023\/12\/Contrataciones-por-Cotizacion-y-Licitacion.pdf\"><span class='mb-text'>PDF<\/span><\/a><\/span><\/p>\n<\/td>\n<td style=\"width: 25.9425%;\" width=\"40%\"><span style=\"font-size: 10pt;\"><a class=\"maxbutton-2 maxbutton maxbutton-xls\" href=\"https:\/\/seij.gob.gt\/udisep\/wp-content\/uploads\/2023\/12\/Contrataciones-por-Cotizacion-y-Licitacion.xlsx\"><span class='mb-text'>Xls<\/span><\/a><\/span><\/td>\n<\/tr>\n<\/tbody>\n<\/table>\n<table style=\"border-collapse: collapse; width: 69.7238%; height: 56px;\">\n<tbody>\n<tr>\n<td style=\"width: 99.8943%;\" colspan=\"3\"><span style=\"font-size: 14pt;\">Agosto<\/span><\/td>\n<\/tr>\n<tr>\n<td style=\"width: 33.2805%;\"><span style=\"color: #333399; font-size: 12pt;\">Secretar\u00eda Ejecutiva de la ICMSJ<\/span><\/td>\n<td style=\"width: 33.2805%; text-align: right;\"><span style=\"font-size: 10pt;\"> \u00a0<a class=\"maxbutton-1 maxbutton maxbutton-seicmsj\" href=\"http:\/\/..\/\/_2023_\/informacion_publica\/agosto\/NUMERAL 20\/NUMERAL 20 AGOSTO SEIJ.pdf\"><span class='mb-text'>PDF<\/span><\/a><\/span><\/td>\n<td style=\"width: 33.3333%;\"><span style=\"font-size: 10pt;\"><a class=\"maxbutton-2 maxbutton maxbutton-xls\" href=\"http:\/\/..\/\/_2023_\/informacion_publica\/agosto\/NUMERAL 20\/NUMERAL 20 AGOSTO SEIJ.xlsx\"><span class='mb-text'>Xls<\/span><\/a><\/span><\/td>\n<\/tr>\n<tr>\n<td style=\"width: 33.2805%;\"><span style=\"color: #333399; font-size: 12pt;\">Programa -PREVI-<\/span><\/td>\n<td style=\"width: 33.2805%;\" width=\"5%\">\n<p style=\"text-align: right;\"><span style=\"font-size: 10pt;\">\u00a0<a class=\"maxbutton-1 maxbutton maxbutton-seicmsj\" href=\"http:\/\/..\/\/_2023_\/informacion_publica\/agosto\/NUMERAL 20\/NUMERAL 20 AGOSTO PREVI.pdf\"><span class='mb-text'>PDF<\/span><\/a>\u00a0<\/span><\/p>\n<\/td>\n<td style=\"width: 33.3333%;\" width=\"40%\"><span style=\"font-size: 10pt;\"><a class=\"maxbutton-2 maxbutton maxbutton-xls\" href=\"http:\/\/..\/\/_2023_\/informacion_publica\/agosto\/NUMERAL 20\/NUMERAL 20 AGOSTO PREVI.xlsx\"><span class='mb-text'>Xls<\/span><\/a><\/span><\/td>\n<\/tr>\n<\/tbody>\n<\/table>\n<table style=\"border-collapse: collapse; width: 69.7238%; height: 56px;\">\n<tbody>\n<tr>\n<td style=\"width: 99.8943%;\" colspan=\"3\"><span style=\"font-size: 14pt;\">Julio<\/span><\/td>\n<\/tr>\n<tr>\n<td style=\"width: 33.2805%;\"><span style=\"color: #333399; font-size: 12pt;\">Secretar\u00eda Ejecutiva de la ICMSJ<\/span><\/td>\n<td style=\"width: 33.2805%; text-align: right;\">\u00a0<span style=\"font-size: 10pt;\"><a class=\"maxbutton-1 maxbutton maxbutton-seicmsj\" href=\"http:\/\/..\/\/_2023_\/informacion_publica\/julio\/Numeral 20\/Contrataciones de Licitici\u00f3n y Cotizaci\u00f3n.pdf\"><span class='mb-text'>PDF<\/span><\/a><\/span><\/td>\n<td style=\"width: 33.3333%;\"><span style=\"font-size: 10pt;\"><a class=\"maxbutton-2 maxbutton maxbutton-xls\" href=\"http:\/\/..\/\/_2023_\/informacion_publica\/julio\/Numeral 20\/Contrataciones de Licitici\u00f3n y Cotizaci\u00f3n.xlsx\"><span class='mb-text'>Xls<\/span><\/a> <\/span><\/td>\n<\/tr>\n<tr>\n<td style=\"width: 33.2805%;\"><span style=\"color: #333399; font-size: 12pt;\">Programa -PREVI-<\/span><\/td>\n<td style=\"width: 33.2805%; text-align: right;\">\u00a0<span style=\"font-size: 10pt;\"><a class=\"maxbutton-1 maxbutton maxbutton-seicmsj\" href=\"http:\/\/..\/\/_2023_\/informacion_publica\/julio\/Numeral 20\/Contratacion de Cotizaci\u00f3n y Licitaci\u00f3n PREVI.pdf\"><span class='mb-text'>PDF<\/span><\/a>\u00a0<\/span><\/td>\n<td style=\"width: 33.3333%;\"><span style=\"font-size: 10pt;\"><a class=\"maxbutton-2 maxbutton maxbutton-xls\" href=\"http:\/\/..\/\/_2023_\/informacion_publica\/julio\/Numeral 20\/Contratacion de Cotizaci\u00f3n y Licitaci\u00f3n PREVI.xlsx\"><span class='mb-text'>Xls<\/span><\/a> <\/span><\/td>\n<\/tr>\n<\/tbody>\n<\/table>\n<table style=\"border-collapse: collapse; width: 69.7238%; height: 56px;\">\n<tbody>\n<tr>\n<td style=\"width: 99.8943%;\" colspan=\"3\"><span style=\"font-size: 14pt;\">Junio<\/span><\/td>\n<\/tr>\n<tr>\n<td style=\"width: 33.2805%;\"><span style=\"color: #333399; font-size: 12pt;\">Secretar\u00eda Ejecutiva de la ICMSJ<\/span><\/td>\n<td style=\"width: 33.2805%; text-align: right;\">\u00a0<span style=\"font-size: 10pt;\"><a class=\"maxbutton-1 maxbutton maxbutton-seicmsj\" href=\"http:\/\/..\/\/_2023_\/informacion_publica\/junio\/NUMERAL 20\/CONTRATACIONES POR COTIZACION Y LICITACION.pdf\"><span class='mb-text'>PDF<\/span><\/a><\/span><\/td>\n<td style=\"width: 33.3333%;\"><span style=\"font-size: 10pt;\"><a class=\"maxbutton-2 maxbutton maxbutton-xls\" href=\"http:\/\/..\/\/_2023_\/informacion_publica\/junio\/NUMERAL 20\/CONTRATACIONES POR COTIZACION Y LICITACION.xlsx\"><span class='mb-text'>Xls<\/span><\/a> <\/span><\/td>\n<\/tr>\n<tr>\n<td style=\"width: 33.2805%;\"><span style=\"color: #333399; font-size: 12pt;\">Programa -PREVI-<\/span><\/td>\n<td style=\"width: 33.2805%; text-align: right;\">\u00a0<span style=\"font-size: 10pt;\"><a class=\"maxbutton-1 maxbutton maxbutton-seicmsj\" href=\"http:\/\/..\/\/_2023_\/informacion_publica\/junio\/NUMERAL 20\/Numeral 20 NUMERAL 20 - CONTRATACIONES POR COTIZACI\u00d3N Y LICITACI\u00d3N PREVI.pdf\"><span class='mb-text'>PDF<\/span><\/a>\u00a0<\/span><\/td>\n<td style=\"width: 33.3333%;\"><span style=\"font-size: 10pt;\"><a class=\"maxbutton-2 maxbutton maxbutton-xls\" href=\"http:\/\/..\/\/_2023_\/informacion_publica\/junio\/NUMERAL 20\/NUMERAL 20 - CONTRATACIONES POR COTIZACI\u00d3N Y LICITACI\u00d3N PREVI.xls\"><span class='mb-text'>Xls<\/span><\/a> <\/span><\/td>\n<\/tr>\n<\/tbody>\n<\/table>\n<table style=\"border-collapse: collapse; width: 69.7238%; height: 56px;\">\n<tbody>\n<tr>\n<td style=\"width: 99.8943%;\" colspan=\"3\"><span style=\"font-size: 14pt;\">Mayo<\/span><\/td>\n<\/tr>\n<tr>\n<td style=\"width: 33.2805%;\"><span style=\"color: #333399; font-size: 12pt;\">Secretar\u00eda Ejecutiva de la ICMSJ<\/span><\/td>\n<td style=\"width: 33.2805%; text-align: right;\">\u00a0<span style=\"font-size: 10pt;\"><a class=\"maxbutton-1 maxbutton maxbutton-seicmsj\" href=\"http:\/\/..\/\/_2023_\/informacion_publica\/mayo\/NUMERAL 20\/CONTRATACIONES POR COTIZACI\u00d3N Y LICITACI\u00d3N SEICMSJ.pdf\"><span class='mb-text'>PDF<\/span><\/a>\u00a0<\/span><\/td>\n<td style=\"width: 33.3333%;\"><span style=\"font-size: 10pt;\"><a class=\"maxbutton-2 maxbutton maxbutton-xls\" href=\"http:\/\/..\/\/_2023_\/informacion_publica\/mayo\/NUMERAL 20\/CONTRATACIONES POR COTIZACI\u00d3N Y LICITACI\u00d3N SEICMSJ.xlsx\"><span class='mb-text'>Xls<\/span><\/a> <\/span><\/td>\n<\/tr>\n<tr>\n<td style=\"width: 33.2805%;\"><span style=\"color: #333399; font-size: 12pt;\">Programa -PREVI-<\/span><\/td>\n<td style=\"width: 33.2805%; text-align: right;\">\u00a0<span style=\"font-size: 10pt;\"><a class=\"maxbutton-1 maxbutton maxbutton-seicmsj\" href=\"http:\/\/..\/\/_2023_\/informacion_publica\/mayo\/NUMERAL 20\/CONTRATACIONES POR COTIZACI\u00d3N Y LICITACI\u00d3N PREVI.pdf\"><span class='mb-text'>PDF<\/span><\/a>\u00a0<\/span><\/td>\n<td style=\"width: 33.3333%;\"><span style=\"font-size: 10pt;\"><a class=\"maxbutton-2 maxbutton maxbutton-xls\" href=\"http:\/\/..\/\/_2023_\/informacion_publica\/mayo\/NUMERAL 20\/CONTRATACIONES POR COTIZACI\u00d3N Y LICITACI\u00d3N PREVI.xlsx\"><span class='mb-text'>Xls<\/span><\/a> <\/span><\/td>\n<\/tr>\n<\/tbody>\n<\/table>\n<table style=\"border-collapse: collapse; width: 69.7238%; height: 56px;\">\n<tbody>\n<tr>\n<td style=\"width: 99.8943%;\" colspan=\"3\"><span style=\"font-size: 14pt;\">Abril<\/span><\/td>\n<\/tr>\n<tr>\n<td style=\"width: 33.2805%;\"><span style=\"color: #333399; font-size: 12pt;\">Secretar\u00eda Ejecutiva de la ICMSJ<\/span><\/td>\n<td style=\"width: 33.2805%; text-align: right;\">\u00a0<span style=\"font-size: 10pt;\"><a class=\"maxbutton-1 maxbutton maxbutton-seicmsj\" href=\"http:\/\/..\/\/_2023_\/informacion_publica\/abril\/NUMERAL 20\/CONTRATOS POR COTIZACI\u00d3N Y LICITACI\u00d3N SEICMSJ.pdf\"><span class='mb-text'>PDF<\/span><\/a>\u00a0<\/span><\/td>\n<td style=\"width: 33.3333%;\"><span style=\"font-size: 10pt;\"><a class=\"maxbutton-2 maxbutton maxbutton-xls\" href=\"http:\/\/..\/\/_2023_\/informacion_publica\/abril\/NUMERAL 20\/CONTRATOS POR COTIZACI\u00d3N Y LICITACI\u00d3N SEICMSJ.xlsx\"><span class='mb-text'>Xls<\/span><\/a> <\/span><\/td>\n<\/tr>\n<tr>\n<td style=\"width: 33.2805%;\"><span style=\"color: #333399; font-size: 12pt;\">Programa -PREVI-<\/span><\/td>\n<td style=\"width: 33.2805%; text-align: right;\">\u00a0<span style=\"font-size: 10pt;\"><a class=\"maxbutton-1 maxbutton maxbutton-seicmsj\" href=\"http:\/\/..\/\/_2023_\/informacion_publica\/abril\/NUMERAL 20\/CONTRATOS POR COTIZACI\u00d3N Y LICITACI\u00d3N PREVI.pdf\"><span class='mb-text'>PDF<\/span><\/a>\u00a0<\/span><\/td>\n<td style=\"width: 33.3333%;\"><span style=\"font-size: 10pt;\"><a class=\"maxbutton-2 maxbutton maxbutton-xls\" href=\"http:\/\/..\/\/_2023_\/informacion_publica\/abril\/NUMERAL 20\/CONTRATOS POR COTIZACI\u00d3N Y LICITACI\u00d3N PREVI.xlsx\"><span class='mb-text'>Xls<\/span><\/a> <\/span><\/td>\n<\/tr>\n<\/tbody>\n<\/table>\n<table style=\"border-collapse: collapse; width: 69.7238%; height: 56px;\">\n<tbody>\n<tr>\n<td style=\"width: 99.8943%;\" colspan=\"3\"><span style=\"font-size: 14pt;\">Marzo<\/span><\/td>\n<\/tr>\n<tr>\n<td style=\"width: 33.2805%;\"><span style=\"color: #333399; font-size: 12pt;\">Secretar\u00eda Ejecutiva de la ICMSJ<\/span><\/td>\n<td style=\"width: 33.2805%; text-align: right;\">\u00a0<span style=\"font-size: 10pt;\"><a class=\"maxbutton-1 maxbutton maxbutton-seicmsj\" href=\"http:\/\/..\/\/_2023_\/informacion_publica\/marzo\/NUMERAL 20\/CONTRATOS POR COTIZACI\u00d3N Y LICITACI\u00d3N SEICMSJ.pdf\"><span class='mb-text'>PDF<\/span><\/a>\u00a0<\/span><\/td>\n<td style=\"width: 33.3333%;\"><span style=\"font-size: 10pt;\"><a class=\"maxbutton-2 maxbutton maxbutton-xls\" href=\"http:\/\/..\/\/_2023_\/informacion_publica\/marzo\/NUMERAL 20\/CONTRATOS POR COTIZACI\u00d3N Y LICITACI\u00d3N SEICMSJ.xlsx\"><span class='mb-text'>Xls<\/span><\/a> <\/span><\/td>\n<\/tr>\n<tr>\n<td style=\"width: 33.2805%;\"><span style=\"color: #333399; font-size: 12pt;\">Programa -PREVI-<\/span><\/td>\n<td style=\"width: 33.2805%; text-align: right;\">\u00a0<span style=\"font-size: 10pt;\"><a class=\"maxbutton-1 maxbutton maxbutton-seicmsj\" href=\"https:\/\/seij.gob.gt\/udisep\/wp-content\/uploads\/2023\/12\/Numeral-20-marzo-2023-previ.pdf\"><span class='mb-text'>PDF<\/span><\/a>\u00a0<\/span><\/td>\n<td style=\"width: 33.3333%;\"><span style=\"font-size: 10pt;\"><a class=\"maxbutton-2 maxbutton maxbutton-xls\" href=\"http:\/\/..\/\/_2023_\/informacion_publica\/marzo\/NUMERAL 20\/CONTRATOS POR COTIZACI\u00d3N Y LICITACI\u00d3N PREVI.xlsx\"><span class='mb-text'>Xls<\/span><\/a> <\/span><\/td>\n<\/tr>\n<\/tbody>\n<\/table>\n<table style=\"border-collapse: collapse; width: 69.7238%; height: 56px;\">\n<tbody>\n<tr>\n<td style=\"width: 99.8943%;\" colspan=\"3\"><span style=\"font-size: 14pt;\">Febrero<\/span><\/td>\n<\/tr>\n<tr>\n<td style=\"width: 33.2805%;\"><span style=\"color: #333399; font-size: 12pt;\">Secretar\u00eda Ejecutiva de la ICMSJ<\/span><\/td>\n<td style=\"width: 33.2805%; text-align: right;\">\u00a0<span style=\"font-size: 10pt;\"><a class=\"maxbutton-1 maxbutton maxbutton-seicmsj\" href=\"http:\/\/..\/\/_2023_\/informacion_publica\/febrero\/NUMERAL 20\/CONTRATOS POR COTIZACI\u00d3N Y LICITACI\u00d3N SEICMSJ.pdf\"><span class='mb-text'>PDF<\/span><\/a>\u00a0<\/span><\/td>\n<td style=\"width: 33.3333%;\"><span style=\"font-size: 10pt;\"><a class=\"maxbutton-2 maxbutton maxbutton-xls\" href=\"http:\/\/..\/\/_2023_\/informacion_publica\/febrero\/NUMERAL 20\/CONTRATOS POR COTIZACI\u00d3N Y LICITACI\u00d3N SEICMSJ.xlsx\"><span class='mb-text'>Xls<\/span><\/a> <\/span><\/td>\n<\/tr>\n<tr>\n<td style=\"width: 33.2805%;\"><span style=\"color: #333399; font-size: 12pt;\">Programa -PREVI-<\/span><\/td>\n<td style=\"width: 33.2805%; text-align: right;\">\u00a0<span style=\"font-size: 10pt;\"><a class=\"maxbutton-1 maxbutton maxbutton-seicmsj\" href=\"http:\/\/..\/\/_2023_\/informacion_publica\/febrero\/NUMERAL 20\/CONTRATOS POR COTIZACI\u00d3N Y LICITACI\u00d3N PREVI.pdf\"><span class='mb-text'>PDF<\/span><\/a>\u00a0<\/span><\/td>\n<td style=\"width: 33.3333%;\"><span style=\"font-size: 10pt;\"><a class=\"maxbutton-2 maxbutton maxbutton-xls\" href=\"http:\/\/..\/\/_2023_\/informacion_publica\/febrero\/NUMERAL 20\/CONTRATOS POR COTIZACI\u00d3N Y LICITACI\u00d3N PREVI.xls\"><span class='mb-text'>Xls<\/span><\/a> <\/span><\/td>\n<\/tr>\n<\/tbody>\n<\/table>\n<table style=\"border-collapse: collapse; width: 69.7238%; height: 56px;\">\n<tbody>\n<tr>\n<td style=\"width: 99.8943%;\" colspan=\"3\"><span style=\"font-size: 14pt;\">Enero<\/span><\/td>\n<\/tr>\n<tr>\n<td style=\"width: 33.2805%;\"><span style=\"color: #333399; font-size: 12pt;\">Secretar\u00eda Ejecutiva de la ICMSJ<\/span><\/td>\n<td style=\"width: 33.2805%; text-align: right;\">\u00a0<span style=\"font-size: 10pt;\"><a class=\"maxbutton-1 maxbutton maxbutton-seicmsj\" href=\"http:\/\/..\/\/_2023_\/informacion_publica\/enero\/NUMERAL 20\/CONTRATOS POR CONTIZACI\u00d3N Y LICITACI\u00d3N SEICMSJ.pdf\"><span class='mb-text'>PDF<\/span><\/a>\u00a0<\/span><\/td>\n<td style=\"width: 33.3333%;\"><span style=\"font-size: 10pt;\"><a class=\"maxbutton-2 maxbutton maxbutton-xls\" href=\"http:\/\/..\/\/_2023_\/informacion_publica\/enero\/NUMERAL 20\/CONTRATOS POR CONTIZACI\u00d3N Y LICITACI\u00d3N SEICMSJ.xlsx\"><span class='mb-text'>Xls<\/span><\/a> <\/span><\/td>\n<\/tr>\n<tr>\n<td style=\"width: 33.2805%;\"><span style=\"color: #333399; font-size: 12pt;\">Programa -PREVI-<\/span><\/td>\n<td style=\"width: 33.2805%; text-align: right;\">\u00a0<span style=\"font-size: 10pt;\"><a class=\"maxbutton-1 maxbutton maxbutton-seicmsj\" href=\"http:\/\/..\/\/_2023_\/informacion_publica\/enero\/NUMERAL 20\/CONTRATOS DE COTIZACI\u00d3N Y LICITACI\u00d3N PREVI.pdf\"><span class='mb-text'>PDF<\/span><\/a>\u00a0<\/span><\/td>\n<td style=\"width: 33.3333%;\"><span style=\"font-size: 10pt;\"><a class=\"maxbutton-2 maxbutton maxbutton-xls\" href=\"http:\/\/..\/\/_2023_\/informacion_publica\/enero\/NUMERAL 20\/CONTRATOS DE COTIZACI\u00d3N Y LICITACI\u00d3N PREVI.xls\"><span class='mb-text'>Xls<\/span><\/a> <\/span><\/td>\n<\/tr>\n<\/tbody>\n<\/table>\n","protected":false},"excerpt":{"rendered":"<p>CONTRATACIONES POR COTIZACI\u00d3N Y LICITACI\u00d3N Noviembre Secretar\u00eda Ejecutiva de la ICMSJ \u00a0 Octubre Secretar\u00eda Ejecutiva de la ICMSJ \u00a0 Septiembre Secretar\u00eda Ejecutiva de la ICMSJ \u00a0 Agosto Secretar\u00eda Ejecutiva de la ICMSJ \u00a0 Programa -PREVI- \u00a0\u00a0 Julio Secretar\u00eda Ejecutiva de la ICMSJ \u00a0 Programa -PREVI- \u00a0\u00a0 Junio Secretar\u00eda Ejecutiva de la ICMSJ \u00a0 Programa -PREVI- [&hellip;]<\/p>\n","protected":false},"author":1,"featured_media":0,"parent":0,"menu_order":0,"comment_status":"closed","ping_status":"closed","template":"","meta":{"_et_pb_use_builder":"","_et_pb_old_content":"","_et_gb_content_width":"","footnotes":""},"class_list":["post-5034","page","type-page","status-publish","hentry"],"nelio_popups_active_popup":"","_links":{"self":[{"href":"https:\/\/seij.gob.gt\/udisep\/wp-json\/wp\/v2\/pages\/5034","targetHints":{"allow":["GET"]}}],"collection":[{"href":"https:\/\/seij.gob.gt\/udisep\/wp-json\/wp\/v2\/pages"}],"about":[{"href":"https:\/\/seij.gob.gt\/udisep\/wp-json\/wp\/v2\/types\/page"}],"author":[{"embeddable":true,"href":"https:\/\/seij.gob.gt\/udisep\/wp-json\/wp\/v2\/users\/1"}],"replies":[{"embeddable":true,"href":"https:\/\/seij.gob.gt\/udisep\/wp-json\/wp\/v2\/comments?post=5034"}],"version-history":[{"count":20,"href":"https:\/\/seij.gob.gt\/udisep\/wp-json\/wp\/v2\/pages\/5034\/revisions"}],"predecessor-version":[{"id":5608,"href":"https:\/\/seij.gob.gt\/udisep\/wp-json\/wp\/v2\/pages\/5034\/revisions\/5608"}],"wp:attachment":[{"href":"https:\/\/seij.gob.gt\/udisep\/wp-json\/wp\/v2\/media?parent=5034"}],"curies":[{"name":"wp","href":"https:\/\/api.w.org\/{rel}","templated":true}]}}