{"id":5046,"date":"2023-01-16T16:31:48","date_gmt":"2023-01-16T22:31:48","guid":{"rendered":"https:\/\/seij.gob.gt\/udisep\/?page_id=5046"},"modified":"2023-01-16T16:45:41","modified_gmt":"2023-01-16T22:45:41","slug":"marco-normativo-2023","status":"publish","type":"page","link":"https:\/\/seij.gob.gt\/udisep\/marco-normativo-2023\/","title":{"rendered":"Marco Normativo 2023"},"content":{"rendered":"<div class=\"entry-content\">\n<ul>\n<li><span style=\"font-size: 14pt;\"><a href=\"https:\/\/seij.gob.gt\/udisep\/\/_2019_\/informacion%20publica\/septiembre\/NUM%201\/Carta%20de%20Intenci%C3%B3n%20ICMSJ.pdf\">Carta de intenci\u00f3n<\/a><\/span><\/li>\n<li><span style=\"font-size: 14pt;\"><a href=\"https:\/\/seij.gob.gt\/udisep\/\/_2019_\/informacion%20publica\/septiembre\/NUM%201\/Convenio%20Interinstitucional%20SEICMSJ.pdf\">Convenio interinstitucional<\/a><\/span><\/li>\n<li><span style=\"font-size: 14pt;\"><a href=\"https:\/\/seij.gob.gt\/udisep\/\/_2019_\/informacion%20publica\/septiembre\/NUM%201\/Decreto%2089-98.pdf\">Decreto 89-98<\/a><\/span><\/li>\n<li><span style=\"font-size: 14pt;\"><a href=\"https:\/\/seij.gob.gt\/udisep\/\/_2020_\/Decreto%209-2019\/Reforma%20Decreto%2089-98%20(Decreto-9-2019).pdf\">Reforma Decreto N\u00famero 89-98 (9-2019)<\/a><\/span><\/li>\n<li><span style=\"font-size: 14pt;\"><a href=\"https:\/\/seij.gob.gt\/udisep\/_2016_\/_Art.06_\/MANUAL7.pdf\">Ley de Acceso a la Informaci\u00f3n P\u00fablica<\/a><\/span><\/li>\n<li><a href=\"https:\/\/seij.gob.gt\/udisep\/acuerdos-2023\/\"><span style=\"font-size: 14pt;\">Acuerdos<\/span><\/a><\/li>\n<\/ul>\n<\/div>\n","protected":false},"excerpt":{"rendered":"<p>Carta de intenci\u00f3n Convenio interinstitucional Decreto 89-98 Reforma Decreto N\u00famero 89-98 (9-2019) Ley de Acceso a la Informaci\u00f3n P\u00fablica Acuerdos<\/p>\n","protected":false},"author":1,"featured_media":0,"parent":0,"menu_order":0,"comment_status":"closed","ping_status":"closed","template":"","meta":{"_et_pb_use_builder":"","_et_pb_old_content":"","_et_gb_content_width":"","footnotes":""},"class_list":["post-5046","page","type-page","status-publish","hentry"],"nelio_popups_active_popup":"","_links":{"self":[{"href":"https:\/\/seij.gob.gt\/udisep\/wp-json\/wp\/v2\/pages\/5046","targetHints":{"allow":["GET"]}}],"collection":[{"href":"https:\/\/seij.gob.gt\/udisep\/wp-json\/wp\/v2\/pages"}],"about":[{"href":"https:\/\/seij.gob.gt\/udisep\/wp-json\/wp\/v2\/types\/page"}],"author":[{"embeddable":true,"href":"https:\/\/seij.gob.gt\/udisep\/wp-json\/wp\/v2\/users\/1"}],"replies":[{"embeddable":true,"href":"https:\/\/seij.gob.gt\/udisep\/wp-json\/wp\/v2\/comments?post=5046"}],"version-history":[{"count":4,"href":"https:\/\/seij.gob.gt\/udisep\/wp-json\/wp\/v2\/pages\/5046\/revisions"}],"predecessor-version":[{"id":5054,"href":"https:\/\/seij.gob.gt\/udisep\/wp-json\/wp\/v2\/pages\/5046\/revisions\/5054"}],"wp:attachment":[{"href":"https:\/\/seij.gob.gt\/udisep\/wp-json\/wp\/v2\/media?parent=5046"}],"curies":[{"name":"wp","href":"https:\/\/api.w.org\/{rel}","templated":true}]}}