{"id":5144,"date":"2023-01-24T08:46:13","date_gmt":"2023-01-24T14:46:13","guid":{"rendered":"https:\/\/seij.gob.gt\/udisep\/?page_id=5144"},"modified":"2023-12-06T14:47:19","modified_gmt":"2023-12-06T20:47:19","slug":"numeral-27","status":"publish","type":"page","link":"https:\/\/seij.gob.gt\/udisep\/numeral-27\/","title":{"rendered":"Numeral 27"},"content":{"rendered":"<h2 style=\"text-align: center;\"><span style=\"color: #333399; font-family: 'arial black', sans-serif;\">\u00cdndice de informaci\u00f3n clasificada<\/span><\/h2>\n<ul>\n<li><span style=\"font-size: 14pt; font-family: arial, helvetica, sans-serif;\"><span style=\"font-size: 14pt; font-family: arial, helvetica, sans-serif;\"><em>NOTA:<\/em><\/span><\/span>\n<p style=\"text-align: justify;\"><span style=\"font-family: arial, helvetica, sans-serif; font-size: 14pt;\">A la fecha la Secretar\u00eda Ejecutiva de la Instancia Coordinadora de la Modernizaci\u00f3n del Sector Justicia, no cuenta con informaci\u00f3n p\u00fablica que por disposici\u00f3n expresa de una ley sea considerada confidencial, ni informaci\u00f3n clasificada como reservada de conformidad\u00a0 con la ley de la materia, as\u00ed mismo, no ha emitido disposiciones para clasificar informaci\u00f3n reservada de acuerdo a lo establecido en los art\u00edculos 25, 26, 27 y 28 del Decreto N\u00famero 57-2008, del Congreso de la Rep\u00fablica de Guatemala, Ley de Acceso a la Informaci\u00f3n P\u00fablica. Por lo anterior, esta Secretar\u00eda resguarda \u00fanicamente los datos sensibles o personales sensibles, que solo podr\u00e1n ser conocidos por el titular del derecho de conformidad con la ley de la materia.<\/span><\/p>\n<\/li>\n<\/ul>\n","protected":false},"excerpt":{"rendered":"<p>\u00cdndice de informaci\u00f3n clasificada NOTA: A la fecha la Secretar\u00eda Ejecutiva de la Instancia Coordinadora de la Modernizaci\u00f3n del Sector Justicia, no cuenta con informaci\u00f3n p\u00fablica que por disposici\u00f3n expresa de una ley sea considerada confidencial, ni informaci\u00f3n clasificada como reservada de conformidad\u00a0 con la ley de la materia, as\u00ed mismo, no ha emitido disposiciones [&hellip;]<\/p>\n","protected":false},"author":1,"featured_media":0,"parent":0,"menu_order":0,"comment_status":"closed","ping_status":"closed","template":"","meta":{"_et_pb_use_builder":"","_et_pb_old_content":"","_et_gb_content_width":"","footnotes":""},"class_list":["post-5144","page","type-page","status-publish","hentry"],"nelio_popups_active_popup":"","_links":{"self":[{"href":"https:\/\/seij.gob.gt\/udisep\/wp-json\/wp\/v2\/pages\/5144","targetHints":{"allow":["GET"]}}],"collection":[{"href":"https:\/\/seij.gob.gt\/udisep\/wp-json\/wp\/v2\/pages"}],"about":[{"href":"https:\/\/seij.gob.gt\/udisep\/wp-json\/wp\/v2\/types\/page"}],"author":[{"embeddable":true,"href":"https:\/\/seij.gob.gt\/udisep\/wp-json\/wp\/v2\/users\/1"}],"replies":[{"embeddable":true,"href":"https:\/\/seij.gob.gt\/udisep\/wp-json\/wp\/v2\/comments?post=5144"}],"version-history":[{"count":3,"href":"https:\/\/seij.gob.gt\/udisep\/wp-json\/wp\/v2\/pages\/5144\/revisions"}],"predecessor-version":[{"id":5573,"href":"https:\/\/seij.gob.gt\/udisep\/wp-json\/wp\/v2\/pages\/5144\/revisions\/5573"}],"wp:attachment":[{"href":"https:\/\/seij.gob.gt\/udisep\/wp-json\/wp\/v2\/media?parent=5144"}],"curies":[{"name":"wp","href":"https:\/\/api.w.org\/{rel}","templated":true}]}}