{"id":5179,"date":"2023-02-06T09:20:58","date_gmt":"2023-02-06T15:20:58","guid":{"rendered":"https:\/\/seij.gob.gt\/udisep\/?page_id=5179"},"modified":"2023-02-06T09:20:58","modified_gmt":"2023-02-06T15:20:58","slug":"articulo-20-transparencia-y-eficiencia-del-gasto-publico","status":"publish","type":"page","link":"https:\/\/seij.gob.gt\/udisep\/articulo-20-transparencia-y-eficiencia-del-gasto-publico\/","title":{"rendered":"Art\u00edculo 20: Transparencia y eficiencia del gasto p\u00fablico"},"content":{"rendered":"<p>A\u00fan no hay publicaci\u00f3n<\/p>\n","protected":false},"excerpt":{"rendered":"<p>A\u00fan no hay publicaci\u00f3n<\/p>\n","protected":false},"author":1,"featured_media":0,"parent":0,"menu_order":0,"comment_status":"closed","ping_status":"closed","template":"","meta":{"_et_pb_use_builder":"","_et_pb_old_content":"","_et_gb_content_width":"","footnotes":""},"class_list":["post-5179","page","type-page","status-publish","hentry"],"nelio_popups_active_popup":"","_links":{"self":[{"href":"https:\/\/seij.gob.gt\/udisep\/wp-json\/wp\/v2\/pages\/5179","targetHints":{"allow":["GET"]}}],"collection":[{"href":"https:\/\/seij.gob.gt\/udisep\/wp-json\/wp\/v2\/pages"}],"about":[{"href":"https:\/\/seij.gob.gt\/udisep\/wp-json\/wp\/v2\/types\/page"}],"author":[{"embeddable":true,"href":"https:\/\/seij.gob.gt\/udisep\/wp-json\/wp\/v2\/users\/1"}],"replies":[{"embeddable":true,"href":"https:\/\/seij.gob.gt\/udisep\/wp-json\/wp\/v2\/comments?post=5179"}],"version-history":[{"count":1,"href":"https:\/\/seij.gob.gt\/udisep\/wp-json\/wp\/v2\/pages\/5179\/revisions"}],"predecessor-version":[{"id":5180,"href":"https:\/\/seij.gob.gt\/udisep\/wp-json\/wp\/v2\/pages\/5179\/revisions\/5180"}],"wp:attachment":[{"href":"https:\/\/seij.gob.gt\/udisep\/wp-json\/wp\/v2\/media?parent=5179"}],"curies":[{"name":"wp","href":"https:\/\/api.w.org\/{rel}","templated":true}]}}