{"id":5181,"date":"2023-02-06T09:21:49","date_gmt":"2023-02-06T15:21:49","guid":{"rendered":"https:\/\/seij.gob.gt\/udisep\/?page_id=5181"},"modified":"2023-02-16T11:23:34","modified_gmt":"2023-02-16T17:23:34","slug":"articulo-21-seguimiento-en-la-estrategia-para-la-mejora-de-la-ejecucion-y-calidad-del-gasto-publico","status":"publish","type":"page","link":"https:\/\/seij.gob.gt\/udisep\/articulo-21-seguimiento-en-la-estrategia-para-la-mejora-de-la-ejecucion-y-calidad-del-gasto-publico\/","title":{"rendered":"Art\u00edculo 21: Seguimiento en la estrategia para la mejora de la ejecuci\u00f3n y calidad del gasto p\u00fablico"},"content":{"rendered":"<p>&nbsp;<\/p>\n<table style=\"border-collapse: collapse; width: 71.2707%; height: 35px;\">\n<tbody>\n<tr>\n<td style=\"width: 76.6667%;\"><span style=\"font-size: 14pt; color: #333399;\">Estrategia para la mejora de la ejecuci\u00f3n y calidad del gasto p\u00fablico<\/span><\/td>\n<td style=\"width: 23.3333%; text-align: center;\"><a href=\"..\/\/_2023_\/articulo 21\/estrategia de gasto 2023.docx\"><span style=\"font-size: 14pt; color: #d91818;\">Descargar<\/span><\/a><\/td>\n<\/tr>\n<\/tbody>\n<\/table>\n","protected":false},"excerpt":{"rendered":"<p>&nbsp; Estrategia para la mejora de la ejecuci\u00f3n y calidad del gasto p\u00fablico Descargar<\/p>\n","protected":false},"author":1,"featured_media":0,"parent":0,"menu_order":0,"comment_status":"closed","ping_status":"closed","template":"","meta":{"_et_pb_use_builder":"","_et_pb_old_content":"","_et_gb_content_width":"","footnotes":""},"class_list":["post-5181","page","type-page","status-publish","hentry"],"nelio_popups_active_popup":"","_links":{"self":[{"href":"https:\/\/seij.gob.gt\/udisep\/wp-json\/wp\/v2\/pages\/5181","targetHints":{"allow":["GET"]}}],"collection":[{"href":"https:\/\/seij.gob.gt\/udisep\/wp-json\/wp\/v2\/pages"}],"about":[{"href":"https:\/\/seij.gob.gt\/udisep\/wp-json\/wp\/v2\/types\/page"}],"author":[{"embeddable":true,"href":"https:\/\/seij.gob.gt\/udisep\/wp-json\/wp\/v2\/users\/1"}],"replies":[{"embeddable":true,"href":"https:\/\/seij.gob.gt\/udisep\/wp-json\/wp\/v2\/comments?post=5181"}],"version-history":[{"count":3,"href":"https:\/\/seij.gob.gt\/udisep\/wp-json\/wp\/v2\/pages\/5181\/revisions"}],"predecessor-version":[{"id":5258,"href":"https:\/\/seij.gob.gt\/udisep\/wp-json\/wp\/v2\/pages\/5181\/revisions\/5258"}],"wp:attachment":[{"href":"https:\/\/seij.gob.gt\/udisep\/wp-json\/wp\/v2\/media?parent=5181"}],"curies":[{"name":"wp","href":"https:\/\/api.w.org\/{rel}","templated":true}]}}