{"id":5229,"date":"2023-02-10T08:43:34","date_gmt":"2023-02-10T14:43:34","guid":{"rendered":"https:\/\/seij.gob.gt\/udisep\/?page_id=5229"},"modified":"2023-02-10T09:34:21","modified_gmt":"2023-02-10T15:34:21","slug":"decreto-101-97-ano-2023","status":"publish","type":"page","link":"https:\/\/seij.gob.gt\/udisep\/decreto-101-97-ano-2023\/","title":{"rendered":"Decreto  101-97 a\u00f1o 2023"},"content":{"rendered":"<ul>\n<li><a href=\"https:\/\/seij.gob.gt\/udisep\/articulo-8-ano-2023\/\"><span style=\"font-size: 14pt;\"><strong>Art\u00edculo 8<\/strong><\/span><\/a><\/li>\n<li><a href=\"https:\/\/seij.gob.gt\/udisep\/articulo-17-bis-ano-2023\/\"><span style=\"font-size: 14pt;\"><strong>Art\u00edculo 17 Bis<\/strong><\/span><\/a><\/li>\n<li><a href=\"https:\/\/seij.gob.gt\/udisep\/articulo-17-ter-ano-2023\/\"><span style=\"font-size: 14pt;\"><strong>Art\u00edculo 17 Ter<\/strong><\/span><\/a><\/li>\n<li><a href=\"https:\/\/seij.gob.gt\/udisep\/articulo-17-quarter\/\"><span style=\"font-size: 14pt;\"><strong>Art\u00edculo 17 Qu\u00e1ter<\/strong><\/span><\/a><\/li>\n<li><a href=\"https:\/\/seij.gob.gt\/udisep\/articulo-32-ano-2023\/\"><span style=\"font-size: 14pt;\"><strong>Art\u00edculo 32<\/strong><\/span><\/a><\/li>\n<\/ul>\n","protected":false},"excerpt":{"rendered":"<p>Art\u00edculo 8 Art\u00edculo 17 Bis Art\u00edculo 17 Ter Art\u00edculo 17 Qu\u00e1ter Art\u00edculo 32<\/p>\n","protected":false},"author":1,"featured_media":0,"parent":0,"menu_order":0,"comment_status":"closed","ping_status":"closed","template":"","meta":{"_et_pb_use_builder":"","_et_pb_old_content":"","_et_gb_content_width":"","footnotes":""},"class_list":["post-5229","page","type-page","status-publish","hentry"],"nelio_popups_active_popup":"","_links":{"self":[{"href":"https:\/\/seij.gob.gt\/udisep\/wp-json\/wp\/v2\/pages\/5229","targetHints":{"allow":["GET"]}}],"collection":[{"href":"https:\/\/seij.gob.gt\/udisep\/wp-json\/wp\/v2\/pages"}],"about":[{"href":"https:\/\/seij.gob.gt\/udisep\/wp-json\/wp\/v2\/types\/page"}],"author":[{"embeddable":true,"href":"https:\/\/seij.gob.gt\/udisep\/wp-json\/wp\/v2\/users\/1"}],"replies":[{"embeddable":true,"href":"https:\/\/seij.gob.gt\/udisep\/wp-json\/wp\/v2\/comments?post=5229"}],"version-history":[{"count":4,"href":"https:\/\/seij.gob.gt\/udisep\/wp-json\/wp\/v2\/pages\/5229\/revisions"}],"predecessor-version":[{"id":5253,"href":"https:\/\/seij.gob.gt\/udisep\/wp-json\/wp\/v2\/pages\/5229\/revisions\/5253"}],"wp:attachment":[{"href":"https:\/\/seij.gob.gt\/udisep\/wp-json\/wp\/v2\/media?parent=5229"}],"curies":[{"name":"wp","href":"https:\/\/api.w.org\/{rel}","templated":true}]}}