{"id":5245,"date":"2023-02-10T09:25:51","date_gmt":"2023-02-10T15:25:51","guid":{"rendered":"https:\/\/seij.gob.gt\/udisep\/?page_id=5245"},"modified":"2024-01-09T14:57:45","modified_gmt":"2024-01-09T20:57:45","slug":"articulo-17-ter-ano-2023","status":"publish","type":"page","link":"https:\/\/seij.gob.gt\/udisep\/articulo-17-ter-ano-2023\/","title":{"rendered":"Art\u00edculo 17 Ter a\u00f1o 2023"},"content":{"rendered":"<table style=\"border-collapse: collapse; width: 73.1492%; height: 105px;\">\n<tbody>\n<tr>\n<td style=\"width: 100%;\"><span style=\"color: #333399;\"><strong><span style=\"font-size: 18pt;\">Diciembre<\/span><\/strong><\/span><\/td>\n<\/tr>\n<tr>\n<td style=\"width: 100%;\"><a href=\"https:\/\/seij.gob.gt\/udisep\/wp-content\/uploads\/2024\/01\/Informe-al-Congreso-de-la-Republica-de-Guatemala-diciembre-2023.pdf\"><span style=\"font-size: 14pt;\">Art\u00edculo 17 Ter de la Ley Org\u00e1nica del Presupuesto y sus Reformas<\/span><\/a><\/td>\n<\/tr>\n<\/tbody>\n<\/table>\n<table style=\"border-collapse: collapse; width: 73.1492%; height: 105px;\">\n<tbody>\n<tr>\n<td style=\"width: 100%;\"><span style=\"color: #333399;\"><strong><span style=\"font-size: 18pt;\">Noviembre<\/span><\/strong><\/span><\/td>\n<\/tr>\n<tr>\n<td style=\"width: 100%;\"><a href=\"..\/\/_2023_\/17_ter\/Informe al Congreso de la Rep\u00fablica de Guatemala (noviembre 2023).pdf\"><span style=\"font-size: 14pt;\">Art\u00edculo 17 Ter de la Ley Org\u00e1nica del Presupuesto y sus Reformas<\/span><\/a><\/td>\n<\/tr>\n<\/tbody>\n<\/table>\n<table style=\"border-collapse: collapse; width: 73.1492%; height: 105px;\">\n<tbody>\n<tr>\n<td style=\"width: 100%;\"><span style=\"color: #333399;\"><strong><span style=\"font-size: 18pt;\">Octubre<\/span><\/strong><\/span><\/td>\n<\/tr>\n<tr>\n<td style=\"width: 100%;\"><a href=\"..\/\/_2023_\/17_ter\/Informe al Congreso de la Rep\u00fablica de Guatemala (octubre 2,023).pdf\"><span style=\"font-size: 14pt;\">Art\u00edculo 17 Ter de la Ley Org\u00e1nica del Presupuesto y sus Reformas<\/span><\/a><\/td>\n<\/tr>\n<\/tbody>\n<\/table>\n<table style=\"border-collapse: collapse; width: 73.1492%; height: 105px;\">\n<tbody>\n<tr>\n<td style=\"width: 100%;\"><span style=\"color: #333399;\"><strong><span style=\"font-size: 18pt;\">Septiembre<\/span><\/strong><\/span><\/td>\n<\/tr>\n<tr>\n<td style=\"width: 100%;\"><a href=\"..\/\/_2023_\/17_ter\/Informe al Congreso de la Rep\u00fablica de Guatemala (septiembre 2,023).pdf\"><span style=\"font-size: 14pt;\">Art\u00edculo 17 Ter de la Ley Org\u00e1nica del Presupuesto y sus Reformas<\/span><\/a><\/td>\n<\/tr>\n<tr>\n<td style=\"width: 100%;\"><span style=\"color: #333399;\"><strong><span style=\"font-size: 18pt;\">Agosto<\/span><\/strong><\/span><\/td>\n<\/tr>\n<tr>\n<td style=\"width: 100%;\"><a href=\"..\/\/_2023_\/17_ter\/Informe al Congreso de la Rep\u00fablica de Guatemala (agosto 2,023).pdf\"><span style=\"font-size: 14pt;\">Art\u00edculo 17 Ter de la Ley Org\u00e1nica del Presupuesto y sus Reformas<\/span><\/a><\/td>\n<\/tr>\n<\/tbody>\n<\/table>\n<table style=\"border-collapse: collapse; width: 73.1492%; height: 105px;\">\n<tbody>\n<tr>\n<td style=\"width: 100%;\"><span style=\"color: #333399;\"><strong><span style=\"font-size: 18pt;\">Julio<\/span><\/strong><\/span><\/td>\n<\/tr>\n<tr>\n<td style=\"width: 100%;\"><a href=\"..\/\/_2023_\/17_ter\/Informe al Congreso de la Rep\u00fablica de Guatemala (julio 2,023).pdf\"><span style=\"font-size: 14pt;\">Art\u00edculo 17 Ter de la Ley Org\u00e1nica del Presupuesto y sus Reformas<\/span><\/a><\/td>\n<\/tr>\n<\/tbody>\n<\/table>\n<table style=\"border-collapse: collapse; width: 73.1492%; height: 105px;\">\n<tbody>\n<tr>\n<td style=\"width: 100%;\"><span style=\"color: #333399;\"><strong><span style=\"font-size: 18pt;\">Junio<\/span><\/strong><\/span><\/td>\n<\/tr>\n<tr>\n<td style=\"width: 100%;\"><a href=\"..\/\/_2023_\/17_ter\/Informe al Congreso de la Rep\u00fablica de Guatemala (junio 2,023).pdf\"><span style=\"font-size: 14pt;\">Art\u00edculo 17 Ter de la Ley Org\u00e1nica del Presupuesto y sus Reformas<\/span><\/a><\/td>\n<\/tr>\n<\/tbody>\n<\/table>\n<table style=\"border-collapse: collapse; width: 73.1492%; height: 105px;\">\n<tbody>\n<tr>\n<td style=\"width: 100%;\"><span style=\"color: #333399;\"><strong><span style=\"font-size: 18pt;\">Mayo<\/span><\/strong><\/span><\/td>\n<\/tr>\n<tr>\n<td style=\"width: 100%;\"><a href=\"..\/\/_2023_\/17_ter\/Informe al Congreso de la Rep\u00fablica de Guatemala (enero 2,023).pdf\"><span style=\"font-size: 14pt;\">Art\u00edculo 17 Ter de la Ley Org\u00e1nica del Presupuesto y sus Reformas<\/span><\/a><\/td>\n<\/tr>\n<\/tbody>\n<\/table>\n<table style=\"border-collapse: collapse; width: 73.1492%; height: 105px;\">\n<tbody>\n<tr>\n<td style=\"width: 100%;\"><span style=\"color: #333399;\"><strong><span style=\"font-size: 18pt;\">Abril<\/span><\/strong><\/span><\/td>\n<\/tr>\n<tr>\n<td style=\"width: 100%;\"><a href=\"..\/\/_2023_\/17_ter\/Informe al Congreso de la Rep\u00fablica de Guatemala (abril 2,023).PDF\"><span style=\"font-size: 14pt;\">Art\u00edculo 17 Ter de la Ley Org\u00e1nica del Presupuesto y sus Reformas<\/span><\/a><\/td>\n<\/tr>\n<\/tbody>\n<\/table>\n<table style=\"border-collapse: collapse; width: 73.1492%; height: 105px;\">\n<tbody>\n<tr>\n<td style=\"width: 100%;\"><span style=\"color: #333399;\"><strong><span style=\"font-size: 18pt;\">Marzo<\/span><\/strong><\/span><\/td>\n<\/tr>\n<tr>\n<td style=\"width: 100%;\"><a href=\"..\/\/_2023_\/17_ter\/Informe al Congreso de la Rep\u00fablica de Guatemala (marzo 2,023).pdf\"><span style=\"font-size: 14pt;\">Art\u00edculo 17 Ter de la Ley Org\u00e1nica del Presupuesto y sus Reformas<\/span><\/a><\/td>\n<\/tr>\n<\/tbody>\n<\/table>\n<table style=\"border-collapse: collapse; width: 73.1492%; height: 105px;\">\n<tbody>\n<tr>\n<td style=\"width: 100%;\"><span style=\"color: #333399;\"><strong><span style=\"font-size: 18pt;\">Febrero<\/span><\/strong><\/span><\/td>\n<\/tr>\n<tr>\n<td style=\"width: 100%;\"><a href=\"..\/\/_2023_\/17_ter\/Informe al Congreso de la Rep\u00fablica de Guatemala (febrero 2,023).pdf\"><span style=\"font-size: 14pt;\">Art\u00edculo 17 Ter de la Ley Org\u00e1nica del Presupuesto y sus Reformas<\/span><\/a><\/td>\n<\/tr>\n<\/tbody>\n<\/table>\n<table style=\"border-collapse: collapse; width: 73.1492%; height: 105px;\">\n<tbody>\n<tr>\n<td style=\"width: 100%;\"><span style=\"color: #333399;\"><strong><span style=\"font-size: 18pt;\">Enero<\/span><\/strong><\/span><\/td>\n<\/tr>\n<tr>\n<td style=\"width: 100%;\"><a href=\"..\/\/_2023_\/17_ter\/Informe al Congreso de la Rep\u00fablica de Guatemala (enero 2,023).pdf\"><span style=\"font-size: 14pt;\">Art\u00edculo 17 Ter de la Ley Org\u00e1nica del Presupuesto y sus Reformas<\/span><\/a><\/td>\n<\/tr>\n<\/tbody>\n<\/table>\n","protected":false},"excerpt":{"rendered":"<p>Diciembre Art\u00edculo 17 Ter de la Ley Org\u00e1nica del Presupuesto y sus Reformas Noviembre Art\u00edculo 17 Ter de la Ley Org\u00e1nica del Presupuesto y sus Reformas Octubre Art\u00edculo 17 Ter de la Ley Org\u00e1nica del Presupuesto y sus Reformas Septiembre Art\u00edculo 17 Ter de la Ley Org\u00e1nica del Presupuesto y sus Reformas Agosto Art\u00edculo 17 [&hellip;]<\/p>\n","protected":false},"author":1,"featured_media":0,"parent":0,"menu_order":0,"comment_status":"closed","ping_status":"closed","template":"","meta":{"_et_pb_use_builder":"","_et_pb_old_content":"","_et_gb_content_width":"","footnotes":""},"class_list":["post-5245","page","type-page","status-publish","hentry"],"nelio_popups_active_popup":"","_links":{"self":[{"href":"https:\/\/seij.gob.gt\/udisep\/wp-json\/wp\/v2\/pages\/5245","targetHints":{"allow":["GET"]}}],"collection":[{"href":"https:\/\/seij.gob.gt\/udisep\/wp-json\/wp\/v2\/pages"}],"about":[{"href":"https:\/\/seij.gob.gt\/udisep\/wp-json\/wp\/v2\/types\/page"}],"author":[{"embeddable":true,"href":"https:\/\/seij.gob.gt\/udisep\/wp-json\/wp\/v2\/users\/1"}],"replies":[{"embeddable":true,"href":"https:\/\/seij.gob.gt\/udisep\/wp-json\/wp\/v2\/comments?post=5245"}],"version-history":[{"count":13,"href":"https:\/\/seij.gob.gt\/udisep\/wp-json\/wp\/v2\/pages\/5245\/revisions"}],"predecessor-version":[{"id":5611,"href":"https:\/\/seij.gob.gt\/udisep\/wp-json\/wp\/v2\/pages\/5245\/revisions\/5611"}],"wp:attachment":[{"href":"https:\/\/seij.gob.gt\/udisep\/wp-json\/wp\/v2\/media?parent=5245"}],"curies":[{"name":"wp","href":"https:\/\/api.w.org\/{rel}","templated":true}]}}