{"id":5249,"date":"2023-02-10T09:26:58","date_gmt":"2023-02-10T15:26:58","guid":{"rendered":"https:\/\/seij.gob.gt\/udisep\/?page_id=5249"},"modified":"2023-06-29T10:54:32","modified_gmt":"2023-06-29T16:54:32","slug":"articulo-32-ano-2023","status":"publish","type":"page","link":"https:\/\/seij.gob.gt\/udisep\/articulo-32-ano-2023\/","title":{"rendered":"Art\u00edculo 32 a\u00f1o 2023"},"content":{"rendered":"<p>&nbsp;<\/p>\n<table style=\"border-collapse: collapse; width: 64.8619%; height: 101px;\">\n<tbody>\n<tr>\n<td style=\"width: 63.8468%;\"><strong><span style=\"font-size: 14pt; color: #333399;\">Modificaci\u00f3n Presupuestaria 7<\/span><\/strong><\/td>\n<td style=\"width: 36.1532%; text-align: center;\"><a class=\"maxbutton-1 maxbutton maxbutton-seicmsj\" href=\"http:\/\/..\/\/_2023_\/articulo_32\/MODIFICACI\u00d3N 007-2023.pdf\"><span class='mb-text'>PDF<\/span><\/a><\/td>\n<\/tr>\n<tr>\n<td style=\"width: 63.8468%;\"><strong><span style=\"font-size: 14pt; color: #333399;\">Modificaci\u00f3n Presupuestaria 6<\/span><\/strong><\/td>\n<td style=\"width: 36.1532%; text-align: center;\"><a class=\"maxbutton-1 maxbutton maxbutton-seicmsj\" href=\"http:\/\/..\/\/_2023_\/articulo_32\/MODIFICACI\u00d3N 006-2023.pdf\"><span class='mb-text'>PDF<\/span><\/a><\/td>\n<\/tr>\n<tr>\n<td style=\"width: 63.8468%;\"><strong><span style=\"font-size: 14pt; color: #333399;\">Modificaci\u00f3n Presupuestaria 5<\/span><\/strong><\/td>\n<td style=\"width: 36.1532%; text-align: center;\"><a class=\"maxbutton-1 maxbutton maxbutton-seicmsj\" href=\"http:\/\/..\/\/_2023_\/articulo_32\/MODIFICACI\u00d3N PRESUPUESTARIA 005-2023 F.F. 11.pdf\"><span class='mb-text'>PDF<\/span><\/a><\/td>\n<\/tr>\n<tr>\n<td style=\"width: 63.8468%;\"><strong><span style=\"font-size: 14pt; color: #333399;\">Modificaci\u00f3n Presupuestaria 4<\/span><\/strong><\/td>\n<td style=\"width: 36.1532%; text-align: center;\"><a class=\"maxbutton-1 maxbutton maxbutton-seicmsj\" href=\"http:\/\/..\/\/_2023_\/articulo_32\/MODIFICACI\u00d3N PRESUPUESTARIA 004-2023 F.F. 61.pdf\"><span class='mb-text'>PDF<\/span><\/a><\/td>\n<\/tr>\n<tr>\n<td style=\"width: 63.8468%;\"><strong><span style=\"font-size: 14pt; color: #333399;\">Modificaci\u00f3n Presupuestaria 3<\/span><\/strong><\/td>\n<td style=\"width: 36.1532%; text-align: center;\"><a class=\"maxbutton-1 maxbutton maxbutton-seicmsj\" href=\"http:\/\/..\/\/_2023_\/articulo_32\/MODIFICACION PRESUPUESTARIA 003-2023.pdf\"><span class='mb-text'>PDF<\/span><\/a><\/td>\n<\/tr>\n<tr>\n<td style=\"width: 63.8468%;\"><strong><span style=\"font-size: 14pt; color: #333399;\">Modificaci\u00f3n Presupuestaria 2<\/span><\/strong><strong><span style=\"font-size: 14pt; color: #333399;\"><br \/>\n<\/span><\/strong><\/td>\n<td style=\"width: 36.1532%; text-align: center;\"><a class=\"maxbutton-1 maxbutton maxbutton-seicmsj\" href=\"http:\/\/..\/\/_2023_\/articulo_32\/MODIFICACI\u00d3N PRESUPUESTARIA 002-2023.pdf\"><span class='mb-text'>PDF<\/span><\/a><\/td>\n<\/tr>\n<tr>\n<td style=\"width: 63.8468%;\"><strong><span style=\"font-size: 14pt; color: #333399;\">Modificaci\u00f3n Presupuestaria 1<\/span><\/strong><\/td>\n<td style=\"width: 36.1532%; text-align: center;\"><a class=\"maxbutton-1 maxbutton maxbutton-seicmsj\" href=\"http:\/\/..\/\/_2023_\/articulo_32\/MODIFICACI\u00d3N PRESUPUESTARIA PREVI 13 MILLONES.PDF\"><span class='mb-text'>PDF<\/span><\/a><\/td>\n<\/tr>\n<\/tbody>\n<\/table>\n","protected":false},"excerpt":{"rendered":"<p>&nbsp; Modificaci\u00f3n Presupuestaria 7 Modificaci\u00f3n Presupuestaria 6 Modificaci\u00f3n Presupuestaria 5 Modificaci\u00f3n Presupuestaria 4 Modificaci\u00f3n Presupuestaria 3 Modificaci\u00f3n Presupuestaria 2 Modificaci\u00f3n Presupuestaria 1<\/p>\n","protected":false},"author":1,"featured_media":0,"parent":0,"menu_order":0,"comment_status":"closed","ping_status":"closed","template":"","meta":{"_et_pb_use_builder":"","_et_pb_old_content":"","_et_gb_content_width":"","footnotes":""},"class_list":["post-5249","page","type-page","status-publish","hentry"],"nelio_popups_active_popup":"","_links":{"self":[{"href":"https:\/\/seij.gob.gt\/udisep\/wp-json\/wp\/v2\/pages\/5249","targetHints":{"allow":["GET"]}}],"collection":[{"href":"https:\/\/seij.gob.gt\/udisep\/wp-json\/wp\/v2\/pages"}],"about":[{"href":"https:\/\/seij.gob.gt\/udisep\/wp-json\/wp\/v2\/types\/page"}],"author":[{"embeddable":true,"href":"https:\/\/seij.gob.gt\/udisep\/wp-json\/wp\/v2\/users\/1"}],"replies":[{"embeddable":true,"href":"https:\/\/seij.gob.gt\/udisep\/wp-json\/wp\/v2\/comments?post=5249"}],"version-history":[{"count":8,"href":"https:\/\/seij.gob.gt\/udisep\/wp-json\/wp\/v2\/pages\/5249\/revisions"}],"predecessor-version":[{"id":5386,"href":"https:\/\/seij.gob.gt\/udisep\/wp-json\/wp\/v2\/pages\/5249\/revisions\/5386"}],"wp:attachment":[{"href":"https:\/\/seij.gob.gt\/udisep\/wp-json\/wp\/v2\/media?parent=5249"}],"curies":[{"name":"wp","href":"https:\/\/api.w.org\/{rel}","templated":true}]}}