{"id":547,"date":"2016-02-05T17:24:19","date_gmt":"2016-02-05T17:24:19","guid":{"rendered":"http:\/\/seij.gob.gt\/udisep\/?page_id=547"},"modified":"2017-01-23T22:11:27","modified_gmt":"2017-01-23T22:11:27","slug":"art04","status":"publish","type":"page","link":"https:\/\/seij.gob.gt\/udisep\/art04\/","title":{"rendered":"04. N\u00famero y nombre de funcionarios y servidores p\u00fablicos"},"content":{"rendered":"<style type=\"text\/css\">\ntable{\n\twidth:75%;\n\tmargin:0px auto;\n\tpadding:5px;\n\tcolor:#666;\n\tfont-size:12px;\n\ttext-shadow: 1px 1px 0px #fff;\n\tbackground:#eaebec;\n\tborder:#ccc 1px solid;\n        box-shadow:0px 0px 3px #000000;\n}\ntable th:frist-child{\n\ttext-align: left;\n\tpadding-left:20px;\n}\ntable th{\n\tpadding:10px;\n\tborder:solid 2px #000000;\n\tbackground:#91A8AA;\n        font-size:1.3em;\n        text-align:center;\n}\ntable tr:first-child th:first-child{\n\t-moz-border-radius-topleft:3px;\n\t-webkit-border-top-left-radius:3px;\n\tborder-top-left-radius:3px;\n}\ntable tr:first-child th:last-child{\n\t-moz-border-radius-topright:3px;\n\t-webkit-border-top-right-radius:3px;\n\tborder-top-right-radius:3px;\n}\ntable tr{\n\ttext-align:center;\n\tpadding-left:20px;\n}\ntable td{\n\tpadding:18px;\n\tborder-top: 1px solid #ffffff;\n\tborder-bottom:1px solid #e0e0e0;\n\tborder-left: 1px solid #e0e0e0;\n        text-align:left;\n}\ntable td>a{\n\ttext-decoration:none;\n\tcolor:#40A1A3;\n}\ntable td>a:hover{\n\tcolor:#40A1A3;\n\ttext-shadow:0px 0px 1px #000000;\n}\n<\/style>\n<p><!-- Fin del estilo de la tabla--><\/p>\n<table>\n<tbody>\n<tr>\n<th style=\"text-align: center;\">enero 2016<\/th>\n<th style=\"text-align: center;\" colspan=\"2\">DESCARGAR<\/th>\n<\/tr>\n<tr>\n<td>Secretar\u00eda Ejecutiva de la ICMSJ<\/td>\n<td><a href=\"..\/_2016_\/_Art.04_\/seicmsj\/enero\/reglon022\/LFSP04012016.pdf\">Regl\u00f3n 022<\/a><\/td>\n<td><a href=\"..\/_2016_\/_Art.04_\/seicmsj\/enero\/reglon029\/LFSP01042016.pdf\">Regl\u00f3n 029<\/a><\/td>\n<\/tr>\n<tr>\n<td>Programa -AECID-<\/td>\n<td><\/td>\n<td><a href=\"..\/_2016_\/_Art.04_\/aecid\/enero\/reglon029\/LNSP01042016.pdf\">Regl\u00f3n 081<\/a><\/td>\n<\/tr>\n<tr>\n<td>Programa -SEJUST-<\/td>\n<td><\/td>\n<td>\u00a0<a href=\"..\/_2016_\/_Art.04_\/sejust\/NFSP04012016.pdf\">Regl\u00f3n 081<\/a><\/td>\n<\/tr>\n<tr>\n<td>Programa -BID-<\/td>\n<td><\/td>\n<td><a href=\"..\/_2016_\/_Art.04_\/bid\/enero\/NFSP01042016.pdf\">\u00a0Regl\u00f3n 081<\/a><\/td>\n<\/tr>\n<\/tbody>\n<\/table>\n<p><!--********************************************* segundo mes ********************************--><\/p>\n<table>\n<tbody>\n<tr>\n<th style=\"text-align: center;\">febrero 2016<\/th>\n<th style=\"text-align: center;\" colspan=\"2\">DESCARGAR<\/th>\n<\/tr>\n<tr>\n<td>Secretar\u00eda Ejecutiva de la ICMSJ<\/td>\n<td><a href=\"..\/_2016_\/_Art.04_\/febrero\/LPS02204022016.pdf\">Regl\u00f3n 022<\/a><\/td>\n<td><a href=\"..\/_2016_\/_Art.04_\/febrero\/LPS02904022016.pdf\">Regl\u00f3n 029<\/a><\/td>\n<\/tr>\n<tr>\n<td>Programa -AECID-<\/td>\n<td><\/td>\n<td><a href=\"..\/_2016_\/_Art.04_\/febrero\/aecid\/NFP04022016.pdf\">Regl\u00f3n 081<\/a><\/td>\n<\/tr>\n<tr>\n<td>Programa -SEJUST-<\/td>\n<td><\/td>\n<td>\u00a0<a href=\"..\/_2016_\/_Art.04_\/febrero\/sejust\/NNFP04022016.pdf\">Regl\u00f3n 081<\/a><\/td>\n<\/tr>\n<tr>\n<td>Programa -BID-<\/td>\n<td><\/td>\n<td><a href=\"..\/_2016_\/_Art.04_\/febrero\/bid\/NNFP04022016.pdf\">Regl\u00f3n 081<\/a><\/td>\n<\/tr>\n<\/tbody>\n<\/table>\n<p><!--******************************* mes de marzo ***********************************--><\/p>\n<table>\n<tbody>\n<tr>\n<th style=\"text-align: center;\">marzo 2016<\/th>\n<th style=\"text-align: center;\" colspan=\"2\">DESCARGAR<\/th>\n<\/tr>\n<tr>\n<td>Secretar\u00eda Ejecutiva de la ICMSJ<\/td>\n<td><a href=\"..\/_2016_\/_Art.04_\/seicmsj\/marzo\/NNFSP04032016.pdf\">Regl\u00f3n 022, Regl\u00f3n 029<\/a><\/td>\n<\/tr>\n<tr>\n<td>Programa -AECID-<\/td>\n<td><\/td>\n<td><a href=\"..\/_2016_\/_Art.04_\/aecid\/marzo\/NNFP04032016.pdf\">Regl\u00f3n 081<\/a><\/td>\n<\/tr>\n<tr>\n<td>Programa -SEJUST-<\/td>\n<td><\/td>\n<td> <a href=\"..\/_2016_\/_Art.04_\/sejust\/marzo\/NNFS04032016.pdf\">Regl\u00f3n 081<\/a><\/td>\n<\/tr>\n<tr>\n<td>Programa -BID-<\/td>\n<td><\/td>\n<td><a href=\"..\/_2016_\/_Art.04_\/bid\/marzo\/NNFS04032016.pdf\">Regl\u00f3n 081<\/a><\/td>\n<\/tr>\n<\/tbody>\n<\/table>\n<p><!-- mes de abril --><\/p>\n<table>\n<tbody>\n<tr>\n<th style=\"text-align: center;\">abril 2016<\/th>\n<th style=\"text-align: center;\" colspan=\"2\">DESCARGAR<\/th>\n<\/tr>\n<tr>\n<td>Secretar\u00eda Ejecutiva de la ICMSJ<\/td>\n<td><a href=\"..\/_2016_\/_Art.04_\/seicmsj\/abril\/NNFSP04042016.pdf\">Regl\u00f3n 022, Regl\u00f3n 029<\/a><\/td>\n<\/tr>\n<tr>\n<td>Programa -AECID-<\/td>\n<td><\/td>\n<td><a href=\"..\/_2016_\/_Art.04_\/aecid\/abril\/NNFSP04042016.pdf\">Regl\u00f3n 081<\/a><\/td>\n<\/tr>\n<tr>\n<td>Programa -SEJUST-<\/td>\n<td><\/td>\n<td> <a href=\"..\/_2016_\/_Art.04_\/sejust\/abril\/NNFSP04042016.pdf\">Regl\u00f3n 081<\/a><\/td>\n<\/tr>\n<tr>\n<td>Programa -BID-<\/td>\n<td><\/td>\n<td><a href=\"..\/_2016_\/_Art.04_\/bid\/abril\/NNFSP04042016.pdf\">Regl\u00f3n 081<\/a><\/td>\n<\/tr>\n<\/tbody>\n<\/table>\n<p><!-- mes de mayo --><\/p>\n<table>\n<tbody>\n<tr>\n<th style=\"text-align: center;\">mayo 2016<\/th>\n<th style=\"text-align: center;\" colspan=\"2\">DESCARGAR<\/th>\n<\/tr>\n<tr>\n<td>Secretar\u00eda Ejecutiva de la ICMSJ<\/td>\n<td><a href=\"..\/_2016_\/_Art.04_\/seicmsj\/mayo\/NNF04052016.pdf\">Regl\u00f3n 022, Regl\u00f3n 029<\/a><\/td>\n<\/tr>\n<tr>\n<td>Programa -AECID-<\/td>\n<td><\/td>\n<td><a href=\"..\/_2016_\/_Art.04_\/aecid\/mayo\/NNFS04052016.pdf\">Regl\u00f3n 081<\/a><\/td>\n<\/tr>\n<tr>\n<td>Programa -SEJUST-<\/td>\n<td><\/td>\n<td> <a href=\"..\/_2016_\/_Art.04_\/sejust\/mayo\/NNF04052016.pdf\">Regl\u00f3n 081<\/a><\/td>\n<\/tr>\n<tr>\n<td>Programa -BID-<\/td>\n<td><\/td>\n<td><a href=\"..\/_2016_\/_Art.04_\/bid\/mayo\/NNF04052016.pdf\">Regl\u00f3n 081<\/a><\/td>\n<\/tr>\n<\/tbody>\n<\/table>\n<p><!-- mes de junio --><\/p>\n<table>\n<tbody>\n<tr>\n<th style=\"text-align: center;\">junio 2016<\/th>\n<th style=\"text-align: center;\" colspan=\"2\">DESCARGAR<\/th>\n<\/tr>\n<tr>\n<td>Secretar\u00eda Ejecutiva de la ICMSJ<\/td>\n<td><a href=\"..\/_2016_\/_Art.04_\/seicmsj\/junio\/NNFSP04062016.pdf\">Regl\u00f3n 022, Regl\u00f3n 029<\/a><\/td>\n<\/tr>\n<tr>\n<td>Programa -AECID-<\/td>\n<td><\/td>\n<td><a href=\"..\/_2016_\/_Art.04_\/aecid\/junio\/NNFP04062016.pdf\">Regl\u00f3n 081<\/a><\/td>\n<\/tr>\n<tr>\n<td>Programa -SEJUST-<\/td>\n<td><\/td>\n<td> <a href=\"..\/_2016_\/_Art.04_\/sejust\/junio\/NNFSP04062016.pdf\">Regl\u00f3n 081<\/a><\/td>\n<\/tr>\n<tr>\n<td>Programa -BID-<\/td>\n<td><\/td>\n<td><a href=\"..\/_2016_\/_Art.04_\/bid\/junio\/NNFSP04062016.pdf\">Regl\u00f3n 081<\/a><\/td>\n<\/tr>\n<\/tbody>\n<\/table>\n<p><!-- mes de julio --><\/p>\n<table>\n<tbody>\n<tr>\n<th style=\"text-align: center;\">julio 2016<\/th>\n<th style=\"text-align: center;\" colspan=\"2\">DESCARGAR<\/th>\n<\/tr>\n<tr>\n<td>Secretar\u00eda Ejecutiva de la ICMSJ<\/td>\n<td><a href=\"..\/_2016_\/_Art.04_\/seicmsj\/julio\/NNFS04072016.pdf\">Regl\u00f3n 022, Regl\u00f3n 029<\/a><\/td>\n<\/tr>\n<tr>\n<td>Programa -AECID-<\/td>\n<td><\/td>\n<td><a href=\"..\/_2016_\/_Art.04_\/aecid\/julio\/NNFSP04072016.pdf\">Regl\u00f3n 081<\/a><\/td>\n<\/tr>\n<tr>\n<td>Programa -SEJUST-<\/td>\n<td><\/td>\n<td> <a href=\"..\/_2016_\/_Art.04_\/sejust\/julio\/NNFSP04072016.pdf\">Regl\u00f3n 081<\/a><\/td>\n<\/tr>\n<tr>\n<td>Programa -BID-<\/td>\n<td><\/td>\n<td><a href=\"..\/_2016_\/_Art.04_\/bid\/julio\/NNFSP04072016.pdf\">Regl\u00f3n 081<\/a><\/td>\n<\/tr>\n<\/tbody>\n<\/table>\n<p><!-- mes de agosto --><\/p>\n<table>\n<tbody>\n<tr>\n<th style=\"text-align: center;\">agosto 2016<\/th>\n<th style=\"text-align: center;\" colspan=\"2\">DESCARGAR<\/th>\n<\/tr>\n<tr>\n<td>Secretar\u00eda Ejecutiva de la ICMSJ<\/td>\n<td><a href=\"..\/_2016_\/_Art.04_\/seicmsj\/agosto\/NNFS04082016.pdf\">Regl\u00f3n 022, Regl\u00f3n 029<\/a><\/td>\n<\/tr>\n<tr>\n<td>Programa -AECID-<\/td>\n<td><\/td>\n<td><a href=\"..\/_2016_\/_Art.04_\/aecid\/agosto\/NNFS04082016.pdf\">Regl\u00f3n 081<\/a><\/td>\n<\/tr>\n<tr>\n<td>Programa -SEJUST-<\/td>\n<td><\/td>\n<td> <a href=\"..\/_2016_\/_Art.04_\/sejust\/agosto\/NNFS04082016.pdf\">Regl\u00f3n 081<\/a><\/td>\n<\/tr>\n<tr>\n<td>Programa -BID-<\/td>\n<td><\/td>\n<td><a href=\"..\/_2016_\/_Art.04_\/bid\/agosto\/NNFS04082016.pdf\">Regl\u00f3n 081<\/a><\/td>\n<\/tr>\n<\/tbody>\n<\/table>\n<p><!-- mes de septiembre --><\/p>\n<table>\n<tbody>\n<tr>\n<th style=\"text-align: center;\">septiembre 2016<\/th>\n<th style=\"text-align: center;\" colspan=\"2\">DESCARGAR<\/th>\n<\/tr>\n<tr>\n<td>Secretar\u00eda Ejecutiva de la ICMSJ<\/td>\n<td><a href=\"..\/_2016_\/_Art.04_\/seicmsj\/septiembre\/NNFSP04092016.pdf\">Regl\u00f3n 022, Regl\u00f3n 029<\/a><\/td>\n<\/tr>\n<tr>\n<td>Programa -AECID-<\/td>\n<td><\/td>\n<td><a href=\"..\/_2016_\/_Art.04_\/aecid\/septiembre\/NNFSPE04092016.pdf\">Regl\u00f3n 081<\/a><\/td>\n<\/tr>\n<tr>\n<td>Programa -SEJUST-<\/td>\n<td><\/td>\n<td> <a href=\"..\/_2016_\/_Art.04_\/sejust\/septiembre\/NNFSP04092016.pdf\">Regl\u00f3n 081<\/a><\/td>\n<\/tr>\n<tr>\n<td>Programa -BID-<\/td>\n<td><\/td>\n<td><a href=\"..\/_2016_\/_Art.04_\/bid\/septiembre\/NNFSP04092016.pdf\">Regl\u00f3n 081<\/a><\/td>\n<\/tr>\n<\/tbody>\n<\/table>\n<p><!-- mes de octubre --><\/p>\n<table>\n<tbody>\n<tr>\n<th style=\"text-align: center;\">octubre<\/th>\n<th style=\"text-align: center;\" colspan=\"2\">DESCARGAR<\/th>\n<\/tr>\n<tr>\n<td>Secretar\u00eda Ejecutiva de la ICMSJ<\/td>\n<td><a href=\"..\/_2016_\/_Art.04_\/seicmsj\/octubre\/NNFSP04102016.pdf\">Regl\u00f3n 022, Regl\u00f3n 029<\/a><\/td>\n<\/tr>\n<tr>\n<td>Programa -AECID-<\/td>\n<td><\/td>\n<td><a href=\"..\/_2016_\/_Art.04_\/aecid\/octubre\/NNFSPE04102016.pdf\">Regl\u00f3n 081<\/a><\/td>\n<\/tr>\n<tr>\n<td>Programa -SEJUST-<\/td>\n<td><\/td>\n<td> <a href=\"..\/_2016_\/_Art.04_\/sejust\/octubre\/NNFSP04102016.pdf\">Regl\u00f3n 081<\/a><\/td>\n<\/tr>\n<tr>\n<td>Programa -BID-<\/td>\n<td><\/td>\n<td><a href=\"..\/_2016_\/_Art.04_\/bid\/octubre\/NNFSP04102016.pdf\">Regl\u00f3n 081<\/a><\/td>\n<\/tr>\n<\/tbody>\n<\/table>\n<p><!-- mes de noviembre --><\/p>\n<table>\n<tbody>\n<tr>\n<th style=\"text-align: center;\">noviembre<\/th>\n<th style=\"text-align: center;\" colspan=\"2\">DESCARGAR<\/th>\n<\/tr>\n<tr>\n<td>Secretar\u00eda Ejecutiva de la ICMSJ<\/td>\n<td><a href=\"..\/_2016_\/_Art.04_\/seicmsj\/noviembre\/NNFSP04112016.pdf\">Regl\u00f3n 022, Regl\u00f3n 029<\/a><\/td>\n<\/tr>\n<tr>\n<td>Programa -AECID-<\/td>\n<td><\/td>\n<td><a href=\"..\/_2016_\/_Art.04_\/aecid\/noviembre\/NNFS04112016.pdf\">Regl\u00f3n 081<\/a><\/td>\n<\/tr>\n<tr>\n<td>Programa -SEJUST-<\/td>\n<td><\/td>\n<td> <a href=\"..\/_2016_\/_Art.04_\/sejust\/noviembre\/NNFSP04112016.pdf\">Regl\u00f3n 081<\/a><\/td>\n<\/tr>\n<tr>\n<td>Programa -BID-<\/td>\n<td><\/td>\n<td><a href=\"..\/_2016_\/_Art.04_\/bid\/noviembre\/NNFS04112016.pdf\">Regl\u00f3n 081<\/a><\/td>\n<\/tr>\n<\/tbody>\n<\/table>\n<p><!-- mes de diciembre --><\/p>\n<table>\n<tbody>\n<tr>\n<th style=\"text-align: center;\">diciembre<\/th>\n<th style=\"text-align: center;\" colspan=\"2\">DESCARGAR<\/th>\n<\/tr>\n<tr>\n<td>Secretar\u00eda Ejecutiva de la ICMSJ<\/td>\n<td><a href=\"..\/_2016_\/_Art.04_\/seicmsj\/diciembre\/Num4SEICMSJ.pdf\">Regl\u00f3n 022, Regl\u00f3n 029<\/a><\/td>\n<\/tr>\n<tr>\n<td>Programa -AECID- FORTIFICACION<\/td>\n<td><a href=\"..\/_2016_\/_Art.04_\/aecid\/diciembre\/Num4AECIDFOR.pdf\">Regl\u00f3n 081<\/a><\/td>\n<\/tr>\n<tr>\n<td>Programa -AECID- PROYECTO<\/td>\n<td><a href=\"..\/_2016_\/_Art.04_\/aecid\/diciembre\/Num4AECIDPRO.pdf\">Regl\u00f3n 081<\/a><\/td>\n<\/tr>\n<tr>\n<td>Programa -SEJUST-<\/td>\n<td><\/td>\n<td> <a href=\"..\/_2016_\/_Art.04_\/sejust\/diciembre\/Num4SEJUST.pdf\">Regl\u00f3n 081<\/a><\/td>\n<\/tr>\n<tr>\n<td>Programa -BID-<\/td>\n<td><\/td>\n<td><a href=\"..\/_2016_\/_Art.04_\/bid\/diciembre\/Num4BID.pdf\">Regl\u00f3n 081<\/a><\/td>\n<\/tr>\n<\/tbody>\n<\/table>\n","protected":false},"excerpt":{"rendered":"<p>enero 2016 DESCARGAR Secretar\u00eda Ejecutiva de la ICMSJ Regl\u00f3n 022 Regl\u00f3n 029 Programa -AECID- Regl\u00f3n 081 Programa -SEJUST- \u00a0Regl\u00f3n 081 Programa -BID- \u00a0Regl\u00f3n 081 febrero 2016 DESCARGAR Secretar\u00eda Ejecutiva de la ICMSJ Regl\u00f3n 022 Regl\u00f3n 029 Programa -AECID- Regl\u00f3n 081 Programa -SEJUST- \u00a0Regl\u00f3n 081 Programa -BID- Regl\u00f3n 081 marzo 2016 DESCARGAR Secretar\u00eda Ejecutiva de la [&hellip;]<\/p>\n","protected":false},"author":1,"featured_media":0,"parent":0,"menu_order":0,"comment_status":"closed","ping_status":"closed","template":"","meta":{"_et_pb_use_builder":"","_et_pb_old_content":"","_et_gb_content_width":"","footnotes":""},"class_list":["post-547","page","type-page","status-publish","hentry"],"nelio_popups_active_popup":"","_links":{"self":[{"href":"https:\/\/seij.gob.gt\/udisep\/wp-json\/wp\/v2\/pages\/547","targetHints":{"allow":["GET"]}}],"collection":[{"href":"https:\/\/seij.gob.gt\/udisep\/wp-json\/wp\/v2\/pages"}],"about":[{"href":"https:\/\/seij.gob.gt\/udisep\/wp-json\/wp\/v2\/types\/page"}],"author":[{"embeddable":true,"href":"https:\/\/seij.gob.gt\/udisep\/wp-json\/wp\/v2\/users\/1"}],"replies":[{"embeddable":true,"href":"https:\/\/seij.gob.gt\/udisep\/wp-json\/wp\/v2\/comments?post=547"}],"version-history":[{"count":41,"href":"https:\/\/seij.gob.gt\/udisep\/wp-json\/wp\/v2\/pages\/547\/revisions"}],"predecessor-version":[{"id":1115,"href":"https:\/\/seij.gob.gt\/udisep\/wp-json\/wp\/v2\/pages\/547\/revisions\/1115"}],"wp:attachment":[{"href":"https:\/\/seij.gob.gt\/udisep\/wp-json\/wp\/v2\/media?parent=547"}],"curies":[{"name":"wp","href":"https:\/\/api.w.org\/{rel}","templated":true}]}}