{"id":550,"date":"2016-02-05T17:27:53","date_gmt":"2016-02-05T17:27:53","guid":{"rendered":"http:\/\/seij.gob.gt\/udisep\/?page_id=550"},"modified":"2022-02-28T10:06:03","modified_gmt":"2022-02-28T16:06:03","slug":"art05","status":"publish","type":"page","link":"https:\/\/seij.gob.gt\/udisep\/art05\/","title":{"rendered":"05. Misi\u00f3n y objetivos, plan operativo anual y resultados"},"content":{"rendered":"<p style=\"text-align: center;\"><span style=\"font-family: 'arial black', sans-serif; font-size: 18pt; color: #000080;\">Misi\u00f3n y objetivos, plan operativo anual y resultados<\/span><\/p>\n<p>&nbsp;<\/p>\n<table style=\"height: 393px;\" width=\"735\">\n<tbody>\n<tr style=\"height: 95px;\">\n<td style=\"width: 188px; height: 95px;\">\n<h2><\/h2>\n<h2 style=\"text-align: center;\"><span style=\"color: #000080; font-family: georgia, palatino, serif;\">MISI\u00d3N<\/span><\/h2>\n<\/td>\n<td style=\"width: 531px; height: 95px;\"><span style=\"font-family: georgia, palatino, serif;\"><span style=\"color: #000080;\"><em>Ser el \u00f3rgano ejecutor y coordinador de los planes, programas y proyectos sectoriales acordados por la Instancia Coordinadora de la Modernizaci\u00f3n del Sector Justicia.<\/em><\/span><\/span><\/td>\n<\/tr>\n<tr style=\"height: 75px;\">\n<td style=\"width: 188px; height: 75px;\">\n<h2><\/h2>\n<h2 style=\"text-align: center;\"><span style=\"color: #000080; font-family: georgia, palatino, serif;\">VISI\u00d3N<\/span><\/h2>\n<\/td>\n<td style=\"width: 531px; height: 75px;\"><span style=\"font-size: 12pt;\"><span style=\"font-family: georgia, palatino, serif;\"><em><span style=\"color: #000080;\">Cumplir con lo encomendado por la Instancia Coordinadora de la Modernizaci\u00f3n del Sector Justicia, garantizando el acceso, la eficiencia y el fortalecimiento de la administraci\u00f3n de la justicia, a efecto de consolidar el Estado de Derecho.<\/span><\/em><\/span><\/span><\/td>\n<\/tr>\n<tr style=\"height: 223px;\">\n<td style=\"width: 188px; height: 223px;\">\n<h2><\/h2>\n<h2><\/h2>\n<h2 style=\"text-align: center;\"><span style=\"color: #000080; font-family: georgia, palatino, serif;\">OBJETIVOS<\/span><\/h2>\n<\/td>\n<td style=\"width: 531px; height: 223px;\">\n<ol>\n<li><span style=\"font-family: georgia, palatino, serif; color: #000080; font-size: 12pt;\"><em>Coordinar actividades, procedimiento y programas que optimicen el empleo de los recursos humanos, materiales y t\u00e9cnicos, de manera integral, racional y permanente, para el fortalecimiento y la modernizaci\u00f3n de la justicia.<\/em><\/span><\/li>\n<li><span style=\"font-family: georgia, palatino, serif; color: #000080; font-size: 12pt;\"><em>Apoyar a la Instancia Coordinadora de la Modernizaci\u00f3n del Sector Justicia en el fortalecimiento de la Justicia y en la modernizaci\u00f3n de las instituciones que la conforman.<\/em><\/span><\/li>\n<li><span style=\"font-family: georgia, palatino, serif; color: #000080; font-size: 12pt;\"><em>\u00a0Promover el acceso a la justicia; y facilitar la participaci\u00f3n de la sociedad civil para lograr fortalecer las instituciones del sector justicia y seguridad.<\/em><\/span><\/li>\n<\/ol>\n<\/td>\n<\/tr>\n<\/tbody>\n<\/table>\n<hr \/>\n<table style=\"width: 416px; height: 564px;\">\n<tbody>\n<tr style=\"height: 36px;\">\n<td style=\"width: 406px; text-align: center; height: 36px;\" colspan=\"2\"><span style=\"color: #000080; font-family: 'arial black', sans-serif;\"><strong><span style=\"font-size: 18pt;\">2,021<\/span><\/strong><\/span><\/td>\n<\/tr>\n<tr style=\"height: 97px;\">\n<td style=\"width: 302px; height: 97px;\">&nbsp;<\/p>\n<p><span style=\"font-family: arial, helvetica, sans-serif; font-size: 14pt; color: #000080;\">Resultados 2021<\/span><\/td>\n<td style=\"width: 98px; height: 97px;\"><a href=\"..\/\/_2021_\/informacion publica\/diciembre\/NUMERAL 5\/RESULTADOS 2021.pdf\"><img decoding=\"async\" class=\"aligncenter\" src=\"https:\/\/seij.gob.gt\/udisep\/wp-content\/uploads\/2020\/02\/pdf_3.jpg\" width=\"89\" height=\"97\" \/><\/a><\/td>\n<\/tr>\n<tr style=\"height: 128px;\">\n<td style=\"width: 302px; height: 128px;\">&nbsp;<\/p>\n<p><span style=\"color: #000080; font-family: arial, helvetica, sans-serif; font-size: 14pt;\">Plan Estrat\u00e9gico Institucional\u00a0 \u00a0 \u00a0 \u00a0 \u00a0 \u00a0 -SE 2021-2025-<\/span><\/td>\n<td style=\"width: 98px; height: 128px;\"><a href=\"..\/\/_2021_\/informacion publica\/enero\/NUM5\/1. PLAN ESTRATEGICO INSTITUCIONAL SE 2021-2025 ACTUALIZADO.pdf\"><img decoding=\"async\" class=\"aligncenter\" src=\"https:\/\/seij.gob.gt\/udisep\/wp-content\/uploads\/2020\/02\/pdf_3.jpg\" width=\"89\" height=\"97\" \/><\/a><\/td>\n<\/tr>\n<tr style=\"height: 128px;\">\n<td style=\"width: 302px; height: 128px;\">&nbsp;<\/p>\n<p><span style=\"color: #000080; font-family: arial, helvetica, sans-serif; font-size: 14pt;\">Plan Operativo Multianual -POM- SEICMSJ 2021-2024<\/span><\/td>\n<td style=\"width: 98px; height: 128px;\"><a href=\"..\/\/_2021_\/informacion publica\/enero\/NUM5\/2. PLAN OPERATIVO MULTIANUAL POM- SEICMSJ 2021 - 2024 ACTUALIZADO.pdf\"><img decoding=\"async\" class=\"aligncenter\" src=\"https:\/\/seij.gob.gt\/udisep\/wp-content\/uploads\/2020\/02\/pdf_3.jpg\" width=\"89\" height=\"97\" \/><\/a><\/td>\n<\/tr>\n<tr style=\"height: 128px;\">\n<td style=\"width: 302px; height: 128px;\">&nbsp;<\/p>\n<p><span style=\"color: #000080; font-family: arial, helvetica, sans-serif; font-size: 14pt;\">Plan Operativo Anual -POA-\u00a0 \u00a0 \u00a0 \u00a0 \u00a0 \u00a0 \u00a0 SEICMSJ 2021<\/span><\/td>\n<td style=\"width: 98px; height: 128px;\"><a href=\"..\/\/_2021_\/informacion publica\/enero\/NUM5\/3. PLAN OPERATIVO ANUAL -POA- SEICMSJ 2021 Actualizado.pdf\"><img decoding=\"async\" class=\"aligncenter\" src=\"https:\/\/seij.gob.gt\/udisep\/wp-content\/uploads\/2020\/02\/pdf_3.jpg\" width=\"89\" height=\"97\" \/><\/a><\/td>\n<\/tr>\n<tr style=\"height: 47px;\">\n<td style=\"width: 302px; height: 47px;\"><span style=\"color: #000080; font-family: arial, helvetica, sans-serif; font-size: 14pt;\">Plan Operativo Anual -POA-\u00a0 \u00a0 \u00a0 \u00a0 \u00a0 \u00a0 \u00a0 -PREVI-\u00a0<\/span><\/p>\n<p>&nbsp;<\/td>\n<td style=\"width: 98px; height: 47px;\"><a href=\"..\/\/_2021_\/informacion publica\/febrero\/NUMERAL 5\/POA PREVI A\u00d1O 2021.pdf\"><img decoding=\"async\" class=\"aligncenter\" src=\"https:\/\/seij.gob.gt\/udisep\/wp-content\/uploads\/2020\/02\/pdf_3.jpg\" width=\"89\" height=\"97\" \/><\/a><\/td>\n<\/tr>\n<\/tbody>\n<\/table>\n<p>&nbsp;<\/p>\n<hr \/>\n<hr \/>\n<p>&nbsp;<\/p>\n<table style=\"height: 289px; width: 416px;\" width=\"380\">\n<tbody>\n<tr style=\"height: 47px;\">\n<td style=\"width: 406px; text-align: center; height: 47px;\" colspan=\"2\"><span style=\"color: #000080; font-family: 'arial black', sans-serif;\"><strong><span style=\"font-size: 18pt;\">2020<\/span><\/strong><\/span><\/td>\n<\/tr>\n<tr>\n<td style=\"width: 305px;\"><span style=\"color: #000080; font-family: arial, helvetica, sans-serif; font-size: 14pt;\">Resultados -POA- SEICMSJ<\/span><\/td>\n<td style=\"width: 95px;\"><a href=\"..\/\/_2021_\/informacion publica\/marzo\/NUMERAL 5\/RESULTADOS DEL POA DE LA SEICMSJ 2020.pdf\"><img decoding=\"async\" class=\"aligncenter\" src=\"https:\/\/seij.gob.gt\/udisep\/wp-content\/uploads\/2020\/02\/pdf_3.jpg\" width=\"89\" height=\"97\" \/><\/a><\/td>\n<\/tr>\n<tr style=\"height: 34px;\">\n<td style=\"width: 305px; height: 34px;\">&nbsp;<\/p>\n<p><span style=\"color: #000080; font-family: arial, helvetica, sans-serif; font-size: 14pt;\">Plan Operativo Anual -POA-<\/span><\/td>\n<td style=\"width: 95px; height: 34px;\"><a href=\"..\/\/_2020_\/Informacion Publica\/mayo\/Plan Operativo Anual -POA- SEICMSJ 2020.pdf\"><img decoding=\"async\" class=\"aligncenter\" src=\"https:\/\/seij.gob.gt\/udisep\/wp-content\/uploads\/2020\/02\/pdf_3.jpg\" width=\"89\" height=\"97\" \/><\/a><\/td>\n<\/tr>\n<tr style=\"height: 41px;\">\n<td style=\"width: 305px; height: 41px;\">&nbsp;<\/p>\n<p><span style=\"color: #000080; font-family: arial, helvetica, sans-serif; font-size: 14pt;\">Plan Estrat\u00e9gico Institucional -PEI-<\/span><\/td>\n<td style=\"width: 95px; height: 41px;\"><a href=\"..\/\/_2020_\/Informacion Publica\/mayo\/Plan Estrat\u00e9gico Institucional -PEI- SEICMSJ 2016-2020.pdf\"><img decoding=\"async\" class=\"aligncenter\" src=\"https:\/\/seij.gob.gt\/udisep\/wp-content\/uploads\/2020\/02\/pdf_3.jpg\" width=\"89\" height=\"97\" \/><\/a><\/td>\n<\/tr>\n<tr>\n<td style=\"width: 305px;\">&nbsp;<\/p>\n<p><span style=\"color: #000080; font-family: arial, helvetica, sans-serif; font-size: 14pt;\">Plan Operativo Anual -POA-\u00a0 PREVI<\/span><\/td>\n<td style=\"width: 95px;\"><a href=\"..\/\/_2021_\/informacion publica\/febrero\/NUMERAL 5\/POA PREVI A\u00d1O 2020.pdf\"><img decoding=\"async\" class=\"aligncenter\" src=\"https:\/\/seij.gob.gt\/udisep\/wp-content\/uploads\/2020\/02\/pdf_3.jpg\" width=\"89\" height=\"97\" \/><\/a><\/td>\n<\/tr>\n<\/tbody>\n<\/table>\n<p><span style=\"color: #ff0000;\">&#8212;&#8212;&#8212;&#8212;&#8212;&#8212;&#8212;&#8212;&#8212;&#8212;&#8212;&#8212;&#8212;&#8212;&#8212;&#8212;&#8212;&#8212;&#8212;&#8212;&#8212;&#8212;&#8212;&#8212;&#8212;&#8212;&#8212;&#8212;&#8212;&#8212;&#8212;&#8212;&#8212;&#8212;&#8212;&#8212;&#8212;&#8212;&#8212;&#8212;&#8212;&#8212;&#8212;&#8212;&#8212;&#8212;&#8212;&#8212;&#8212;&#8212;&#8212;&#8212;&#8212;&#8212;&#8212;&#8212;&#8212;&#8212;&#8212;&#8212;&#8211;<\/span><\/p>\n<hr \/>\n<hr \/>\n<p>&nbsp;<\/p>\n<table>\n<tbody>\n<tr>\n<td><span style=\"font-family: helvetica, arial, sans-serif;\">Informe de Resultado del POA, A\u00f1o 2015<\/span><\/td>\n<td><span style=\"font-family: helvetica, arial, sans-serif;\"><a href=\"..\/_2016_\/_Art.05_\/Documento1.pdf\"><span style=\"color: #0000ff;\"><span style=\"color: #ff0000;\">Descargar<\/span><\/span><\/a><\/span><\/td>\n<\/tr>\n<\/tbody>\n<\/table>\n<table style=\"height: 24px;\">\n<tbody>\n<tr style=\"height: 24px;\">\n<td style=\"height: 24px; width: 157px;\"><span style=\"font-family: helvetica, arial, sans-serif;\">Plan Estrat\u00e9gico 2016<\/span><\/td>\n<td style=\"height: 24px; width: 74px;\"><span style=\"font-family: helvetica, arial, sans-serif;\"><a href=\"..\/_2016_\/_Art.05_\/Plan Estrategico 2016.pdf\"><span style=\"color: #0000ff;\"><span style=\"color: #ff0000;\">Descargar<\/span><\/span><\/a><\/span><\/td>\n<\/tr>\n<\/tbody>\n<\/table>\n<table style=\"height: 16px; width: 289px;\">\n<tbody>\n<tr style=\"height: 24px;\">\n<td style=\"height: 16px; width: 197px;\">Plan Operativo Anual 2016<\/td>\n<td style=\"height: 16px; width: 76px;\"><span style=\"font-family: helvetica, arial, sans-serif;\"><a href=\"..\/_2016_\/_Art.05_\/POA2016.pdf\"><span style=\"color: #0000ff;\"><span style=\"color: #ff0000;\">Descargar<\/span><\/span><\/a><\/span><\/td>\n<\/tr>\n<\/tbody>\n<\/table>\n<table style=\"height: 24px;\">\n<tbody>\n<tr style=\"height: 24px;\">\n<td style=\"height: 24px; width: 186px;\"><span style=\"font-family: helvetica, arial, sans-serif;\">Plan operativo anual 2017<\/span><\/td>\n<td style=\"height: 24px; width: 74px;\"><span style=\"font-family: helvetica, arial, sans-serif; color: #0000ff;\"><a style=\"color: #0000ff;\" href=\"..\/_2016_\/_Art.05_\/POA2017.pdf\"><span style=\"color: #ff0000;\">Descargar<\/span><\/a><\/span><\/td>\n<\/tr>\n<\/tbody>\n<\/table>\n<table>\n<tbody>\n<tr>\n<td><span style=\"font-family: helvetica, arial, sans-serif;\">Plan operativo anual 2018<\/span><\/td>\n<td><span style=\"font-family: helvetica, arial, sans-serif;\"><a href=\"..\/_2018_\/Plan operativo anual\/POA 2018.pdf\"><span style=\"color: #0000ff;\"><span style=\"color: #ff0000;\">Descargar<\/span><\/span><\/a><\/span><\/td>\n<\/tr>\n<\/tbody>\n<\/table>\n<table>\n<tbody>\n<tr>\n<td><span style=\"font-family: helvetica, arial, sans-serif;\">POA 2018 Modificaci\u00f3n 1 23 enero 2018<\/span><\/td>\n<td><span style=\"font-family: helvetica, arial, sans-serif;\"><a href=\"https:\/\/seij.gob.gt\/udisep\/_2018_\/Plan%20operativo%20anual\/POA-2018-Modificaci%C3%B3n1-23enero2018.pdf\"><span style=\"color: #0000ff;\"><span style=\"color: #ff0000;\">Descargar<\/span><\/span><\/a><\/span><\/td>\n<td><span style=\"font-family: helvetica, arial, sans-serif;\">POA 2018 Actualizaci\u00f3n 9\/10\/2018 parte 1<\/span><\/td>\n<td><span style=\"font-family: helvetica, arial, sans-serif;\"><a href=\"https:\/\/seij.gob.gt\/udisep\/_2018_\/Inforrmacion_publica_2018\/Septiembre\/Num5\/POA%202018%20SEICMSJ.pdf\"><span style=\"color: #0000ff;\"><span style=\"color: #ff0000;\">Descargar<\/span><\/span><\/a><\/span><\/td>\n<td><span style=\"font-family: helvetica, arial, sans-serif;\">POA 2018 Actualizaci\u00f3n 9\/10\/2018 parte 2<\/span><\/td>\n<td><span style=\"font-family: helvetica, arial, sans-serif;\"><a href=\"https:\/\/seij.gob.gt\/udisep\/_2018_\/Inforrmacion_publica_2018\/Septiembre\/Num5\/POA%20Solola.pdf\"><span style=\"color: #0000ff;\"><span style=\"color: #ff0000;\">Descargar<\/span><\/span><\/a><\/span><\/td>\n<\/tr>\n<\/tbody>\n<\/table>\n<table style=\"width: 755px; height: 160px;\">\n<tbody>\n<tr>\n<td style=\"width: 109px;\"><span style=\"font-family: helvetica, arial, sans-serif;\">Plan Operativo Anual 2019 SEICMSJ<\/span><\/td>\n<td style=\"width: 109px;\"><span style=\"font-family: helvetica, arial, sans-serif; color: #ff0000;\"><a style=\"color: #ff0000;\" href=\"..\/\/_2019_\/informacion publica\/enero\/Num5_enero_19\/POA_enero_2019.pdf\">Descargar<\/a><\/span><\/td>\n<td style=\"width: 136px; text-align: left;\"><span style=\"font-family: helvetica, arial, sans-serif;\">Presupuesto Programa 4 clausula 6<\/span><\/td>\n<td style=\"width: 110px;\"><a href=\"..\/\/_2019_\/informacion publica\/agosto\/NUMERAL_5_AGO19\/Presupuesto Programa 4 Clausula 6.pdf\"><span style=\"font-family: helvetica, arial, sans-serif; color: #000000;\"><span style=\"color: #ff0000;\">Descargar<\/span><\/span><\/a><\/td>\n<td style=\"width: 138px; text-align: left;\"><span style=\"font-family: helvetica, arial, sans-serif;\">Presupuesto Programa 4 clausula 7<\/span><\/td>\n<td style=\"width: 113px;\"><a href=\"..\/\/_2019_\/informacion publica\/agosto\/NUMERAL_5_AGO19\/Presupuesto Programa 4 Claudula 7.pdf\"><span style=\"font-family: helvetica, arial, sans-serif; color: #000000;\"><span style=\"color: #ff0000;\">Descargar<\/span><\/span><\/a><\/td>\n<\/tr>\n<\/tbody>\n<\/table>\n<table style=\"height: 25px;\" width=\"758\">\n<tbody>\n<tr>\n<td style=\"width: 285px;\"><span style=\"font-family: helvetica, arial, sans-serif; color: #808080;\">POA 2019 Proyecto Fortalecimiento de los mecanismos de protecci\u00f3n de las mujeres v\u00edctimas de violencia, fase II<\/span><\/td>\n<td style=\"width: 79px;\"><a href=\"..\/\/_2019_\/informacion publica\/septiembre\/NUM5\/Fortalecimiento Fase II.pdf\"><span style=\"font-family: helvetica, arial, sans-serif; color: #000000;\"><span style=\"color: #ff0000;\">Descargar<\/span><\/span><\/a><\/td>\n<td style=\"width: 296px;\"><span style=\"font-family: helvetica, arial, sans-serif; color: #808080;\">POA 2019 Proyecto Fortalecimiento de los mecanismos de protecci\u00f3n de las mujeres sobrevivientes de violencia, f<\/span><span style=\"font-family: helvetica, arial, sans-serif; color: #808080;\">ase III<\/span><\/td>\n<td style=\"width: 70px;\"><a href=\"..\/\/_2019_\/informacion publica\/septiembre\/NUM5\/Sobreviviente Fase III.pdf\"><span style=\"font-family: helvetica, arial, sans-serif; color: #000000;\"><span style=\"color: #ff0000;\">Descargar<\/span><\/span><\/a><\/td>\n<\/tr>\n<\/tbody>\n<\/table>\n<table style=\"height: 46px; width: 457px;\" width=\"752\">\n<tbody>\n<tr>\n<td style=\"width: 345px;\"><span style=\"font-family: helvetica, arial, sans-serif;\">Plan Operativo Anual 2019 1er. cuatrimestre<\/span><\/td>\n<td style=\"width: 96px; text-align: center;\"><a href=\"..\/\/_2019_\/informacion publica\/septiembre\/NUM5\/AVANCES DE LA MATRIZ DEL POA 2019 primer cuatrimestre.pdf\"><span style=\"color: #ff0000; font-family: helvetica, arial, sans-serif;\">Descargar<\/span><\/a><\/td>\n<\/tr>\n<tr>\n<td style=\"width: 345px;\"><span style=\"font-family: helvetica, arial, sans-serif;\">Plan Operativo Anual 2019 2do. cuatrimestre<\/span><\/td>\n<td style=\"width: 96px; text-align: center;\"><a href=\"..\/\/_2019_\/informacion publica\/septiembre\/NUM5\/AVANCES DE LA MATRIZ DEL POA 2019 segundo cuatrimestre.pdf\"><span style=\"color: #ff0000; font-family: helvetica, arial, sans-serif;\">Descargar<\/span><\/a><\/td>\n<\/tr>\n<\/tbody>\n<\/table>\n<table style=\"height: 21px; width: 737px;\" width=\"609\">\n<tbody>\n<tr>\n<td style=\"width: 637px;\"><span style=\"font-family: helvetica, arial, sans-serif; font-size: 12pt;\">POA 2019 Programa Prevenci\u00f3n de la Violencia y el Delito contra Mujeres, Ni\u00f1ez y Adolescencia<\/span><\/td>\n<td style=\"width: 84px; text-align: center;\"><a href=\"..\/\/_2019_\/informacion publica\/septiembre\/NUM5\/POA 1 VERSION 2 PDF.pdf\"><span style=\"font-family: helvetica, arial, sans-serif; color: #ff0000;\">Descargar<\/span><\/a><\/td>\n<\/tr>\n<tr>\n<td style=\"width: 637px;\"><span style=\"font-family: helvetica, arial, sans-serif; font-size: 12pt;\">Resultado -POA- SEICMSJ 2019<\/span><\/td>\n<td style=\"width: 84px; text-align: center;\"><a href=\"..\/\/_2021_\/informacion publica\/marzo\/NUMERAL 5\/RERSULTADOS POA SEICCMSJ 2019.pdf\"><span style=\"font-family: helvetica, arial, sans-serif; color: #ff0000;\">Descargar<\/span><\/a><\/td>\n<\/tr>\n<\/tbody>\n<\/table>\n<p>&nbsp;<\/p>\n<p>&nbsp;<\/p>\n","protected":false},"excerpt":{"rendered":"<p>Misi\u00f3n y objetivos, plan operativo anual y resultados &nbsp; MISI\u00d3N Ser el \u00f3rgano ejecutor y coordinador de los planes, programas y proyectos sectoriales acordados por la Instancia Coordinadora de la Modernizaci\u00f3n del Sector Justicia. VISI\u00d3N Cumplir con lo encomendado por la Instancia Coordinadora de la Modernizaci\u00f3n del Sector Justicia, garantizando el acceso, la eficiencia y [&hellip;]<\/p>\n","protected":false},"author":1,"featured_media":0,"parent":0,"menu_order":0,"comment_status":"closed","ping_status":"closed","template":"","meta":{"_et_pb_use_builder":"","_et_pb_old_content":"","_et_gb_content_width":"","footnotes":""},"class_list":["post-550","page","type-page","status-publish","hentry"],"nelio_popups_active_popup":"","_links":{"self":[{"href":"https:\/\/seij.gob.gt\/udisep\/wp-json\/wp\/v2\/pages\/550","targetHints":{"allow":["GET"]}}],"collection":[{"href":"https:\/\/seij.gob.gt\/udisep\/wp-json\/wp\/v2\/pages"}],"about":[{"href":"https:\/\/seij.gob.gt\/udisep\/wp-json\/wp\/v2\/types\/page"}],"author":[{"embeddable":true,"href":"https:\/\/seij.gob.gt\/udisep\/wp-json\/wp\/v2\/users\/1"}],"replies":[{"embeddable":true,"href":"https:\/\/seij.gob.gt\/udisep\/wp-json\/wp\/v2\/comments?post=550"}],"version-history":[{"count":48,"href":"https:\/\/seij.gob.gt\/udisep\/wp-json\/wp\/v2\/pages\/550\/revisions"}],"predecessor-version":[{"id":4571,"href":"https:\/\/seij.gob.gt\/udisep\/wp-json\/wp\/v2\/pages\/550\/revisions\/4571"}],"wp:attachment":[{"href":"https:\/\/seij.gob.gt\/udisep\/wp-json\/wp\/v2\/media?parent=550"}],"curies":[{"name":"wp","href":"https:\/\/api.w.org\/{rel}","templated":true}]}}