{"id":5648,"date":"2024-01-19T09:37:06","date_gmt":"2024-01-19T15:37:06","guid":{"rendered":"https:\/\/seij.gob.gt\/udisep\/?page_id=5648"},"modified":"2025-02-04T13:47:02","modified_gmt":"2025-02-04T19:47:02","slug":"numeral-3-ano-2024","status":"publish","type":"page","link":"https:\/\/seij.gob.gt\/udisep\/numeral-3-ano-2024\/","title":{"rendered":"Numeral 3 a\u00f1o 2024"},"content":{"rendered":"<p style=\"text-align: center;\"><span style=\"font-family: arial black, sans-serif; font-size: 18pt;\"><span style=\"color: #333399;\"><span style=\"vertical-align: inherit;\"><span style=\"vertical-align: inherit;\"><span style=\"vertical-align: inherit;\"><span style=\"vertical-align: inherit;\">Directorio de Empleados<\/span><\/span><\/span><\/span><\/span><\/span><\/p>\n<table style=\"border-collapse: collapse; width: 69.5242%;\">\n<tbody>\n<tr>\n<td style=\"width: 100%;\" colspan=\"3\"><span style=\"font-family: 'arial black', sans-serif; font-size: 12pt;\"><span style=\"vertical-align: inherit;\">Diciembre<\/span><\/span><\/td>\n<\/tr>\n<tr>\n<td style=\"width: 47.9062%;\"><span style=\"font-family: 'arial black', sans-serif; font-size: 12pt;\"><span style=\"vertical-align: inherit;\"><span style=\"font-size: 14pt;\"><strong><span style=\"font-family: arial, helvetica, sans-serif; color: #000080;\">Secretar\u00eda Ejecutiva de la ICMSJ<\/span><\/strong><\/span><\/span><\/span><\/td>\n<td style=\"width: 25.2931%;\"><a href=\"https:\/\/seij.gob.gt\/udisep\/wp-content\/uploads\/2025\/01\/Numeral-3-diciembre-2024.pdf\"><span style=\"font-family: 'arial black', sans-serif; font-size: 12pt;\"><span style=\"vertical-align: inherit;\"><img decoding=\"async\" class=\"aligncenter wp-image-5733\" src=\"https:\/\/seij.gob.gt\/udisep\/wp-content\/uploads\/2024\/02\/1.png\" alt=\"\" width=\"107\" height=\"107\" \/><\/span><\/span><\/a><\/td>\n<td style=\"width: 26.8007%;\"><a href=\"https:\/\/seij.gob.gt\/udisep\/wp-content\/uploads\/2025\/02\/Numeral-3-Diciembre-2024.xlsx\"><span style=\"font-family: 'arial black', sans-serif; font-size: 12pt;\"><span style=\"vertical-align: inherit;\"><img decoding=\"async\" class=\"aligncenter wp-image-5734\" src=\"https:\/\/seij.gob.gt\/udisep\/wp-content\/uploads\/2024\/02\/2.png\" alt=\"\" width=\"110\" height=\"110\" \/><\/span><\/span><\/a><\/td>\n<\/tr>\n<\/tbody>\n<\/table>\n<table style=\"border-collapse: collapse; width: 69.5242%;\">\n<tbody>\n<tr>\n<td style=\"width: 100%;\" colspan=\"3\"><span style=\"font-family: 'arial black', sans-serif; font-size: 12pt;\"><span style=\"vertical-align: inherit;\">Noviembre<\/span><\/span><\/td>\n<\/tr>\n<tr>\n<td style=\"width: 47.9062%;\"><span style=\"font-family: 'arial black', sans-serif; font-size: 12pt;\"><span style=\"vertical-align: inherit;\"><span style=\"font-size: 14pt;\"><strong><span style=\"font-family: arial, helvetica, sans-serif; color: #000080;\">Secretar\u00eda Ejecutiva de la ICMSJ<\/span><\/strong><\/span><\/span><\/span><\/td>\n<td style=\"width: 25.2931%;\"><a href=\"https:\/\/seij.gob.gt\/udisep\/wp-content\/uploads\/2024\/12\/Numeral-3-noviembre-2024.pdf\"><span style=\"font-family: 'arial black', sans-serif; font-size: 12pt;\"><span style=\"vertical-align: inherit;\"><img decoding=\"async\" class=\"aligncenter wp-image-5733\" src=\"https:\/\/seij.gob.gt\/udisep\/wp-content\/uploads\/2024\/02\/1.png\" alt=\"\" width=\"107\" height=\"107\" \/><\/span><\/span><\/a><\/td>\n<td style=\"width: 26.8007%;\"><a href=\"https:\/\/seij.gob.gt\/udisep\/wp-content\/uploads\/2024\/12\/Numeral-3-noviembre-2024.xlsx\"><span style=\"font-family: 'arial black', sans-serif; font-size: 12pt;\"><span style=\"vertical-align: inherit;\"><img decoding=\"async\" class=\"aligncenter wp-image-5734\" src=\"https:\/\/seij.gob.gt\/udisep\/wp-content\/uploads\/2024\/02\/2.png\" alt=\"\" width=\"110\" height=\"110\" \/><\/span><\/span><\/a><\/td>\n<\/tr>\n<tr>\n<td style=\"width: 100%;\" colspan=\"3\"><span style=\"font-family: 'arial black', sans-serif; font-size: 12pt;\"><span style=\"vertical-align: inherit;\">Octubre<\/span><\/span><\/td>\n<\/tr>\n<tr>\n<td style=\"width: 47.9062%;\"><span style=\"font-family: 'arial black', sans-serif; font-size: 12pt;\"><span style=\"vertical-align: inherit;\"><span style=\"font-size: 14pt;\"><strong><span style=\"font-family: arial, helvetica, sans-serif; color: #000080;\">Secretar\u00eda Ejecutiva de la ICMSJ<\/span><\/strong><\/span><\/span><\/span><\/td>\n<td style=\"width: 25.2931%;\"><a href=\"https:\/\/seij.gob.gt\/udisep\/wp-content\/uploads\/2024\/11\/Numeral-3-octubre-2024.pdf\"><span style=\"font-family: 'arial black', sans-serif; font-size: 12pt;\"><span style=\"vertical-align: inherit;\"><img decoding=\"async\" class=\"aligncenter wp-image-5733\" src=\"https:\/\/seij.gob.gt\/udisep\/wp-content\/uploads\/2024\/02\/1.png\" alt=\"\" width=\"107\" height=\"107\" \/><\/span><\/span><\/a><\/td>\n<td style=\"width: 26.8007%;\"><a href=\"https:\/\/seij.gob.gt\/udisep\/wp-content\/uploads\/2024\/11\/Numeral-3-octubre-2024.xlsx\"><span style=\"font-family: 'arial black', sans-serif; font-size: 12pt;\"><span style=\"vertical-align: inherit;\"><img decoding=\"async\" class=\"aligncenter wp-image-5734\" src=\"https:\/\/seij.gob.gt\/udisep\/wp-content\/uploads\/2024\/02\/2.png\" alt=\"\" width=\"110\" height=\"110\" \/><\/span><\/span><\/a><\/td>\n<\/tr>\n<tr>\n<td style=\"width: 100%;\" colspan=\"3\"><span style=\"font-family: 'arial black', sans-serif; font-size: 12pt;\"><span style=\"vertical-align: inherit;\">Septiembre<\/span><\/span><\/td>\n<\/tr>\n<tr>\n<td style=\"width: 47.9062%;\"><span style=\"font-family: 'arial black', sans-serif; font-size: 12pt;\"><span style=\"vertical-align: inherit;\"><span style=\"font-size: 14pt;\"><strong><span style=\"font-family: arial, helvetica, sans-serif; color: #000080;\">Secretar\u00eda Ejecutiva de la ICMSJ<\/span><\/strong><\/span><\/span><\/span><\/td>\n<td style=\"width: 25.2931%;\"><a href=\"https:\/\/seij.gob.gt\/udisep\/wp-content\/uploads\/2024\/10\/Directorio-de-Empleados-septiembre-2024.pdf\"><span style=\"font-family: 'arial black', sans-serif; font-size: 12pt;\"><span style=\"vertical-align: inherit;\"><img decoding=\"async\" class=\"aligncenter wp-image-5733\" src=\"https:\/\/seij.gob.gt\/udisep\/wp-content\/uploads\/2024\/02\/1.png\" alt=\"\" width=\"107\" height=\"107\" \/><\/span><\/span><\/a><\/td>\n<td style=\"width: 26.8007%;\"><a href=\"https:\/\/seij.gob.gt\/udisep\/wp-content\/uploads\/2024\/10\/Directorio-de-Empleados-septiembre-2024.xlsx\"><span style=\"font-family: 'arial black', sans-serif; font-size: 12pt;\"><span style=\"vertical-align: inherit;\"><img decoding=\"async\" class=\"aligncenter wp-image-5734\" src=\"https:\/\/seij.gob.gt\/udisep\/wp-content\/uploads\/2024\/02\/2.png\" alt=\"\" width=\"110\" height=\"110\" \/><\/span><\/span><\/a><\/td>\n<\/tr>\n<tr>\n<td style=\"width: 100%;\" colspan=\"3\"><span style=\"font-family: 'arial black', sans-serif; font-size: 12pt;\"><span style=\"vertical-align: inherit;\">Agosto<\/span><\/span><\/td>\n<\/tr>\n<tr>\n<td style=\"width: 47.9062%;\"><span style=\"font-family: 'arial black', sans-serif; font-size: 12pt;\"><span style=\"vertical-align: inherit;\"><span style=\"font-size: 14pt;\"><strong><span style=\"font-family: arial, helvetica, sans-serif; color: #000080;\">Secretar\u00eda Ejecutiva de la ICMSJ<\/span><\/strong><\/span><\/span><\/span><\/td>\n<td style=\"width: 25.2931%;\"><a href=\"..\/\/_2024_\/informacion publica\/agosto\/Numeral 3\/Directorio de Empleados y Servicios.pdf\"><span style=\"font-family: 'arial black', sans-serif; font-size: 12pt;\"><span style=\"vertical-align: inherit;\"><img decoding=\"async\" class=\"aligncenter wp-image-5733\" src=\"https:\/\/seij.gob.gt\/udisep\/wp-content\/uploads\/2024\/02\/1.png\" alt=\"\" width=\"107\" height=\"107\" \/><\/span><\/span><\/a><\/td>\n<td style=\"width: 26.8007%;\"><a href=\"..\/\/_2024_\/informacion publica\/agosto\/Numeral 3\/Directorio de Empleados y Servicios.xlsx\"><span style=\"font-family: 'arial black', sans-serif; font-size: 12pt;\"><span style=\"vertical-align: inherit;\"><img decoding=\"async\" class=\"aligncenter wp-image-5734\" src=\"https:\/\/seij.gob.gt\/udisep\/wp-content\/uploads\/2024\/02\/2.png\" alt=\"\" width=\"110\" height=\"110\" \/><\/span><\/span><\/a><\/td>\n<\/tr>\n<tr>\n<td style=\"width: 100%;\" colspan=\"3\"><span style=\"font-family: 'arial black', sans-serif; font-size: 12pt;\"><span style=\"vertical-align: inherit;\">Julio<\/span><\/span><\/td>\n<\/tr>\n<tr>\n<td style=\"width: 47.9062%;\"><span style=\"font-family: 'arial black', sans-serif; font-size: 12pt;\"><span style=\"vertical-align: inherit;\"><span style=\"font-size: 14pt;\"><strong><span style=\"font-family: arial, helvetica, sans-serif; color: #000080;\">Secretar\u00eda Ejecutiva de la ICMSJ<\/span><\/strong><\/span><\/span><\/span><\/td>\n<td style=\"width: 25.2931%;\"><a href=\"https:\/\/seij.gob.gt\/udisep\/wp-content\/uploads\/2024\/09\/Directorio-de-Empleado-y-servicios-julio-2024.pdf\"><span style=\"font-family: 'arial black', sans-serif; font-size: 12pt;\"><span style=\"vertical-align: inherit;\"><img decoding=\"async\" class=\"aligncenter wp-image-5733\" src=\"https:\/\/seij.gob.gt\/udisep\/wp-content\/uploads\/2024\/02\/1.png\" alt=\"\" width=\"107\" height=\"107\" \/><\/span><\/span><\/a><\/td>\n<td style=\"width: 26.8007%;\"><a href=\"https:\/\/seij.gob.gt\/udisep\/wp-content\/uploads\/2024\/09\/Directorio-de-Empleado-y-servicios-julio-2024.xlsx\"><span style=\"font-family: 'arial black', sans-serif; font-size: 12pt;\"><span style=\"vertical-align: inherit;\"><img decoding=\"async\" class=\"aligncenter wp-image-5734\" src=\"https:\/\/seij.gob.gt\/udisep\/wp-content\/uploads\/2024\/02\/2.png\" alt=\"\" width=\"110\" height=\"110\" \/><\/span><\/span><\/a><\/td>\n<\/tr>\n<tr>\n<td style=\"width: 100%;\" colspan=\"3\"><span style=\"font-family: 'arial black', sans-serif; font-size: 12pt;\"><span style=\"vertical-align: inherit;\">Junio<\/span><\/span><\/td>\n<\/tr>\n<tr>\n<td style=\"width: 47.9062%;\"><span style=\"font-family: 'arial black', sans-serif; font-size: 12pt;\"><span style=\"vertical-align: inherit;\"><span style=\"font-size: 14pt;\"><strong><span style=\"font-family: arial, helvetica, sans-serif; color: #000080;\">Secretar\u00eda Ejecutiva de la ICMSJ<\/span><\/strong><\/span><\/span><\/span><\/td>\n<td style=\"width: 25.2931%;\"><a href=\"..\/\/_2024_\/informacion publica\/junio\/Numeral 3\/Directorio de empleados y servidores.pdf\"><span style=\"font-family: 'arial black', sans-serif; font-size: 12pt;\"><span style=\"vertical-align: inherit;\"><img decoding=\"async\" class=\"aligncenter wp-image-5733\" src=\"https:\/\/seij.gob.gt\/udisep\/wp-content\/uploads\/2024\/02\/1.png\" alt=\"\" width=\"107\" height=\"107\" \/><\/span><\/span><\/a><\/td>\n<td style=\"width: 26.8007%;\"><a href=\"..\/\/_2024_\/informacion publica\/junio\/Numeral 3\/Directorio de empleados y servidores.xlsx\"><span style=\"font-family: 'arial black', sans-serif; font-size: 12pt;\"><span style=\"vertical-align: inherit;\"><img decoding=\"async\" class=\"aligncenter wp-image-5734\" src=\"https:\/\/seij.gob.gt\/udisep\/wp-content\/uploads\/2024\/02\/2.png\" alt=\"\" width=\"110\" height=\"110\" \/><\/span><\/span><\/a><\/td>\n<\/tr>\n<tr>\n<td style=\"width: 100%;\" colspan=\"3\"><span style=\"font-family: 'arial black', sans-serif; font-size: 12pt;\"><span style=\"vertical-align: inherit;\">Mayo<\/span><\/span><\/td>\n<\/tr>\n<tr>\n<td style=\"width: 47.9062%;\"><span style=\"font-family: 'arial black', sans-serif; font-size: 12pt;\"><span style=\"vertical-align: inherit;\"><span style=\"vertical-align: inherit;\"><span style=\"vertical-align: inherit;\"><span style=\"vertical-align: inherit;\"><span style=\"font-size: 14pt;\"><strong><span style=\"font-family: arial, helvetica, sans-serif; color: #000080;\">Secretar\u00eda Ejecutiva de la ICMSJ<\/span><\/strong><\/span><\/span><\/span><\/span><\/span><\/span><\/td>\n<td style=\"width: 25.2931%;\"><a href=\"..\/\/_2024_\/informacion publica\/mayo\/NUMERAL 3\/Directorio de Empleados y Servidores P\u00fablicos.pdf\"><span style=\"font-family: 'arial black', sans-serif; font-size: 12pt;\"><span style=\"vertical-align: inherit;\"><span style=\"vertical-align: inherit;\"><span style=\"vertical-align: inherit;\"><span style=\"vertical-align: inherit;\"><img decoding=\"async\" class=\"aligncenter wp-image-5733\" src=\"https:\/\/seij.gob.gt\/udisep\/wp-content\/uploads\/2024\/02\/1.png\" alt=\"\" width=\"107\" height=\"107\" \/><\/span><\/span><\/span><\/span><\/span><\/a><\/td>\n<td style=\"width: 26.8007%;\"><a href=\"..\/\/_2024_\/informacion publica\/mayo\/NUMERAL 3\/Directorio de Empleados y Servidores P\u00fablicos.xlsx\"><span style=\"font-family: 'arial black', sans-serif; font-size: 12pt;\"><span style=\"vertical-align: inherit;\"><span style=\"vertical-align: inherit;\"><span style=\"vertical-align: inherit;\"><span style=\"vertical-align: inherit;\"><img decoding=\"async\" class=\"aligncenter wp-image-5734\" src=\"https:\/\/seij.gob.gt\/udisep\/wp-content\/uploads\/2024\/02\/2.png\" alt=\"\" width=\"110\" height=\"110\" \/><\/span><\/span><\/span><\/span><\/span><\/a><\/td>\n<\/tr>\n<tr>\n<td style=\"width: 100%;\" colspan=\"3\"><span style=\"font-family: 'arial black', sans-serif; font-size: 12pt;\"><span style=\"vertical-align: inherit;\"><span style=\"vertical-align: inherit;\"><span style=\"vertical-align: inherit;\"><span style=\"vertical-align: inherit;\">Abril<\/span><\/span><\/span><\/span><\/span><\/td>\n<\/tr>\n<tr>\n<td style=\"width: 47.9062%;\"><span style=\"font-family: 'arial black', sans-serif; font-size: 12pt;\"><span style=\"vertical-align: inherit;\"><span style=\"vertical-align: inherit;\"><span style=\"vertical-align: inherit;\"><span style=\"vertical-align: inherit;\"><span style=\"font-size: 14pt;\"><strong><span style=\"font-family: arial, helvetica, sans-serif; color: #000080;\">Secretar\u00eda Ejecutiva de la ICMSJ<\/span><\/strong><\/span><\/span><\/span><\/span><\/span><\/span><\/td>\n<td style=\"width: 25.2931%;\"><a href=\"..\/\/_2024_\/informacion publica\/abril\/Numeral 3\/Directorio Empleados.pdf\"><span style=\"font-family: 'arial black', sans-serif; font-size: 12pt;\"><span style=\"vertical-align: inherit;\"><span style=\"vertical-align: inherit;\"><span style=\"vertical-align: inherit;\"><span style=\"vertical-align: inherit;\"><img decoding=\"async\" class=\"aligncenter wp-image-5733\" src=\"https:\/\/seij.gob.gt\/udisep\/wp-content\/uploads\/2024\/02\/1.png\" alt=\"\" width=\"107\" height=\"107\" \/><\/span><\/span><\/span><\/span><\/span><\/a><\/td>\n<td style=\"width: 26.8007%;\"><a href=\"..\/\/_2024_\/informacion publica\/abril\/Numeral 3\/Directorio Empleados.xlsx\"><span style=\"font-family: 'arial black', sans-serif; font-size: 12pt;\"><span style=\"vertical-align: inherit;\"><span style=\"vertical-align: inherit;\"><span style=\"vertical-align: inherit;\"><span style=\"vertical-align: inherit;\"><img decoding=\"async\" class=\"aligncenter wp-image-5734\" src=\"https:\/\/seij.gob.gt\/udisep\/wp-content\/uploads\/2024\/02\/2.png\" alt=\"\" width=\"110\" height=\"110\" \/><\/span><\/span><\/span><\/span><\/span><\/a><\/td>\n<\/tr>\n<tr>\n<td style=\"width: 100%;\" colspan=\"3\"><span style=\"font-family: 'arial black', sans-serif; font-size: 12pt;\"><span style=\"vertical-align: inherit;\"><span style=\"vertical-align: inherit;\"><span style=\"vertical-align: inherit;\"><span style=\"vertical-align: inherit;\">Marzo<\/span><\/span><\/span><\/span><\/span><\/td>\n<\/tr>\n<tr>\n<td style=\"width: 47.9062%;\"><span style=\"font-family: 'arial black', sans-serif; font-size: 12pt;\"><span style=\"vertical-align: inherit;\"><span style=\"vertical-align: inherit;\"><span style=\"vertical-align: inherit;\"><span style=\"vertical-align: inherit;\"><span style=\"font-size: 14pt;\"><strong><span style=\"font-family: arial, helvetica, sans-serif; color: #000080;\">Secretar\u00eda Ejecutiva de la ICMSJ<\/span><\/strong><\/span><\/span><\/span><\/span><\/span><\/span><\/td>\n<td style=\"width: 25.2931%;\"><a href=\"..\/\/_2024_\/informacion publica\/marzo\/Numeral 3\/Directorio de Empleados.pdf\"><span style=\"font-family: 'arial black', sans-serif; font-size: 12pt;\"><span style=\"vertical-align: inherit;\"><span style=\"vertical-align: inherit;\"><span style=\"vertical-align: inherit;\"><span style=\"vertical-align: inherit;\"><img decoding=\"async\" class=\"aligncenter wp-image-5733\" src=\"https:\/\/seij.gob.gt\/udisep\/wp-content\/uploads\/2024\/02\/1.png\" alt=\"\" width=\"107\" height=\"107\" \/><\/span><\/span><\/span><\/span><\/span><\/a><\/td>\n<td style=\"width: 26.8007%;\"><a href=\"..\/\/_2024_\/informacion publica\/marzo\/Numeral 3\/Directorio de Empleados.xlsx\"><span style=\"font-family: 'arial black', sans-serif; font-size: 12pt;\"><span style=\"vertical-align: inherit;\"><span style=\"vertical-align: inherit;\"><span style=\"vertical-align: inherit;\"><span style=\"vertical-align: inherit;\"><img decoding=\"async\" class=\"aligncenter wp-image-5734\" src=\"https:\/\/seij.gob.gt\/udisep\/wp-content\/uploads\/2024\/02\/2.png\" alt=\"\" width=\"110\" height=\"110\" \/><\/span><\/span><\/span><\/span><\/span><\/a><\/td>\n<\/tr>\n<tr>\n<td style=\"width: 100%;\" colspan=\"3\"><span style=\"font-family: 'arial black', sans-serif; font-size: 12pt;\"><span style=\"vertical-align: inherit;\"><span style=\"vertical-align: inherit;\"><span style=\"vertical-align: inherit;\"><span style=\"vertical-align: inherit;\">Febrero<\/span><\/span><\/span><\/span><\/span><\/td>\n<\/tr>\n<tr>\n<td style=\"width: 47.9062%;\"><span style=\"font-size: 14pt;\"><strong><span style=\"font-family: arial, helvetica, sans-serif; color: #000080;\"><span style=\"vertical-align: inherit;\"><span style=\"vertical-align: inherit;\"><span style=\"vertical-align: inherit;\"><span style=\"vertical-align: inherit;\">Secretar\u00eda Ejecutiva de la ICMSJ<\/span><\/span><\/span><\/span><\/span><\/strong><\/span><span style=\"font-family: 'arial black', sans-serif; font-size: 12pt;\"><br \/>\n<\/span><\/td>\n<td style=\"width: 25.2931%;\"><a href=\"..\/\/_2024_\/informacion publica\/febrero\/Numeral 3\/Directorio de Empleados y Servidores P\u00fablicos.pdf\"><span style=\"font-family: 'arial black', sans-serif; font-size: 12pt;\"><img decoding=\"async\" class=\"aligncenter wp-image-5733\" src=\"https:\/\/seij.gob.gt\/udisep\/wp-content\/uploads\/2024\/02\/1.png\" alt=\"\" width=\"107\" height=\"107\" \/><\/span><\/a><\/td>\n<td style=\"width: 26.8007%;\"><a href=\"..\/\/_2024_\/informacion publica\/febrero\/Numeral 3\/Directorio de Empleados y Servidores P\u00fablicos.xlsx\"><span style=\"font-family: 'arial black', sans-serif; font-size: 12pt;\"><img decoding=\"async\" class=\"aligncenter wp-image-5734\" src=\"https:\/\/seij.gob.gt\/udisep\/wp-content\/uploads\/2024\/02\/2.png\" alt=\"\" width=\"110\" height=\"110\" \/><\/span><\/a><\/td>\n<\/tr>\n<tr>\n<td style=\"width: 100%;\" colspan=\"3\"><span style=\"font-family: 'arial black', sans-serif; font-size: 12pt;\"><span style=\"vertical-align: inherit;\"><span style=\"vertical-align: inherit;\"><span style=\"vertical-align: inherit;\"><span style=\"vertical-align: inherit;\">Enero<\/span><\/span><\/span><\/span><\/span><\/td>\n<\/tr>\n<tr>\n<td style=\"width: 47.9062%;\"><span style=\"font-size: 14pt;\"><strong><span style=\"font-family: arial, helvetica, sans-serif; color: #000080;\"><span style=\"vertical-align: inherit;\"><span style=\"vertical-align: inherit;\"><span style=\"vertical-align: inherit;\"><span style=\"vertical-align: inherit;\">Secretar\u00eda Ejecutiva de la ICMSJ<\/span><\/span><\/span><\/span><\/span><\/strong><\/span><\/td>\n<td style=\"width: 25.2931%;\"><a href=\"..\/\/_2024_\/informacion publica\/enero\/Numeral 3\/Directorio de Empleados.pdf\"><img decoding=\"async\" class=\"aligncenter wp-image-5733\" src=\"https:\/\/seij.gob.gt\/udisep\/wp-content\/uploads\/2024\/02\/1.png\" alt=\"\" width=\"107\" height=\"107\" \/><\/a><\/td>\n<td style=\"width: 26.8007%;\"><a href=\"..\/\/_2024_\/informacion publica\/enero\/Numeral 3\/Directorio de Empleados.xlsx\"><img decoding=\"async\" class=\"aligncenter wp-image-5734\" src=\"https:\/\/seij.gob.gt\/udisep\/wp-content\/uploads\/2024\/02\/2.png\" alt=\"\" width=\"110\" height=\"110\" \/><\/a><\/td>\n<\/tr>\n<\/tbody>\n<\/table>\n<p>&nbsp;<\/p>\n","protected":false},"excerpt":{"rendered":"<p>Directorio de Empleados Diciembre Secretar\u00eda Ejecutiva de la ICMSJ Noviembre Secretar\u00eda Ejecutiva de la ICMSJ Octubre Secretar\u00eda Ejecutiva de la ICMSJ Septiembre Secretar\u00eda Ejecutiva de la ICMSJ Agosto Secretar\u00eda Ejecutiva de la ICMSJ Julio Secretar\u00eda Ejecutiva de la ICMSJ Junio Secretar\u00eda Ejecutiva de la ICMSJ Mayo Secretar\u00eda Ejecutiva de la ICMSJ Abril Secretar\u00eda Ejecutiva de [&hellip;]<\/p>\n","protected":false},"author":1,"featured_media":0,"parent":0,"menu_order":0,"comment_status":"closed","ping_status":"closed","template":"","meta":{"_et_pb_use_builder":"","_et_pb_old_content":"","_et_gb_content_width":"","footnotes":""},"class_list":["post-5648","page","type-page","status-publish","hentry"],"nelio_popups_active_popup":"","_links":{"self":[{"href":"https:\/\/seij.gob.gt\/udisep\/wp-json\/wp\/v2\/pages\/5648","targetHints":{"allow":["GET"]}}],"collection":[{"href":"https:\/\/seij.gob.gt\/udisep\/wp-json\/wp\/v2\/pages"}],"about":[{"href":"https:\/\/seij.gob.gt\/udisep\/wp-json\/wp\/v2\/types\/page"}],"author":[{"embeddable":true,"href":"https:\/\/seij.gob.gt\/udisep\/wp-json\/wp\/v2\/users\/1"}],"replies":[{"embeddable":true,"href":"https:\/\/seij.gob.gt\/udisep\/wp-json\/wp\/v2\/comments?post=5648"}],"version-history":[{"count":20,"href":"https:\/\/seij.gob.gt\/udisep\/wp-json\/wp\/v2\/pages\/5648\/revisions"}],"predecessor-version":[{"id":6461,"href":"https:\/\/seij.gob.gt\/udisep\/wp-json\/wp\/v2\/pages\/5648\/revisions\/6461"}],"wp:attachment":[{"href":"https:\/\/seij.gob.gt\/udisep\/wp-json\/wp\/v2\/media?parent=5648"}],"curies":[{"name":"wp","href":"https:\/\/api.w.org\/{rel}","templated":true}]}}