{"id":5650,"date":"2024-01-19T09:42:14","date_gmt":"2024-01-19T15:42:14","guid":{"rendered":"https:\/\/seij.gob.gt\/udisep\/?page_id=5650"},"modified":"2025-01-14T12:43:08","modified_gmt":"2025-01-14T18:43:08","slug":"numeral-4-ano-2024","status":"publish","type":"page","link":"https:\/\/seij.gob.gt\/udisep\/numeral-4-ano-2024\/","title":{"rendered":"Numeral 4 a\u00f1o 2024"},"content":{"rendered":"<p style=\"text-align: left;\"><span style=\"font-family: arial black, sans-serif; font-size: 18pt; color: #333399;\">\u00a0 \u00a0 \u00a0 \u00a0 \u00a0 \u00a0 \u00a0 \u00a0 Sueldos y Honorarios<\/span><\/p>\n<table style=\"border-collapse: collapse; width: 69.5242%;\">\n<tbody>\n<tr>\n<td style=\"width: 100%;\" colspan=\"3\"><span style=\"font-family: 'arial black', sans-serif; font-size: 12pt;\">Diciembre<\/span><\/td>\n<\/tr>\n<tr>\n<td style=\"width: 47.9062%;\"><span style=\"font-family: 'arial black', sans-serif; font-size: 12pt;\"><span style=\"font-size: 14pt;\"><strong><span style=\"font-family: arial, helvetica, sans-serif; color: #000080;\">Secretar\u00eda Ejecutiva de la ICMSJ<\/span><\/strong><\/span><\/span><\/td>\n<td style=\"width: 25.2931%;\"><a href=\"https:\/\/seij.gob.gt\/udisep\/wp-content\/uploads\/2025\/01\/Numeral-4-diciembre-2024.pdf\"><span style=\"font-family: 'arial black', sans-serif; font-size: 12pt;\"><img decoding=\"async\" class=\"aligncenter wp-image-5733\" src=\"https:\/\/seij.gob.gt\/udisep\/wp-content\/uploads\/2024\/02\/1.png\" alt=\"\" width=\"107\" height=\"107\" \/><\/span><\/a><\/td>\n<td style=\"width: 26.8007%;\"><a href=\"https:\/\/seij.gob.gt\/udisep\/wp-content\/uploads\/2025\/01\/Numeral-4-diciembre-2024.xlsx\"><span style=\"font-family: 'arial black', sans-serif; font-size: 12pt;\"><img decoding=\"async\" class=\"aligncenter wp-image-5734\" src=\"https:\/\/seij.gob.gt\/udisep\/wp-content\/uploads\/2024\/02\/2.png\" alt=\"\" width=\"110\" height=\"110\" \/><\/span><\/a><\/td>\n<\/tr>\n<\/tbody>\n<\/table>\n<table style=\"border-collapse: collapse; width: 69.5242%;\">\n<tbody>\n<tr>\n<td style=\"width: 100%;\" colspan=\"3\"><span style=\"font-family: 'arial black', sans-serif; font-size: 12pt;\">Noviembre<\/span><\/td>\n<\/tr>\n<tr>\n<td style=\"width: 47.9062%;\"><span style=\"font-family: 'arial black', sans-serif; font-size: 12pt;\"><span style=\"font-size: 14pt;\"><strong><span style=\"font-family: arial, helvetica, sans-serif; color: #000080;\">Secretar\u00eda Ejecutiva de la ICMSJ<\/span><\/strong><\/span><\/span><\/td>\n<td style=\"width: 25.2931%;\"><a href=\"https:\/\/seij.gob.gt\/udisep\/wp-content\/uploads\/2024\/12\/Numeral-4-noviembre-2024.pdf\"><span style=\"font-family: 'arial black', sans-serif; font-size: 12pt;\"><img decoding=\"async\" class=\"aligncenter wp-image-5733\" src=\"https:\/\/seij.gob.gt\/udisep\/wp-content\/uploads\/2024\/02\/1.png\" alt=\"\" width=\"107\" height=\"107\" \/><\/span><\/a><\/td>\n<td style=\"width: 26.8007%;\"><a href=\"https:\/\/seij.gob.gt\/udisep\/wp-content\/uploads\/2024\/12\/Nimeral-4-noviembre-2024.xlsx\"><span style=\"font-family: 'arial black', sans-serif; font-size: 12pt;\"><img decoding=\"async\" class=\"aligncenter wp-image-5734\" src=\"https:\/\/seij.gob.gt\/udisep\/wp-content\/uploads\/2024\/02\/2.png\" alt=\"\" width=\"110\" height=\"110\" \/><\/span><\/a><\/td>\n<\/tr>\n<tr>\n<td style=\"width: 100%;\" colspan=\"3\"><span style=\"font-family: 'arial black', sans-serif; font-size: 12pt;\">Octubre<\/span><\/td>\n<\/tr>\n<tr>\n<td style=\"width: 47.9062%;\"><span style=\"font-family: 'arial black', sans-serif; font-size: 12pt;\"><span style=\"font-size: 14pt;\"><strong><span style=\"font-family: arial, helvetica, sans-serif; color: #000080;\">Secretar\u00eda Ejecutiva de la ICMSJ<\/span><\/strong><\/span><\/span><\/td>\n<td style=\"width: 25.2931%;\"><a href=\"https:\/\/seij.gob.gt\/udisep\/wp-content\/uploads\/2024\/11\/Numeral-4-octubre-2024.pdf\"><span style=\"font-family: 'arial black', sans-serif; font-size: 12pt;\"><img decoding=\"async\" class=\"aligncenter wp-image-5733\" src=\"https:\/\/seij.gob.gt\/udisep\/wp-content\/uploads\/2024\/02\/1.png\" alt=\"\" width=\"107\" height=\"107\" \/><\/span><\/a><\/td>\n<td style=\"width: 26.8007%;\"><a href=\"https:\/\/seij.gob.gt\/udisep\/wp-content\/uploads\/2024\/11\/Numeral-4-octubre-2024.xlsx\"><span style=\"font-family: 'arial black', sans-serif; font-size: 12pt;\"><img decoding=\"async\" class=\"aligncenter wp-image-5734\" src=\"https:\/\/seij.gob.gt\/udisep\/wp-content\/uploads\/2024\/02\/2.png\" alt=\"\" width=\"110\" height=\"110\" \/><\/span><\/a><\/td>\n<\/tr>\n<tr>\n<td style=\"width: 100%;\" colspan=\"3\"><span style=\"font-family: 'arial black', sans-serif; font-size: 12pt;\">Septiembre<\/span><\/td>\n<\/tr>\n<tr>\n<td style=\"width: 47.9062%;\"><span style=\"font-family: 'arial black', sans-serif; font-size: 12pt;\"><span style=\"font-size: 14pt;\"><strong><span style=\"font-family: arial, helvetica, sans-serif; color: #000080;\">Secretar\u00eda Ejecutiva de la ICMSJ<\/span><\/strong><\/span><\/span><\/td>\n<td style=\"width: 25.2931%;\"><a href=\"https:\/\/seij.gob.gt\/udisep\/wp-content\/uploads\/2024\/10\/septiembre-Numero-y-Nombre-de-Funcionarios.pdf\"><span style=\"font-family: 'arial black', sans-serif; font-size: 12pt;\"><img decoding=\"async\" class=\"aligncenter wp-image-5733\" src=\"https:\/\/seij.gob.gt\/udisep\/wp-content\/uploads\/2024\/02\/1.png\" alt=\"\" width=\"107\" height=\"107\" \/><\/span><\/a><\/td>\n<td style=\"width: 26.8007%;\"><a href=\"https:\/\/seij.gob.gt\/udisep\/wp-content\/uploads\/2024\/11\/septiembre-Numero-y-Nombre-de-Funcionarios.xlsx\"><span style=\"font-family: 'arial black', sans-serif; font-size: 12pt;\"><img decoding=\"async\" class=\"aligncenter wp-image-5734\" src=\"https:\/\/seij.gob.gt\/udisep\/wp-content\/uploads\/2024\/02\/2.png\" alt=\"\" width=\"110\" height=\"110\" \/><\/span><\/a><\/td>\n<\/tr>\n<tr>\n<td style=\"width: 100%;\" colspan=\"3\"><span style=\"font-family: 'arial black', sans-serif; font-size: 12pt;\">Agosto<\/span><\/td>\n<\/tr>\n<tr>\n<td style=\"width: 47.9062%;\"><span style=\"font-family: 'arial black', sans-serif; font-size: 12pt;\"><span style=\"font-size: 14pt;\"><strong><span style=\"font-family: arial, helvetica, sans-serif; color: #000080;\">Secretar\u00eda Ejecutiva de la ICMSJ<\/span><\/strong><\/span><\/span><\/td>\n<td style=\"width: 25.2931%;\"><a href=\"..\/\/_2024_\/informacion publica\/agosto\/Numeral 4\/Numero y Nombre de Funcionarios.pdf\"><span style=\"font-family: 'arial black', sans-serif; font-size: 12pt;\"><img decoding=\"async\" class=\"aligncenter wp-image-5733\" src=\"https:\/\/seij.gob.gt\/udisep\/wp-content\/uploads\/2024\/02\/1.png\" alt=\"\" width=\"107\" height=\"107\" \/><\/span><\/a><\/td>\n<td style=\"width: 26.8007%;\"><a href=\"..\/\/_2024_\/informacion publica\/agosto\/Numeral 4\/Numero y Nombre de Funcionarios.xlsx\"><span style=\"font-family: 'arial black', sans-serif; font-size: 12pt;\"><img decoding=\"async\" class=\"aligncenter wp-image-5734\" src=\"https:\/\/seij.gob.gt\/udisep\/wp-content\/uploads\/2024\/02\/2.png\" alt=\"\" width=\"110\" height=\"110\" \/><\/span><\/a><\/td>\n<\/tr>\n<tr>\n<td style=\"width: 100%;\" colspan=\"3\"><span style=\"font-family: 'arial black', sans-serif; font-size: 12pt;\">Julio<\/span><\/td>\n<\/tr>\n<tr>\n<td style=\"width: 47.9062%;\"><span style=\"font-family: 'arial black', sans-serif; font-size: 12pt;\"><span style=\"font-size: 14pt;\"><strong><span style=\"font-family: arial, helvetica, sans-serif; color: #000080;\">Secretar\u00eda Ejecutiva de la ICMSJ<\/span><\/strong><\/span><\/span><\/td>\n<td style=\"width: 25.2931%;\"><a href=\"..\/\/_2024_\/informacion publica\/julio\/Numeral 4\/N\u00famero y Nombre de Funcionarios.pdf\"><span style=\"font-family: 'arial black', sans-serif; font-size: 12pt;\"><img decoding=\"async\" class=\"aligncenter wp-image-5733\" src=\"https:\/\/seij.gob.gt\/udisep\/wp-content\/uploads\/2024\/02\/1.png\" alt=\"\" width=\"107\" height=\"107\" \/><\/span><\/a><\/td>\n<td style=\"width: 26.8007%;\"><a href=\"..\/\/_2024_\/informacion publica\/julio\/Numeral 4\/N\u00famero y Nombre de Funcionarios.xlsx\"><span style=\"font-family: 'arial black', sans-serif; font-size: 12pt;\"><img decoding=\"async\" class=\"aligncenter wp-image-5734\" src=\"https:\/\/seij.gob.gt\/udisep\/wp-content\/uploads\/2024\/02\/2.png\" alt=\"\" width=\"110\" height=\"110\" \/><\/span><\/a><\/td>\n<\/tr>\n<tr>\n<td style=\"width: 100%;\" colspan=\"3\"><span style=\"font-family: 'arial black', sans-serif; font-size: 12pt;\">Junio<\/span><\/td>\n<\/tr>\n<tr>\n<td style=\"width: 47.9062%;\"><span style=\"font-family: 'arial black', sans-serif; font-size: 12pt;\"><span style=\"font-size: 14pt;\"><strong><span style=\"font-family: arial, helvetica, sans-serif; color: #000080;\">Secretar\u00eda Ejecutiva de la ICMSJ<\/span><\/strong><\/span><\/span><\/td>\n<td style=\"width: 25.2931%;\"><a href=\"..\/\/_2024_\/informacion publica\/junio\/Numeral 4\/N\u00famero y Nombre de funcionarios.pdf\"><span style=\"font-family: 'arial black', sans-serif; font-size: 12pt;\"><img decoding=\"async\" class=\"aligncenter wp-image-5733\" src=\"https:\/\/seij.gob.gt\/udisep\/wp-content\/uploads\/2024\/02\/1.png\" alt=\"\" width=\"107\" height=\"107\" \/><\/span><\/a><\/td>\n<td style=\"width: 26.8007%;\"><a href=\"..\/\/_2024_\/informacion publica\/junio\/Numeral 4\/N\u00famero y Nombre de funcionarios.xlsx\"><span style=\"font-family: 'arial black', sans-serif; font-size: 12pt;\"><img decoding=\"async\" class=\"aligncenter wp-image-5734\" src=\"https:\/\/seij.gob.gt\/udisep\/wp-content\/uploads\/2024\/02\/2.png\" alt=\"\" width=\"110\" height=\"110\" \/><\/span><\/a><\/td>\n<\/tr>\n<tr>\n<td style=\"width: 100%;\" colspan=\"3\"><span style=\"font-family: 'arial black', sans-serif; font-size: 12pt;\">Mayo<\/span><\/td>\n<\/tr>\n<tr>\n<td style=\"width: 47.9062%;\"><span style=\"font-family: 'arial black', sans-serif; font-size: 12pt;\"><span style=\"font-size: 14pt;\"><strong><span style=\"font-family: arial, helvetica, sans-serif; color: #000080;\">Secretar\u00eda Ejecutiva de la ICMSJ<\/span><\/strong><\/span><\/span><\/td>\n<td style=\"width: 25.2931%;\"><a href=\"..\/\/_2024_\/informacion publica\/mayo\/NUMERAL 4\/N\u00famero y nombre de funcionarios.pdf\"><span style=\"font-family: 'arial black', sans-serif; font-size: 12pt;\"><img decoding=\"async\" class=\"aligncenter wp-image-5733\" src=\"https:\/\/seij.gob.gt\/udisep\/wp-content\/uploads\/2024\/02\/1.png\" alt=\"\" width=\"107\" height=\"107\" \/><\/span><\/a><\/td>\n<td style=\"width: 26.8007%;\"><a href=\"..\/\/_2024_\/informacion publica\/mayo\/NUMERAL 4\/N\u00famero y nombre de funcionarios.xlsx\"><span style=\"font-family: 'arial black', sans-serif; font-size: 12pt;\"><img decoding=\"async\" class=\"aligncenter wp-image-5734\" src=\"https:\/\/seij.gob.gt\/udisep\/wp-content\/uploads\/2024\/02\/2.png\" alt=\"\" width=\"110\" height=\"110\" \/><\/span><\/a><\/td>\n<\/tr>\n<tr>\n<td style=\"width: 100%;\" colspan=\"3\"><span style=\"font-family: 'arial black', sans-serif; font-size: 12pt;\">Abril<\/span><\/td>\n<\/tr>\n<tr>\n<td style=\"width: 47.9062%;\"><span style=\"font-family: 'arial black', sans-serif; font-size: 12pt;\"> <span style=\"font-size: 14pt;\"><strong><span style=\"font-family: arial, helvetica, sans-serif; color: #000080;\">Secretar\u00eda Ejecutiva de la ICMSJ<\/span><\/strong><\/span><\/span><\/td>\n<td style=\"width: 25.2931%;\"><span style=\"font-family: 'arial black', sans-serif; font-size: 12pt;\"><a href=\"..\/\/_2024_\/informacion publica\/abril\/Numeral 4\/Sueldos y Honorarios.pdf\"><img decoding=\"async\" class=\"aligncenter wp-image-5733\" src=\"https:\/\/seij.gob.gt\/udisep\/wp-content\/uploads\/2024\/02\/1.png\" alt=\"\" width=\"107\" height=\"107\" \/><\/a><\/span><\/td>\n<td style=\"width: 26.8007%;\"><a href=\"..\/\/_2024_\/informacion publica\/abril\/Numeral 4\/Sueldos y Honorarios.xlsx\"><span style=\"font-family: 'arial black', sans-serif; font-size: 12pt;\"><img decoding=\"async\" class=\"aligncenter wp-image-5734\" src=\"https:\/\/seij.gob.gt\/udisep\/wp-content\/uploads\/2024\/02\/2.png\" alt=\"\" width=\"110\" height=\"110\" \/><\/span><\/a><\/td>\n<\/tr>\n<tr>\n<td style=\"width: 100%;\" colspan=\"3\"><span style=\"font-family: 'arial black', sans-serif; font-size: 12pt;\">Marzo<\/span><\/td>\n<\/tr>\n<tr>\n<td style=\"width: 47.9062%;\"><span style=\"font-family: 'arial black', sans-serif; font-size: 12pt;\"><span style=\"font-size: 14pt;\"><strong><span style=\"font-family: arial, helvetica, sans-serif; color: #000080;\">Secretar\u00eda Ejecutiva de la ICMSJ<\/span><\/strong><\/span><\/span><\/td>\n<td style=\"width: 25.2931%;\"><a href=\"..\/\/_2024_\/informacion publica\/marzo\/Numeral 4\/N\u00famero y Nombre de Funcionarios.pdf\"><span style=\"font-family: 'arial black', sans-serif; font-size: 12pt;\"><img decoding=\"async\" class=\"aligncenter wp-image-5733\" src=\"https:\/\/seij.gob.gt\/udisep\/wp-content\/uploads\/2024\/02\/1.png\" alt=\"\" width=\"107\" height=\"107\" \/><\/span><\/a><\/td>\n<td style=\"width: 26.8007%;\"><a href=\"..\/\/_2024_\/informacion publica\/marzo\/Numeral 4\/N\u00famero y Nombre de Funcionarios.xlsx\"><span style=\"font-family: 'arial black', sans-serif; font-size: 12pt;\"><img decoding=\"async\" class=\"aligncenter wp-image-5734\" src=\"https:\/\/seij.gob.gt\/udisep\/wp-content\/uploads\/2024\/02\/2.png\" alt=\"\" width=\"110\" height=\"110\" \/><\/span><\/a><\/td>\n<\/tr>\n<tr>\n<td style=\"width: 100%;\" colspan=\"3\"><span style=\"font-family: 'arial black', sans-serif; font-size: 12pt;\">Febrero<\/span><\/td>\n<\/tr>\n<tr>\n<td style=\"width: 47.9062%;\"><span style=\"font-family: 'arial black', sans-serif; font-size: 12pt;\"><span style=\"font-size: 14pt;\"><strong><span style=\"font-family: arial, helvetica, sans-serif; color: #000080;\">Secretar\u00eda Ejecutiva de la ICMSJ<\/span><\/strong><\/span><\/span><\/td>\n<td style=\"width: 25.2931%;\"><a href=\"..\/\/_2024_\/informacion publica\/febrero\/Numeral 4\/N\u00famero y Nombre de Funcionarios P\u00fablicos.pdf\"><span style=\"font-family: 'arial black', sans-serif; font-size: 12pt;\"><img decoding=\"async\" class=\"aligncenter wp-image-5733\" src=\"https:\/\/seij.gob.gt\/udisep\/wp-content\/uploads\/2024\/02\/1.png\" alt=\"\" width=\"107\" height=\"107\" \/><\/span><\/a><\/td>\n<td style=\"width: 26.8007%;\"><a href=\"..\/\/_2024_\/informacion publica\/febrero\/Numeral 4\/N\u00famero y Nombre de Funcionarios P\u00fablicos.xlsx\"><span style=\"font-family: 'arial black', sans-serif; font-size: 12pt;\"><img decoding=\"async\" class=\"aligncenter wp-image-5734\" src=\"https:\/\/seij.gob.gt\/udisep\/wp-content\/uploads\/2024\/02\/2.png\" alt=\"\" width=\"110\" height=\"110\" \/><\/span><\/a><\/td>\n<\/tr>\n<tr>\n<td style=\"width: 100%;\" colspan=\"3\"><span style=\"font-family: 'arial black', sans-serif; font-size: 12pt;\">Enero<\/span><\/td>\n<\/tr>\n<tr>\n<td style=\"width: 47.9062%;\"><span style=\"font-size: 14pt;\"><strong><span style=\"font-family: arial, helvetica, sans-serif; color: #000080;\">Secretar\u00eda Ejecutiva de la ICMSJ<\/span><\/strong><\/span><\/td>\n<td style=\"width: 25.2931%;\"><a href=\"..\/\/_2024_\/informacion publica\/enero\/Numeral 4\/N\u00fanero y Nombre de Funcionarios.pdf\"><img decoding=\"async\" class=\"aligncenter wp-image-5733\" src=\"https:\/\/seij.gob.gt\/udisep\/wp-content\/uploads\/2024\/02\/1.png\" alt=\"\" width=\"107\" height=\"107\" \/><\/a><\/td>\n<td style=\"width: 26.8007%;\"><a href=\"..\/\/_2024_\/informacion publica\/enero\/Numeral 4\/N\u00fanero y Nombre de Funcionarios.xlsx\"><img decoding=\"async\" class=\"aligncenter wp-image-5734\" src=\"https:\/\/seij.gob.gt\/udisep\/wp-content\/uploads\/2024\/02\/2.png\" alt=\"\" width=\"110\" height=\"110\" \/><\/a><\/td>\n<\/tr>\n<\/tbody>\n<\/table>\n","protected":false},"excerpt":{"rendered":"<p>\u00a0 \u00a0 \u00a0 \u00a0 \u00a0 \u00a0 \u00a0 \u00a0 Sueldos y Honorarios Diciembre Secretar\u00eda Ejecutiva de la ICMSJ Noviembre Secretar\u00eda Ejecutiva de la ICMSJ Octubre Secretar\u00eda Ejecutiva de la ICMSJ Septiembre Secretar\u00eda Ejecutiva de la ICMSJ Agosto Secretar\u00eda Ejecutiva de la ICMSJ Julio Secretar\u00eda Ejecutiva de la ICMSJ Junio Secretar\u00eda Ejecutiva de la ICMSJ Mayo Secretar\u00eda [&hellip;]<\/p>\n","protected":false},"author":1,"featured_media":0,"parent":0,"menu_order":0,"comment_status":"closed","ping_status":"closed","template":"","meta":{"_et_pb_use_builder":"","_et_pb_old_content":"","_et_gb_content_width":"","footnotes":""},"class_list":["post-5650","page","type-page","status-publish","hentry"],"nelio_popups_active_popup":"","_links":{"self":[{"href":"https:\/\/seij.gob.gt\/udisep\/wp-json\/wp\/v2\/pages\/5650","targetHints":{"allow":["GET"]}}],"collection":[{"href":"https:\/\/seij.gob.gt\/udisep\/wp-json\/wp\/v2\/pages"}],"about":[{"href":"https:\/\/seij.gob.gt\/udisep\/wp-json\/wp\/v2\/types\/page"}],"author":[{"embeddable":true,"href":"https:\/\/seij.gob.gt\/udisep\/wp-json\/wp\/v2\/users\/1"}],"replies":[{"embeddable":true,"href":"https:\/\/seij.gob.gt\/udisep\/wp-json\/wp\/v2\/comments?post=5650"}],"version-history":[{"count":19,"href":"https:\/\/seij.gob.gt\/udisep\/wp-json\/wp\/v2\/pages\/5650\/revisions"}],"predecessor-version":[{"id":6380,"href":"https:\/\/seij.gob.gt\/udisep\/wp-json\/wp\/v2\/pages\/5650\/revisions\/6380"}],"wp:attachment":[{"href":"https:\/\/seij.gob.gt\/udisep\/wp-json\/wp\/v2\/media?parent=5650"}],"curies":[{"name":"wp","href":"https:\/\/api.w.org\/{rel}","templated":true}]}}