{"id":5652,"date":"2024-01-19T09:50:51","date_gmt":"2024-01-19T15:50:51","guid":{"rendered":"https:\/\/seij.gob.gt\/udisep\/?page_id=5652"},"modified":"2024-12-10T09:42:07","modified_gmt":"2024-12-10T15:42:07","slug":"numeral-5-ano-2024","status":"publish","type":"page","link":"https:\/\/seij.gob.gt\/udisep\/numeral-5-ano-2024\/","title":{"rendered":"Numeral 5 a\u00f1o 2024"},"content":{"rendered":"<p style=\"text-align: center;\"><span style=\"font-family: arial black, sans-serif; font-size: 18pt; color: #333399;\">Misi\u00f3n, Visi\u00f3n, Objetivos y Principios<\/span><\/p>\n<table style=\"border-collapse: collapse; width: 100%;\">\n<tbody>\n<tr>\n<td style=\"width: 25%;\"><a href=\"https:\/\/seij.gob.gt\/udisep\/wp-content\/uploads\/2024\/08\/MISION.png\"><img fetchpriority=\"high\" fetchpriority=\"high\" decoding=\"async\" class=\"aligncenter size-full wp-image-6062\" src=\"https:\/\/seij.gob.gt\/udisep\/wp-content\/uploads\/2024\/08\/MISION.png\" alt=\"\" width=\"1920\" height=\"1080\" srcset=\"https:\/\/seij.gob.gt\/udisep\/wp-content\/uploads\/2024\/08\/MISION.png 1920w, https:\/\/seij.gob.gt\/udisep\/wp-content\/uploads\/2024\/08\/MISION-1280x720.png 1280w, https:\/\/seij.gob.gt\/udisep\/wp-content\/uploads\/2024\/08\/MISION-980x551.png 980w, https:\/\/seij.gob.gt\/udisep\/wp-content\/uploads\/2024\/08\/MISION-480x270.png 480w\" sizes=\"(min-width: 0px) and (max-width: 480px) 480px, (min-width: 481px) and (max-width: 980px) 980px, (min-width: 981px) and (max-width: 1280px) 1280px, (min-width: 1281px) 1920px, 100vw\" \/><\/a><\/td>\n<td style=\"width: 25%;\"><a href=\"https:\/\/seij.gob.gt\/udisep\/wp-content\/uploads\/2024\/08\/VISION.png\"><img decoding=\"async\" class=\"aligncenter size-full wp-image-6059\" src=\"https:\/\/seij.gob.gt\/udisep\/wp-content\/uploads\/2024\/08\/VISION.png\" alt=\"\" width=\"1920\" height=\"1080\" srcset=\"https:\/\/seij.gob.gt\/udisep\/wp-content\/uploads\/2024\/08\/VISION.png 1920w, https:\/\/seij.gob.gt\/udisep\/wp-content\/uploads\/2024\/08\/VISION-1280x720.png 1280w, https:\/\/seij.gob.gt\/udisep\/wp-content\/uploads\/2024\/08\/VISION-980x551.png 980w, https:\/\/seij.gob.gt\/udisep\/wp-content\/uploads\/2024\/08\/VISION-480x270.png 480w\" sizes=\"(min-width: 0px) and (max-width: 480px) 480px, (min-width: 481px) and (max-width: 980px) 980px, (min-width: 981px) and (max-width: 1280px) 1280px, (min-width: 1281px) 1920px, 100vw\" \/><\/a><\/td>\n<td style=\"width: 25%;\"><a href=\"https:\/\/seij.gob.gt\/udisep\/wp-content\/uploads\/2024\/08\/OBJETIVOS.png\"><img decoding=\"async\" class=\"aligncenter size-full wp-image-6061\" src=\"https:\/\/seij.gob.gt\/udisep\/wp-content\/uploads\/2024\/08\/OBJETIVOS.png\" alt=\"\" width=\"1920\" height=\"1080\" srcset=\"https:\/\/seij.gob.gt\/udisep\/wp-content\/uploads\/2024\/08\/OBJETIVOS.png 1920w, https:\/\/seij.gob.gt\/udisep\/wp-content\/uploads\/2024\/08\/OBJETIVOS-1280x720.png 1280w, https:\/\/seij.gob.gt\/udisep\/wp-content\/uploads\/2024\/08\/OBJETIVOS-980x551.png 980w, https:\/\/seij.gob.gt\/udisep\/wp-content\/uploads\/2024\/08\/OBJETIVOS-480x270.png 480w\" sizes=\"(min-width: 0px) and (max-width: 480px) 480px, (min-width: 481px) and (max-width: 980px) 980px, (min-width: 981px) and (max-width: 1280px) 1280px, (min-width: 1281px) 1920px, 100vw\" \/><\/a><\/td>\n<td style=\"width: 25%;\"><a href=\"https:\/\/seij.gob.gt\/udisep\/wp-content\/uploads\/2024\/08\/PRINCIPIOS.png\"><img loading=\"lazy\" loading=\"lazy\" decoding=\"async\" class=\"aligncenter size-full wp-image-6060\" src=\"https:\/\/seij.gob.gt\/udisep\/wp-content\/uploads\/2024\/08\/PRINCIPIOS.png\" alt=\"\" width=\"1920\" height=\"1080\" srcset=\"https:\/\/seij.gob.gt\/udisep\/wp-content\/uploads\/2024\/08\/PRINCIPIOS.png 1920w, https:\/\/seij.gob.gt\/udisep\/wp-content\/uploads\/2024\/08\/PRINCIPIOS-1280x720.png 1280w, https:\/\/seij.gob.gt\/udisep\/wp-content\/uploads\/2024\/08\/PRINCIPIOS-980x551.png 980w, https:\/\/seij.gob.gt\/udisep\/wp-content\/uploads\/2024\/08\/PRINCIPIOS-480x270.png 480w\" sizes=\"(min-width: 0px) and (max-width: 480px) 480px, (min-width: 481px) and (max-width: 980px) 980px, (min-width: 981px) and (max-width: 1280px) 1280px, (min-width: 1281px) 1920px, 100vw\" \/><\/a><\/td>\n<\/tr>\n<\/tbody>\n<\/table>\n<p>&nbsp;<\/p>\n<table style=\"border-collapse: collapse; width: 73.6402%;\">\n<tbody>\n<tr>\n<td style=\"width: 50%;\"><span style=\"font-family: arial, helvetica, sans-serif; color: #000080; font-size: 14pt;\">Plan Operativo Anual -POA- 2025<\/span><\/td>\n<td style=\"width: 23.6402%;\"><a href=\"https:\/\/seij.gob.gt\/udisep\/wp-content\/uploads\/2024\/12\/Plan-Operativo-Anual-POA-2025-SEICMSJ.pdf\"><img loading=\"lazy\" loading=\"lazy\" decoding=\"async\" class=\"aligncenter wp-image-5733\" src=\"https:\/\/seij.gob.gt\/udisep\/wp-content\/uploads\/2024\/02\/1.png\" alt=\"\" width=\"109\" height=\"109\" \/><\/a><\/td>\n<\/tr>\n<tr>\n<td style=\"width: 50%;\"><span style=\"font-family: arial, helvetica, sans-serif; color: #000080; font-size: 14pt;\">Secretar\u00eda Ejecutiva de la ICMSJ &#8211; POA<\/span><\/td>\n<td style=\"width: 23.6402%;\"><a href=\"https:\/\/seij.gob.gt\/udisep\/wp-content\/uploads\/2024\/10\/Modificacion-Plan-Operativo-Anual-POA-SEICMSJ-OCT-2024.pdf\"><img loading=\"lazy\" loading=\"lazy\" decoding=\"async\" class=\"aligncenter wp-image-5733\" src=\"https:\/\/seij.gob.gt\/udisep\/wp-content\/uploads\/2024\/02\/1.png\" alt=\"\" width=\"109\" height=\"109\" \/><\/a><\/td>\n<\/tr>\n<tr>\n<td style=\"width: 50%;\"><span style=\"font-family: arial, helvetica, sans-serif; color: #000080; font-size: 14pt;\">Secretar\u00eda Ejecutiva de la ICMSJ &#8211; PEI<\/span><\/td>\n<td style=\"width: 23.6402%;\"><a href=\"..\/\/_2024_\/informacion publica\/enero\/Numeral 5\/PEI SEICMSJ.pdf\"><img loading=\"lazy\" loading=\"lazy\" decoding=\"async\" class=\"aligncenter wp-image-5733\" src=\"https:\/\/seij.gob.gt\/udisep\/wp-content\/uploads\/2024\/02\/1.png\" alt=\"\" width=\"109\" height=\"109\" \/><\/a><\/td>\n<\/tr>\n<tr>\n<td style=\"width: 50%;\"><span style=\"font-family: arial, helvetica, sans-serif; color: #000080; font-size: 14pt;\">Secretar\u00eda Ejecutiva de la ICMSJ &#8211; POM<\/span><\/td>\n<td style=\"width: 23.6402%;\"><a href=\"..\/\/_2024_\/informacion publica\/enero\/Numeral 5\/POM.pdf\"><img loading=\"lazy\" loading=\"lazy\" decoding=\"async\" class=\"aligncenter wp-image-5733\" src=\"https:\/\/seij.gob.gt\/udisep\/wp-content\/uploads\/2024\/02\/1.png\" alt=\"\" width=\"109\" height=\"109\" \/><\/a><\/td>\n<\/tr>\n<tr>\n<td style=\"width: 50%;\"><span style=\"font-family: arial, helvetica, sans-serif; font-size: 14pt; color: #000080;\">Secretar\u00eda Ejecutiva de la ICMSJ &#8211; POA<\/span><\/td>\n<td style=\"width: 23.6402%;\"><a href=\"..\/\/_2024_\/informacion publica\/enero\/Numeral 5\/POA SEICMSJ.pdf\"><img loading=\"lazy\" loading=\"lazy\" decoding=\"async\" class=\"aligncenter wp-image-5733\" src=\"https:\/\/seij.gob.gt\/udisep\/wp-content\/uploads\/2024\/02\/1.png\" alt=\"\" width=\"109\" height=\"109\" \/><\/a><\/td>\n<\/tr>\n<\/tbody>\n<\/table>\n","protected":false},"excerpt":{"rendered":"<p>Misi\u00f3n, Visi\u00f3n, Objetivos y Principios &nbsp; Plan Operativo Anual -POA- 2025 Secretar\u00eda Ejecutiva de la ICMSJ &#8211; POA Secretar\u00eda Ejecutiva de la ICMSJ &#8211; PEI Secretar\u00eda Ejecutiva de la ICMSJ &#8211; POM Secretar\u00eda Ejecutiva de la ICMSJ &#8211; POA<\/p>\n","protected":false},"author":1,"featured_media":0,"parent":0,"menu_order":0,"comment_status":"closed","ping_status":"closed","template":"","meta":{"_et_pb_use_builder":"","_et_pb_old_content":"","_et_gb_content_width":"","footnotes":""},"class_list":["post-5652","page","type-page","status-publish","hentry"],"nelio_popups_active_popup":"","_links":{"self":[{"href":"https:\/\/seij.gob.gt\/udisep\/wp-json\/wp\/v2\/pages\/5652","targetHints":{"allow":["GET"]}}],"collection":[{"href":"https:\/\/seij.gob.gt\/udisep\/wp-json\/wp\/v2\/pages"}],"about":[{"href":"https:\/\/seij.gob.gt\/udisep\/wp-json\/wp\/v2\/types\/page"}],"author":[{"embeddable":true,"href":"https:\/\/seij.gob.gt\/udisep\/wp-json\/wp\/v2\/users\/1"}],"replies":[{"embeddable":true,"href":"https:\/\/seij.gob.gt\/udisep\/wp-json\/wp\/v2\/comments?post=5652"}],"version-history":[{"count":7,"href":"https:\/\/seij.gob.gt\/udisep\/wp-json\/wp\/v2\/pages\/5652\/revisions"}],"predecessor-version":[{"id":5749,"href":"https:\/\/seij.gob.gt\/udisep\/wp-json\/wp\/v2\/pages\/5652\/revisions\/5749"}],"wp:attachment":[{"href":"https:\/\/seij.gob.gt\/udisep\/wp-json\/wp\/v2\/media?parent=5652"}],"curies":[{"name":"wp","href":"https:\/\/api.w.org\/{rel}","templated":true}]}}