{"id":5654,"date":"2024-01-19T09:53:27","date_gmt":"2024-01-19T15:53:27","guid":{"rendered":"https:\/\/seij.gob.gt\/udisep\/?page_id=5654"},"modified":"2024-10-07T08:42:30","modified_gmt":"2024-10-07T14:42:30","slug":"numeral-6-ano-2024","status":"publish","type":"page","link":"https:\/\/seij.gob.gt\/udisep\/numeral-6-ano-2024\/","title":{"rendered":"Numeral 6 a\u00f1o 2024"},"content":{"rendered":"<p style=\"text-align: center;\"><span style=\"font-family: arial black, sans-serif; font-size: 18pt; color: #333399;\">Manuales y Procedimientos<\/span><\/p>\n<p>&nbsp;<\/p>\n<table style=\"border-collapse: collapse; width: 65.272%; height: 319px;\">\n<tbody>\n<tr style=\"height: 24px;\">\n<td style=\"width: 22.7273%; height: 50px;\"><img decoding=\"async\" class=\"aligncenter wp-image-5062\" src=\"https:\/\/seij.gob.gt\/udisep\/wp-content\/uploads\/2023\/01\/carpeta.png\" alt=\"\" width=\"53\" height=\"41\" \/><span style=\"color: #000080;\"><strong><span style=\"font-size: 14pt; font-family: arial, helvetica, sans-serif;\"><br \/>\n<\/span><\/strong><\/span><\/td>\n<td style=\"width: 77.2727%; height: 50px;\"><a href=\"..\/\/https:\/\/seij.gob.gt\/udisep\/manual-direccion-general\/\"><span style=\"color: #000080;\"><strong><span style=\"font-size: 14pt; font-family: arial, helvetica, sans-serif;\">Direcci\u00f3n General<\/span><\/strong><\/span><\/a><\/td>\n<\/tr>\n<tr>\n<td style=\"width: 22.7273%;\"><img decoding=\"async\" class=\"aligncenter wp-image-5062\" src=\"https:\/\/seij.gob.gt\/udisep\/wp-content\/uploads\/2023\/01\/carpeta.png\" alt=\"\" width=\"57\" height=\"44\" \/><\/td>\n<td style=\"width: 77.2727%;\"><a href=\"https:\/\/seij.gob.gt\/udisep\/manuales-de-auditoria-interna\/\"><span style=\"color: #000080;\"><strong><span style=\"font-size: 14pt; font-family: arial, helvetica, sans-serif;\">Auditor\u00eda Interna<\/span><\/strong><\/span><\/a><\/td>\n<\/tr>\n<tr style=\"height: 44px;\">\n<td style=\"width: 22.7273%; height: 44px;\"><img decoding=\"async\" class=\"aligncenter wp-image-5062\" src=\"https:\/\/seij.gob.gt\/udisep\/wp-content\/uploads\/2023\/01\/carpeta.png\" alt=\"\" width=\"57\" height=\"44\" \/><\/td>\n<td style=\"width: 77.2727%; height: 44px;\"><a href=\"https:\/\/seij.gob.gt\/udisep\/manuales-de-asesoria-legal\/\"><span style=\"color: #000080;\"><strong><span style=\"font-size: 14pt; font-family: arial, helvetica, sans-serif;\">Asesor\u00eda Legal<\/span><\/strong><\/span><\/a><\/td>\n<\/tr>\n<tr style=\"height: 24px;\">\n<td style=\"width: 22.7273%; height: 44px;\"><img decoding=\"async\" class=\"aligncenter wp-image-5062\" src=\"https:\/\/seij.gob.gt\/udisep\/wp-content\/uploads\/2023\/01\/carpeta.png\" alt=\"\" width=\"57\" height=\"44\" \/><\/td>\n<td style=\"width: 77.2727%; height: 44px;\"><a href=\"https:\/\/seij.gob.gt\/udisep\/manual-de-recursos-humanos\/\"><span style=\"color: #000080;\"><strong><span style=\"font-size: 14pt; font-family: arial, helvetica, sans-serif;\">Recursos Humanos<\/span><\/strong><\/span><\/a><\/td>\n<\/tr>\n<tr style=\"height: 24px;\">\n<td style=\"width: 22.7273%; height: 44px;\"><img decoding=\"async\" class=\"aligncenter wp-image-5062\" src=\"https:\/\/seij.gob.gt\/udisep\/wp-content\/uploads\/2023\/01\/carpeta.png\" alt=\"\" width=\"57\" height=\"44\" \/><\/td>\n<td style=\"width: 77.2727%; height: 44px;\"><a href=\"https:\/\/seij.gob.gt\/udisep\/coordinacion-administrativa\/\"><span style=\"color: #000080;\"><strong><span style=\"font-size: 14pt; font-family: arial, helvetica, sans-serif;\">Coordinaci\u00f3n Administrativa<\/span><\/strong><\/span><\/a><\/td>\n<\/tr>\n<tr style=\"height: 24px;\">\n<td style=\"width: 22.7273%; height: 44px;\"><img decoding=\"async\" class=\"aligncenter wp-image-5062\" src=\"https:\/\/seij.gob.gt\/udisep\/wp-content\/uploads\/2023\/01\/carpeta.png\" alt=\"\" width=\"57\" height=\"44\" \/><\/td>\n<td style=\"width: 77.2727%; height: 44px;\"><a href=\"https:\/\/seij.gob.gt\/udisep\/manuales-de-coordinacion-financiera\/\"><span style=\"color: #000080;\"><strong><span style=\"font-size: 14pt; font-family: arial, helvetica, sans-serif;\">Coordinaci\u00f3n Financiera<\/span><\/strong><\/span><\/a><\/td>\n<\/tr>\n<tr style=\"height: 24px;\">\n<td style=\"width: 22.7273%; height: 49px;\"><img decoding=\"async\" class=\"aligncenter wp-image-5062\" src=\"https:\/\/seij.gob.gt\/udisep\/wp-content\/uploads\/2023\/01\/carpeta.png\" alt=\"\" width=\"57\" height=\"44\" \/><\/td>\n<td style=\"width: 77.2727%; height: 49px;\"><a href=\"https:\/\/seij.gob.gt\/udisep\/coordinacion-de-fortalecimiento-institucional-y-de-programas\/\"><span style=\"color: #000080;\"><strong><span style=\"font-size: 14pt; font-family: arial, helvetica, sans-serif;\">Coordinaci\u00f3n de Fortalecimiento Institucional y de Programas<\/span><\/strong><\/span><\/a><\/td>\n<\/tr>\n<tr style=\"height: 24px;\">\n<td style=\"width: 22.7273%; height: 44px;\"><img decoding=\"async\" class=\"aligncenter wp-image-5062\" src=\"https:\/\/seij.gob.gt\/udisep\/wp-content\/uploads\/2023\/01\/carpeta.png\" alt=\"\" width=\"57\" height=\"44\" \/><\/td>\n<td style=\"width: 77.2727%; height: 44px;\"><a href=\"https:\/\/seij.gob.gt\/udisep\/manual-de-bufete-popular\/\"><span style=\"color: #000080;\"><strong><span style=\"font-size: 14pt; font-family: arial, helvetica, sans-serif;\">Centros de Administraci\u00f3n de Justicia\u00a0 -CAJ-<\/span><\/strong><\/span><\/a><\/td>\n<\/tr>\n<\/tbody>\n<\/table>\n","protected":false},"excerpt":{"rendered":"<p>Manuales y Procedimientos &nbsp; Direcci\u00f3n General Auditor\u00eda Interna Asesor\u00eda Legal Recursos Humanos Coordinaci\u00f3n Administrativa Coordinaci\u00f3n Financiera Coordinaci\u00f3n de Fortalecimiento Institucional y de Programas Centros de Administraci\u00f3n de Justicia\u00a0 -CAJ-<\/p>\n","protected":false},"author":1,"featured_media":0,"parent":0,"menu_order":0,"comment_status":"closed","ping_status":"closed","template":"","meta":{"_et_pb_use_builder":"","_et_pb_old_content":"","_et_gb_content_width":"","footnotes":""},"class_list":["post-5654","page","type-page","status-publish","hentry"],"nelio_popups_active_popup":"","_links":{"self":[{"href":"https:\/\/seij.gob.gt\/udisep\/wp-json\/wp\/v2\/pages\/5654","targetHints":{"allow":["GET"]}}],"collection":[{"href":"https:\/\/seij.gob.gt\/udisep\/wp-json\/wp\/v2\/pages"}],"about":[{"href":"https:\/\/seij.gob.gt\/udisep\/wp-json\/wp\/v2\/types\/page"}],"author":[{"embeddable":true,"href":"https:\/\/seij.gob.gt\/udisep\/wp-json\/wp\/v2\/users\/1"}],"replies":[{"embeddable":true,"href":"https:\/\/seij.gob.gt\/udisep\/wp-json\/wp\/v2\/comments?post=5654"}],"version-history":[{"count":16,"href":"https:\/\/seij.gob.gt\/udisep\/wp-json\/wp\/v2\/pages\/5654\/revisions"}],"predecessor-version":[{"id":5789,"href":"https:\/\/seij.gob.gt\/udisep\/wp-json\/wp\/v2\/pages\/5654\/revisions\/5789"}],"wp:attachment":[{"href":"https:\/\/seij.gob.gt\/udisep\/wp-json\/wp\/v2\/media?parent=5654"}],"curies":[{"name":"wp","href":"https:\/\/api.w.org\/{rel}","templated":true}]}}