{"id":58,"date":"2015-12-02T23:52:41","date_gmt":"2015-12-02T23:52:41","guid":{"rendered":"http:\/\/seij.gob.gt\/udisep\/?page_id=58"},"modified":"2026-03-23T23:26:06","modified_gmt":"2026-03-24T05:26:06","slug":"solicitudes-en-linea-2","status":"publish","type":"page","link":"https:\/\/seij.gob.gt\/udisep\/solicitudes-en-linea-2\/","title":{"rendered":"Solicitud de Informaci\u00f3n P\u00fablica"},"content":{"rendered":"\t\t<div data-elementor-type=\"wp-page\" data-elementor-id=\"58\" class=\"elementor elementor-58\">\n\t\t\t\t\t\t<section class=\"elementor-section elementor-top-section elementor-element elementor-element-3592b0ec elementor-section-boxed elementor-section-height-default elementor-section-height-default\" data-id=\"3592b0ec\" data-element_type=\"section\" data-e-type=\"section\">\n\t\t\t\t\t\t<div class=\"elementor-container elementor-column-gap-default\">\n\t\t\t\t\t<div class=\"elementor-column elementor-col-100 elementor-top-column elementor-element elementor-element-aa9a4b7\" data-id=\"aa9a4b7\" data-element_type=\"column\" data-e-type=\"column\">\n\t\t\t<div class=\"elementor-widget-wrap elementor-element-populated\">\n\t\t\t\t\t\t<div class=\"elementor-element elementor-element-22d86217 elementor-hidden-desktop elementor-hidden-tablet elementor-hidden-mobile elementor-widget elementor-widget-text-editor\" data-id=\"22d86217\" data-element_type=\"widget\" data-e-type=\"widget\" data-widget_type=\"text-editor.default\">\n\t\t\t\t<div class=\"elementor-widget-container\">\n\t\t\t\t\t\t\t\t\t<div id=\"pl-58\" class=\"panel-layout\"><div id=\"pg-58-0\" class=\"panel-grid panel-no-style\" data-style=\"{&quot;background_image_attachment&quot;:false,&quot;background_display&quot;:&quot;tile&quot;,&quot;background_image_size&quot;:&quot;full&quot;,&quot;background_image_opacity&quot;:&quot;100&quot;,&quot;border_thickness&quot;:&quot;1px&quot;,&quot;full_height&quot;:&quot;&quot;,&quot;cell_alignment&quot;:&quot;flex-start&quot;}\"><div id=\"pgc-58-0-0\" class=\"panel-grid-cell\" data-weight=\"1\"><div id=\"panel-58-0-0-0\" class=\"so-panel widget widget_sow-contact-form panel-first-child panel-last-child\" data-index=\"0\" data-style=\"{&quot;background_image_attachment&quot;:false,&quot;background_display&quot;:&quot;tile&quot;,&quot;background_image_size&quot;:&quot;full&quot;,&quot;background_image_opacity&quot;:&quot;100&quot;,&quot;border_thickness&quot;:&quot;1px&quot;}\"><div\n\t\t\t\n\t\t\tclass=\"so-widget-sow-contact-form so-widget-sow-contact-form-default-9d65c5d4c157\"\n\t\t\t\n\t\t>\t<form\n\t\taction=\"\/udisep\/wp-json\/wp\/v2\/pages\/58\"\n\t\tmethod=\"POST\"\n\t\tclass=\"sow-contact-form\"\n\t\tid=\"contact-form-9953\"\n\t>\n\n\t\t\n\t\t\t\t\t<div class=\"sow-form-field sow-form-field-name\">\n\t\t\t\t<label class=\"sow-form-field-label-above\" for=\"sow-contact-form-field-nombre-1\">\n\t\t\t\t<strong>\n\t\t\t\t\tNombre\t\t\t\t\t\t\t\t\t<\/strong>\n\t\t\t<\/label>\n\t\t\t\t\t\t\t<div class=\"sow-field-container\">\n\t\t\t\t\t\t\t<input\n\t\t\ttype=\"text\"\n\t\t\tname=\"nombre-1\"\n\t\t\tid=\"sow-contact-form-field-nombre-1\"\n\t\t\tvalue=\"\"\n\t\t\tclass=\"sow-text-field\"\n\t\t\t\t\t\t\t\t\/>\n\t\t\t\t\t\t<\/div>\n\t\t\t\t\t\t\t<\/div>\n\t\t\t\t\t\t<div class=\"sow-form-field sow-form-field-tel\">\n\t\t\t\t<label class=\"sow-form-field-label-above\" for=\"sow-contact-form-field-telefono-1\">\n\t\t\t\t<strong>\n\t\t\t\t\tTel\u00e9fono\t\t\t\t\t\t\t\t\t<\/strong>\n\t\t\t<\/label>\n\t\t\t\t\t\t\t<div class=\"sow-field-container\">\n\t\t\t\t\t\t\t<input\n\t\t\ttype=\"tel\"\n\t\t\tname=\"telefono-1\"\n\t\t\tid=\"sow-contact-form-field-telefono-1\"\n\t\t\tvalue=\"\"\n\t\t\tclass=\"sow-text-field\"\t\t\t\t\t\t\t\t\/>\n\t\t\t\t\t\t<\/div>\n\t\t\t\t\t\t\t<\/div>\n\t\t\t\t\t\t<div class=\"sow-form-field sow-form-field-email\">\n\t\t\t\t<label class=\"sow-form-field-label-above\" for=\"sow-contact-form-field-direccion-de-correo-electronico-1\">\n\t\t\t\t<strong>\n\t\t\t\t\tDirecci\u00f3n de Correo Electr\u00f3nico\t\t\t\t\t\t\t\t\t<\/strong>\n\t\t\t<\/label>\n\t\t\t\t\t\t\t<div class=\"sow-field-container\">\n\t\t\t\t\t\t\t<input\n\t\t\ttype=\"email\"\n\t\t\tname=\"direccion-de-correo-electronico-1\"\n\t\t\tid=\"sow-contact-form-field-direccion-de-correo-electronico-1\"\n\t\t\tvalue=\"\"\n\t\t\tclass=\"sow-text-field\"\t\t\t\t\t\t\t\t\/>\n\t\t\t\t\t\t<\/div>\n\t\t\t\t\t\t\t<\/div>\n\t\t\t\t\t\t<div class=\"sow-form-field sow-form-field-textarea\">\n\t\t\t\t<label class=\"sow-form-field-label-above\" for=\"sow-contact-form-field-solicitud-1\">\n\t\t\t\t<strong>\n\t\t\t\t\tSolicitud\t\t\t\t\t\t\t\t\t<\/strong>\n\t\t\t<\/label>\n\t\t\t\t\t\t\t<div class=\"sow-field-container\">\n\t\t\t\t\t\t\t<textarea\n\t\t\tname=\"solicitud-1\"\n\t\t\tid=\"sow-contact-form-field-solicitud-1\"\n\t\t\trows=\"10\"\n\t\t\t\t\t\t\t\t><\/textarea>\n\t\t\t\t\t\t<\/div>\n\t\t\t\t\t\t\t<\/div>\n\t\t\t\n\t\t\n<div class=\"sow-form-field sow-form-field-captcha\">\n\t\t\t<label\n\t\t\tclass=\"sow-form-field-label-above\"\n\t\t\tfor=\"really-simple-captcha-1\"\n\t\t>\n\t\t\t<strong>\n\t\t\t\tCaptcha\t\t\t<\/strong>\n\t\t<\/label>\n\t\n\t\n\t<img\n\t\tsrc=\"https:\/\/seij.gob.gt\/udisep\/wp-content\/plugins\/really-simple-captcha\/tmp\/2850755645.png\"\n\t\twidth=\"72\"\n\t\theight=\"24\"\n\t>\n\t<span class=\"sow-field-container\">\n\t\t<input\n\t\t\ttype=\"text\"\n\t\t\tname=\"really-simple-captcha-1\"\n\t\t\tid=\"really-simple-captcha-1\"\n\t\t\tvalue=\"\"\n\t\t\tclass=\"sow-text-field\"\n\t\t>\n\t<\/span>\n\t\t<input\n\t\ttype=\"hidden\"\n\t\tname=\"really-simple-captcha-prefix-1\"\n\t\tvalue=\"2850755645\"\n\t\/>\n<\/div>\n\n\t\t<div class=\"sow-submit-wrapper \n\t\tsow-submit-styled\t\t\">\n\n\t\t\t<button\n\t\t\t\ttype=\"submit\"\n\t\t\t\tclass=\"sow-submit\n\t\t\t\t\t\t\t\t\"\n\t\t\t\t\t\t\t>\n\t\t\t\tSolicitar Informaci\u00f3n\t\t\t<\/button>\n\t\t<\/div>\n\t\t\t\t<input\n\t\t\ttype=\"hidden\"\n\t\t\tname=\"instance_hash-1\"\n\t\t\tvalue=\"9953a7d5\"\n\t\t\/>\n\n\t\t<input type=\"hidden\" id=\"_wpnonce\" name=\"_wpnonce\" value=\"303e3d3e0e\" \/><input type=\"hidden\" name=\"_wp_http_referer\" value=\"\/udisep\/wp-json\/wp\/v2\/pages\/58\" \/>\t<\/form>\n\t<\/div><\/div><\/div><\/div><\/div>\t\t\t\t\t\t\t\t<\/div>\n\t\t\t\t<\/div>\n\t\t\t\t<div class=\"elementor-element elementor-element-5347b0c elementor-widget elementor-widget-html\" data-id=\"5347b0c\" data-element_type=\"widget\" data-e-type=\"widget\" data-widget_type=\"html.default\">\n\t\t\t\t<div class=\"elementor-widget-container\">\n\t\t\t\t\t<style>\n    \/* Contenedor de cada campo *\/\n.wpcf7 .campo-formulario {\n    margin-bottom: 15px;\n}\n\n\/* Labels *\/\n.wpcf7 label {\n    display: block;\n    font-size: 13px;\n    color: #555;\n    margin-bottom: 5px;\n}\n\n\/* Inputs, tel, email *\/\n.wpcf7 input[type=\"text\"],\n.wpcf7 input[type=\"tel\"],\n.wpcf7 input[type=\"email\"] {\n    width: 100%;\n    padding: 10px;\n    background-color: #f0f0f0;\n    border: none;\n    border-bottom: 1px solid #ccc;\n    font-size: 14px;\n    color: #333;\n}\n\n\/* Textarea solicitud *\/\n.wpcf7 textarea {\n    width: 100%;\n    height: 150px;\n    padding: 10px;\n    background-color: #f0f0f0;\n    border: none;\n    border-bottom: 1px solid #ccc;\n    font-size: 14px;\n    color: #333;\n    resize: vertical;\n}\n\n\/* Bot\u00f3n submit *\/\n.wpcf7 input[type=\"submit\"] {\n    background-color: #fff;\n    border: 1px solid #ccc;\n    padding: 8px 20px;\n    font-size: 14px;\n    cursor: pointer;\n    color: #333;\n}\n\n.wpcf7 input[type=\"submit\"]:hover {\n    background-color: #f0f0f0;\n}\n<\/style>\t\t\t\t<\/div>\n\t\t\t\t<\/div>\n\t\t\t\t<div class=\"elementor-element elementor-element-dbf3eb0 elementor-widget elementor-widget-shortcode\" data-id=\"dbf3eb0\" data-element_type=\"widget\" data-e-type=\"widget\" data-widget_type=\"shortcode.default\">\n\t\t\t\t<div class=\"elementor-widget-container\">\n\t\t\t\t\t\t\t<div class=\"elementor-shortcode\">\n<div class=\"wpcf7 no-js\" id=\"wpcf7-f7897-o1\" lang=\"es-GT\" dir=\"ltr\" data-wpcf7-id=\"7897\">\n<div class=\"screen-reader-response\"><p role=\"status\" aria-live=\"polite\" aria-atomic=\"true\"><\/p> <ul><\/ul><\/div>\n<form action=\"\/udisep\/wp-json\/wp\/v2\/pages\/58#wpcf7-f7897-o1\" method=\"post\" class=\"wpcf7-form init\" aria-label=\"Contact form\" novalidate=\"novalidate\" data-status=\"init\">\n<fieldset class=\"hidden-fields-container\"><input type=\"hidden\" name=\"_wpcf7\" value=\"7897\" \/><input type=\"hidden\" name=\"_wpcf7_version\" value=\"6.1.5\" \/><input type=\"hidden\" name=\"_wpcf7_locale\" value=\"es_GT\" \/><input type=\"hidden\" name=\"_wpcf7_unit_tag\" value=\"wpcf7-f7897-o1\" \/><input type=\"hidden\" name=\"_wpcf7_container_post\" value=\"0\" \/><input type=\"hidden\" name=\"_wpcf7_posted_data_hash\" value=\"\" \/>\n<\/fieldset>\n<div class=\"campo-formulario\">\n\t<p><label>Nombre<\/label><br \/>\n<span class=\"wpcf7-form-control-wrap\" data-name=\"your-name\"><input size=\"40\" maxlength=\"400\" class=\"wpcf7-form-control wpcf7-text wpcf7-validates-as-required\" aria-required=\"true\" aria-invalid=\"false\" placeholder=\"Nombre completo\" value=\"\" type=\"text\" name=\"your-name\" \/><\/span>\n\t<\/p>\n<\/div>\n<div class=\"campo-formulario\">\n\t<p><label>Tel\u00e9fono<\/label><br \/>\n<span class=\"wpcf7-form-control-wrap\" data-name=\"your-phone\"><input size=\"40\" maxlength=\"400\" class=\"wpcf7-form-control wpcf7-tel wpcf7-validates-as-required wpcf7-text wpcf7-validates-as-tel\" aria-required=\"true\" aria-invalid=\"false\" placeholder=\"N\u00famero de tel\u00e9fono\" value=\"\" type=\"tel\" name=\"your-phone\" \/><\/span>\n\t<\/p>\n<\/div>\n<div class=\"campo-formulario\">\n\t<p><label>Direcci\u00f3n de Correo Electr\u00f3nico<\/label><br \/>\n<span class=\"wpcf7-form-control-wrap\" data-name=\"your-email\"><input size=\"40\" maxlength=\"400\" class=\"wpcf7-form-control wpcf7-email wpcf7-validates-as-required wpcf7-text wpcf7-validates-as-email\" aria-required=\"true\" aria-invalid=\"false\" placeholder=\"correo@ejemplo.com\" value=\"\" type=\"email\" name=\"your-email\" \/><\/span>\n\t<\/p>\n<\/div>\n<div class=\"campo-formulario\">\n\t<p><label>Solicitud<\/label><br \/>\n<span class=\"wpcf7-form-control-wrap\" data-name=\"your-message\"><textarea cols=\"40\" rows=\"10\" maxlength=\"2000\" class=\"wpcf7-form-control wpcf7-textarea wpcf7-validates-as-required\" aria-required=\"true\" aria-invalid=\"false\" placeholder=\"Escriba su solicitud aqu\u00ed\" name=\"your-message\"><\/textarea><\/span>\n\t<\/p>\n<\/div>\n<div class=\"campo-formulario\">\n\t<p><label>Captcha<\/label><br \/>\n<input type=\"hidden\" name=\"_wpcf7_captcha_challenge_captcha-506\" value=\"1840442116\" \/><img decoding=\"async\" class=\"wpcf7-form-control wpcf7-captchac wpcf7-captcha-captcha-506\" width=\"72\" height=\"24\" alt=\"captcha\" src=\"https:\/\/seij.gob.gt\/udisep\/wp-content\/uploads\/wpcf7_captcha\/1840442116.png\" \/><br \/>\n<span class=\"wpcf7-form-control-wrap\" data-name=\"captcha-506\"><input size=\"40\" class=\"wpcf7-form-control wpcf7-captchar\" autocomplete=\"off\" aria-invalid=\"false\" value=\"\" type=\"text\" name=\"captcha-506\" \/><\/span>\n\t<\/p>\n<\/div>\n<p><input class=\"wpcf7-form-control wpcf7-submit has-spinner\" type=\"submit\" value=\"Solicitar Informaci\u00f3n\" \/>\n<\/p><div class=\"wpcf7-response-output\" aria-hidden=\"true\"><\/div>\n<\/form>\n<\/div>\n<\/div>\n\t\t\t\t\t\t<\/div>\n\t\t\t\t<\/div>\n\t\t\t\t\t<\/div>\n\t\t<\/div>\n\t\t\t\t\t<\/div>\n\t\t<\/section>\n\t\t\t\t<\/div>\n\t\t","protected":false},"excerpt":{"rendered":"<p> \n<div class=\"wpcf7 no-js\" id=\"wpcf7-f7897-o2\" lang=\"es-GT\" dir=\"ltr\" data-wpcf7-id=\"7897\">\n<div class=\"screen-reader-response\"><p role=\"status\" aria-live=\"polite\" aria-atomic=\"true\"><\/p> <ul><\/ul><\/div>\n<form action=\"\/udisep\/wp-json\/wp\/v2\/pages\/58#wpcf7-f7897-o2\" method=\"post\" class=\"wpcf7-form init\" aria-label=\"Contact form\" novalidate=\"novalidate\" data-status=\"init\">\n<fieldset class=\"hidden-fields-container\"><input type=\"hidden\" name=\"_wpcf7\" value=\"7897\" \/><input type=\"hidden\" name=\"_wpcf7_version\" value=\"6.1.5\" \/><input type=\"hidden\" name=\"_wpcf7_locale\" value=\"es_GT\" \/><input type=\"hidden\" name=\"_wpcf7_unit_tag\" value=\"wpcf7-f7897-o2\" \/><input type=\"hidden\" name=\"_wpcf7_container_post\" value=\"0\" \/><input type=\"hidden\" name=\"_wpcf7_posted_data_hash\" value=\"\" \/>\n<\/fieldset>\n<div class=\"campo-formulario\">\n\t<p><label>Nombre<\/label><br \/>\n<span class=\"wpcf7-form-control-wrap\" data-name=\"your-name\"><input size=\"40\" maxlength=\"400\" class=\"wpcf7-form-control wpcf7-text wpcf7-validates-as-required\" aria-required=\"true\" aria-invalid=\"false\" placeholder=\"Nombre completo\" value=\"\" type=\"text\" name=\"your-name\" \/><\/span>\n\t<\/p>\n<\/div>\n<div class=\"campo-formulario\">\n\t<p><label>Tel\u00e9fono<\/label><br \/>\n<span class=\"wpcf7-form-control-wrap\" data-name=\"your-phone\"><input size=\"40\" maxlength=\"400\" class=\"wpcf7-form-control wpcf7-tel wpcf7-validates-as-required wpcf7-text wpcf7-validates-as-tel\" aria-required=\"true\" aria-invalid=\"false\" placeholder=\"N\u00famero de tel\u00e9fono\" value=\"\" type=\"tel\" name=\"your-phone\" \/><\/span>\n\t<\/p>\n<\/div>\n<div class=\"campo-formulario\">\n\t<p><label>Direcci\u00f3n de Correo Electr\u00f3nico<\/label><br \/>\n<span class=\"wpcf7-form-control-wrap\" data-name=\"your-email\"><input size=\"40\" maxlength=\"400\" class=\"wpcf7-form-control wpcf7-email wpcf7-validates-as-required wpcf7-text wpcf7-validates-as-email\" aria-required=\"true\" aria-invalid=\"false\" placeholder=\"correo@ejemplo.com\" value=\"\" type=\"email\" name=\"your-email\" \/><\/span>\n\t<\/p>\n<\/div>\n<div class=\"campo-formulario\">\n\t<p><label>Solicitud<\/label><br \/>\n<span class=\"wpcf7-form-control-wrap\" data-name=\"your-message\"><textarea cols=\"40\" rows=\"10\" maxlength=\"2000\" class=\"wpcf7-form-control wpcf7-textarea wpcf7-validates-as-required\" aria-required=\"true\" aria-invalid=\"false\" placeholder=\"Escriba su solicitud aqu\u00ed\" name=\"your-message\"><\/textarea><\/span>\n\t<\/p>\n<\/div>\n<div class=\"campo-formulario\">\n\t<p><label>Captcha<\/label><br \/>\n<input type=\"hidden\" name=\"_wpcf7_captcha_challenge_captcha-506\" value=\"476018714\" \/><img decoding=\"async\" class=\"wpcf7-form-control wpcf7-captchac wpcf7-captcha-captcha-506\" width=\"72\" height=\"24\" alt=\"captcha\" src=\"https:\/\/seij.gob.gt\/udisep\/wp-content\/uploads\/wpcf7_captcha\/476018714.png\" \/><br \/>\n<span class=\"wpcf7-form-control-wrap\" data-name=\"captcha-506\"><input size=\"40\" class=\"wpcf7-form-control wpcf7-captchar\" autocomplete=\"off\" aria-invalid=\"false\" value=\"\" type=\"text\" name=\"captcha-506\" \/><\/span>\n\t<\/p>\n<\/div>\n<p><input class=\"wpcf7-form-control wpcf7-submit has-spinner\" type=\"submit\" value=\"Solicitar Informaci\u00f3n\" \/>\n<\/p><div class=\"wpcf7-response-output\" aria-hidden=\"true\"><\/div>\n<\/form>\n<\/div>\n<\/p>\n","protected":false},"author":1,"featured_media":0,"parent":0,"menu_order":0,"comment_status":"closed","ping_status":"closed","template":"","meta":{"_et_pb_use_builder":"on","_et_pb_old_content":"<div id=\"pl-58\"  class=\"panel-layout\" ><div id=\"pg-58-0\"  class=\"panel-grid panel-no-style\"  data-style=\"{&quot;background_image_attachment&quot;:false,&quot;background_display&quot;:&quot;tile&quot;,&quot;background_image_size&quot;:&quot;full&quot;,&quot;background_image_opacity&quot;:&quot;100&quot;,&quot;border_thickness&quot;:&quot;1px&quot;,&quot;full_height&quot;:&quot;&quot;,&quot;cell_alignment&quot;:&quot;flex-start&quot;}\" ><div id=\"pgc-58-0-0\"  class=\"panel-grid-cell\"  data-weight=\"1\" ><div id=\"panel-58-0-0-0\" class=\"so-panel widget widget_sow-contact-form panel-first-child panel-last-child\" data-index=\"0\" data-style=\"{&quot;background_image_attachment&quot;:false,&quot;background_display&quot;:&quot;tile&quot;,&quot;background_image_size&quot;:&quot;full&quot;,&quot;background_image_opacity&quot;:&quot;100&quot;,&quot;border_thickness&quot;:&quot;1px&quot;}\" >[siteorigin_widget class=\"SiteOrigin_Widgets_ContactForm_Widget\"]<input type=\"hidden\" value=\"{&quot;instance&quot;:{&quot;title&quot;:&quot;Solicitud de Informaci\u00f3n P\u00fablica&quot;,&quot;settings&quot;:{&quot;to&quot;:&quot;informacionpublica@seij.gob.gt&quot;,&quot;from&quot;:&quot;udise.info@seij.gob.gt&quot;,&quot;default_subject&quot;:&quot;Solicitud de Informaci\u00f3n P\u00fablica&quot;,&quot;subject_prefix&quot;:&quot;&quot;,&quot;success_message&quot;:&quot;&lt;p&gt;Gracias por comunicarse a la Secretar\u00eda Ejecutiva de la Instancia Coordinadora de la Modernizaci\u00f3n del Sector Justicia, nos comunicaremos a la brevedad para dar seguimiento a su solicitud de informaci\u00f3n p\u00fablica.&lt;\/p&gt;n&quot;,&quot;success_message_selected_editor&quot;:&quot;tinymce&quot;,&quot;submit_text&quot;:&quot;Solicitar Informaci\u00f3n&quot;,&quot;submit_id&quot;:&quot;&quot;,&quot;on_click&quot;:&quot;&quot;,&quot;required_field_indicator_message&quot;:&quot;Fields marked with * are required&quot;,&quot;so_field_container_state&quot;:&quot;open&quot;,&quot;required_field_indicator&quot;:&quot;&quot;,&quot;log_ip_address&quot;:&quot;&quot;},&quot;fields&quot;:[{&quot;type&quot;:&quot;name&quot;,&quot;label&quot;:&quot;Nombre&quot;,&quot;description&quot;:&quot;&quot;,&quot;required&quot;:{&quot;required&quot;:true,&quot;missing_message&quot;:&quot;Por favor ingrese su nombre&quot;,&quot;so_field_container_state&quot;:&quot;open&quot;},&quot;multiple_select&quot;:&quot;&quot;,&quot;options&quot;:&quot;&quot;},{&quot;type&quot;:&quot;tel&quot;,&quot;label&quot;:&quot;Tel\u00e9fono&quot;,&quot;description&quot;:&quot;&quot;,&quot;required&quot;:{&quot;missing_message&quot;:&quot;Required field&quot;,&quot;so_field_container_state&quot;:&quot;open&quot;,&quot;required&quot;:&quot;&quot;},&quot;multiple_select&quot;:&quot;&quot;,&quot;options&quot;:&quot;&quot;},{&quot;type&quot;:&quot;email&quot;,&quot;label&quot;:&quot;Direcci\u00f3n de Correo Electr\u00f3nico&quot;,&quot;description&quot;:&quot;&quot;,&quot;required&quot;:{&quot;required&quot;:true,&quot;missing_message&quot;:&quot;Por favor ingrese una direcci\u00f3n de correo electr\u00f3nico v\u00e1lida&quot;,&quot;so_field_container_state&quot;:&quot;open&quot;},&quot;multiple_select&quot;:&quot;&quot;,&quot;options&quot;:&quot;&quot;},{&quot;type&quot;:&quot;textarea&quot;,&quot;label&quot;:&quot;Solicitud&quot;,&quot;description&quot;:&quot;&quot;,&quot;required&quot;:{&quot;required&quot;:true,&quot;missing_message&quot;:&quot;Por favor ingrese su solicitud de informaci\u00f3n&quot;,&quot;so_field_container_state&quot;:&quot;open&quot;},&quot;multiple_select&quot;:&quot;&quot;,&quot;options&quot;:&quot;&quot;}],&quot;spam&quot;:{&quot;recaptcha&quot;:{&quot;use_captcha&quot;:&quot;&quot;,&quot;site_key&quot;:&quot;&quot;,&quot;secret_key&quot;:&quot;&quot;,&quot;site_key_v3&quot;:&quot;&quot;,&quot;secret_key_v3&quot;:&quot;&quot;,&quot;theme&quot;:&quot;light&quot;,&quot;type&quot;:&quot;image&quot;,&quot;size&quot;:&quot;normal&quot;,&quot;so_field_container_state&quot;:&quot;open&quot;},&quot;simple&quot;:{&quot;enabled&quot;:true,&quot;background&quot;:&quot;#ffffff&quot;,&quot;color&quot;:&quot;#000000&quot;,&quot;so_field_container_state&quot;:&quot;open&quot;},&quot;akismet&quot;:{&quot;spam_action&quot;:&quot;error&quot;,&quot;so_field_container_state&quot;:&quot;open&quot;,&quot;use_akismet&quot;:&quot;&quot;},&quot;so_field_container_state&quot;:&quot;open&quot;,&quot;honeypot&quot;:&quot;&quot;,&quot;browser_check&quot;:&quot;&quot;},&quot;design&quot;:{&quot;container&quot;:{&quot;background&quot;:&quot;#f2f2f2&quot;,&quot;padding&quot;:&quot;10px&quot;,&quot;padding_unit&quot;:&quot;px&quot;,&quot;border_color&quot;:&quot;#c0c0c0&quot;,&quot;border_width&quot;:&quot;1px&quot;,&quot;border_width_unit&quot;:&quot;px&quot;,&quot;border_style&quot;:&quot;solid&quot;,&quot;so_field_container_state&quot;:&quot;open&quot;},&quot;labels&quot;:{&quot;font&quot;:&quot;default&quot;,&quot;size&quot;:&quot;&quot;,&quot;size_unit&quot;:&quot;px&quot;,&quot;color&quot;:&quot;&quot;,&quot;position&quot;:&quot;above&quot;,&quot;width&quot;:&quot;&quot;,&quot;width_unit&quot;:&quot;px&quot;,&quot;align&quot;:&quot;left&quot;,&quot;so_field_container_state&quot;:&quot;open&quot;},&quot;fields&quot;:{&quot;font&quot;:&quot;default&quot;,&quot;font_size&quot;:&quot;&quot;,&quot;font_size_unit&quot;:&quot;px&quot;,&quot;color&quot;:&quot;&quot;,&quot;multi_margin&quot;:&quot;0px 0px 15px 0px&quot;,&quot;padding&quot;:&quot;&quot;,&quot;padding_unit&quot;:&quot;px&quot;,&quot;max_width&quot;:&quot;&quot;,&quot;max_width_unit&quot;:&quot;px&quot;,&quot;height&quot;:&quot;&quot;,&quot;height_unit&quot;:&quot;px&quot;,&quot;height_textarea&quot;:&quot;&quot;,&quot;height_textarea_unit&quot;:&quot;px&quot;,&quot;background&quot;:&quot;&quot;,&quot;border_color&quot;:&quot;#c0c0c0&quot;,&quot;border_width&quot;:&quot;1px&quot;,&quot;border_width_unit&quot;:&quot;px&quot;,&quot;border_style&quot;:&quot;solid&quot;,&quot;border_radius&quot;:0,&quot;so_field_container_state&quot;:&quot;open&quot;},&quot;descriptions&quot;:{&quot;size&quot;:&quot;0.9em&quot;,&quot;size_unit&quot;:&quot;em&quot;,&quot;color&quot;:&quot;#999999&quot;,&quot;style&quot;:&quot;italic&quot;,&quot;top_margin&quot;:&quot;0.2em&quot;,&quot;top_margin_unit&quot;:&quot;em&quot;,&quot;so_field_container_state&quot;:&quot;open&quot;},&quot;errors&quot;:{&quot;background&quot;:&quot;#fce4e5&quot;,&quot;border_color&quot;:&quot;#ec666a&quot;,&quot;text_color&quot;:&quot;#ec666a&quot;,&quot;padding&quot;:&quot;5px&quot;,&quot;padding_unit&quot;:&quot;px&quot;,&quot;margin&quot;:&quot;10px&quot;,&quot;margin_unit&quot;:&quot;px&quot;,&quot;so_field_container_state&quot;:&quot;open&quot;},&quot;submit&quot;:{&quot;styled&quot;:true,&quot;background_color&quot;:&quot;#eeeeee&quot;,&quot;background_color_hover&quot;:&quot;&quot;,&quot;background_gradient&quot;:10,&quot;border_color&quot;:&quot;#989a9c&quot;,&quot;border_color_hover&quot;:&quot;&quot;,&quot;border_style&quot;:&quot;solid&quot;,&quot;border_width&quot;:&quot;1px&quot;,&quot;border_width_unit&quot;:&quot;px&quot;,&quot;border_radius&quot;:3,&quot;text_color&quot;:&quot;#5a5a5a&quot;,&quot;text_color_hover&quot;:&quot;&quot;,&quot;font_size&quot;:&quot;&quot;,&quot;font_size_unit&quot;:&quot;px&quot;,&quot;weight&quot;:&quot;500&quot;,&quot;padding&quot;:&quot;10px&quot;,&quot;padding_unit&quot;:&quot;px&quot;,&quot;width&quot;:&quot;&quot;,&quot;width_unit&quot;:&quot;px&quot;,&quot;align&quot;:&quot;left&quot;,&quot;inset_highlight&quot;:50,&quot;so_field_container_state&quot;:&quot;open&quot;},&quot;focus&quot;:{&quot;style&quot;:&quot;solid&quot;,&quot;color&quot;:&quot;&quot;,&quot;width&quot;:&quot;1px&quot;,&quot;width_unit&quot;:&quot;px&quot;,&quot;so_field_container_state&quot;:&quot;open&quot;},&quot;success&quot;:{&quot;font&quot;:&quot;default&quot;,&quot;font_size&quot;:&quot;&quot;,&quot;font_size_unit&quot;:&quot;px&quot;,&quot;color&quot;:&quot;&quot;,&quot;background_color&quot;:&quot;&quot;,&quot;padding&quot;:&quot;&quot;,&quot;border_color&quot;:&quot;&quot;,&quot;border_width&quot;:&quot;1px&quot;,&quot;border_width_unit&quot;:&quot;px&quot;,&quot;border_style&quot;:&quot;solid&quot;,&quot;so_field_container_state&quot;:&quot;open&quot;},&quot;so_field_container_state&quot;:&quot;closed&quot;},&quot;_sow_form_id&quot;:&quot;6461324056914ce7145298958755955&quot;,&quot;_sow_form_timestamp&quot;:1770930477680,&quot;display_title&quot;:&quot;&quot;,&quot;so_sidebar_emulator_id&quot;:&quot;sow-contact-form-5810000&quot;,&quot;option_name&quot;:&quot;widget_sow-contact-form&quot;},&quot;args&quot;:{&quot;before_widget&quot;:&quot;&lt;div id=&quot;panel-58-0-0-0&quot; class=&quot;so-panel widget widget_sow-contact-form panel-first-child panel-last-child&quot; data-index=&quot;0&quot; data-style=&quot;{&amp;quot;background_image_attachment&amp;quot;:false,&amp;quot;background_display&amp;quot;:&amp;quot;tile&amp;quot;,&amp;quot;background_image_size&amp;quot;:&amp;quot;full&amp;quot;,&amp;quot;background_image_opacity&amp;quot;:&amp;quot;100&amp;quot;,&amp;quot;border_thickness&amp;quot;:&amp;quot;1px&amp;quot;}&quot; &gt;&quot;,&quot;after_widget&quot;:&quot;&lt;\/div&gt;&quot;,&quot;before_title&quot;:&quot;&lt;h3 class=&quot;widget-title&quot;&gt;&quot;,&quot;after_title&quot;:&quot;&lt;\/h3&gt;&quot;,&quot;widget_id&quot;:&quot;widget-0-0-0&quot;}}\" \/>[\/siteorigin_widget]<\/div><\/div><\/div><\/div>","_et_gb_content_width":"","footnotes":""},"class_list":["post-58","page","type-page","status-publish","hentry"],"nelio_popups_active_popup":"","_links":{"self":[{"href":"https:\/\/seij.gob.gt\/udisep\/wp-json\/wp\/v2\/pages\/58","targetHints":{"allow":["GET"]}}],"collection":[{"href":"https:\/\/seij.gob.gt\/udisep\/wp-json\/wp\/v2\/pages"}],"about":[{"href":"https:\/\/seij.gob.gt\/udisep\/wp-json\/wp\/v2\/types\/page"}],"author":[{"embeddable":true,"href":"https:\/\/seij.gob.gt\/udisep\/wp-json\/wp\/v2\/users\/1"}],"replies":[{"embeddable":true,"href":"https:\/\/seij.gob.gt\/udisep\/wp-json\/wp\/v2\/comments?post=58"}],"version-history":[{"count":28,"href":"https:\/\/seij.gob.gt\/udisep\/wp-json\/wp\/v2\/pages\/58\/revisions"}],"predecessor-version":[{"id":7903,"href":"https:\/\/seij.gob.gt\/udisep\/wp-json\/wp\/v2\/pages\/58\/revisions\/7903"}],"wp:attachment":[{"href":"https:\/\/seij.gob.gt\/udisep\/wp-json\/wp\/v2\/media?parent=58"}],"curies":[{"name":"wp","href":"https:\/\/api.w.org\/{rel}","templated":true}]}}