{"id":5821,"date":"2024-02-20T11:54:24","date_gmt":"2024-02-20T17:54:24","guid":{"rendered":"https:\/\/seij.gob.gt\/udisep\/?page_id=5821"},"modified":"2024-05-15T14:09:58","modified_gmt":"2024-05-15T20:09:58","slug":"decreto-101-97-ley-organica-del-presupuesto","status":"publish","type":"page","link":"https:\/\/seij.gob.gt\/udisep\/decreto-101-97-ley-organica-del-presupuesto\/","title":{"rendered":"Decreto 101-97 Ley Org\u00e1nica del Presupuesto 2024"},"content":{"rendered":"<ul>\n<li><span style=\"font-family: arial, helvetica, sans-serif; font-size: 14pt; color: #066da1;\"><strong>Art\u00edculo 8<\/strong><\/span><\/li>\n<li><a href=\"https:\/\/seij.gob.gt\/udisep\/articulo-17-bis-ano-2024\/\"><span style=\"font-family: arial, helvetica, sans-serif; font-size: 14pt; color: #066da1;\"><strong>Art\u00edculo 17 Bis<\/strong><\/span><\/a><\/li>\n<li><a href=\"https:\/\/seij.gob.gt\/udisep\/articulo-17-ter-ano-2024\/\"><span style=\"font-family: arial, helvetica, sans-serif; font-size: 14pt; color: #066da1;\"><strong>Art\u00edculo 17 Ter<\/strong><\/span><\/a><\/li>\n<li><span style=\"font-family: arial, helvetica, sans-serif; font-size: 14pt; color: #066da1;\"><strong>Art\u00edculo 17 Qu\u00e1ter<\/strong><\/span><\/li>\n<li><span style=\"font-family: arial, helvetica, sans-serif; font-size: 14pt; color: #066da1;\"><strong>Art\u00edculo 32<\/strong><\/span><\/li>\n<\/ul>\n","protected":false},"excerpt":{"rendered":"<p>Art\u00edculo 8 Art\u00edculo 17 Bis Art\u00edculo 17 Ter Art\u00edculo 17 Qu\u00e1ter Art\u00edculo 32<\/p>\n","protected":false},"author":1,"featured_media":0,"parent":0,"menu_order":0,"comment_status":"closed","ping_status":"closed","template":"","meta":{"_et_pb_use_builder":"","_et_pb_old_content":"","_et_gb_content_width":"","footnotes":""},"class_list":["post-5821","page","type-page","status-publish","hentry"],"nelio_popups_active_popup":"","_links":{"self":[{"href":"https:\/\/seij.gob.gt\/udisep\/wp-json\/wp\/v2\/pages\/5821","targetHints":{"allow":["GET"]}}],"collection":[{"href":"https:\/\/seij.gob.gt\/udisep\/wp-json\/wp\/v2\/pages"}],"about":[{"href":"https:\/\/seij.gob.gt\/udisep\/wp-json\/wp\/v2\/types\/page"}],"author":[{"embeddable":true,"href":"https:\/\/seij.gob.gt\/udisep\/wp-json\/wp\/v2\/users\/1"}],"replies":[{"embeddable":true,"href":"https:\/\/seij.gob.gt\/udisep\/wp-json\/wp\/v2\/comments?post=5821"}],"version-history":[{"count":6,"href":"https:\/\/seij.gob.gt\/udisep\/wp-json\/wp\/v2\/pages\/5821\/revisions"}],"predecessor-version":[{"id":5943,"href":"https:\/\/seij.gob.gt\/udisep\/wp-json\/wp\/v2\/pages\/5821\/revisions\/5943"}],"wp:attachment":[{"href":"https:\/\/seij.gob.gt\/udisep\/wp-json\/wp\/v2\/media?parent=5821"}],"curies":[{"name":"wp","href":"https:\/\/api.w.org\/{rel}","templated":true}]}}