{"id":5828,"date":"2024-02-20T13:22:36","date_gmt":"2024-02-20T19:22:36","guid":{"rendered":"https:\/\/seij.gob.gt\/udisep\/?page_id=5828"},"modified":"2024-12-13T11:39:45","modified_gmt":"2024-12-13T17:39:45","slug":"articulo-17-ter-ano-2024","status":"publish","type":"page","link":"https:\/\/seij.gob.gt\/udisep\/articulo-17-ter-ano-2024\/","title":{"rendered":"Art\u00edculo 17 Ter. a\u00f1o 2024"},"content":{"rendered":"<p>&nbsp;<\/p>\n<table style=\"border-collapse: collapse; width: 62.9713%;\">\n<tbody>\n<tr>\n<td style=\"width: 100%;\"><span style=\"font-family: arial black, sans-serif;\"><span style=\"font-size: 18.6667px;\">Noviembre<\/span><\/span><\/td>\n<\/tr>\n<tr>\n<td style=\"width: 100%;\"><a href=\"https:\/\/seij.gob.gt\/udisep\/wp-content\/uploads\/2024\/12\/17-Ter.-Noviembre-2024.pdf\"><span style=\"font-family: arial black, sans-serif;\"><span style=\"font-size: 18.6667px;\"><span style=\"font-family: 'arial black', sans-serif; font-size: 14pt;\"><span style=\"font-family: arial, helvetica, sans-serif; font-size: 14pt; color: #198ae0;\">Art\u00edculo 17 Ter de la Ley Org\u00e1nica del Presupuesto y sus Reformas<\/span><\/span><\/span><\/span><\/a><\/td>\n<\/tr>\n<tr>\n<td style=\"width: 100%;\"><span style=\"font-family: arial black, sans-serif;\"><span style=\"font-size: 18.6667px;\">Octubre<\/span><\/span><\/td>\n<\/tr>\n<tr>\n<td style=\"width: 100%;\"><a href=\"https:\/\/seij.gob.gt\/udisep\/wp-content\/uploads\/2024\/11\/17-Ter-Octubre-2024_.pdf\"><span style=\"font-family: arial black, sans-serif;\"><span style=\"font-size: 18.6667px;\"><span style=\"font-family: 'arial black', sans-serif; font-size: 14pt;\"><span style=\"font-family: arial, helvetica, sans-serif; font-size: 14pt; color: #198ae0;\">Art\u00edculo 17 Ter de la Ley Org\u00e1nica del Presupuesto y sus Reformas<\/span><\/span><\/span><\/span><\/a><\/td>\n<\/tr>\n<tr>\n<td style=\"width: 100%;\"><span style=\"font-family: arial black, sans-serif;\"><span style=\"font-size: 18.6667px;\">Septiembre<\/span><\/span><\/td>\n<\/tr>\n<tr>\n<td style=\"width: 100%;\"><a href=\"https:\/\/seij.gob.gt\/udisep\/wp-content\/uploads\/2024\/10\/17-Ter-Septiembre-2024.pdf\"><span style=\"font-family: arial black, sans-serif;\"><span style=\"font-size: 18.6667px;\"><span style=\"font-family: 'arial black', sans-serif; font-size: 14pt;\"><span style=\"font-family: arial, helvetica, sans-serif; font-size: 14pt; color: #198ae0;\">Art\u00edculo 17 Ter de la Ley Org\u00e1nica del Presupuesto y sus Reformas<\/span><\/span><\/span><\/span><\/a><\/td>\n<\/tr>\n<tr>\n<td style=\"width: 100%;\"><span style=\"font-family: arial black, sans-serif;\"><span style=\"font-size: 18.6667px;\">Agosto<\/span><\/span><\/td>\n<\/tr>\n<tr>\n<td style=\"width: 100%;\"><a href=\"..\/\/_2024_\/17 ter\/17 Ter. Agosto.pdf\"><span style=\"font-family: arial black, sans-serif;\"><span style=\"font-size: 18.6667px;\"><span style=\"font-family: 'arial black', sans-serif; font-size: 14pt;\"><span style=\"font-family: arial, helvetica, sans-serif; font-size: 14pt; color: #198ae0;\">Art\u00edculo 17 Ter de la Ley Org\u00e1nica del Presupuesto y sus Reformas<\/span><\/span><\/span><\/span><\/a><\/td>\n<\/tr>\n<tr>\n<td style=\"width: 100%;\"><span style=\"font-family: arial black, sans-serif;\"><span style=\"font-size: 18.6667px;\">Julio<\/span><\/span><\/td>\n<\/tr>\n<tr>\n<td style=\"width: 100%;\"><a href=\"..\/\/_2024_\/17 ter\/17 TER julio.pdf\"><span style=\"font-family: arial black, sans-serif;\"><span style=\"font-size: 18.6667px;\"><span style=\"font-family: 'arial black', sans-serif; font-size: 14pt;\"><span style=\"font-family: arial, helvetica, sans-serif; font-size: 14pt; color: #198ae0;\">Art\u00edculo 17 Ter de la Ley Org\u00e1nica del Presupuesto y sus Reformas<\/span><\/span><\/span><\/span><\/a><\/td>\n<\/tr>\n<tr>\n<td style=\"width: 100%;\"><span style=\"font-family: arial black, sans-serif;\"><span style=\"font-size: 18.6667px;\">Junio<\/span><\/span><\/td>\n<\/tr>\n<tr>\n<td style=\"width: 100%;\"><a href=\"..\/\/_2024_\/17 ter\/17 TER junio.pdf\"><span style=\"font-family: 'arial black', sans-serif; font-size: 14pt;\"><span style=\"font-family: arial, helvetica, sans-serif; font-size: 14pt; color: #198ae0;\">Art\u00edculo 17 Ter de la Ley Org\u00e1nica del Presupuesto y sus Reformas<\/span><\/span><\/a><\/td>\n<\/tr>\n<tr>\n<td style=\"width: 100%;\"><span style=\"font-family: 'arial black', sans-serif; font-size: 14pt;\">Mayo<\/span><\/td>\n<\/tr>\n<tr>\n<td style=\"width: 100%;\"><a href=\"https:\/\/seij.gob.gt\/udisep\/wp-content\/uploads\/2024\/07\/17-TER-mayo-2024.pdf\"><span style=\"font-family: 'arial black', sans-serif; font-size: 14pt;\"><span style=\"font-family: arial, helvetica, sans-serif; font-size: 14pt; color: #198ae0;\">Art\u00edculo 17 Ter de la Ley Org\u00e1nica del Presupuesto y sus Reformas<\/span><\/span><\/a><\/td>\n<\/tr>\n<tr>\n<td style=\"width: 100%;\"><span style=\"font-family: 'arial black', sans-serif; font-size: 14pt;\">Abril<\/span><\/td>\n<\/tr>\n<tr>\n<td style=\"width: 100%;\"><a href=\"..\/\/_2024_\/17 ter\/17 Ter. Abril 2024.pdf\"><span style=\"font-family: 'arial black', sans-serif; font-size: 14pt;\"><span style=\"font-family: arial, helvetica, sans-serif; font-size: 14pt; color: #198ae0;\">Art\u00edculo 17 Ter de la Ley Org\u00e1nica del Presupuesto y sus Reformas<\/span><\/span><\/a><\/td>\n<\/tr>\n<tr>\n<td style=\"width: 100%;\"><span style=\"font-family: 'arial black', sans-serif; font-size: 14pt;\">Marzo<\/span><\/td>\n<\/tr>\n<tr>\n<td style=\"width: 100%;\"><a href=\"..\/\/_2024_\/17 ter\/17TER_SEICMSJ_Marzo_2024.pdf\"><span style=\"font-family: 'arial black', sans-serif; font-size: 14pt;\"><span style=\"font-family: arial, helvetica, sans-serif; font-size: 14pt; color: #198ae0;\">Art\u00edculo 17 Ter de la Ley Org\u00e1nica del Presupuesto y sus Reformas<\/span><\/span><\/a><\/td>\n<\/tr>\n<tr>\n<td style=\"width: 100%;\"><span style=\"font-family: 'arial black', sans-serif; font-size: 14pt;\">Febrero<\/span><\/td>\n<\/tr>\n<tr>\n<td style=\"width: 100%;\"><a href=\"..\/\/_2024_\/17 ter\/Congreso Febrero 17 Ter..pdf\"><span style=\"font-family: arial, helvetica, sans-serif; font-size: 14pt; color: #198ae0;\">Art\u00edculo 17 Ter de la Ley Org\u00e1nica del Presupuesto y sus Reformas<\/span><\/a><\/td>\n<\/tr>\n<tr>\n<td style=\"width: 100%;\"><span style=\"font-family: 'arial black', sans-serif; font-size: 14pt;\">Enero<\/span><\/td>\n<\/tr>\n<tr>\n<td style=\"width: 100%;\"><a href=\"..\/\/_2024_\/17 ter\/Informe al Congreso de la Rep\u00fablica de Guatemala (enero 2024).pdf\"><span style=\"font-family: arial, helvetica, sans-serif; font-size: 14pt; color: #198ae0;\">Art\u00edculo 17 Ter de la Ley Org\u00e1nica del Presupuesto y sus Reformas<\/span><\/a><\/td>\n<\/tr>\n<\/tbody>\n<\/table>\n","protected":false},"excerpt":{"rendered":"<p>&nbsp; Noviembre Art\u00edculo 17 Ter de la Ley Org\u00e1nica del Presupuesto y sus Reformas Octubre Art\u00edculo 17 Ter de la Ley Org\u00e1nica del Presupuesto y sus Reformas Septiembre Art\u00edculo 17 Ter de la Ley Org\u00e1nica del Presupuesto y sus Reformas Agosto Art\u00edculo 17 Ter de la Ley Org\u00e1nica del Presupuesto y sus Reformas Julio Art\u00edculo [&hellip;]<\/p>\n","protected":false},"author":1,"featured_media":0,"parent":0,"menu_order":0,"comment_status":"closed","ping_status":"closed","template":"","meta":{"_et_pb_use_builder":"","_et_pb_old_content":"","_et_gb_content_width":"","footnotes":""},"class_list":["post-5828","page","type-page","status-publish","hentry"],"nelio_popups_active_popup":"","_links":{"self":[{"href":"https:\/\/seij.gob.gt\/udisep\/wp-json\/wp\/v2\/pages\/5828","targetHints":{"allow":["GET"]}}],"collection":[{"href":"https:\/\/seij.gob.gt\/udisep\/wp-json\/wp\/v2\/pages"}],"about":[{"href":"https:\/\/seij.gob.gt\/udisep\/wp-json\/wp\/v2\/types\/page"}],"author":[{"embeddable":true,"href":"https:\/\/seij.gob.gt\/udisep\/wp-json\/wp\/v2\/users\/1"}],"replies":[{"embeddable":true,"href":"https:\/\/seij.gob.gt\/udisep\/wp-json\/wp\/v2\/comments?post=5828"}],"version-history":[{"count":16,"href":"https:\/\/seij.gob.gt\/udisep\/wp-json\/wp\/v2\/pages\/5828\/revisions"}],"predecessor-version":[{"id":6341,"href":"https:\/\/seij.gob.gt\/udisep\/wp-json\/wp\/v2\/pages\/5828\/revisions\/6341"}],"wp:attachment":[{"href":"https:\/\/seij.gob.gt\/udisep\/wp-json\/wp\/v2\/media?parent=5828"}],"curies":[{"name":"wp","href":"https:\/\/api.w.org\/{rel}","templated":true}]}}