{"id":5837,"date":"2024-02-20T13:32:37","date_gmt":"2024-02-20T19:32:37","guid":{"rendered":"https:\/\/seij.gob.gt\/udisep\/?page_id=5837"},"modified":"2025-02-10T15:56:41","modified_gmt":"2025-02-10T21:56:41","slug":"decreto-54-2022-ano-2024","status":"publish","type":"page","link":"https:\/\/seij.gob.gt\/udisep\/decreto-54-2022-ano-2024\/","title":{"rendered":"Decreto 54-2022 a\u00f1o 2024"},"content":{"rendered":"<p><span style=\"font-family: arial, helvetica, sans-serif; font-size: 14pt; color: #0d85db;\"><strong>Art\u00edculo 20: \u00a0Transparencia y eficiencia del gasto p\u00fablico.<\/strong><\/span><\/p>\n<p><span style=\"font-family: arial, helvetica, sans-serif; font-size: 14pt; color: #0d85db;\"><strong>Art\u00edculo 21: Seguimiento en la estrategia para la mejora de la ejecuci\u00f3n y calidad del\u00a0<\/strong><strong>gasto p\u00fablico.<\/strong><\/span><\/p>\n<p><span style=\"font-family: arial, helvetica, sans-serif; font-size: 14pt; color: #0d85db;\"><strong>Art\u00edculo 22: Publicaci\u00f3n de informes en portales web.<\/strong><\/span><\/p>\n<p><a href=\"https:\/\/seij.gob.gt\/udisep\/articulo-33-otras-remuneraciones-de-personal-temporal-ano-2024\/\"><span style=\"font-family: arial, helvetica, sans-serif; font-size: 14pt; color: #0d85db;\"><strong>Art\u00edculo 33: Otras remuneraciones de personal temporal.<\/strong><\/span><\/a><\/p>\n<p><a href=\"https:\/\/seij.gob.gt\/udisep\/wp-content\/uploads\/2024\/10\/Primer-cuatrimestre.pdf\"><span style=\"color: #0d85db; font-family: arial, helvetica, sans-serif;\"><span style=\"font-size: 18.6667px;\"><b>Informe Primer Cuatrimestre<\/b><\/span><\/span><\/a><\/p>\n<p><a href=\"https:\/\/seij.gob.gt\/udisep\/wp-content\/uploads\/2024\/10\/Segundo-cuatrimestre.pdf\"><span style=\"color: #0d85db; font-family: arial, helvetica, sans-serif;\"><span style=\"font-size: 18.6667px;\"><b>Informe Segundo Cuatrimestre<\/b><\/span><\/span><\/a><\/p>\n<p><a href=\"https:\/\/seij.gob.gt\/udisep\/wp-content\/uploads\/2025\/02\/INFORME-TERCER-CUATRIMESTRE-2024.pdf\"><span style=\"color: #0d85db; font-family: arial, helvetica, sans-serif;\"><span style=\"font-size: 18.6667px;\"><b>Informe Tercer Cuatrimestre<\/b><\/span><\/span><\/a><\/p>\n","protected":false},"excerpt":{"rendered":"<p>Art\u00edculo 20: \u00a0Transparencia y eficiencia del gasto p\u00fablico. Art\u00edculo 21: Seguimiento en la estrategia para la mejora de la ejecuci\u00f3n y calidad del\u00a0gasto p\u00fablico. Art\u00edculo 22: Publicaci\u00f3n de informes en portales web. Art\u00edculo 33: Otras remuneraciones de personal temporal. Informe Primer Cuatrimestre Informe Segundo Cuatrimestre Informe Tercer Cuatrimestre<\/p>\n","protected":false},"author":1,"featured_media":0,"parent":0,"menu_order":0,"comment_status":"closed","ping_status":"closed","template":"","meta":{"_et_pb_use_builder":"","_et_pb_old_content":"","_et_gb_content_width":"","footnotes":""},"class_list":["post-5837","page","type-page","status-publish","hentry"],"nelio_popups_active_popup":"","_links":{"self":[{"href":"https:\/\/seij.gob.gt\/udisep\/wp-json\/wp\/v2\/pages\/5837","targetHints":{"allow":["GET"]}}],"collection":[{"href":"https:\/\/seij.gob.gt\/udisep\/wp-json\/wp\/v2\/pages"}],"about":[{"href":"https:\/\/seij.gob.gt\/udisep\/wp-json\/wp\/v2\/types\/page"}],"author":[{"embeddable":true,"href":"https:\/\/seij.gob.gt\/udisep\/wp-json\/wp\/v2\/users\/1"}],"replies":[{"embeddable":true,"href":"https:\/\/seij.gob.gt\/udisep\/wp-json\/wp\/v2\/comments?post=5837"}],"version-history":[{"count":6,"href":"https:\/\/seij.gob.gt\/udisep\/wp-json\/wp\/v2\/pages\/5837\/revisions"}],"predecessor-version":[{"id":6677,"href":"https:\/\/seij.gob.gt\/udisep\/wp-json\/wp\/v2\/pages\/5837\/revisions\/6677"}],"wp:attachment":[{"href":"https:\/\/seij.gob.gt\/udisep\/wp-json\/wp\/v2\/media?parent=5837"}],"curies":[{"name":"wp","href":"https:\/\/api.w.org\/{rel}","templated":true}]}}