{"id":6452,"date":"2025-02-04T11:54:08","date_gmt":"2025-02-04T17:54:08","guid":{"rendered":"https:\/\/seij.gob.gt\/udisep\/?page_id=6452"},"modified":"2026-01-21T09:55:12","modified_gmt":"2026-01-21T15:55:12","slug":"numeral-4-ano-2025","status":"publish","type":"page","link":"https:\/\/seij.gob.gt\/udisep\/numeral-4-ano-2025\/","title":{"rendered":"NUMERAL 4 A\u00d1O 2025"},"content":{"rendered":"<p style=\"text-align: center;\"><span style=\"font-family: arial black, sans-serif; font-size: 18pt; color: #333399;\">\u00a0 \u00a0 \u00a0 \u00a0 \u00a0 \u00a0 \u00a0 \u00a0 Sueldos y Honorarios<\/span><\/p>\n<p>&nbsp;<\/p>\n<table style=\"border-collapse: collapse; width: 69.5242%;\">\n<tbody>\n<tr>\n<td style=\"width: 100%;\" colspan=\"3\"><span style=\"font-family: 'arial black', sans-serif; font-size: 12pt;\">Enero 2025<\/span><\/td>\n<\/tr>\n<tr>\n<td style=\"width: 47.9062%;\"><span style=\"font-size: 14pt;\"><strong><span style=\"font-family: arial, helvetica, sans-serif; color: #000080;\">Secretar\u00eda Ejecutiva de la ICMSJ<\/span><\/strong><\/span><\/td>\n<td style=\"width: 25.2931%;\"><a href=\"https:\/\/seij.gob.gt\/udisep\/wp-content\/uploads\/2025\/02\/4.-SUELDOS-Y-HONORARIOS-ENERO-2025.pdf\"><img decoding=\"async\" class=\"aligncenter wp-image-5733\" src=\"https:\/\/seij.gob.gt\/udisep\/wp-content\/uploads\/2024\/02\/1.png\" alt=\"\" width=\"107\" height=\"107\" \/><\/a><\/td>\n<td style=\"width: 26.8007%;\"><a href=\"https:\/\/seij.gob.gt\/udisep\/wp-content\/uploads\/2025\/02\/4.-SUELDOS-Y-HONORARIOS-ENERO-2025.xlsx\"><img decoding=\"async\" class=\"aligncenter wp-image-5734\" src=\"https:\/\/seij.gob.gt\/udisep\/wp-content\/uploads\/2024\/02\/2.png\" alt=\"\" width=\"110\" height=\"110\" \/><\/a><\/td>\n<\/tr>\n<\/tbody>\n<\/table>\n<table style=\"border-collapse: collapse; width: 69.5242%;\">\n<tbody>\n<tr>\n<td style=\"width: 100%;\" colspan=\"3\"><span style=\"font-family: 'arial black', sans-serif; font-size: 12pt;\">Febrero 2025<\/span><\/td>\n<\/tr>\n<tr>\n<td style=\"width: 47.9062%;\"><span style=\"font-size: 14pt;\"><strong><span style=\"font-family: arial, helvetica, sans-serif; color: #000080;\">Secretar\u00eda Ejecutiva de la ICMSJ<\/span><\/strong><\/span><\/td>\n<td style=\"width: 25.2931%;\"><a href=\"https:\/\/seij.gob.gt\/udisep\/wp-content\/uploads\/2025\/03\/4.-SUELDOS-Y-HONORARIOS-FEBRERO-2025.pdf\"><img decoding=\"async\" class=\"aligncenter wp-image-5733\" src=\"https:\/\/seij.gob.gt\/udisep\/wp-content\/uploads\/2024\/02\/1.png\" alt=\"\" width=\"107\" height=\"107\" \/><\/a><\/td>\n<td style=\"width: 26.8007%;\"><a href=\"https:\/\/seij.gob.gt\/udisep\/wp-content\/uploads\/2025\/03\/4.-SUELDOS-Y-HONORARIOS-FEBRERO-2025.xlsx\"><img decoding=\"async\" class=\"aligncenter wp-image-5734\" src=\"https:\/\/seij.gob.gt\/udisep\/wp-content\/uploads\/2024\/02\/2.png\" alt=\"\" width=\"110\" height=\"110\" \/><\/a><\/td>\n<\/tr>\n<\/tbody>\n<\/table>\n<table style=\"border-collapse: collapse; width: 69.5242%;\">\n<tbody>\n<tr>\n<td style=\"width: 100%;\" colspan=\"3\"><span style=\"font-family: 'arial black', sans-serif; font-size: 12pt;\">Marzo 2025<\/span><\/td>\n<\/tr>\n<tr>\n<td style=\"width: 47.9062%;\"><span style=\"font-size: 14pt;\"><strong><span style=\"font-family: arial, helvetica, sans-serif; color: #000080;\">Secretar\u00eda Ejecutiva de la ICMSJ<\/span><\/strong><\/span><\/td>\n<td style=\"width: 25.2931%;\"><a href=\"https:\/\/seij.gob.gt\/udisep\/wp-content\/uploads\/2025\/04\/4.-SUELDOS-Y-HONORARIOS-MARZO-2025.pdf\"><img decoding=\"async\" class=\"aligncenter wp-image-5733\" src=\"https:\/\/seij.gob.gt\/udisep\/wp-content\/uploads\/2024\/02\/1.png\" alt=\"\" width=\"107\" height=\"107\" \/><\/a><\/td>\n<td style=\"width: 26.8007%;\"><a href=\"https:\/\/seij.gob.gt\/udisep\/wp-content\/uploads\/2025\/04\/4.-SUELDOS-Y-HONORARIOS-MARZO-2025.xlsx\"><img decoding=\"async\" class=\"aligncenter wp-image-5734\" src=\"https:\/\/seij.gob.gt\/udisep\/wp-content\/uploads\/2024\/02\/2.png\" alt=\"\" width=\"110\" height=\"110\" \/><\/a><\/td>\n<\/tr>\n<\/tbody>\n<\/table>\n<table style=\"border-collapse: collapse; width: 69.5242%;\">\n<tbody>\n<tr>\n<td style=\"width: 100%;\" colspan=\"3\"><span style=\"font-family: 'arial black', sans-serif; font-size: 12pt;\">Abril 2025<\/span><\/td>\n<\/tr>\n<tr>\n<td style=\"width: 47.9062%;\"><span style=\"font-size: 14pt;\"><strong><span style=\"font-family: arial, helvetica, sans-serif; color: #000080;\">Secretar\u00eda Ejecutiva de la ICMSJ<\/span><\/strong><\/span><\/td>\n<td style=\"width: 25.2931%;\"><a href=\"https:\/\/seij.gob.gt\/udisep\/wp-content\/uploads\/2025\/05\/4.-SUELDOS-Y-HONORARIOS-ABRIL-2025.pdf\"><img decoding=\"async\" class=\"aligncenter wp-image-5733\" src=\"https:\/\/seij.gob.gt\/udisep\/wp-content\/uploads\/2024\/02\/1.png\" alt=\"\" width=\"107\" height=\"107\" \/><\/a><\/td>\n<td style=\"width: 26.8007%;\"><a href=\"https:\/\/seij.gob.gt\/udisep\/wp-content\/uploads\/2025\/05\/4.-SUELDOS-Y-HONORARIOS-ABRIL-2025.xlsx\"><img decoding=\"async\" class=\"aligncenter wp-image-5734\" src=\"https:\/\/seij.gob.gt\/udisep\/wp-content\/uploads\/2024\/02\/2.png\" alt=\"\" width=\"110\" height=\"110\" \/><\/a><\/td>\n<\/tr>\n<\/tbody>\n<\/table>\n<table style=\"border-collapse: collapse; width: 69.5242%;\">\n<tbody>\n<tr>\n<td style=\"width: 100%;\" colspan=\"3\"><span style=\"font-family: 'arial black', sans-serif; font-size: 12pt;\">Mayo 2025<\/span><\/td>\n<\/tr>\n<tr>\n<td style=\"width: 47.9062%;\"><span style=\"font-size: 14pt;\"><strong><span style=\"font-family: arial, helvetica, sans-serif; color: #000080;\">Secretar\u00eda Ejecutiva de la ICMSJ<\/span><\/strong><\/span><\/td>\n<td style=\"width: 25.2931%;\"><a href=\"https:\/\/seij.gob.gt\/udisep\/wp-content\/uploads\/2025\/07\/4.-SUELDOS-Y-HONORARIOS-MAYO-2025.pdf\"><img decoding=\"async\" class=\"aligncenter wp-image-5733\" src=\"https:\/\/seij.gob.gt\/udisep\/wp-content\/uploads\/2024\/02\/1.png\" alt=\"\" width=\"107\" height=\"107\" \/><\/a><\/td>\n<td style=\"width: 26.8007%;\"><a href=\"https:\/\/seij.gob.gt\/udisep\/wp-content\/uploads\/2025\/07\/4.-SUELDOS-Y-HONORARIOS-MAYO-2025.xlsx\"><img decoding=\"async\" class=\"aligncenter wp-image-5734\" src=\"https:\/\/seij.gob.gt\/udisep\/wp-content\/uploads\/2024\/02\/2.png\" alt=\"\" width=\"110\" height=\"110\" \/><\/a><\/td>\n<\/tr>\n<\/tbody>\n<\/table>\n<table style=\"border-collapse: collapse; width: 69.5242%;\">\n<tbody>\n<tr>\n<td style=\"width: 100%;\" colspan=\"3\"><span style=\"font-family: 'arial black', sans-serif; font-size: 12pt;\">Junio 2025<\/span><\/td>\n<\/tr>\n<tr>\n<td style=\"width: 47.9062%;\"><span style=\"font-size: 14pt;\"><strong><span style=\"font-family: arial, helvetica, sans-serif; color: #000080;\">Secretar\u00eda Ejecutiva de la ICMSJ<\/span><\/strong><\/span><\/td>\n<td style=\"width: 25.2931%;\"><a href=\"https:\/\/seij.gob.gt\/udisep\/wp-content\/uploads\/2025\/07\/4.-SUELDOS-Y-HONORARIOS-JUNIO-2025.pdf\"><img decoding=\"async\" class=\"aligncenter wp-image-5733\" src=\"https:\/\/seij.gob.gt\/udisep\/wp-content\/uploads\/2024\/02\/1.png\" alt=\"\" width=\"107\" height=\"107\" \/><\/a><\/td>\n<td style=\"width: 26.8007%;\"><a href=\"https:\/\/seij.gob.gt\/udisep\/wp-content\/uploads\/2025\/07\/4.-SUELDOS-Y-HONORARIOS-JUNIO-2025.xlsx\"><img decoding=\"async\" class=\"aligncenter wp-image-5734\" src=\"https:\/\/seij.gob.gt\/udisep\/wp-content\/uploads\/2024\/02\/2.png\" alt=\"\" width=\"110\" height=\"110\" \/><\/a><\/td>\n<\/tr>\n<\/tbody>\n<\/table>\n<table style=\"border-collapse: collapse; width: 69.5242%;\">\n<tbody>\n<tr>\n<td style=\"width: 100%;\" colspan=\"3\"><span style=\"font-family: 'arial black', sans-serif; font-size: 12pt;\">Julio 2025<\/span><\/td>\n<\/tr>\n<tr>\n<td style=\"width: 47.9062%;\"><span style=\"font-size: 14pt;\"><strong><span style=\"font-family: arial, helvetica, sans-serif; color: #000080;\">Secretar\u00eda Ejecutiva de la ICMSJ<\/span><\/strong><\/span><\/td>\n<td style=\"width: 25.2931%;\"><a href=\"https:\/\/seij.gob.gt\/udisep\/wp-content\/uploads\/2025\/08\/4.-SUELDOS-Y-HONORARIOS-JULIO-2025.pdf\"><img decoding=\"async\" class=\"aligncenter wp-image-5733\" src=\"https:\/\/seij.gob.gt\/udisep\/wp-content\/uploads\/2024\/02\/1.png\" alt=\"\" width=\"107\" height=\"107\" \/><\/a><\/td>\n<td style=\"width: 26.8007%;\"><a href=\"https:\/\/seij.gob.gt\/udisep\/wp-content\/uploads\/2025\/08\/4.-SUELDOS-Y-HONORARIOS-JULIO-2025.xlsx\"><img decoding=\"async\" class=\"aligncenter wp-image-5734\" src=\"https:\/\/seij.gob.gt\/udisep\/wp-content\/uploads\/2024\/02\/2.png\" alt=\"\" width=\"110\" height=\"110\" \/><\/a><\/td>\n<\/tr>\n<\/tbody>\n<\/table>\n<table style=\"border-collapse: collapse; width: 69.5242%;\">\n<tbody>\n<tr>\n<td style=\"width: 100%;\" colspan=\"3\"><span style=\"font-family: 'arial black', sans-serif; font-size: 12pt;\">Agosto\u00a0 2025<\/span><\/td>\n<\/tr>\n<tr>\n<td style=\"width: 47.9062%;\"><span style=\"font-size: 14pt;\"><strong><span style=\"font-family: arial, helvetica, sans-serif; color: #000080;\">Secretar\u00eda Ejecutiva de la ICMSJ<\/span><\/strong><\/span><\/td>\n<td style=\"width: 25.2931%;\"><a href=\"https:\/\/seij.gob.gt\/udisep\/wp-content\/uploads\/2025\/09\/4.-SUELDOS-Y-HONORARIOS-AGOSTO-2025.pdf\"><img decoding=\"async\" class=\"aligncenter wp-image-5733\" src=\"https:\/\/seij.gob.gt\/udisep\/wp-content\/uploads\/2024\/02\/1.png\" alt=\"\" width=\"107\" height=\"107\" \/><\/a><\/td>\n<td style=\"width: 26.8007%;\"><a href=\"https:\/\/seij.gob.gt\/udisep\/wp-content\/uploads\/2025\/09\/4.-SUELDOS-Y-HONORARIOS-AGOSTO-2025.xlsx\"><img decoding=\"async\" class=\"aligncenter wp-image-5734\" src=\"https:\/\/seij.gob.gt\/udisep\/wp-content\/uploads\/2024\/02\/2.png\" alt=\"\" width=\"110\" height=\"110\" \/><\/a><\/td>\n<\/tr>\n<\/tbody>\n<\/table>\n<table style=\"border-collapse: collapse; width: 69.5242%;\">\n<tbody>\n<tr>\n<td style=\"width: 100%;\" colspan=\"3\"><span style=\"font-family: 'arial black', sans-serif; font-size: 12pt;\">Septiembre\u00a0 2025<\/span><\/td>\n<\/tr>\n<tr>\n<td style=\"width: 47.9062%;\"><span style=\"font-size: 14pt;\"><strong><span style=\"font-family: arial, helvetica, sans-serif; color: #000080;\">Secretar\u00eda Ejecutiva de la ICMSJ<\/span><\/strong><\/span><\/td>\n<td style=\"width: 25.2931%;\"><a href=\"https:\/\/seij.gob.gt\/udisep\/wp-content\/uploads\/2025\/10\/4.-SUELDOS-Y-HONORARIOS-SEPTIEMBRE-2025.pdf\"><img decoding=\"async\" class=\"aligncenter wp-image-5733\" src=\"https:\/\/seij.gob.gt\/udisep\/wp-content\/uploads\/2024\/02\/1.png\" alt=\"\" width=\"107\" height=\"107\" \/><\/a><\/td>\n<td style=\"width: 26.8007%;\"><a href=\"https:\/\/seij.gob.gt\/udisep\/wp-content\/uploads\/2025\/10\/4.-SUELDOS-Y-HONORARIOS-SEPTIEMBRE-2025.xlsx\"><img decoding=\"async\" class=\"aligncenter wp-image-5734\" src=\"https:\/\/seij.gob.gt\/udisep\/wp-content\/uploads\/2024\/02\/2.png\" alt=\"\" width=\"110\" height=\"110\" \/><\/a><\/td>\n<\/tr>\n<\/tbody>\n<\/table>\n<table style=\"border-collapse: collapse; width: 69.5242%;\">\n<tbody>\n<tr>\n<td style=\"width: 100%;\" colspan=\"3\"><span style=\"font-family: 'arial black', sans-serif; font-size: 12pt;\">Octubre\u00a0 2025<\/span><\/td>\n<\/tr>\n<tr>\n<td style=\"width: 47.9062%;\"><span style=\"font-size: 14pt;\"><strong><span style=\"font-family: arial, helvetica, sans-serif; color: #000080;\">Secretar\u00eda Ejecutiva de la ICMSJ<\/span><\/strong><\/span><\/td>\n<td style=\"width: 25.2931%;\"><a href=\"https:\/\/seij.gob.gt\/udisep\/wp-content\/uploads\/2025\/11\/4.-SUELDOS-Y-HONORARIOS-OCTUBRE-2025.pdf\"><img decoding=\"async\" class=\"aligncenter wp-image-5733\" src=\"https:\/\/seij.gob.gt\/udisep\/wp-content\/uploads\/2024\/02\/1.png\" alt=\"\" width=\"107\" height=\"107\" \/><\/a><\/td>\n<td style=\"width: 26.8007%;\"><a href=\"https:\/\/seij.gob.gt\/udisep\/wp-content\/uploads\/2025\/11\/4.-SUELDOS-Y-HONORARIOS-OCTUBRE-2025.xlsx\"><img decoding=\"async\" class=\"aligncenter wp-image-5734\" src=\"https:\/\/seij.gob.gt\/udisep\/wp-content\/uploads\/2024\/02\/2.png\" alt=\"\" width=\"110\" height=\"110\" \/><\/a><\/td>\n<\/tr>\n<\/tbody>\n<\/table>\n<table style=\"border-collapse: collapse; width: 69.5242%;\">\n<tbody>\n<tr>\n<td style=\"width: 100%;\" colspan=\"3\"><span style=\"font-family: 'arial black', sans-serif; font-size: 12pt;\">Noviembre\u00a0 2025<\/span><\/td>\n<\/tr>\n<tr>\n<td style=\"width: 47.9062%;\"><span style=\"font-size: 14pt;\"><strong><span style=\"font-family: arial, helvetica, sans-serif; color: #000080;\">Secretar\u00eda Ejecutiva de la ICMSJ<\/span><\/strong><\/span><\/td>\n<td style=\"width: 25.2931%;\"><a href=\"https:\/\/seij.gob.gt\/udisep\/wp-content\/uploads\/2025\/12\/4.-SUELDOS-Y-HONORARIOS-NOVIEMBRE-2025.pdf\"><img decoding=\"async\" class=\"aligncenter wp-image-5733\" src=\"https:\/\/seij.gob.gt\/udisep\/wp-content\/uploads\/2024\/02\/1.png\" alt=\"\" width=\"107\" height=\"107\" \/><\/a><\/td>\n<td style=\"width: 26.8007%;\"><a href=\"https:\/\/seij.gob.gt\/udisep\/wp-content\/uploads\/2025\/12\/4.-SUELDOS-Y-HONORARIOS-NOVIEMBRE-2025.xlsx\"><img decoding=\"async\" class=\"aligncenter wp-image-5734\" src=\"https:\/\/seij.gob.gt\/udisep\/wp-content\/uploads\/2024\/02\/2.png\" alt=\"\" width=\"110\" height=\"110\" \/><\/a><\/td>\n<\/tr>\n<\/tbody>\n<\/table>\n<table style=\"border-collapse: collapse; width: 69.5242%;\">\n<tbody>\n<tr>\n<td style=\"width: 100%;\" colspan=\"3\"><span style=\"font-family: 'arial black', sans-serif; font-size: 12pt;\">Diciembre\u00a0 2025<\/span><\/td>\n<\/tr>\n<tr>\n<td style=\"width: 47.9062%;\"><span style=\"font-size: 14pt;\"><strong><span style=\"font-family: arial, helvetica, sans-serif; color: #000080;\">Secretar\u00eda Ejecutiva de la ICMSJ<\/span><\/strong><\/span><\/td>\n<td style=\"width: 25.2931%;\"><a href=\"https:\/\/seij.gob.gt\/udisep\/wp-content\/uploads\/2026\/01\/4.-SUELDOS-Y-HONORARIOS-NOVIEMBRE-2025.pdf\"><img decoding=\"async\" class=\"aligncenter wp-image-5733\" src=\"https:\/\/seij.gob.gt\/udisep\/wp-content\/uploads\/2024\/02\/1.png\" alt=\"\" width=\"107\" height=\"107\" \/><\/a><\/td>\n<td style=\"width: 26.8007%;\"><a href=\"https:\/\/seij.gob.gt\/udisep\/wp-content\/uploads\/2026\/01\/4.-SUELDOS-Y-HONORARIOS-NOVIEMBRE-2025.xlsx\"><img decoding=\"async\" class=\"aligncenter wp-image-5734\" src=\"https:\/\/seij.gob.gt\/udisep\/wp-content\/uploads\/2024\/02\/2.png\" alt=\"\" width=\"110\" height=\"110\" \/><\/a><\/td>\n<\/tr>\n<\/tbody>\n<\/table>\n","protected":false},"excerpt":{"rendered":"<p>\u00a0 \u00a0 \u00a0 \u00a0 \u00a0 \u00a0 \u00a0 \u00a0 Sueldos y Honorarios &nbsp; Enero 2025 Secretar\u00eda Ejecutiva de la ICMSJ Febrero 2025 Secretar\u00eda Ejecutiva de la ICMSJ Marzo 2025 Secretar\u00eda Ejecutiva de la ICMSJ Abril 2025 Secretar\u00eda Ejecutiva de la ICMSJ Mayo 2025 Secretar\u00eda Ejecutiva de la ICMSJ Junio 2025 Secretar\u00eda Ejecutiva de la ICMSJ Julio [&hellip;]<\/p>\n","protected":false},"author":1,"featured_media":0,"parent":0,"menu_order":0,"comment_status":"closed","ping_status":"closed","template":"","meta":{"_et_pb_use_builder":"","_et_pb_old_content":"","_et_gb_content_width":"","footnotes":""},"class_list":["post-6452","page","type-page","status-publish","hentry"],"nelio_popups_active_popup":"","_links":{"self":[{"href":"https:\/\/seij.gob.gt\/udisep\/wp-json\/wp\/v2\/pages\/6452","targetHints":{"allow":["GET"]}}],"collection":[{"href":"https:\/\/seij.gob.gt\/udisep\/wp-json\/wp\/v2\/pages"}],"about":[{"href":"https:\/\/seij.gob.gt\/udisep\/wp-json\/wp\/v2\/types\/page"}],"author":[{"embeddable":true,"href":"https:\/\/seij.gob.gt\/udisep\/wp-json\/wp\/v2\/users\/1"}],"replies":[{"embeddable":true,"href":"https:\/\/seij.gob.gt\/udisep\/wp-json\/wp\/v2\/comments?post=6452"}],"version-history":[{"count":16,"href":"https:\/\/seij.gob.gt\/udisep\/wp-json\/wp\/v2\/pages\/6452\/revisions"}],"predecessor-version":[{"id":7528,"href":"https:\/\/seij.gob.gt\/udisep\/wp-json\/wp\/v2\/pages\/6452\/revisions\/7528"}],"wp:attachment":[{"href":"https:\/\/seij.gob.gt\/udisep\/wp-json\/wp\/v2\/media?parent=6452"}],"curies":[{"name":"wp","href":"https:\/\/api.w.org\/{rel}","templated":true}]}}