{"id":6526,"date":"2025-02-04T15:09:24","date_gmt":"2025-02-04T21:09:24","guid":{"rendered":"https:\/\/seij.gob.gt\/udisep\/?page_id=6526"},"modified":"2025-02-13T09:43:58","modified_gmt":"2025-02-13T15:43:58","slug":"numeral-29-ano-2025","status":"publish","type":"page","link":"https:\/\/seij.gob.gt\/udisep\/numeral-29-ano-2025\/","title":{"rendered":"NUMERAL 29 A\u00d1O 2025"},"content":{"rendered":"<p>&nbsp;<\/p>\n<h2 style=\"text-align: center;\"><span style=\"font-family: arial black, sans-serif; color: #333399;\"><span style=\"vertical-align: inherit;\">OTRA INFORMACI\u00d3N<\/span><\/span><\/h2>\n<p>&nbsp;<\/p>\n<p><a href=\"https:\/\/seij.gob.gt\/udisep\/wp-content\/uploads\/2024\/08\/29.jpg\"><img fetchpriority=\"high\" fetchpriority=\"high\" decoding=\"async\" class=\"aligncenter size-full wp-image-6067\" src=\"https:\/\/seij.gob.gt\/udisep\/wp-content\/uploads\/2024\/08\/29.jpg\" alt=\"\" width=\"1920\" height=\"1080\" srcset=\"https:\/\/seij.gob.gt\/udisep\/wp-content\/uploads\/2024\/08\/29.jpg 1920w, https:\/\/seij.gob.gt\/udisep\/wp-content\/uploads\/2024\/08\/29-1280x720.jpg 1280w, https:\/\/seij.gob.gt\/udisep\/wp-content\/uploads\/2024\/08\/29-980x551.jpg 980w, https:\/\/seij.gob.gt\/udisep\/wp-content\/uploads\/2024\/08\/29-480x270.jpg 480w\" sizes=\"(min-width: 0px) and (max-width: 480px) 480px, (min-width: 481px) and (max-width: 980px) 980px, (min-width: 981px) and (max-width: 1280px) 1280px, (min-width: 1281px) 1920px, 100vw\" \/><\/a><\/p>\n<p>&nbsp;<\/p>\n<p>&nbsp;<\/p>\n<table style=\"border-collapse: collapse; width: 21.0525%;\">\n<tbody>\n<tr>\n<td style=\"width: 100%;\">\n<p style=\"text-align: center;\"><a href=\"https:\/\/seij.gob.gt\/udisep\/decreto-36-2024-ano-2025\/\"><img decoding=\"async\" class=\"aligncenter wp-image-5062\" src=\"https:\/\/seij.gob.gt\/udisep\/wp-content\/uploads\/2023\/01\/carpeta.png\" alt=\"\" width=\"124\" height=\"96\" \/><\/a><strong><span style=\"font-size: 18pt; color: #000080;\">2025<\/span><\/strong><\/p>\n<\/td>\n<\/tr>\n<\/tbody>\n<\/table>\n<p>&nbsp;<\/p>\n<p>&nbsp;<\/p>\n<table>\n<tbody>\n<tr style=\"height: 51px;\">\n<td style=\"width: 329px; text-align: center; height: 51px;\"><span style=\"font-family: 'arial black', sans-serif; color: #000080; font-size: 14pt;\">Descripci\u00f3n\u00a0<\/span><\/td>\n<td style=\"width: 160px; text-align: center; height: 51px;\"><span style=\"font-family: 'arial black', sans-serif; color: #000080; font-size: 14pt;\">Descargar Informaci\u00f3n<\/span><\/td>\n<\/tr>\n<tr>\n<td style=\"width: 329px;\"><span style=\"font-family: arial, helvetica, sans-serif; color: #000080;\"><span style=\"font-size: 14pt;\">ART\u00cdCULO 33 DEL DECRETO N\u00daMERO 36-2024, LEY DEL PRESUPUESTO GENERAL DE INGRESOS Y EGRESOS DEL ESTADO PARA EJERCICIO FISCAL 2025 ENERO 2025<\/span><\/span><\/td>\n<td style=\"width: 160px;\"><a href=\"https:\/\/seij.gob.gt\/udisep\/wp-content\/uploads\/2025\/02\/LIQUIDACION-DEL-PRESUPUESTO-DE-INGRESOS-Y-EGRESOS-Y-CIERRE-CONTABLE-2024.pdf\"><img decoding=\"async\" class=\"aligncenter wp-image-3229\" src=\"https:\/\/seij.gob.gt\/udisep\/wp-content\/uploads\/2020\/02\/pdf_3.jpg\" alt=\"\" width=\"72\" height=\"78\" \/><\/a><\/td>\n<\/tr>\n<tr>\n<td style=\"width: 329px;\"><span style=\"font-family: arial, helvetica, sans-serif; color: #000080;\"><span style=\"font-size: 14pt;\">CIERRE FISCAL 2024<\/span><\/span><\/td>\n<td style=\"width: 160px;\"><a href=\"https:\/\/seij.gob.gt\/udisep\/wp-content\/uploads\/2025\/02\/LIQUIDACION-DEL-PRESUPUESTO-DE-INGRESOS-Y-EGRESOS-Y-CIERRE-CONTABLE-2024.pdf\"><img decoding=\"async\" class=\"aligncenter wp-image-3229\" src=\"https:\/\/seij.gob.gt\/udisep\/wp-content\/uploads\/2020\/02\/pdf_3.jpg\" alt=\"\" width=\"72\" height=\"78\" \/><\/a><\/td>\n<\/tr>\n<tr style=\"height: 78px;\">\n<td style=\"width: 329px; height: 78px;\"><span style=\"font-family: arial, helvetica, sans-serif; color: #000080;\"><span style=\"font-size: 14pt;\">Ejecuci\u00f3n de Fondo Rotativo Programa -PREVI- (mayo 2023)<\/span><\/span><\/td>\n<td style=\"width: 160px; height: 78px;\"><a href=\"..\/\/_2023_\/informacion_publica\/mayo\/NUMERAL 29\/INFORMACI\u00d3N RELEVANTE PREVI.pdf\"><img decoding=\"async\" class=\"aligncenter wp-image-3229\" src=\"https:\/\/seij.gob.gt\/udisep\/wp-content\/uploads\/2020\/02\/pdf_3.jpg\" alt=\"\" width=\"72\" height=\"78\" \/><\/a><\/td>\n<\/tr>\n<tr style=\"height: 78px;\">\n<td style=\"width: 329px; height: 78px;\"><span style=\"font-family: arial, helvetica, sans-serif; color: #000080;\"><span style=\"font-size: 14pt;\">Ejecuci\u00f3n de Fondo Rotativo Programa -PREVI-<\/span><\/span><\/td>\n<td style=\"width: 160px; height: 78px;\"><a href=\"..\/\/_2023_\/informacion_publica\/marzo\/NUMERAL 29\/INFORMACI\u00d3N RELEVANTE PREVI.pdf\"><img decoding=\"async\" class=\"aligncenter wp-image-3229\" src=\"https:\/\/seij.gob.gt\/udisep\/wp-content\/uploads\/2020\/02\/pdf_3.jpg\" alt=\"\" width=\"72\" height=\"78\" \/><\/a><\/td>\n<\/tr>\n<tr style=\"height: 131px;\">\n<td style=\"width: 329px; height: 131px;\">&nbsp;<\/p>\n<p><span style=\"font-family: arial, helvetica, sans-serif; color: #000080;\"><span style=\"font-size: 14pt;\">Liquidaci\u00f3n de ingresos, egresos y cierre contable a\u00f1o 2,021<\/span><\/span><\/td>\n<td style=\"width: 160px; height: 131px;\"><a href=\"..\/\/_2022_\/informacion publica\/enero\/NUMERAL 29\/LIQUDACION A\u00d1O 2021.pdf\"><img decoding=\"async\" class=\"aligncenter wp-image-3229\" src=\"https:\/\/seij.gob.gt\/udisep\/wp-content\/uploads\/2020\/02\/pdf_3.jpg\" alt=\"\" width=\"72\" height=\"78\" \/><\/a><\/td>\n<\/tr>\n<tr style=\"height: 131px;\">\n<td style=\"width: 329px; height: 131px;\">&nbsp;<\/p>\n<p><span style=\"font-family: arial, helvetica, sans-serif; color: #000080;\"><span style=\"font-size: 14pt;\">Liquidaci\u00f3n de ingresos, egresos y cierre contable a\u00f1o 2,020<\/span>\u00a0<\/span><\/td>\n<td style=\"width: 160px; height: 131px;\"><a href=\"..\/\/_2021_\/informacion publica\/febrero\/NUM29\/CIERRE CONTABLE 2020.pdf\"><img decoding=\"async\" class=\"aligncenter wp-image-3229\" src=\"https:\/\/seij.gob.gt\/udisep\/wp-content\/uploads\/2020\/02\/pdf_3.jpg\" alt=\"\" width=\"72\" height=\"78\" \/><\/a><\/td>\n<\/tr>\n<tr style=\"height: 104px;\">\n<td style=\"width: 329px; height: 104px;\">&nbsp;<\/p>\n<p><span style=\"color: #000080; font-size: 14pt; font-family: arial, helvetica, sans-serif;\">Ejecuci\u00f3n 1er. cuatrimestre 2,020<\/span><\/td>\n<td style=\"width: 160px; height: 104px;\"><a href=\"https:\/\/seij.gob.gt\/udisep\/\/_2020_\/Informacion%20Publica\/mayo\/Articulo%208%20y%2017%20bis%20de%20la%20Ley.pdf\"><img decoding=\"async\" class=\"aligncenter wp-image-3229\" src=\"https:\/\/seij.gob.gt\/udisep\/wp-content\/uploads\/2020\/02\/pdf_3.jpg\" alt=\"\" width=\"72\" height=\"78\" \/><\/a><\/td>\n<\/tr>\n<tr style=\"height: 104px;\">\n<td style=\"width: 329px; height: 104px;\">&nbsp;<\/p>\n<p><span style=\"color: #000080; font-size: 14pt; font-family: arial, helvetica, sans-serif;\">Cierre Fiscal 2,019<\/span><\/td>\n<td style=\"width: 160px; height: 104px;\"><a href=\"..\/\/_2020_\/Informacion Publica\/febrero\/numeral 29\/CIERRE CONTABLE 2019.pdf\"><img decoding=\"async\" class=\"aligncenter wp-image-3229\" src=\"https:\/\/seij.gob.gt\/udisep\/wp-content\/uploads\/2020\/02\/pdf_3.jpg\" alt=\"\" width=\"72\" height=\"78\" \/><\/a><\/td>\n<\/tr>\n<tr style=\"height: 104px;\">\n<td style=\"width: 329px; height: 104px;\">&nbsp;<\/p>\n<p><span style=\"color: #000080; font-size: 14pt; font-family: arial, helvetica, sans-serif;\">Ejecuci\u00f3n 3er cuatrimestre 2,019<\/span><\/td>\n<td style=\"width: 160px; height: 104px;\"><a href=\"https:\/\/seij.gob.gt\/udisep\/\/_2019_\/informacion%20publica\/diciembre\/NUM29_SEIJ_DIC19\/SEICMSJ-CFIP00249.pdf\"><img decoding=\"async\" class=\"aligncenter wp-image-3229\" src=\"https:\/\/seij.gob.gt\/udisep\/wp-content\/uploads\/2020\/02\/pdf_3.jpg\" alt=\"\" width=\"72\" height=\"78\" \/><\/a><\/td>\n<\/tr>\n<tr style=\"height: 104px;\">\n<td style=\"width: 329px; height: 104px;\">&nbsp;<\/p>\n<p><span style=\"color: #000080; font-size: 14pt; font-family: arial, helvetica, sans-serif;\">Cierre Fiscal 2,018<\/span><\/td>\n<td style=\"width: 160px; height: 104px;\"><a href=\"https:\/\/seij.gob.gt\/udisep\/_2019_\/informacion%20publica\/marzo\/NUM29_MAR19\/Informe%20de%20ejecuci%C3%B3n%20presupuestaria%20y%20financiera%202018.PDF\"><img decoding=\"async\" class=\"aligncenter wp-image-3229\" src=\"https:\/\/seij.gob.gt\/udisep\/wp-content\/uploads\/2020\/02\/pdf_3.jpg\" alt=\"\" width=\"72\" height=\"78\" \/><\/a><\/td>\n<\/tr>\n<tr style=\"height: 104px;\">\n<td style=\"width: 329px; height: 104px;\">&nbsp;<\/p>\n<p><span style=\"color: #000080; font-size: 14pt; font-family: arial, helvetica, sans-serif;\">Cierre Fiscal 2,017<\/span><\/td>\n<td style=\"width: 160px; height: 104px;\"><a href=\"https:\/\/seij.gob.gt\/udisep\/_2018_\/numeral29\/INFORME%20DE%20LIQUIDACION%20EJERCICIO%20FISCAL%202017%20SEICMSJ.pdf\"><img decoding=\"async\" class=\"aligncenter wp-image-3229\" src=\"https:\/\/seij.gob.gt\/udisep\/wp-content\/uploads\/2020\/02\/pdf_3.jpg\" alt=\"\" width=\"72\" height=\"78\" \/><\/a><\/td>\n<\/tr>\n<tr style=\"height: 104px;\">\n<td style=\"width: 329px; height: 104px;\">&nbsp;<\/p>\n<p><span style=\"color: #000080; font-size: 14pt; font-family: arial, helvetica, sans-serif;\">Cierre Fiscal<\/span><\/td>\n<td style=\"width: 160px; height: 104px;\"><a href=\"https:\/\/seij.gob.gt\/udisep\/_2017_\/marzo\/numeral%2029\/Cierre%20Ejercicio%20Fiscal%202016.pdf\"><img decoding=\"async\" class=\"aligncenter wp-image-3229\" src=\"https:\/\/seij.gob.gt\/udisep\/wp-content\/uploads\/2020\/02\/pdf_3.jpg\" alt=\"\" width=\"72\" height=\"78\" \/><\/a><\/td>\n<\/tr>\n<\/tbody>\n<\/table>\n","protected":false},"excerpt":{"rendered":"<p>&nbsp; OTRA INFORMACI\u00d3N &nbsp; &nbsp; &nbsp; 2025 &nbsp; &nbsp; Descripci\u00f3n\u00a0 Descargar Informaci\u00f3n ART\u00cdCULO 33 DEL DECRETO N\u00daMERO 36-2024, LEY DEL PRESUPUESTO GENERAL DE INGRESOS Y EGRESOS DEL ESTADO PARA EJERCICIO FISCAL 2025 ENERO 2025 CIERRE FISCAL 2024 Ejecuci\u00f3n de Fondo Rotativo Programa -PREVI- (mayo 2023) Ejecuci\u00f3n de Fondo Rotativo Programa -PREVI- &nbsp; Liquidaci\u00f3n de ingresos, [&hellip;]<\/p>\n","protected":false},"author":1,"featured_media":0,"parent":0,"menu_order":0,"comment_status":"closed","ping_status":"closed","template":"","meta":{"_et_pb_use_builder":"","_et_pb_old_content":"","_et_gb_content_width":"","footnotes":""},"class_list":["post-6526","page","type-page","status-publish","hentry"],"nelio_popups_active_popup":"","_links":{"self":[{"href":"https:\/\/seij.gob.gt\/udisep\/wp-json\/wp\/v2\/pages\/6526","targetHints":{"allow":["GET"]}}],"collection":[{"href":"https:\/\/seij.gob.gt\/udisep\/wp-json\/wp\/v2\/pages"}],"about":[{"href":"https:\/\/seij.gob.gt\/udisep\/wp-json\/wp\/v2\/types\/page"}],"author":[{"embeddable":true,"href":"https:\/\/seij.gob.gt\/udisep\/wp-json\/wp\/v2\/users\/1"}],"replies":[{"embeddable":true,"href":"https:\/\/seij.gob.gt\/udisep\/wp-json\/wp\/v2\/comments?post=6526"}],"version-history":[{"count":7,"href":"https:\/\/seij.gob.gt\/udisep\/wp-json\/wp\/v2\/pages\/6526\/revisions"}],"predecessor-version":[{"id":6743,"href":"https:\/\/seij.gob.gt\/udisep\/wp-json\/wp\/v2\/pages\/6526\/revisions\/6743"}],"wp:attachment":[{"href":"https:\/\/seij.gob.gt\/udisep\/wp-json\/wp\/v2\/media?parent=6526"}],"curies":[{"name":"wp","href":"https:\/\/api.w.org\/{rel}","templated":true}]}}