{"id":6737,"date":"2025-02-13T09:10:15","date_gmt":"2025-02-13T15:10:15","guid":{"rendered":"https:\/\/seij.gob.gt\/udisep\/?page_id=6737"},"modified":"2026-01-21T12:47:25","modified_gmt":"2026-01-21T18:47:25","slug":"decreto-36-2024-ano-2025","status":"publish","type":"page","link":"https:\/\/seij.gob.gt\/udisep\/decreto-36-2024-ano-2025\/","title":{"rendered":"Decreto 36-2024 a\u00f1o 2025"},"content":{"rendered":"<table style=\"border-collapse: collapse; width: 49.3711%; height: 120px;\">\n<tbody>\n<tr style=\"height: 26px;\">\n<td style=\"width: 99.7641%; height: 10px;\" colspan=\"2\"><span style=\"color: #000080; font-family: arial, helvetica, sans-serif; font-size: 14pt;\"><strong>Art\u00edculo 33: Informaci\u00f3n sobre las adquisiciones realizadas en la modalidad de compra de baja cuant\u00eda.\u00a0<\/strong><\/span><\/td>\n<\/tr>\n<\/tbody>\n<\/table>\n<table style=\"border-collapse: collapse; width: 49.3711%; height: 120px;\">\n<tbody>\n<tr style=\"height: 26px;\">\n<td style=\"width: 99.7641%; height: 10px;\" colspan=\"2\"><span style=\"color: #000080; font-family: arial, helvetica, sans-serif; font-size: 14pt;\">ENERO 2025<\/span><\/td>\n<\/tr>\n<tr style=\"height: 110px;\">\n<td style=\"width: 54.9528%; height: 110px;\"><a href=\"https:\/\/seij.gob.gt\/udisep\/wp-content\/uploads\/2025\/02\/ARTICULO-33-ENERO-2025.pdf\"><span style=\"font-family: 'arial black', sans-serif; font-size: 14pt;\"><img decoding=\"async\" class=\"aligncenter wp-image-5733\" src=\"https:\/\/seij.gob.gt\/udisep\/wp-content\/uploads\/2024\/02\/1.png\" alt=\"\" width=\"110\" height=\"110\" \/><\/span><\/a><\/td>\n<td style=\"width: 44.8113%; height: 110px;\"><a href=\"https:\/\/seij.gob.gt\/udisep\/wp-content\/uploads\/2025\/02\/ARTICULO-33-ENERO-2025.xlsx\"><span style=\"font-family: 'arial black', sans-serif; font-size: 14pt;\"><img decoding=\"async\" class=\"aligncenter wp-image-5734\" src=\"https:\/\/seij.gob.gt\/udisep\/wp-content\/uploads\/2024\/02\/2.png\" alt=\"\" width=\"110\" height=\"110\" \/><\/span><\/a><\/td>\n<\/tr>\n<\/tbody>\n<\/table>\n<table style=\"border-collapse: collapse; width: 49.3711%; height: 120px;\">\n<tbody>\n<tr style=\"height: 26px;\">\n<td style=\"width: 99.7641%; height: 10px;\" colspan=\"2\"><span style=\"color: #000080; font-family: arial, helvetica, sans-serif; font-size: 14pt;\">FEBRERO 2025<\/span><\/td>\n<\/tr>\n<tr style=\"height: 110px;\">\n<td style=\"width: 54.9528%; height: 110px;\"><a href=\"https:\/\/seij.gob.gt\/udisep\/wp-content\/uploads\/2025\/03\/ARTICULO-33-FEBRERO-2025.pdf\"><span style=\"font-family: 'arial black', sans-serif; font-size: 14pt;\"><img decoding=\"async\" class=\"aligncenter wp-image-5733\" src=\"https:\/\/seij.gob.gt\/udisep\/wp-content\/uploads\/2024\/02\/1.png\" alt=\"\" width=\"110\" height=\"110\" \/><\/span><\/a><\/td>\n<td style=\"width: 44.8113%; height: 110px;\"><a href=\"https:\/\/seij.gob.gt\/udisep\/wp-content\/uploads\/2025\/03\/ARTICULO-33-FEBRERO-2025.xlsx\"><span style=\"font-family: 'arial black', sans-serif; font-size: 14pt;\"><img decoding=\"async\" class=\"aligncenter wp-image-5734\" src=\"https:\/\/seij.gob.gt\/udisep\/wp-content\/uploads\/2024\/02\/2.png\" alt=\"\" width=\"110\" height=\"110\" \/><\/span><\/a><\/td>\n<\/tr>\n<\/tbody>\n<\/table>\n<table style=\"border-collapse: collapse; width: 49.3711%; height: 120px;\">\n<tbody>\n<tr style=\"height: 26px;\">\n<td style=\"width: 99.7641%; height: 10px;\" colspan=\"2\"><span style=\"color: #000080; font-family: arial, helvetica, sans-serif; font-size: 14pt;\">MARZO 2025<\/span><\/td>\n<\/tr>\n<tr style=\"height: 110px;\">\n<td style=\"width: 54.9528%; height: 110px;\"><a href=\"https:\/\/seij.gob.gt\/udisep\/wp-content\/uploads\/2025\/04\/ARTICULO-33-MARZO-2025.pdf\"><span style=\"font-family: 'arial black', sans-serif; font-size: 14pt;\"><img decoding=\"async\" class=\"aligncenter wp-image-5733\" src=\"https:\/\/seij.gob.gt\/udisep\/wp-content\/uploads\/2024\/02\/1.png\" alt=\"\" width=\"110\" height=\"110\" \/><\/span><\/a><\/td>\n<td style=\"width: 44.8113%; height: 110px;\"><a href=\"https:\/\/seij.gob.gt\/udisep\/wp-content\/uploads\/2025\/04\/ARTICULO-33-MARZO-2025.xlsx\"><span style=\"font-family: 'arial black', sans-serif; font-size: 14pt;\"><img decoding=\"async\" class=\"aligncenter wp-image-5734\" src=\"https:\/\/seij.gob.gt\/udisep\/wp-content\/uploads\/2024\/02\/2.png\" alt=\"\" width=\"110\" height=\"110\" \/><\/span><\/a><\/td>\n<\/tr>\n<\/tbody>\n<\/table>\n<table style=\"border-collapse: collapse; width: 49.3711%; height: 120px;\">\n<tbody>\n<tr style=\"height: 26px;\">\n<td style=\"width: 99.7641%; height: 10px;\" colspan=\"2\"><span style=\"color: #000080; font-family: arial, helvetica, sans-serif; font-size: 14pt;\">ABRIL 2025<\/span><\/td>\n<\/tr>\n<tr style=\"height: 110px;\">\n<td style=\"width: 54.9528%; height: 110px;\"><a href=\"https:\/\/seij.gob.gt\/udisep\/wp-content\/uploads\/2025\/05\/ARTICULO-33-ABRIL-2025.pdf\"><span style=\"font-family: 'arial black', sans-serif; font-size: 14pt;\"><img decoding=\"async\" class=\"aligncenter wp-image-5733\" src=\"https:\/\/seij.gob.gt\/udisep\/wp-content\/uploads\/2024\/02\/1.png\" alt=\"\" width=\"110\" height=\"110\" \/><\/span><\/a><\/td>\n<td style=\"width: 44.8113%; height: 110px;\"><a href=\"https:\/\/seij.gob.gt\/udisep\/wp-content\/uploads\/2025\/05\/ARTICULO-33-ABRIL-2025.xlsx\"><span style=\"font-family: 'arial black', sans-serif; font-size: 14pt;\"><img decoding=\"async\" class=\"aligncenter wp-image-5734\" src=\"https:\/\/seij.gob.gt\/udisep\/wp-content\/uploads\/2024\/02\/2.png\" alt=\"\" width=\"110\" height=\"110\" \/><\/span><\/a><\/td>\n<\/tr>\n<\/tbody>\n<\/table>\n<table style=\"border-collapse: collapse; width: 49.3711%; height: 120px;\">\n<tbody>\n<tr style=\"height: 26px;\">\n<td style=\"width: 99.7641%; height: 10px;\" colspan=\"2\"><span style=\"color: #000080; font-family: arial, helvetica, sans-serif; font-size: 14pt;\">MAYO 2025<\/span><\/td>\n<\/tr>\n<tr style=\"height: 110px;\">\n<td style=\"width: 54.9528%; height: 110px;\"><a href=\"https:\/\/seij.gob.gt\/udisep\/wp-content\/uploads\/2025\/07\/ARTICULO-33-MAYO-2025.pdf\"><span style=\"font-family: 'arial black', sans-serif; font-size: 14pt;\"><img decoding=\"async\" class=\"aligncenter wp-image-5733\" src=\"https:\/\/seij.gob.gt\/udisep\/wp-content\/uploads\/2024\/02\/1.png\" alt=\"\" width=\"110\" height=\"110\" \/><\/span><\/a><\/td>\n<td style=\"width: 44.8113%; height: 110px;\"><a href=\"https:\/\/seij.gob.gt\/udisep\/wp-content\/uploads\/2025\/07\/ARTICULO-33-MAYO-2025.xlsx\"><span style=\"font-family: 'arial black', sans-serif; font-size: 14pt;\"><img decoding=\"async\" class=\"aligncenter wp-image-5734\" src=\"https:\/\/seij.gob.gt\/udisep\/wp-content\/uploads\/2024\/02\/2.png\" alt=\"\" width=\"110\" height=\"110\" \/><\/span><\/a><\/td>\n<\/tr>\n<\/tbody>\n<\/table>\n<table style=\"border-collapse: collapse; width: 49.3711%; height: 120px;\">\n<tbody>\n<tr style=\"height: 26px;\">\n<td style=\"width: 99.7641%; height: 10px;\" colspan=\"2\"><span style=\"color: #000080; font-family: arial, helvetica, sans-serif; font-size: 14pt;\">JUNIO 2025<\/span><\/td>\n<\/tr>\n<tr style=\"height: 110px;\">\n<td style=\"width: 54.9528%; height: 110px;\"><a href=\"https:\/\/seij.gob.gt\/udisep\/wp-content\/uploads\/2025\/07\/ARTICULO-33-JUNIO-2025.pdf\"><span style=\"font-family: 'arial black', sans-serif; font-size: 14pt;\"><img decoding=\"async\" class=\"aligncenter wp-image-5733\" src=\"https:\/\/seij.gob.gt\/udisep\/wp-content\/uploads\/2024\/02\/1.png\" alt=\"\" width=\"110\" height=\"110\" \/><\/span><\/a><\/td>\n<td style=\"width: 44.8113%; height: 110px;\"><a href=\"https:\/\/seij.gob.gt\/udisep\/wp-content\/uploads\/2025\/07\/ARTICULO-33-JUNIO-2025.xlsx\"><span style=\"font-family: 'arial black', sans-serif; font-size: 14pt;\"><img decoding=\"async\" class=\"aligncenter wp-image-5734\" src=\"https:\/\/seij.gob.gt\/udisep\/wp-content\/uploads\/2024\/02\/2.png\" alt=\"\" width=\"110\" height=\"110\" \/><\/span><\/a><\/td>\n<\/tr>\n<\/tbody>\n<\/table>\n<table style=\"border-collapse: collapse; width: 49.3711%; height: 120px;\">\n<tbody>\n<tr style=\"height: 26px;\">\n<td style=\"width: 99.7641%; height: 10px;\" colspan=\"2\"><span style=\"color: #000080; font-family: arial, helvetica, sans-serif; font-size: 14pt;\">JULIO 2025<\/span><\/td>\n<\/tr>\n<tr style=\"height: 110px;\">\n<td style=\"width: 54.9528%; height: 110px;\"><a href=\"https:\/\/seij.gob.gt\/udisep\/wp-content\/uploads\/2025\/08\/ARTICULO-33-JULIO-2025.pdf\"><span style=\"font-family: 'arial black', sans-serif; font-size: 14pt;\"><img decoding=\"async\" class=\"aligncenter wp-image-5733\" src=\"https:\/\/seij.gob.gt\/udisep\/wp-content\/uploads\/2024\/02\/1.png\" alt=\"\" width=\"110\" height=\"110\" \/><\/span><\/a><\/td>\n<td style=\"width: 44.8113%; height: 110px;\"><a href=\"https:\/\/seij.gob.gt\/udisep\/wp-content\/uploads\/2025\/08\/ARTICULO-33-JULIO-2025.xlsx\"><span style=\"font-family: 'arial black', sans-serif; font-size: 14pt;\"><img decoding=\"async\" class=\"aligncenter wp-image-5734\" src=\"https:\/\/seij.gob.gt\/udisep\/wp-content\/uploads\/2024\/02\/2.png\" alt=\"\" width=\"110\" height=\"110\" \/><\/span><\/a><\/td>\n<\/tr>\n<\/tbody>\n<\/table>\n<table style=\"border-collapse: collapse; width: 49.3711%; height: 120px;\">\n<tbody>\n<tr style=\"height: 26px;\">\n<td style=\"width: 99.7641%; height: 10px;\" colspan=\"2\"><span style=\"color: #000080; font-family: arial, helvetica, sans-serif; font-size: 14pt;\">AGOSTO 2025<\/span><\/td>\n<\/tr>\n<tr style=\"height: 110px;\">\n<td style=\"width: 54.9528%; height: 110px;\"><a href=\"https:\/\/seij.gob.gt\/udisep\/wp-content\/uploads\/2025\/09\/ARTICULO-33-AGOSTO-2025.pdf\"><span style=\"font-family: 'arial black', sans-serif; font-size: 14pt;\"><img decoding=\"async\" class=\"aligncenter wp-image-5733\" src=\"https:\/\/seij.gob.gt\/udisep\/wp-content\/uploads\/2024\/02\/1.png\" alt=\"\" width=\"110\" height=\"110\" \/><\/span><\/a><\/td>\n<td style=\"width: 44.8113%; height: 110px;\"><a href=\"https:\/\/seij.gob.gt\/udisep\/wp-content\/uploads\/2025\/09\/ARTICULO-33-AGOSTO-2025.xlsx\"><span style=\"font-family: 'arial black', sans-serif; font-size: 14pt;\"><img decoding=\"async\" class=\"aligncenter wp-image-5734\" src=\"https:\/\/seij.gob.gt\/udisep\/wp-content\/uploads\/2024\/02\/2.png\" alt=\"\" width=\"110\" height=\"110\" \/><\/span><\/a><\/td>\n<\/tr>\n<\/tbody>\n<\/table>\n<table style=\"border-collapse: collapse; width: 49.3711%; height: 120px;\">\n<tbody>\n<tr style=\"height: 26px;\">\n<td style=\"width: 99.7641%; height: 10px;\" colspan=\"2\"><span style=\"color: #000080; font-family: arial, helvetica, sans-serif; font-size: 14pt;\">SEPTIEMBRE 2025<\/span><\/td>\n<\/tr>\n<tr style=\"height: 110px;\">\n<td style=\"width: 54.9528%; height: 110px;\"><span style=\"font-family: 'arial black', sans-serif; font-size: 14pt;\"><img decoding=\"async\" class=\"aligncenter wp-image-5733\" src=\"https:\/\/seij.gob.gt\/udisep\/wp-content\/uploads\/2024\/02\/1.png\" alt=\"\" width=\"110\" height=\"110\" \/><\/span><\/td>\n<td style=\"width: 44.8113%; height: 110px;\"><span style=\"font-family: 'arial black', sans-serif; font-size: 14pt;\"><img decoding=\"async\" class=\"aligncenter wp-image-5734\" src=\"https:\/\/seij.gob.gt\/udisep\/wp-content\/uploads\/2024\/02\/2.png\" alt=\"\" width=\"110\" height=\"110\" \/><\/span><\/td>\n<\/tr>\n<\/tbody>\n<\/table>\n<table style=\"border-collapse: collapse; width: 49.3711%; height: 120px;\">\n<tbody>\n<tr style=\"height: 26px;\">\n<td style=\"width: 99.7641%; height: 10px;\" colspan=\"2\"><span style=\"color: #000080; font-family: arial, helvetica, sans-serif; font-size: 14pt;\">OCTUBRE 2025<\/span><\/td>\n<\/tr>\n<tr style=\"height: 110px;\">\n<td style=\"width: 54.9528%; height: 110px;\"><a href=\"https:\/\/seij.gob.gt\/udisep\/wp-content\/uploads\/2025\/11\/ARTICULO-33-OCTUBRE-2025.pdf\"><span style=\"font-family: 'arial black', sans-serif; font-size: 14pt;\"><img decoding=\"async\" class=\"aligncenter wp-image-5733\" src=\"https:\/\/seij.gob.gt\/udisep\/wp-content\/uploads\/2024\/02\/1.png\" alt=\"\" width=\"110\" height=\"110\" \/><\/span><\/a><\/td>\n<td style=\"width: 44.8113%; height: 110px;\"><a href=\"https:\/\/seij.gob.gt\/udisep\/wp-content\/uploads\/2025\/11\/ARTICULO-33-OCTUBRE-2025.xlsx\"><span style=\"font-family: 'arial black', sans-serif; font-size: 14pt;\"><img decoding=\"async\" class=\"aligncenter wp-image-5734\" src=\"https:\/\/seij.gob.gt\/udisep\/wp-content\/uploads\/2024\/02\/2.png\" alt=\"\" width=\"110\" height=\"110\" \/><\/span><\/a><\/td>\n<\/tr>\n<\/tbody>\n<\/table>\n<table style=\"border-collapse: collapse; width: 49.3711%; height: 120px;\">\n<tbody>\n<tr style=\"height: 26px;\">\n<td style=\"width: 99.7641%; height: 10px;\" colspan=\"2\"><span style=\"color: #000080; font-family: arial, helvetica, sans-serif; font-size: 14pt;\">NOVIEMBRE 2025<\/span><\/td>\n<\/tr>\n<tr style=\"height: 110px;\">\n<td style=\"width: 54.9528%; height: 110px;\"><a href=\"https:\/\/seij.gob.gt\/udisep\/wp-content\/uploads\/2025\/12\/ARTICULO-33-NOVIEMBRE-2025.pdf\"><span style=\"font-family: 'arial black', sans-serif; font-size: 14pt;\"><img decoding=\"async\" class=\"aligncenter wp-image-5733\" src=\"https:\/\/seij.gob.gt\/udisep\/wp-content\/uploads\/2024\/02\/1.png\" alt=\"\" width=\"110\" height=\"110\" \/><\/span><\/a><\/td>\n<td style=\"width: 44.8113%; height: 110px;\"><a href=\"https:\/\/seij.gob.gt\/udisep\/wp-content\/uploads\/2025\/12\/ARTICULO-33-NOVIEMBRE-2025.xlsx\"><span style=\"font-family: 'arial black', sans-serif; font-size: 14pt;\"><img decoding=\"async\" class=\"aligncenter wp-image-5734\" src=\"https:\/\/seij.gob.gt\/udisep\/wp-content\/uploads\/2024\/02\/2.png\" alt=\"\" width=\"110\" height=\"110\" \/><\/span><\/a><\/td>\n<\/tr>\n<\/tbody>\n<\/table>\n<table style=\"border-collapse: collapse; width: 49.3711%; height: 120px;\">\n<tbody>\n<tr style=\"height: 26px;\">\n<td style=\"width: 99.7641%; height: 10px;\" colspan=\"2\"><span style=\"color: #000080; font-family: arial, helvetica, sans-serif; font-size: 14pt;\">DICIEMBRE 2025<\/span><\/td>\n<\/tr>\n<tr style=\"height: 110px;\">\n<td style=\"width: 54.9528%; height: 110px;\"><a href=\"https:\/\/seij.gob.gt\/udisep\/wp-content\/uploads\/2026\/01\/ARTDIC2025.pdf\"><span style=\"font-family: 'arial black', sans-serif; font-size: 14pt;\"><img decoding=\"async\" class=\"aligncenter wp-image-5733\" src=\"https:\/\/seij.gob.gt\/udisep\/wp-content\/uploads\/2024\/02\/1.png\" alt=\"\" width=\"110\" height=\"110\" \/><\/span><\/a><\/td>\n<td style=\"width: 44.8113%; height: 110px;\"><a href=\"https:\/\/seij.gob.gt\/udisep\/wp-content\/uploads\/2026\/01\/ARTDIC2025.xlsx\"><span style=\"font-family: 'arial black', sans-serif; font-size: 14pt;\"><img decoding=\"async\" class=\"aligncenter wp-image-5734\" src=\"https:\/\/seij.gob.gt\/udisep\/wp-content\/uploads\/2024\/02\/2.png\" alt=\"\" width=\"110\" height=\"110\" \/><\/span><\/a><\/td>\n<\/tr>\n<\/tbody>\n<\/table>\n","protected":false},"excerpt":{"rendered":"<p>Art\u00edculo 33: Informaci\u00f3n sobre las adquisiciones realizadas en la modalidad de compra de baja cuant\u00eda.\u00a0 ENERO 2025 FEBRERO 2025 MARZO 2025 ABRIL 2025 MAYO 2025 JUNIO 2025 JULIO 2025 AGOSTO 2025 SEPTIEMBRE 2025 OCTUBRE 2025 NOVIEMBRE 2025 DICIEMBRE 2025<\/p>\n","protected":false},"author":1,"featured_media":0,"parent":0,"menu_order":0,"comment_status":"closed","ping_status":"closed","template":"","meta":{"_et_pb_use_builder":"","_et_pb_old_content":"","_et_gb_content_width":"","footnotes":""},"class_list":["post-6737","page","type-page","status-publish","hentry"],"nelio_popups_active_popup":"","_links":{"self":[{"href":"https:\/\/seij.gob.gt\/udisep\/wp-json\/wp\/v2\/pages\/6737","targetHints":{"allow":["GET"]}}],"collection":[{"href":"https:\/\/seij.gob.gt\/udisep\/wp-json\/wp\/v2\/pages"}],"about":[{"href":"https:\/\/seij.gob.gt\/udisep\/wp-json\/wp\/v2\/types\/page"}],"author":[{"embeddable":true,"href":"https:\/\/seij.gob.gt\/udisep\/wp-json\/wp\/v2\/users\/1"}],"replies":[{"embeddable":true,"href":"https:\/\/seij.gob.gt\/udisep\/wp-json\/wp\/v2\/comments?post=6737"}],"version-history":[{"count":17,"href":"https:\/\/seij.gob.gt\/udisep\/wp-json\/wp\/v2\/pages\/6737\/revisions"}],"predecessor-version":[{"id":7581,"href":"https:\/\/seij.gob.gt\/udisep\/wp-json\/wp\/v2\/pages\/6737\/revisions\/7581"}],"wp:attachment":[{"href":"https:\/\/seij.gob.gt\/udisep\/wp-json\/wp\/v2\/media?parent=6737"}],"curies":[{"name":"wp","href":"https:\/\/api.w.org\/{rel}","templated":true}]}}