{"id":6754,"date":"2025-02-13T15:11:07","date_gmt":"2025-02-13T21:11:07","guid":{"rendered":"https:\/\/seij.gob.gt\/udisep\/?page_id=6754"},"modified":"2026-01-21T12:50:19","modified_gmt":"2026-01-21T18:50:19","slug":"decreto-101-97-ley-organica-del-presupuesto-2025","status":"publish","type":"page","link":"https:\/\/seij.gob.gt\/udisep\/decreto-101-97-ley-organica-del-presupuesto-2025\/","title":{"rendered":"Decreto 101-97 Ley Org\u00e1nica del Presupuesto 2025"},"content":{"rendered":"<table style=\"border-collapse: collapse; width: 100%;\">\n<tbody>\n<tr>\n<td style=\"width: 100%;\">ENERO 2025<\/td>\n<\/tr>\n<tr>\n<td style=\"width: 100%;\">\n<ul>\n<li><span style=\"font-family: arial, helvetica, sans-serif; font-size: 14pt; color: #066da1;\"><strong>Art\u00edculo 8<\/strong><\/span><\/li>\n<li><a href=\"https:\/\/seij.gob.gt\/udisep\/wp-content\/uploads\/2025\/02\/17_BIS1.pdf\"><span style=\"font-family: arial, helvetica, sans-serif; font-size: 14pt; color: #066da1;\"><strong>Art\u00edculo 17 Bis<\/strong><\/span><\/a><\/li>\n<li><a href=\"https:\/\/seij.gob.gt\/udisep\/wp-content\/uploads\/2025\/02\/086-2025-Congreso-Informe-Art.-17-Ter_1.pdf\"><span style=\"font-family: arial, helvetica, sans-serif; font-size: 14pt; color: #066da1;\"><strong>Art\u00edculo 17 Ter<\/strong><\/span><\/a><\/li>\n<li><span style=\"font-family: arial, helvetica, sans-serif; font-size: 14pt; color: #066da1;\"><strong>Art\u00edculo 17 Qu\u00e1ter<\/strong><\/span><\/li>\n<li><span style=\"font-family: arial, helvetica, sans-serif; font-size: 14pt; color: #066da1;\"><strong>Art\u00edculo 32<\/strong><\/span><\/li>\n<\/ul>\n<\/td>\n<\/tr>\n<\/tbody>\n<\/table>\n<table style=\"border-collapse: collapse; width: 100%;\">\n<tbody>\n<tr>\n<td style=\"width: 100%;\">FEBRERO 2025<\/td>\n<\/tr>\n<tr>\n<td style=\"width: 100%;\">\n<ul>\n<li><span style=\"font-family: arial, helvetica, sans-serif; font-size: 14pt; color: #066da1;\"><strong>Art\u00edculo 8<\/strong><\/span><\/li>\n<li><a href=\"https:\/\/seij.gob.gt\/udisep\/wp-content\/uploads\/2025\/03\/17-BIS-FEBRERO-2025.pdf\"><span style=\"font-family: arial, helvetica, sans-serif; font-size: 14pt; color: #066da1;\"><strong>Art\u00edculo 17 Bis<\/strong><\/span><\/a><\/li>\n<li><a href=\"https:\/\/seij.gob.gt\/udisep\/wp-content\/uploads\/2025\/03\/17-TER-FEBRERO-2025.pdf\"><span style=\"font-family: arial, helvetica, sans-serif; font-size: 14pt; color: #066da1;\"><strong>Art\u00edculo 17 Ter<\/strong><\/span><\/a><\/li>\n<li><span style=\"font-family: arial, helvetica, sans-serif; font-size: 14pt; color: #066da1;\"><strong>Art\u00edculo 17 Qu\u00e1ter<\/strong><\/span><\/li>\n<li><span style=\"font-family: arial, helvetica, sans-serif; font-size: 14pt; color: #066da1;\"><strong>Art\u00edculo 32<\/strong><\/span><\/li>\n<\/ul>\n<\/td>\n<\/tr>\n<\/tbody>\n<\/table>\n<table style=\"border-collapse: collapse; width: 100%;\">\n<tbody>\n<tr>\n<td style=\"width: 100%;\">MARZO 2025<\/td>\n<\/tr>\n<tr>\n<td style=\"width: 100%;\">\n<ul>\n<li><span style=\"font-family: arial, helvetica, sans-serif; font-size: 14pt; color: #066da1;\"><strong>Art\u00edculo 8<\/strong><\/span><\/li>\n<li><a href=\"https:\/\/seij.gob.gt\/udisep\/wp-content\/uploads\/2025\/04\/17-BIS-MARZO-2025.pdf\"><span style=\"font-family: arial, helvetica, sans-serif; font-size: 14pt; color: #066da1;\"><strong>Art\u00edculo 17 Bis<\/strong><\/span><\/a><\/li>\n<li><a href=\"https:\/\/seij.gob.gt\/udisep\/wp-content\/uploads\/2025\/04\/17-TER-MARZO-2025.pdf\"><span style=\"font-family: arial, helvetica, sans-serif; font-size: 14pt; color: #066da1;\"><strong>Art\u00edculo 17 Ter<\/strong><\/span><\/a><\/li>\n<li><span style=\"font-family: arial, helvetica, sans-serif; font-size: 14pt; color: #066da1;\"><strong>Art\u00edculo 17 Qu\u00e1ter<\/strong><\/span><\/li>\n<li><span style=\"font-family: arial, helvetica, sans-serif; font-size: 14pt; color: #066da1;\"><strong>Art\u00edculo 32<\/strong><\/span><\/li>\n<\/ul>\n<\/td>\n<\/tr>\n<\/tbody>\n<\/table>\n<table style=\"border-collapse: collapse; width: 100%;\">\n<tbody>\n<tr>\n<td style=\"width: 100%;\">ABRIL 2025<\/td>\n<\/tr>\n<tr>\n<td style=\"width: 100%;\">\n<ul>\n<li><span style=\"font-family: arial, helvetica, sans-serif; font-size: 14pt; color: #066da1;\"><strong>Art\u00edculo 8<\/strong><\/span><\/li>\n<li><a href=\"https:\/\/seij.gob.gt\/udisep\/wp-content\/uploads\/2025\/05\/17-BIS-ABRIL-2025.pdf\"><span style=\"font-family: arial, helvetica, sans-serif; font-size: 14pt; color: #066da1;\"><strong>Art\u00edculo 17 Bis<\/strong><\/span><\/a><\/li>\n<li><a href=\"https:\/\/seij.gob.gt\/udisep\/wp-content\/uploads\/2025\/05\/17-TER-ABRIL-2025.pdf\"><span style=\"font-family: arial, helvetica, sans-serif; font-size: 14pt; color: #066da1;\"><strong>Art\u00edculo 17 Ter<\/strong><\/span><\/a><\/li>\n<li><a href=\"https:\/\/seij.gob.gt\/udisep\/wp-content\/uploads\/2025\/05\/17-QUATER-ABRIL-2025.pdf\"><span style=\"font-family: arial, helvetica, sans-serif; font-size: 14pt; color: #066da1;\"><strong>Art\u00edculo 17 Qu\u00e1ter<\/strong><\/span><\/a><\/li>\n<li><span style=\"font-family: arial, helvetica, sans-serif; font-size: 14pt; color: #066da1;\"><strong>Art\u00edculo 32<\/strong><\/span><\/li>\n<\/ul>\n<\/td>\n<\/tr>\n<\/tbody>\n<\/table>\n<table style=\"border-collapse: collapse; width: 100%;\">\n<tbody>\n<tr>\n<td style=\"width: 100%;\">MAYO 2025<\/td>\n<\/tr>\n<tr>\n<td style=\"width: 100%;\">\n<ul>\n<li><span style=\"font-family: arial, helvetica, sans-serif; font-size: 14pt; color: #066da1;\"><strong>Art\u00edculo 8<\/strong><\/span><\/li>\n<li><a href=\"https:\/\/seij.gob.gt\/udisep\/wp-content\/uploads\/2025\/07\/17-BIS-MAYO-2025.pdf\"><span style=\"font-family: arial, helvetica, sans-serif; font-size: 14pt; color: #066da1;\"><strong>Art\u00edculo 17 Bis<\/strong><\/span><\/a><\/li>\n<li><a href=\"https:\/\/seij.gob.gt\/udisep\/wp-content\/uploads\/2025\/07\/17-TER-MAYO-2025.pdf\"><span style=\"font-family: arial, helvetica, sans-serif; font-size: 14pt; color: #066da1;\"><strong>Art\u00edculo 17 Ter<\/strong><\/span><\/a><\/li>\n<li><span style=\"font-family: arial, helvetica, sans-serif; font-size: 14pt; color: #066da1;\"><strong>Art\u00edculo 17 Qu\u00e1ter<\/strong><\/span><\/li>\n<li><span style=\"font-family: arial, helvetica, sans-serif; font-size: 14pt; color: #066da1;\"><strong>Art\u00edculo 32<\/strong><\/span><\/li>\n<\/ul>\n<\/td>\n<\/tr>\n<\/tbody>\n<\/table>\n<table style=\"border-collapse: collapse; width: 100%;\">\n<tbody>\n<tr>\n<td style=\"width: 100%;\">JUNIO 2025<\/td>\n<\/tr>\n<tr>\n<td style=\"width: 100%;\">\n<ul>\n<li><span style=\"font-family: arial, helvetica, sans-serif; font-size: 14pt; color: #066da1;\"><strong>Art\u00edculo 8<\/strong><\/span><\/li>\n<li><a href=\"https:\/\/seij.gob.gt\/udisep\/wp-content\/uploads\/2025\/07\/17-BIS-JUNIO-2025.pdf\"><span style=\"font-family: arial, helvetica, sans-serif; font-size: 14pt; color: #066da1;\"><strong>Art\u00edculo 17 Bis<\/strong><\/span><\/a><\/li>\n<li><a href=\"https:\/\/seij.gob.gt\/udisep\/wp-content\/uploads\/2025\/07\/17-TER-JUNIO-2025.pdf\"><span style=\"font-family: arial, helvetica, sans-serif; font-size: 14pt; color: #066da1;\"><strong>Art\u00edculo 17 Ter<\/strong><\/span><\/a><\/li>\n<li><span style=\"font-family: arial, helvetica, sans-serif; font-size: 14pt; color: #066da1;\"><strong>Art\u00edculo 17 Qu\u00e1ter<\/strong><\/span><\/li>\n<li><span style=\"font-family: arial, helvetica, sans-serif; font-size: 14pt; color: #066da1;\"><strong>Art\u00edculo 32<\/strong><\/span><\/li>\n<\/ul>\n<\/td>\n<\/tr>\n<\/tbody>\n<\/table>\n<table style=\"border-collapse: collapse; width: 100%;\">\n<tbody>\n<tr>\n<td style=\"width: 100%;\">JULIO 2025<\/td>\n<\/tr>\n<tr>\n<td style=\"width: 100%;\">\n<ul>\n<li><span style=\"font-family: arial, helvetica, sans-serif; font-size: 14pt; color: #066da1;\"><strong>Art\u00edculo 8<\/strong><\/span><\/li>\n<li><a href=\"https:\/\/seij.gob.gt\/udisep\/wp-content\/uploads\/2025\/08\/17-BIS-JULIO-2025.pdf\"><span style=\"font-family: arial, helvetica, sans-serif; font-size: 14pt; color: #066da1;\"><strong>Art\u00edculo 17 Bis<\/strong><\/span><\/a><\/li>\n<li><a href=\"https:\/\/seij.gob.gt\/udisep\/wp-content\/uploads\/2025\/08\/17-TER-JULIO-2025.pdf\"><span style=\"font-family: arial, helvetica, sans-serif; font-size: 14pt; color: #066da1;\"><strong>Art\u00edculo 17 Ter<\/strong><\/span><\/a><\/li>\n<li><span style=\"font-family: arial, helvetica, sans-serif; font-size: 14pt; color: #066da1;\"><strong>Art\u00edculo 17 Qu\u00e1ter<\/strong><\/span><\/li>\n<li><span style=\"font-family: arial, helvetica, sans-serif; font-size: 14pt; color: #066da1;\"><strong>Art\u00edculo 32<\/strong><\/span><\/li>\n<\/ul>\n<\/td>\n<\/tr>\n<\/tbody>\n<\/table>\n<table style=\"border-collapse: collapse; width: 100%;\">\n<tbody>\n<tr>\n<td style=\"width: 100%;\">AGOSTO 2025<\/td>\n<\/tr>\n<tr>\n<td style=\"width: 100%;\">\n<ul>\n<li><span style=\"font-family: arial, helvetica, sans-serif; font-size: 14pt; color: #066da1;\"><strong>Art\u00edculo 8<\/strong><\/span><\/li>\n<li><a href=\"https:\/\/seij.gob.gt\/udisep\/wp-content\/uploads\/2025\/09\/17-BIS-AGOSTO-2025.pdf\"><span style=\"font-family: arial, helvetica, sans-serif; font-size: 14pt; color: #066da1;\"><strong>Art\u00edculo 17 Bis<\/strong><\/span><\/a><\/li>\n<li><a href=\"https:\/\/seij.gob.gt\/udisep\/wp-content\/uploads\/2025\/09\/17-TER-AGOSTO-2025.pdf\"><span style=\"font-family: arial, helvetica, sans-serif; font-size: 14pt; color: #066da1;\"><strong>Art\u00edculo 17 Ter<\/strong><\/span><\/a><\/li>\n<li><a href=\"https:\/\/seij.gob.gt\/udisep\/wp-content\/uploads\/2025\/09\/17-QUATER-AGOSTO-2025.pdf\"><span style=\"font-family: arial, helvetica, sans-serif; font-size: 14pt; color: #066da1;\"><strong>Art\u00edculo 17 Qu\u00e1ter<\/strong><\/span><\/a><\/li>\n<li><span style=\"font-family: arial, helvetica, sans-serif; font-size: 14pt; color: #066da1;\"><strong>Art\u00edculo 32<\/strong><\/span><\/li>\n<\/ul>\n<\/td>\n<\/tr>\n<\/tbody>\n<\/table>\n<table style=\"border-collapse: collapse; width: 100%;\">\n<tbody>\n<tr>\n<td style=\"width: 100%;\">SEPTIEMBRE 2025<\/td>\n<\/tr>\n<tr>\n<td style=\"width: 100%;\">\n<ul>\n<li><span style=\"font-family: arial, helvetica, sans-serif; font-size: 14pt; color: #066da1;\"><strong>Art\u00edculo 8<\/strong><\/span><\/li>\n<li><a href=\"https:\/\/seij.gob.gt\/udisep\/wp-content\/uploads\/2025\/10\/17-BIS-SEPTIEMBRE-2025.pdf\"><span style=\"font-family: arial, helvetica, sans-serif; font-size: 14pt; color: #066da1;\"><strong>Art\u00edculo 17 Bis<\/strong><\/span><\/a><\/li>\n<li><a href=\"https:\/\/seij.gob.gt\/udisep\/wp-content\/uploads\/2025\/10\/17-TER-SEPTIEMBRE-2025.pdf\"><span style=\"font-family: arial, helvetica, sans-serif; font-size: 14pt; color: #066da1;\"><strong>Art\u00edculo 17 Ter<\/strong><\/span><\/a><\/li>\n<li><span style=\"font-family: arial, helvetica, sans-serif; font-size: 14pt; color: #066da1;\"><strong>Art\u00edculo 17 Qu\u00e1ter<\/strong><\/span><\/li>\n<li><span style=\"font-family: arial, helvetica, sans-serif; font-size: 14pt; color: #066da1;\"><strong>Art\u00edculo 32<\/strong><\/span><\/li>\n<\/ul>\n<\/td>\n<\/tr>\n<\/tbody>\n<\/table>\n<table style=\"border-collapse: collapse; width: 100%;\">\n<tbody>\n<tr>\n<td style=\"width: 100%;\">OCTUBRE 2025<\/td>\n<\/tr>\n<tr>\n<td style=\"width: 100%;\">\n<ul>\n<li><span style=\"font-family: arial, helvetica, sans-serif; font-size: 14pt; color: #066da1;\"><strong>Art\u00edculo 8<\/strong><\/span><\/li>\n<li><a href=\"https:\/\/seij.gob.gt\/udisep\/wp-content\/uploads\/2025\/11\/17-BIS-OCTUBRE-2025.pdf\"><span style=\"font-family: arial, helvetica, sans-serif; font-size: 14pt; color: #066da1;\"><strong>Art\u00edculo 17 Bis<\/strong><\/span><\/a><\/li>\n<li><a href=\"https:\/\/seij.gob.gt\/udisep\/wp-content\/uploads\/2025\/11\/17-TER-OCTUBRE-2025.pdf\"><span style=\"font-family: arial, helvetica, sans-serif; font-size: 14pt; color: #066da1;\"><strong>Art\u00edculo 17 Ter<\/strong><\/span><\/a><\/li>\n<li><span style=\"font-family: arial, helvetica, sans-serif; font-size: 14pt; color: #066da1;\"><strong>Art\u00edculo 17 Qu\u00e1ter<\/strong><\/span><\/li>\n<li><span style=\"font-family: arial, helvetica, sans-serif; font-size: 14pt; color: #066da1;\"><strong>Art\u00edculo 32<\/strong><\/span><\/li>\n<\/ul>\n<\/td>\n<\/tr>\n<\/tbody>\n<\/table>\n<table style=\"border-collapse: collapse; width: 100%;\">\n<tbody>\n<tr>\n<td style=\"width: 100%;\">NOVIEMBRE 2025<\/td>\n<\/tr>\n<tr>\n<td style=\"width: 100%;\">\n<ul>\n<li><span style=\"font-family: arial, helvetica, sans-serif; font-size: 14pt; color: #066da1;\"><strong>Art\u00edculo 8<\/strong><\/span><\/li>\n<li><a href=\"https:\/\/seij.gob.gt\/udisep\/wp-content\/uploads\/2025\/12\/17-BIS-NOVIEMBRE-2025.pdf\"><span style=\"font-family: arial, helvetica, sans-serif; font-size: 14pt; color: #066da1;\"><strong>Art\u00edculo 17 Bis<\/strong><\/span><\/a><\/li>\n<li><a href=\"https:\/\/seij.gob.gt\/udisep\/wp-content\/uploads\/2025\/12\/17-TER-NOVIEMBRE-2025.pdf\"><span style=\"font-family: arial, helvetica, sans-serif; font-size: 14pt; color: #066da1;\"><strong>Art\u00edculo 17 Ter<\/strong><\/span><\/a><\/li>\n<li><span style=\"font-family: arial, helvetica, sans-serif; font-size: 14pt; color: #066da1;\"><strong>Art\u00edculo 17 Qu\u00e1ter<\/strong><\/span><\/li>\n<li><span style=\"font-family: arial, helvetica, sans-serif; font-size: 14pt; color: #066da1;\"><strong>Art\u00edculo 32<\/strong><\/span><\/li>\n<\/ul>\n<\/td>\n<\/tr>\n<\/tbody>\n<\/table>\n<table style=\"border-collapse: collapse; width: 100%;\">\n<tbody>\n<tr>\n<td style=\"width: 100%;\">DICIEMBRE 2025<\/td>\n<\/tr>\n<tr>\n<td style=\"width: 100%;\">\n<ul>\n<li><span style=\"font-family: arial, helvetica, sans-serif; font-size: 14pt; color: #066da1;\"><strong>Art\u00edculo 8<\/strong><\/span><\/li>\n<li><a href=\"https:\/\/seij.gob.gt\/udisep\/wp-content\/uploads\/2026\/01\/17-BIS-DICIEMBRE-2025.pdf\"><span style=\"font-family: arial, helvetica, sans-serif; font-size: 14pt; color: #066da1;\"><strong>Art\u00edculo 17 Bis<\/strong><\/span><\/a><\/li>\n<li><a href=\"https:\/\/seij.gob.gt\/udisep\/wp-content\/uploads\/2026\/01\/17-TER-DICIEMBRE-2025.pdf\"><span style=\"font-family: arial, helvetica, sans-serif; font-size: 14pt; color: #066da1;\"><strong>Art\u00edculo 17 Ter<\/strong><\/span><\/a><\/li>\n<li><a href=\"https:\/\/seij.gob.gt\/udisep\/wp-content\/uploads\/2026\/01\/17-QUATER-DICIEMBRE-2025.pdf\"><span style=\"font-family: arial, helvetica, sans-serif; font-size: 14pt; color: #066da1;\"><strong>Art\u00edculo 17 Qu\u00e1ter<\/strong><\/span><\/a><\/li>\n<li><span style=\"font-family: arial, helvetica, sans-serif; font-size: 14pt; color: #066da1;\"><strong>Art\u00edculo 32<\/strong><\/span><\/li>\n<\/ul>\n<\/td>\n<\/tr>\n<\/tbody>\n<\/table>\n","protected":false},"excerpt":{"rendered":"<p>ENERO 2025 Art\u00edculo 8 Art\u00edculo 17 Bis Art\u00edculo 17 Ter Art\u00edculo 17 Qu\u00e1ter Art\u00edculo 32 FEBRERO 2025 Art\u00edculo 8 Art\u00edculo 17 Bis Art\u00edculo 17 Ter Art\u00edculo 17 Qu\u00e1ter Art\u00edculo 32 MARZO 2025 Art\u00edculo 8 Art\u00edculo 17 Bis Art\u00edculo 17 Ter Art\u00edculo 17 Qu\u00e1ter Art\u00edculo 32 ABRIL 2025 Art\u00edculo 8 Art\u00edculo 17 Bis Art\u00edculo 17 Ter [&hellip;]<\/p>\n","protected":false},"author":1,"featured_media":0,"parent":0,"menu_order":0,"comment_status":"closed","ping_status":"closed","template":"","meta":{"_et_pb_use_builder":"","_et_pb_old_content":"","_et_gb_content_width":"","footnotes":""},"class_list":["post-6754","page","type-page","status-publish","hentry"],"nelio_popups_active_popup":"","_links":{"self":[{"href":"https:\/\/seij.gob.gt\/udisep\/wp-json\/wp\/v2\/pages\/6754","targetHints":{"allow":["GET"]}}],"collection":[{"href":"https:\/\/seij.gob.gt\/udisep\/wp-json\/wp\/v2\/pages"}],"about":[{"href":"https:\/\/seij.gob.gt\/udisep\/wp-json\/wp\/v2\/types\/page"}],"author":[{"embeddable":true,"href":"https:\/\/seij.gob.gt\/udisep\/wp-json\/wp\/v2\/users\/1"}],"replies":[{"embeddable":true,"href":"https:\/\/seij.gob.gt\/udisep\/wp-json\/wp\/v2\/comments?post=6754"}],"version-history":[{"count":16,"href":"https:\/\/seij.gob.gt\/udisep\/wp-json\/wp\/v2\/pages\/6754\/revisions"}],"predecessor-version":[{"id":7585,"href":"https:\/\/seij.gob.gt\/udisep\/wp-json\/wp\/v2\/pages\/6754\/revisions\/7585"}],"wp:attachment":[{"href":"https:\/\/seij.gob.gt\/udisep\/wp-json\/wp\/v2\/media?parent=6754"}],"curies":[{"name":"wp","href":"https:\/\/api.w.org\/{rel}","templated":true}]}}