{"id":764,"date":"2016-05-10T18:17:38","date_gmt":"2016-05-10T18:17:38","guid":{"rendered":"http:\/\/seij.gob.gt\/udisep\/?page_id=764"},"modified":"2023-11-22T08:16:29","modified_gmt":"2023-11-22T14:16:29","slug":"06-manuales-procedimientos-administrativos-operativos","status":"publish","type":"page","link":"https:\/\/seij.gob.gt\/udisep\/06-manuales-procedimientos-administrativos-operativos\/","title":{"rendered":"06. Manuales de Procedimientos administrativos y operativos"},"content":{"rendered":"<table style=\"width: 71.9551%; height: 536px;\">\n<thead>\n<tr style=\"height: 26px;\">\n<td style=\"text-align: center; width: 562px; height: 26px;\"><span style=\"font-family: arial, helvetica, sans-serif; font-size: 18pt;\"><span style=\"color: #333333;\">Descripci\u00f3n<\/span><\/span><\/td>\n<td style=\"text-align: center; width: 74px; height: 26px;\"><span style=\"font-family: arial, helvetica, sans-serif; font-size: 18pt;\"><span style=\"color: #333333;\">Enlace<\/span><\/span><\/td>\n<\/tr>\n<\/thead>\n<tbody>\n<tr>\n<td style=\"width: 562px;\"><span style=\"color: #106ac9; font-family: arial, helvetica, sans-serif; font-size: 14pt;\">Manual de Organizaci\u00f3n de la SEICMSJ<\/span><\/td>\n<td style=\"width: 74px;\"><a href=\"https:\/\/seij.gob.gt\/udisep\/wp-content\/uploads\/2023\/11\/MANUAL-ORGANIZACIONAL-FOR.pdf\"><strong><span style=\"font-family: arial, helvetica, sans-serif; color: #ff0000;\"><em>Descargar<\/em><\/span><\/strong><\/a><\/td>\n<\/tr>\n<tr>\n<td style=\"width: 562px;\"><span style=\"color: #106ac9; font-family: arial, helvetica, sans-serif; font-size: 14pt;\">Manual de Puestos y Funciones de la SEICMSJ<\/span><\/td>\n<td style=\"width: 74px;\"><a href=\"https:\/\/seij.gob.gt\/udisep\/wp-content\/uploads\/2023\/11\/MANUAL-DE-PUESTO-Y-FUNCIONES-ORIGINAL-FOR.pdf\"><strong><span style=\"font-family: arial, helvetica, sans-serif; color: #ff0000;\"><em>Descargar<\/em><\/span><\/strong><\/a><\/td>\n<\/tr>\n<tr style=\"height: 49px;\">\n<td style=\"width: 562px; height: 49px;\"><span style=\"color: #106ac9; font-family: arial, helvetica, sans-serif; font-size: 14pt;\">Manual de Normas y Procedimientos Acceso a la Informaci\u00f3n P\u00fablica y Comunicaci\u00f3n Social de la SEICMSJ<\/span><\/td>\n<td style=\"width: 74px; height: 49px;\"><strong><span style=\"font-family: arial, helvetica, sans-serif; color: #ff0000;\"><em><a style=\"color: #ff0000;\" href=\"..\/\/_2022_\/manuales y acuerdos\/diciembre\/MANUAL ACCESO A LA INFORMACION PUBLICA Y COMUNICACION SOCIAL.PDF\">Descargar<\/a><\/em><\/span><\/strong><\/td>\n<\/tr>\n<tr style=\"height: 49px;\">\n<td style=\"width: 562px; height: 49px;\"><span style=\"color: #106ac9; font-family: arial, helvetica, sans-serif; font-size: 14pt;\">Manual Normas y Procedimientos para la Administraci\u00f3n y Consumo de Combustible de la SEICMSJ<\/span><\/td>\n<td style=\"width: 74px; height: 49px;\"><strong><span style=\"font-family: arial, helvetica, sans-serif; color: #ff0000;\"><em><a style=\"color: #ff0000;\" href=\"..\/\/_2023_\/manuales\/MANUAL DE NORMAS Y PROCEDIMIENTOS PARA LA ADMINISTRACION Y CONSUMO DE CO....pdf\">Descargar<\/a><\/em><\/span><\/strong><\/td>\n<\/tr>\n<tr style=\"height: 49px;\">\n<td style=\"width: 562px; height: 49px;\"><span style=\"color: #106ac9; font-family: arial, helvetica, sans-serif; font-size: 14pt;\">Manual Normas y Procedimientos de Adquisiciones y Contrataciones de la SEICMSJ<\/span><\/td>\n<td style=\"width: 74px; height: 49px;\"><strong><a href=\"..\/\/_2023_\/manuales\/MANUAL DE NORMAS Y PROCEDIMIENTOS ADQUISICIONES Y CONTRATACIONES.pdf\"><span style=\"font-family: arial, helvetica, sans-serif; color: #ff0000;\"><em>Descargar<\/em><\/span><\/a><\/strong><\/td>\n<\/tr>\n<tr style=\"height: 49px;\">\n<td style=\"width: 562px; height: 49px;\"><span style=\"color: #106ac9; font-family: arial, helvetica, sans-serif; font-size: 14pt;\">Manual Normas y Procedimientos de Almac\u00e9n de Suministros de la SEICMSJ<\/span><\/td>\n<td style=\"width: 74px; height: 49px;\"><strong><a href=\"..\/\/_2023_\/manuales\/MANUAL ALMAC\u00c9N.pdf\"><span style=\"font-family: arial, helvetica, sans-serif;\"><em><span style=\"color: #ff0000;\"><span style=\"color: #ff0000;\">Descargar<\/span><\/span><\/em><\/span><\/a><\/strong><\/td>\n<\/tr>\n<tr style=\"height: 49px;\">\n<td style=\"width: 562px; height: 49px;\"><span style=\"color: #106ac9; font-family: arial, helvetica, sans-serif; font-size: 14pt;\">Manual de Normas y Procedimientos de Bufetes Populares\u00a0 de la SEICMSJ<\/span><\/td>\n<td style=\"width: 74px; height: 49px;\"><strong><span style=\"font-family: arial, helvetica, sans-serif; color: #ff0000;\"><em><a style=\"color: #ff0000;\" href=\"..\/\/_2022_\/manuales y acuerdos\/julio\/MANUAL BUFETES POPULARES -SEICMSJ- 2022.pdf\">Descargar<\/a><\/em><\/span><\/strong><\/td>\n<\/tr>\n<tr style=\"height: 49px;\">\n<td style=\"width: 562px; height: 49px;\"><span style=\"color: #106ac9; font-family: arial, helvetica, sans-serif; font-size: 14pt;\">Documento relacionado a los Centros de Administraci\u00f3n de Justicia -CAJ-<\/span><\/td>\n<td style=\"width: 74px; height: 49px;\"><strong><span style=\"font-family: arial, helvetica, sans-serif; color: #ff0000;\"><em><span style=\"font-family: arial, helvetica, sans-serif;\"><span style=\"color: #ff0000;\"><a style=\"color: #ff0000;\" href=\"..\/_2016_\/_Art.06_\/MANUAL6.pdf\">Descargar<\/a><\/span><\/span><\/em><\/span><\/strong><\/td>\n<\/tr>\n<tr style=\"height: 24px;\">\n<td style=\"width: 562px; height: 24px;\"><span style=\"color: #106ac9; font-family: arial, helvetica, sans-serif; font-size: 14pt;\">Manual Normas y Procedimientos de Caja Chica de la SEICMSJ\u00a0<\/span><\/td>\n<td style=\"width: 74px; height: 24px;\"><strong><span style=\"font-family: arial, helvetica, sans-serif; color: #ff0000;\"><em><a style=\"color: #ff0000;\" href=\"..\/\/_2023_\/manuales\/MANUAL DE NORMAS Y PROCEDIMIENTOS CAJA CHICA.PDF\">Descargar<\/a><\/em><\/span><\/strong><\/td>\n<\/tr>\n<tr>\n<td style=\"width: 562px;\"><span style=\"color: #106ac9; font-family: arial, helvetica, sans-serif; font-size: 14pt;\">Manual Normas y Procedimientos de Fondo Rotativo de la SEICMSJ<\/span><\/td>\n<td style=\"width: 74px;\"><strong><span style=\"font-family: arial, helvetica, sans-serif; color: #ff0000;\"><em><a style=\"color: #ff0000;\" href=\"..\/\/_2023_\/informacion_publica\/enero\/NUMERAL 6\/MANUAL DE NORMAS Y PROCEDIMIENTOS DE FONDO ROTATIVO.PDF\">Descargar<\/a><\/em><\/span><\/strong><\/td>\n<\/tr>\n<tr>\n<td style=\"width: 562px;\"><span style=\"color: #106ac9; font-family: arial, helvetica, sans-serif; font-size: 14pt;\">R\u00e9gimen para la Constituci\u00f3n de Fondo Rotativo de la SEICMSJ<\/span><\/td>\n<td style=\"width: 74px;\"><strong><a href=\"..\/\/_2023_\/manuales\/REGIMEN FONDO ROTATIVO.pdf\"><span style=\"font-family: arial, helvetica, sans-serif;\"><em><span style=\"color: #ff0000;\"><span style=\"color: #ff0000;\"><span style=\"font-family: arial, helvetica, sans-serif; color: #ff0000;\">Descargar<\/span><\/span><\/span><\/em><\/span><\/a><\/strong><\/td>\n<\/tr>\n<tr>\n<td style=\"width: 562px;\"><span style=\"color: #106ac9; font-family: arial, helvetica, sans-serif; font-size: 14pt;\">Reglamento General de Vi\u00e1ticos, Gastos Conexos y Reconocimiento de Gastos de la SEICMSJ<\/span><\/td>\n<td style=\"width: 74px;\"><strong><a href=\"..\/\/_2023_\/manuales\/REGLAMENTO DE VIATICOS.pdf\"><span style=\"font-family: arial, helvetica, sans-serif;\"><em><span style=\"color: #ff0000;\"><span style=\"color: #ff0000;\"><span style=\"font-family: arial, helvetica, sans-serif; color: #ff0000;\">Descargar<\/span><\/span><\/span><\/em><\/span><\/a><\/strong><\/td>\n<\/tr>\n<tr>\n<td style=\"width: 562px;\"><span style=\"color: #106ac9; font-family: arial, helvetica, sans-serif; font-size: 14pt;\">Manual de Normas y Procedimientos de Inform\u00e1tica de la SEICMSJ<\/span><\/td>\n<td style=\"width: 74px;\"><strong><span style=\"font-family: arial, helvetica, sans-serif; color: #ff0000;\"><em><span style=\"font-family: arial, helvetica, sans-serif;\"><a style=\"color: #ff0000;\" href=\"..\/\/_2022_\/manuales y acuerdos\/diciembre\/MANUAL DE NORMAS Y PROCEDIMIENTOS DE INFORM\u00c1TICA.PDF\">Descargar<\/a><\/span><\/em><\/span><\/strong><\/td>\n<\/tr>\n<tr style=\"height: 24px;\">\n<td style=\"width: 562px; height: 24px;\"><span style=\"color: #106ac9; font-family: arial, helvetica, sans-serif; font-size: 14pt;\">Manual Normas y Procedimientos de Inventario de la SEICMSJ<\/span><\/td>\n<td style=\"width: 74px; height: 24px;\"><strong><a href=\"..\/\/_2023_\/manuales\/MANUAL DE NORMAS Y PROCEDIMIENTO DE INVENTARIO.PDF\"><span style=\"font-family: arial, helvetica, sans-serif;\"><em><span style=\"color: #ff0000;\"><span style=\"color: #ff0000;\">Descargar<\/span><\/span><\/em><\/span><\/a><\/strong><\/td>\n<\/tr>\n<tr>\n<td style=\"width: 562px;\"><span style=\"color: #106ac9; font-family: arial, helvetica, sans-serif; font-size: 14pt;\">Manual de Normas y Procedimientos Presupuesto de la SEICMSJ<\/span><\/td>\n<td style=\"width: 74px;\"><strong><span style=\"font-family: arial, helvetica, sans-serif; color: #ff0000;\"><em><span style=\"font-family: arial, helvetica, sans-serif;\"><a style=\"color: #ff0000;\" href=\"..\/\/_2022_\/manuales y acuerdos\/diciembre\/MANUAL DE NORMAS Y PROCEDIMIENTOS DE PRESUESTO.PDF\">Descargar<\/a><\/span><\/em><\/span><\/strong><\/td>\n<\/tr>\n<tr style=\"height: 24px;\">\n<td style=\"width: 562px; height: 24px;\"><span style=\"color: #106ac9; font-family: arial, helvetica, sans-serif; font-size: 14pt;\">Manual de\u00a0 Recepci\u00f3n\u00a0 de la SEICMSJ<\/span><\/td>\n<td style=\"width: 74px; height: 24px;\"><strong><a href=\"..\/\/_2022_\/manuales y acuerdos\/diciembre\/Manual de Normas y Procedimientos - Recepci\u00f3n.pdf\"><span style=\"font-family: arial, helvetica, sans-serif;\"><em><span style=\"color: #ff0000;\"><span style=\"color: #ff0000;\">Descargar<\/span><\/span><\/em><\/span><\/a><\/strong><\/td>\n<\/tr>\n<\/tbody>\n<\/table>\n","protected":false},"excerpt":{"rendered":"<p>Descripci\u00f3n Enlace Manual de Organizaci\u00f3n de la SEICMSJ Descargar Manual de Puestos y Funciones de la SEICMSJ Descargar Manual de Normas y Procedimientos Acceso a la Informaci\u00f3n P\u00fablica y Comunicaci\u00f3n Social de la SEICMSJ Descargar Manual Normas y Procedimientos para la Administraci\u00f3n y Consumo de Combustible de la SEICMSJ Descargar Manual Normas y Procedimientos de [&hellip;]<\/p>\n","protected":false},"author":1,"featured_media":0,"parent":0,"menu_order":0,"comment_status":"closed","ping_status":"closed","template":"","meta":{"_et_pb_use_builder":"","_et_pb_old_content":"","_et_gb_content_width":"","footnotes":""},"class_list":["post-764","page","type-page","status-publish","hentry"],"nelio_popups_active_popup":"","_links":{"self":[{"href":"https:\/\/seij.gob.gt\/udisep\/wp-json\/wp\/v2\/pages\/764","targetHints":{"allow":["GET"]}}],"collection":[{"href":"https:\/\/seij.gob.gt\/udisep\/wp-json\/wp\/v2\/pages"}],"about":[{"href":"https:\/\/seij.gob.gt\/udisep\/wp-json\/wp\/v2\/types\/page"}],"author":[{"embeddable":true,"href":"https:\/\/seij.gob.gt\/udisep\/wp-json\/wp\/v2\/users\/1"}],"replies":[{"embeddable":true,"href":"https:\/\/seij.gob.gt\/udisep\/wp-json\/wp\/v2\/comments?post=764"}],"version-history":[{"count":89,"href":"https:\/\/seij.gob.gt\/udisep\/wp-json\/wp\/v2\/pages\/764\/revisions"}],"predecessor-version":[{"id":5570,"href":"https:\/\/seij.gob.gt\/udisep\/wp-json\/wp\/v2\/pages\/764\/revisions\/5570"}],"wp:attachment":[{"href":"https:\/\/seij.gob.gt\/udisep\/wp-json\/wp\/v2\/media?parent=764"}],"curies":[{"name":"wp","href":"https:\/\/api.w.org\/{rel}","templated":true}]}}