{"id":7676,"date":"2026-02-12T15:38:54","date_gmt":"2026-02-12T21:38:54","guid":{"rendered":"https:\/\/seij.gob.gt\/udisep\/?page_id=7676"},"modified":"2026-03-25T15:55:08","modified_gmt":"2026-03-25T21:55:08","slug":"numeral-28-ano-2026","status":"publish","type":"page","link":"https:\/\/seij.gob.gt\/udisep\/numeral-28-ano-2026\/","title":{"rendered":"NUMERAL 28 A\u00d1O 2026"},"content":{"rendered":"<p style=\"text-align: left;\"><span style=\"font-family: 'arial black', sans-serif; font-size: 14pt; color: #333399;\">INFORME SOBRE PERTENENCIA SOCIOLING\u00dc\u00cdSTICA<\/span><\/p>\n<p>&nbsp;<\/p>\n<table style=\"border-collapse: collapse; width: 59.9372%; height: 128px;\">\n<tbody>\n<tr style=\"height: 26px;\">\n<td style=\"width: 59.9372%; height: 26px;\" colspan=\"2\"><span style=\"font-family: 'arial black', sans-serif; font-size: 14pt; color: #000080;\">Enero 2026<\/span><\/td>\n<\/tr>\n<tr style=\"height: 23px;\">\n<td style=\"width: 35.3556%; height: 10px; text-align: center;\"><span style=\"font-size: 14pt; font-family: arial, helvetica, sans-serif; color: #000080;\">Santiago Atitl\u00e1n, Solol\u00e1<\/span><\/td>\n<td style=\"width: 24.5816%; height: 10px;\"><a href=\"https:\/\/seij.gob.gt\/udisep\/wp-content\/uploads\/2026\/02\/INFORM1.pdf\"><span id=\"snippet-text\" class=\"style-scope ytd-text-inline-expander\"><span class=\"yt-core-attributed-string yt-core-attributed-string--white-space-pre-wrap\" dir=\"auto\" role=\"text\"><span class=\"yt-core-attributed-string--link-inherit-color\" dir=\"auto\"><img decoding=\"async\" class=\"aligncenter wp-image-5733\" src=\"https:\/\/seij.gob.gt\/udisep\/wp-content\/uploads\/2024\/02\/1.png\" alt=\"\" width=\"91\" height=\"91\" \/><\/span><\/span><\/span><\/a><\/td>\n<\/tr>\n<tr style=\"height: 23px;\">\n<td style=\"width: 35.3556%; height: 23px; text-align: center;\"><span style=\"font-size: 14pt; font-family: arial, helvetica, sans-serif; color: #000080;\">Santa Eulalia, Huehuetenango<\/span><\/td>\n<td style=\"width: 24.5816%; height: 23px;\"><a href=\"https:\/\/seij.gob.gt\/udisep\/wp-content\/uploads\/2026\/02\/INFORM4.pdf\"><span id=\"snippet-text\" class=\"style-scope ytd-text-inline-expander\"><span class=\"yt-core-attributed-string yt-core-attributed-string--white-space-pre-wrap\" dir=\"auto\" role=\"text\"><span class=\"yt-core-attributed-string--link-inherit-color\" dir=\"auto\"><img decoding=\"async\" class=\"aligncenter wp-image-5733\" src=\"https:\/\/seij.gob.gt\/udisep\/wp-content\/uploads\/2024\/02\/1.png\" alt=\"\" width=\"91\" height=\"91\" \/><\/span><\/span><\/span><\/a><\/td>\n<\/tr>\n<tr style=\"height: 23px;\">\n<td style=\"width: 35.3556%; height: 23px; text-align: center;\"><span style=\"font-size: 14pt; font-family: arial, helvetica, sans-serif; color: #000080;\">Playa Grande Ixc\u00e1n, Quich\u00e9<\/span><\/td>\n<td style=\"width: 24.5816%; height: 23px;\"><a href=\"https:\/\/seij.gob.gt\/udisep\/wp-content\/uploads\/2026\/02\/INDBBD1.pdf\"><span id=\"snippet-text\" class=\"style-scope ytd-text-inline-expander\"><span class=\"yt-core-attributed-string yt-core-attributed-string--white-space-pre-wrap\" dir=\"auto\" role=\"text\"><span class=\"yt-core-attributed-string--link-inherit-color\" dir=\"auto\"><img decoding=\"async\" class=\"aligncenter wp-image-5733\" src=\"https:\/\/seij.gob.gt\/udisep\/wp-content\/uploads\/2024\/02\/1.png\" alt=\"\" width=\"91\" height=\"91\" \/><\/span><\/span><\/span><\/a><\/td>\n<\/tr>\n<tr style=\"height: 23px;\">\n<td style=\"width: 35.3556%; height: 23px; text-align: center;\"><span style=\"font-size: 14pt; font-family: arial, helvetica, sans-serif; color: #000080;\">Ixchigu\u00e1n, San Marcos<\/span><\/td>\n<td style=\"width: 24.5816%; height: 23px;\"><a href=\"https:\/\/seij.gob.gt\/udisep\/wp-content\/uploads\/2026\/02\/INFORM2.pdf\"><span id=\"snippet-text\" class=\"style-scope ytd-text-inline-expander\"><span class=\"yt-core-attributed-string yt-core-attributed-string--white-space-pre-wrap\" dir=\"auto\" role=\"text\"><span class=\"yt-core-attributed-string--link-inherit-color\" dir=\"auto\"><img decoding=\"async\" class=\"aligncenter wp-image-5733\" src=\"https:\/\/seij.gob.gt\/udisep\/wp-content\/uploads\/2024\/02\/1.png\" alt=\"\" width=\"91\" height=\"91\" \/><\/span><\/span><\/span><\/a><\/td>\n<\/tr>\n<tr style=\"height: 23px;\">\n<td style=\"width: 35.3556%; height: 23px; text-align: center;\"><span style=\"font-size: 14pt; font-family: arial, helvetica, sans-serif; color: #000080;\">Santa Mar\u00eda Nebaj, Quich\u00e9<\/span><\/td>\n<td style=\"width: 24.5816%; height: 23px;\"><a href=\"https:\/\/seij.gob.gt\/udisep\/wp-content\/uploads\/2026\/02\/INFORM3.pdf\"><span id=\"snippet-text\" class=\"style-scope ytd-text-inline-expander\"><span class=\"yt-core-attributed-string yt-core-attributed-string--white-space-pre-wrap\" dir=\"auto\" role=\"text\"><span class=\"yt-core-attributed-string--link-inherit-color\" dir=\"auto\"><img decoding=\"async\" class=\"aligncenter wp-image-5733\" src=\"https:\/\/seij.gob.gt\/udisep\/wp-content\/uploads\/2024\/02\/1.png\" alt=\"\" width=\"91\" height=\"91\" \/><\/span><\/span><\/span><\/a><\/td>\n<\/tr>\n<\/tbody>\n<\/table>\n<table style=\"border-collapse: collapse; width: 59.9372%; height: 128px;\">\n<tbody>\n<tr style=\"height: 26px;\">\n<td style=\"width: 59.9372%; height: 26px;\" colspan=\"2\"><span style=\"font-family: 'arial black', sans-serif; font-size: 14pt; color: #000080;\">FEBRERO 2026<\/span><\/td>\n<\/tr>\n<tr style=\"height: 23px;\">\n<td style=\"width: 35.3556%; height: 10px; text-align: center;\"><span style=\"font-size: 14pt; font-family: arial, helvetica, sans-serif; color: #000080;\">Santiago Atitl\u00e1n, Solol\u00e1<\/span><\/td>\n<td style=\"width: 24.5816%; height: 10px;\"><a href=\"https:\/\/seij.gob.gt\/udisep\/wp-content\/uploads\/2026\/03\/INFORME-SANTIAGO-ATITLAN-FEBRERO-2026.pdf\"><span id=\"snippet-text\" class=\"style-scope ytd-text-inline-expander\"><span class=\"yt-core-attributed-string yt-core-attributed-string--white-space-pre-wrap\" dir=\"auto\" role=\"text\"><span class=\"yt-core-attributed-string--link-inherit-color\" dir=\"auto\"><img decoding=\"async\" class=\"aligncenter wp-image-5733\" src=\"https:\/\/seij.gob.gt\/udisep\/wp-content\/uploads\/2024\/02\/1.png\" alt=\"\" width=\"91\" height=\"91\" \/><\/span><\/span><\/span><\/a><\/td>\n<\/tr>\n<tr style=\"height: 23px;\">\n<td style=\"width: 35.3556%; height: 23px; text-align: center;\"><span style=\"font-size: 14pt; font-family: arial, helvetica, sans-serif; color: #000080;\">Santa Eulalia, Huehuetenango<\/span><\/td>\n<td style=\"width: 24.5816%; height: 23px;\"><a href=\"https:\/\/seij.gob.gt\/udisep\/wp-content\/uploads\/2026\/03\/INFORME-SANTA-EULALIA-FEBRERO-2026.pdf\"><span id=\"snippet-text\" class=\"style-scope ytd-text-inline-expander\"><span class=\"yt-core-attributed-string yt-core-attributed-string--white-space-pre-wrap\" dir=\"auto\" role=\"text\"><span class=\"yt-core-attributed-string--link-inherit-color\" dir=\"auto\"><img decoding=\"async\" class=\"aligncenter wp-image-5733\" src=\"https:\/\/seij.gob.gt\/udisep\/wp-content\/uploads\/2024\/02\/1.png\" alt=\"\" width=\"91\" height=\"91\" \/><\/span><\/span><\/span><\/a><\/td>\n<\/tr>\n<tr style=\"height: 23px;\">\n<td style=\"width: 35.3556%; height: 23px; text-align: center;\"><span style=\"font-size: 14pt; font-family: arial, helvetica, sans-serif; color: #000080;\">Playa Grande Ixc\u00e1n, Quich\u00e9<\/span><\/td>\n<td style=\"width: 24.5816%; height: 23px;\"><a href=\"https:\/\/seij.gob.gt\/udisep\/wp-content\/uploads\/2026\/03\/INFORME-IXCAN-QUICHE-FEBRERO-2026.pdf\"><span id=\"snippet-text\" class=\"style-scope ytd-text-inline-expander\"><span class=\"yt-core-attributed-string yt-core-attributed-string--white-space-pre-wrap\" dir=\"auto\" role=\"text\"><span class=\"yt-core-attributed-string--link-inherit-color\" dir=\"auto\"><img decoding=\"async\" class=\"aligncenter wp-image-5733\" src=\"https:\/\/seij.gob.gt\/udisep\/wp-content\/uploads\/2024\/02\/1.png\" alt=\"\" width=\"91\" height=\"91\" \/><\/span><\/span><\/span><\/a><\/td>\n<\/tr>\n<tr style=\"height: 23px;\">\n<td style=\"width: 35.3556%; height: 23px; text-align: center;\"><span style=\"font-size: 14pt; font-family: arial, helvetica, sans-serif; color: #000080;\">Ixchigu\u00e1n, San Marcos<\/span><\/td>\n<td style=\"width: 24.5816%; height: 23px;\"><a href=\"https:\/\/seij.gob.gt\/udisep\/wp-content\/uploads\/2026\/03\/INFORME-IXCHIGUAN-FEBRERO-2026.pdf\"><span id=\"snippet-text\" class=\"style-scope ytd-text-inline-expander\"><span class=\"yt-core-attributed-string yt-core-attributed-string--white-space-pre-wrap\" dir=\"auto\" role=\"text\"><span class=\"yt-core-attributed-string--link-inherit-color\" dir=\"auto\"><img decoding=\"async\" class=\"aligncenter wp-image-5733\" src=\"https:\/\/seij.gob.gt\/udisep\/wp-content\/uploads\/2024\/02\/1.png\" alt=\"\" width=\"91\" height=\"91\" \/><\/span><\/span><\/span><\/a><\/td>\n<\/tr>\n<tr style=\"height: 23px;\">\n<td style=\"width: 35.3556%; height: 23px; text-align: center;\"><span style=\"font-size: 14pt; font-family: arial, helvetica, sans-serif; color: #000080;\">Santa Mar\u00eda Nebaj, Quich\u00e9<\/span><\/td>\n<td style=\"width: 24.5816%; height: 23px;\"><a href=\"https:\/\/seij.gob.gt\/udisep\/wp-content\/uploads\/2026\/03\/INFORME-NEBAJ-FEBRERO-2026.pdf\"><span id=\"snippet-text\" class=\"style-scope ytd-text-inline-expander\"><span class=\"yt-core-attributed-string yt-core-attributed-string--white-space-pre-wrap\" dir=\"auto\" role=\"text\"><span class=\"yt-core-attributed-string--link-inherit-color\" dir=\"auto\"><img decoding=\"async\" class=\"aligncenter wp-image-5733\" src=\"https:\/\/seij.gob.gt\/udisep\/wp-content\/uploads\/2024\/02\/1.png\" alt=\"\" width=\"91\" height=\"91\" \/><\/span><\/span><\/span><\/a><\/td>\n<\/tr>\n<\/tbody>\n<\/table>\n","protected":false},"excerpt":{"rendered":"<p>INFORME SOBRE PERTENENCIA SOCIOLING\u00dc\u00cdSTICA &nbsp; Enero 2026 Santiago Atitl\u00e1n, Solol\u00e1 Santa Eulalia, Huehuetenango Playa Grande Ixc\u00e1n, Quich\u00e9 Ixchigu\u00e1n, San Marcos Santa Mar\u00eda Nebaj, Quich\u00e9 FEBRERO 2026 Santiago Atitl\u00e1n, Solol\u00e1 Santa Eulalia, Huehuetenango Playa Grande Ixc\u00e1n, Quich\u00e9 Ixchigu\u00e1n, San Marcos Santa Mar\u00eda Nebaj, Quich\u00e9<\/p>\n","protected":false},"author":1,"featured_media":0,"parent":0,"menu_order":0,"comment_status":"closed","ping_status":"closed","template":"","meta":{"_et_pb_use_builder":"","_et_pb_old_content":"","_et_gb_content_width":"","footnotes":""},"class_list":["post-7676","page","type-page","status-publish","hentry"],"nelio_popups_active_popup":"","_links":{"self":[{"href":"https:\/\/seij.gob.gt\/udisep\/wp-json\/wp\/v2\/pages\/7676","targetHints":{"allow":["GET"]}}],"collection":[{"href":"https:\/\/seij.gob.gt\/udisep\/wp-json\/wp\/v2\/pages"}],"about":[{"href":"https:\/\/seij.gob.gt\/udisep\/wp-json\/wp\/v2\/types\/page"}],"author":[{"embeddable":true,"href":"https:\/\/seij.gob.gt\/udisep\/wp-json\/wp\/v2\/users\/1"}],"replies":[{"embeddable":true,"href":"https:\/\/seij.gob.gt\/udisep\/wp-json\/wp\/v2\/comments?post=7676"}],"version-history":[{"count":10,"href":"https:\/\/seij.gob.gt\/udisep\/wp-json\/wp\/v2\/pages\/7676\/revisions"}],"predecessor-version":[{"id":7974,"href":"https:\/\/seij.gob.gt\/udisep\/wp-json\/wp\/v2\/pages\/7676\/revisions\/7974"}],"wp:attachment":[{"href":"https:\/\/seij.gob.gt\/udisep\/wp-json\/wp\/v2\/media?parent=7676"}],"curies":[{"name":"wp","href":"https:\/\/api.w.org\/{rel}","templated":true}]}}