{"id":7775,"date":"2026-02-17T10:52:22","date_gmt":"2026-02-17T16:52:22","guid":{"rendered":"https:\/\/seij.gob.gt\/udisep\/?page_id=7775"},"modified":"2026-03-25T16:28:18","modified_gmt":"2026-03-25T22:28:18","slug":"articulo-35-otras-remuneraciones-de-personal-temporal-ano-2026","status":"publish","type":"page","link":"https:\/\/seij.gob.gt\/udisep\/articulo-35-otras-remuneraciones-de-personal-temporal-ano-2026\/","title":{"rendered":"Art\u00edculo 35: Otras Remuneraciones de Personal Temporal A\u00f1o 2026"},"content":{"rendered":"<table style=\"border-collapse: collapse; width: 50.3127%; height: 109px;\">\n<tbody>\n<tr style=\"height: 31px;\">\n<td style=\"width: 100%; height: 31px;\"><span style=\"font-family: 'arial black', sans-serif; font-size: 14pt; color: #000080;\">ENERO 2026<\/span><\/td>\n<\/tr>\n<tr style=\"height: 25px;\">\n<td style=\"width: 100%; height: 25px;\"><a href=\"https:\/\/seij.gob.gt\/udisep\/wp-content\/uploads\/2026\/02\/INFORME-ENERO-GABRIELA-MARQUEZ.pdf\">AIDA GABRIELA MARQUEZ LIBERATO<\/a><\/td>\n<\/tr>\n<tr style=\"height: 25px;\">\n<td style=\"width: 100%; height: 25px;\"><a href=\"https:\/\/seij.gob.gt\/udisep\/wp-content\/uploads\/2026\/02\/INFORME-ENERO-DANIEL-CIFUENTES.pdf\">DANIEL ALBERTO CIFUENTES G\u00d3MEZ<\/a><\/td>\n<\/tr>\n<\/tbody>\n<\/table>\n<table style=\"border-collapse: collapse; width: 50.3127%; height: 50px;\">\n<tbody>\n<tr style=\"height: 25px;\">\n<td style=\"width: 100%; height: 25px;\"><a href=\"https:\/\/seij.gob.gt\/udisep\/wp-content\/uploads\/2026\/02\/INFORME-ENERO-ADRIANA-MIJANGOS.pdf\">ADRIANA NOHEMI MIJANGOS BERGANZA<\/a><\/td>\n<\/tr>\n<tr style=\"height: 25px;\">\n<td style=\"width: 100%; height: 25px;\"><a href=\"https:\/\/seij.gob.gt\/udisep\/wp-content\/uploads\/2026\/02\/INFORME-ENERO-CESAR-LAJUJ.pdf\">C\u00c9SAR EL\u00cdAS LAJUJ CHIAPAZ<\/a><\/td>\n<\/tr>\n<\/tbody>\n<\/table>\n<table style=\"border-collapse: collapse; width: 50.3127%; height: 50px;\">\n<tbody>\n<tr style=\"height: 25px;\">\n<td style=\"width: 100%; height: 25px;\"><a href=\"https:\/\/seij.gob.gt\/udisep\/wp-content\/uploads\/2026\/02\/INFORME-ENERO-EDGAR-MARTINEZ.pdf\">EDGAR ROLANDO MART\u00cdNEZ BARRIOS<\/a><\/td>\n<\/tr>\n<tr style=\"height: 25px;\">\n<td style=\"width: 100%; height: 25px;\"><a href=\"https:\/\/seij.gob.gt\/udisep\/wp-content\/uploads\/2026\/02\/INFORME-ENERO-SILVIA-GODINEZ.pdf\">SILVIA LISSETTE GODINEZ GUDIEL<\/a><\/td>\n<\/tr>\n<\/tbody>\n<\/table>\n<table style=\"border-collapse: collapse; width: 50.3127%; height: 109px;\">\n<tbody>\n<tr style=\"height: 31px;\">\n<td style=\"width: 100%; height: 31px;\"><span style=\"font-family: 'arial black', sans-serif; font-size: 14pt; color: #000080;\">FEBRERO 2026<\/span><\/td>\n<\/tr>\n<tr style=\"height: 25px;\">\n<td style=\"width: 100%; height: 25px;\"><a href=\"https:\/\/seij.gob.gt\/udisep\/wp-content\/uploads\/2026\/03\/INFORME-GABRIELA.pdf\">AIDA GABRIELA MARQUEZ LIBERATO<\/a><\/td>\n<\/tr>\n<tr style=\"height: 25px;\">\n<td style=\"width: 100%; height: 25px;\"><a href=\"https:\/\/seij.gob.gt\/udisep\/wp-content\/uploads\/2026\/03\/INFORME-DANIEL.pdf\">DANIEL ALBERTO CIFUENTES G\u00d3MEZ<\/a><\/td>\n<\/tr>\n<\/tbody>\n<\/table>\n<table style=\"border-collapse: collapse; width: 50.3127%; height: 50px;\">\n<tbody>\n<tr style=\"height: 25px;\">\n<td style=\"width: 100%; height: 25px;\"><a href=\"https:\/\/seij.gob.gt\/udisep\/wp-content\/uploads\/2026\/03\/INFORME-ADRIANA.pdf\">ADRIANA NOHEMI MIJANGOS BERGANZA<\/a><\/td>\n<\/tr>\n<tr style=\"height: 25px;\">\n<td style=\"width: 100%; height: 25px;\"><a href=\"https:\/\/seij.gob.gt\/udisep\/wp-content\/uploads\/2026\/03\/INFORME-CESAR.pdf\">C\u00c9SAR EL\u00cdAS LAJUJ CHIAPAZ<\/a><\/td>\n<\/tr>\n<\/tbody>\n<\/table>\n<table style=\"border-collapse: collapse; width: 50.3127%; height: 50px;\">\n<tbody>\n<tr style=\"height: 25px;\">\n<td style=\"width: 100%; height: 25px;\"><a href=\"https:\/\/seij.gob.gt\/udisep\/wp-content\/uploads\/2026\/03\/INFORME-EDGAR.pdf\">EDGAR ROLANDO MART\u00cdNEZ BARRIOS<\/a><\/td>\n<\/tr>\n<tr style=\"height: 25px;\">\n<td style=\"width: 100%; height: 25px;\"><a href=\"https:\/\/seij.gob.gt\/udisep\/wp-content\/uploads\/2026\/03\/INFORME-SILVIA.pdf\">SILVIA LISSETTE GODINEZ GUDIEL<\/a><\/td>\n<\/tr>\n<\/tbody>\n<\/table>\n","protected":false},"excerpt":{"rendered":"<p>ENERO 2026 AIDA GABRIELA MARQUEZ LIBERATO DANIEL ALBERTO CIFUENTES G\u00d3MEZ ADRIANA NOHEMI MIJANGOS BERGANZA C\u00c9SAR EL\u00cdAS LAJUJ CHIAPAZ EDGAR ROLANDO MART\u00cdNEZ BARRIOS SILVIA LISSETTE GODINEZ GUDIEL FEBRERO 2026 AIDA GABRIELA MARQUEZ LIBERATO DANIEL ALBERTO CIFUENTES G\u00d3MEZ ADRIANA NOHEMI MIJANGOS BERGANZA C\u00c9SAR EL\u00cdAS LAJUJ CHIAPAZ EDGAR ROLANDO MART\u00cdNEZ BARRIOS SILVIA LISSETTE GODINEZ GUDIEL<\/p>\n","protected":false},"author":1,"featured_media":0,"parent":0,"menu_order":0,"comment_status":"closed","ping_status":"closed","template":"","meta":{"_et_pb_use_builder":"","_et_pb_old_content":"","_et_gb_content_width":"","footnotes":""},"class_list":["post-7775","page","type-page","status-publish","hentry"],"nelio_popups_active_popup":"","_links":{"self":[{"href":"https:\/\/seij.gob.gt\/udisep\/wp-json\/wp\/v2\/pages\/7775","targetHints":{"allow":["GET"]}}],"collection":[{"href":"https:\/\/seij.gob.gt\/udisep\/wp-json\/wp\/v2\/pages"}],"about":[{"href":"https:\/\/seij.gob.gt\/udisep\/wp-json\/wp\/v2\/types\/page"}],"author":[{"embeddable":true,"href":"https:\/\/seij.gob.gt\/udisep\/wp-json\/wp\/v2\/users\/1"}],"replies":[{"embeddable":true,"href":"https:\/\/seij.gob.gt\/udisep\/wp-json\/wp\/v2\/comments?post=7775"}],"version-history":[{"count":5,"href":"https:\/\/seij.gob.gt\/udisep\/wp-json\/wp\/v2\/pages\/7775\/revisions"}],"predecessor-version":[{"id":7995,"href":"https:\/\/seij.gob.gt\/udisep\/wp-json\/wp\/v2\/pages\/7775\/revisions\/7995"}],"wp:attachment":[{"href":"https:\/\/seij.gob.gt\/udisep\/wp-json\/wp\/v2\/media?parent=7775"}],"curies":[{"name":"wp","href":"https:\/\/api.w.org\/{rel}","templated":true}]}}