{"id":7782,"date":"2026-02-17T13:45:46","date_gmt":"2026-02-17T19:45:46","guid":{"rendered":"https:\/\/seij.gob.gt\/udisep\/?page_id=7782"},"modified":"2026-03-25T16:31:09","modified_gmt":"2026-03-25T22:31:09","slug":"decreto-101-97-ley-organica-del-presupuesto-2026","status":"publish","type":"page","link":"https:\/\/seij.gob.gt\/udisep\/decreto-101-97-ley-organica-del-presupuesto-2026\/","title":{"rendered":"Decreto 101-97 Ley Org\u00e1nica del Presupuesto 2026"},"content":{"rendered":"<table style=\"border-collapse: collapse; width: 100%;\">\n<tbody>\n<tr>\n<td style=\"width: 100%;\"><span style=\"font-family: 'arial black', sans-serif;\">ENERO 2026<\/span><\/td>\n<\/tr>\n<tr>\n<td style=\"width: 100%;\">\n<ul>\n<li><span style=\"font-family: arial, helvetica, sans-serif; font-size: 14pt; color: #066da1;\"><strong>Art\u00edculo 8<\/strong><\/span><\/li>\n<li><a href=\"https:\/\/seij.gob.gt\/udisep\/wp-content\/uploads\/2026\/02\/17_BIS1-ENERO-2026.pdf\"><span style=\"font-family: arial, helvetica, sans-serif; font-size: 14pt; color: #066da1;\"><strong>Art\u00edculo 17 Bis<\/strong><\/span><\/a><\/li>\n<li><a href=\"https:\/\/seij.gob.gt\/udisep\/wp-content\/uploads\/2026\/02\/235-201.pdf\"><span style=\"font-family: arial, helvetica, sans-serif; font-size: 14pt; color: #066da1;\"><strong>Art\u00edculo 17 Ter<\/strong><\/span><\/a><\/li>\n<li><span style=\"font-family: arial, helvetica, sans-serif; font-size: 14pt; color: #066da1;\"><strong>Art\u00edculo 17 Qu\u00e1ter<\/strong><\/span><\/li>\n<li><span style=\"font-family: arial, helvetica, sans-serif; font-size: 14pt; color: #066da1;\"><strong>Art\u00edculo 32<\/strong><\/span><\/li>\n<\/ul>\n<\/td>\n<\/tr>\n<\/tbody>\n<\/table>\n<table style=\"border-collapse: collapse; width: 100%;\">\n<tbody>\n<tr>\n<td style=\"width: 100%;\"><span style=\"font-family: 'arial black', sans-serif;\">FEBRERO 2026<\/span><\/td>\n<\/tr>\n<tr>\n<td style=\"width: 100%;\">\n<ul>\n<li><span style=\"font-family: arial, helvetica, sans-serif; font-size: 14pt; color: #066da1;\"><strong>Art\u00edculo 8<\/strong><\/span><\/li>\n<li><a href=\"https:\/\/seij.gob.gt\/udisep\/wp-content\/uploads\/2026\/03\/17_BIS1-FEBRERO-2026.pdf\"><span style=\"font-family: arial, helvetica, sans-serif; font-size: 14pt; color: #066da1;\"><strong>Art\u00edculo 17 Bis<\/strong><\/span><\/a><\/li>\n<li><a href=\"https:\/\/seij.gob.gt\/udisep\/wp-content\/uploads\/2026\/03\/235-2026-Congreso-Informe-Art.-17-Ter_1-FEBRERO.pdf\"><span style=\"font-family: arial, helvetica, sans-serif; font-size: 14pt; color: #066da1;\"><strong>Art\u00edculo 17 Ter<\/strong><\/span><\/a><\/li>\n<li><span style=\"font-family: arial, helvetica, sans-serif; font-size: 14pt; color: #066da1;\"><strong>Art\u00edculo 17 Qu\u00e1ter<\/strong><\/span><\/li>\n<li><span style=\"font-family: arial, helvetica, sans-serif; font-size: 14pt; color: #066da1;\"><strong>Art\u00edculo 32<\/strong><\/span><\/li>\n<\/ul>\n<\/td>\n<\/tr>\n<\/tbody>\n<\/table>\n","protected":false},"excerpt":{"rendered":"<p>ENERO 2026 Art\u00edculo 8 Art\u00edculo 17 Bis Art\u00edculo 17 Ter Art\u00edculo 17 Qu\u00e1ter Art\u00edculo 32 FEBRERO 2026 Art\u00edculo 8 Art\u00edculo 17 Bis Art\u00edculo 17 Ter Art\u00edculo 17 Qu\u00e1ter Art\u00edculo 32<\/p>\n","protected":false},"author":1,"featured_media":0,"parent":0,"menu_order":0,"comment_status":"closed","ping_status":"closed","template":"","meta":{"_et_pb_use_builder":"","_et_pb_old_content":"","_et_gb_content_width":"","footnotes":""},"class_list":["post-7782","page","type-page","status-publish","hentry"],"nelio_popups_active_popup":"","_links":{"self":[{"href":"https:\/\/seij.gob.gt\/udisep\/wp-json\/wp\/v2\/pages\/7782","targetHints":{"allow":["GET"]}}],"collection":[{"href":"https:\/\/seij.gob.gt\/udisep\/wp-json\/wp\/v2\/pages"}],"about":[{"href":"https:\/\/seij.gob.gt\/udisep\/wp-json\/wp\/v2\/types\/page"}],"author":[{"embeddable":true,"href":"https:\/\/seij.gob.gt\/udisep\/wp-json\/wp\/v2\/users\/1"}],"replies":[{"embeddable":true,"href":"https:\/\/seij.gob.gt\/udisep\/wp-json\/wp\/v2\/comments?post=7782"}],"version-history":[{"count":7,"href":"https:\/\/seij.gob.gt\/udisep\/wp-json\/wp\/v2\/pages\/7782\/revisions"}],"predecessor-version":[{"id":7996,"href":"https:\/\/seij.gob.gt\/udisep\/wp-json\/wp\/v2\/pages\/7782\/revisions\/7996"}],"wp:attachment":[{"href":"https:\/\/seij.gob.gt\/udisep\/wp-json\/wp\/v2\/media?parent=7782"}],"curies":[{"name":"wp","href":"https:\/\/api.w.org\/{rel}","templated":true}]}}