{"id":7856,"date":"2026-02-18T16:25:43","date_gmt":"2026-02-18T22:25:43","guid":{"rendered":"https:\/\/seij.gob.gt\/udisep\/?page_id=7856"},"modified":"2026-03-25T15:59:55","modified_gmt":"2026-03-25T21:59:55","slug":"decreto-36-2024-ano-2026-2","status":"publish","type":"page","link":"https:\/\/seij.gob.gt\/udisep\/decreto-36-2024-ano-2026-2\/","title":{"rendered":"Decreto 36-2024 a\u00f1o 2026"},"content":{"rendered":"<table style=\"border-collapse: collapse; width: 49.3711%; height: 120px;\">\n<tbody>\n<tr style=\"height: 26px;\">\n<td style=\"width: 99.7641%; height: 10px;\" colspan=\"2\"><span style=\"color: #000080; font-family: arial, helvetica, sans-serif; font-size: 14pt;\"><strong>Art\u00edculo 33: Informaci\u00f3n sobre las adquisiciones realizadas en la modalidad de compra de baja cuant\u00eda.\u00a0<\/strong><\/span><\/td>\n<\/tr>\n<\/tbody>\n<\/table>\n<table style=\"border-collapse: collapse; width: 49.3711%; height: 120px;\">\n<tbody>\n<tr style=\"height: 26px;\">\n<td style=\"width: 99.7641%; height: 10px;\" colspan=\"2\"><strong><span style=\"color: #000080; font-family: arial, helvetica, sans-serif; font-size: 14pt;\">ENERO 2026<\/span><\/strong><\/td>\n<\/tr>\n<tr style=\"height: 110px;\">\n<td style=\"width: 54.9528%; height: 110px;\"><a href=\"https:\/\/seij.gob.gt\/udisep\/wp-content\/uploads\/2026\/02\/ARTICULO-33-ENERO-2026.pdf\"><span style=\"font-family: 'arial black', sans-serif; font-size: 14pt;\"><img decoding=\"async\" class=\"aligncenter wp-image-5733\" src=\"https:\/\/seij.gob.gt\/udisep\/wp-content\/uploads\/2024\/02\/1.png\" alt=\"\" width=\"110\" height=\"110\" \/><\/span><\/a><\/td>\n<td style=\"width: 44.8113%; height: 110px;\"><a href=\"https:\/\/seij.gob.gt\/udisep\/wp-content\/uploads\/2026\/02\/ARTICULO-33-ENERO-2026.xlsx\"><span style=\"font-family: 'arial black', sans-serif; font-size: 14pt;\"><img decoding=\"async\" class=\"aligncenter wp-image-5734\" src=\"https:\/\/seij.gob.gt\/udisep\/wp-content\/uploads\/2024\/02\/2.png\" alt=\"\" width=\"110\" height=\"110\" \/><\/span><\/a><\/td>\n<\/tr>\n<\/tbody>\n<\/table>\n<table style=\"border-collapse: collapse; width: 49.3711%; height: 120px;\">\n<tbody>\n<tr style=\"height: 26px;\">\n<td style=\"width: 99.7641%; height: 10px;\" colspan=\"2\"><strong><span style=\"color: #000080; font-family: arial, helvetica, sans-serif; font-size: 14pt;\">FEBRERO 2026<\/span><\/strong><\/td>\n<\/tr>\n<tr style=\"height: 110px;\">\n<td style=\"width: 54.9528%; height: 110px;\"><a href=\"https:\/\/seij.gob.gt\/udisep\/wp-content\/uploads\/2026\/03\/ARTICULO-33-FEBRERO-2026.pdf\"><span style=\"font-family: 'arial black', sans-serif; font-size: 14pt;\"><img decoding=\"async\" class=\"aligncenter wp-image-5733\" src=\"https:\/\/seij.gob.gt\/udisep\/wp-content\/uploads\/2024\/02\/1.png\" alt=\"\" width=\"110\" height=\"110\" \/><\/span><\/a><\/td>\n<td style=\"width: 44.8113%; height: 110px;\"><span style=\"font-family: 'arial black', sans-serif; font-size: 14pt;\"><img decoding=\"async\" class=\"aligncenter wp-image-5734\" src=\"https:\/\/seij.gob.gt\/udisep\/wp-content\/uploads\/2024\/02\/2.png\" alt=\"\" width=\"110\" height=\"110\" \/><\/span><\/td>\n<\/tr>\n<\/tbody>\n<\/table>\n","protected":false},"excerpt":{"rendered":"<p>Art\u00edculo 33: Informaci\u00f3n sobre las adquisiciones realizadas en la modalidad de compra de baja cuant\u00eda.\u00a0 ENERO 2026 FEBRERO 2026<\/p>\n","protected":false},"author":1,"featured_media":0,"parent":0,"menu_order":0,"comment_status":"closed","ping_status":"closed","template":"","meta":{"_et_pb_use_builder":"","_et_pb_old_content":"","_et_gb_content_width":"","footnotes":""},"class_list":["post-7856","page","type-page","status-publish","hentry"],"nelio_popups_active_popup":"","_links":{"self":[{"href":"https:\/\/seij.gob.gt\/udisep\/wp-json\/wp\/v2\/pages\/7856","targetHints":{"allow":["GET"]}}],"collection":[{"href":"https:\/\/seij.gob.gt\/udisep\/wp-json\/wp\/v2\/pages"}],"about":[{"href":"https:\/\/seij.gob.gt\/udisep\/wp-json\/wp\/v2\/types\/page"}],"author":[{"embeddable":true,"href":"https:\/\/seij.gob.gt\/udisep\/wp-json\/wp\/v2\/users\/1"}],"replies":[{"embeddable":true,"href":"https:\/\/seij.gob.gt\/udisep\/wp-json\/wp\/v2\/comments?post=7856"}],"version-history":[{"count":4,"href":"https:\/\/seij.gob.gt\/udisep\/wp-json\/wp\/v2\/pages\/7856\/revisions"}],"predecessor-version":[{"id":7978,"href":"https:\/\/seij.gob.gt\/udisep\/wp-json\/wp\/v2\/pages\/7856\/revisions\/7978"}],"wp:attachment":[{"href":"https:\/\/seij.gob.gt\/udisep\/wp-json\/wp\/v2\/media?parent=7856"}],"curies":[{"name":"wp","href":"https:\/\/api.w.org\/{rel}","templated":true}]}}